{"id":13109,"date":"2021-04-15T10:02:22","date_gmt":"2021-04-15T14:02:22","guid":{"rendered":"https:\/\/www.porex.com\/?page_id=13109"},"modified":"2023-09-20T09:09:17","modified_gmt":"2023-09-20T13:09:17","slug":"supersoft-glatter-schaumstoff","status":"publish","type":"page","link":"https:\/\/www.porex.com\/de\/markte\/medizinisches-gerat\/unterstutzung-wahrend-der-operation-patientenpositionierung\/supersoft-glatter-schaumstoff\/","title":{"rendered":"Supersoft Glatter Schaumstoff"},"content":{"rendered":"<div><ss3-force-full-width data-overflow-x=\"body\" data-horizontal-selector=\"body\"><div class=\"n2-section-smartslider fitvidsignore \" data-ssid=\"439\" tabindex=\"0\" role=\"region\" aria-label=\"Slider\"><div id=\"n2-ss-439-align\" class=\"n2-ss-align\"><div class=\"n2-padding\"><div id=\"n2-ss-439\" data-creator=\"Smart Slider 3\" data-responsive=\"fullwidth\" class=\"n2-ss-slider n2-ow n2-has-hover n2notransition  \">\n\n\n\n<div class=\"n2-ss-slider-wrapper-outside\" style=\"grid-template-rows:1fr auto\">\n        <div class=\"n2-ss-slider-1 n2_ss__touch_element n2-ow\">\n            <div class=\"n2-ss-slider-2 n2-ow\">\n                                                <div class=\"n2-ss-slider-3 n2-ow\">\n\n                    <div class=\"n2-ss-slide-backgrounds n2-ow-all\"><div class=\"n2-ss-slide-background\" data-public-id=\"1\" data-mode=\"fill\"><div class=\"n2-ss-slide-background-image\" data-blur=\"0\" data-opacity=\"100\" data-x=\"50\" data-y=\"50\" data-alt=\"Surgery Support Patient Positioning\" data-title=\"Surgery Support Patient Positioning\"><picture class=\"skip-lazy\" data-skip-lazy=\"1\"><img decoding=\"async\" src=\"\/\/www.porex.com\/wp-content\/uploads\/2021\/03\/SurgerySupportPatientPositioning-2021-03.jpg\" alt=\"Surgery Support Patient Positioning\" title=\"Surgery Support Patient Positioning\" loading=\"lazy\" class=\"skip-lazy\" data-skip-lazy=\"1\"><\/picture><\/div><div data-gradient=\"vertical\" data-color-start=\"RGBA(0,0,0,0.5)\" data-color-end=\"RGBA(0,0,0,0.5)\" style=\"background:linear-gradient(to bottom, RGBA(0,0,0,0.5) 0%,RGBA(0,0,0,0.5) 100%);\" class=\"n2-ss-slide-background-color\" data-overlay=\"1\"><\/div><\/div><div class=\"n2-ss-slide-background\" data-public-id=\"2\" data-mode=\"fill\" aria-hidden=\"true\"><div class=\"n2-ss-slide-background-image\" data-blur=\"0\" data-opacity=\"100\" data-x=\"50\" data-y=\"50\" data-alt=\"Surgery Support Patient Positioning\" data-title=\"Surgery Support Patient Positioning\"><picture class=\"skip-lazy\" data-skip-lazy=\"1\"><img decoding=\"async\" src=\"\/\/www.porex.com\/wp-content\/uploads\/2021\/03\/SurgerySupportPatientPositioning-2021-03.jpg\" alt=\"Surgery Support Patient Positioning\" title=\"Surgery Support Patient Positioning\" loading=\"lazy\" class=\"skip-lazy\" data-skip-lazy=\"1\"><\/picture><\/div><div data-gradient=\"vertical\" data-color-start=\"RGBA(0,0,0,0.5)\" data-color-end=\"RGBA(0,0,0,0.5)\" style=\"background:linear-gradient(to bottom, RGBA(0,0,0,0.5) 0%,RGBA(0,0,0,0.5) 100%);\" class=\"n2-ss-slide-background-color\" data-overlay=\"1\"><\/div><\/div><\/div>                    <div class=\"n2-ss-slider-4 n2-ow\">\n                        <svg xmlns=\"http:\/\/www.w3.org\/2000\/svg\" viewBox=\"0 0 1200 400\" data-related-device=\"desktopPortrait\" class=\"n2-ow n2-ss-preserve-size n2-ss-preserve-size--slider n2-ss-slide-limiter\"><\/svg><div data-first=\"1\" data-slide-duration=\"0\" data-id=\"749\" data-slide-public-id=\"1\" data-title=\"Patient Positioning\" class=\"n2-ss-slide n2-ow  n2-ss-slide-749\"><div role=\"note\" class=\"n2-ss-slide--focus\" tabindex=\"-1\">Patient Positioning<\/div><div class=\"n2-ss-layers-container n2-ss-slide-limiter n2-ow\"><div class=\"n2-ss-layer n2-ow n-uc-1rN7qoxR7xIi\" data-sstype=\"slide\" data-pm=\"default\"><div class=\"n2-ss-layer n2-ow n-uc-8T1eSSLH3s7F\" data-pm=\"default\" data-sstype=\"content\" data-hasbackground=\"0\"><div class=\"n2-ss-section-main-content n2-ss-layer-with-background n2-ss-layer-content n2-ow n-uc-8T1eSSLH3s7F-inner\"><div class=\"n2-ss-layer n2-ow n-uc-GeNEo4LKEilZ\" data-pm=\"normal\" data-sstype=\"layer\"><div id=\"n2-ss-439item1\" class=\"n2-font-6b58c3a16f7e3c912465286171cea591-hover n2-style-a4a526dc80d57646887ccad1f10d967a-heading   n2-ss-item-content n2-ss-text n2-ow\" style=\"display:block;\">SUPERSOFT<sup>\u00ae<\/sup> Glatter Schaumstoff<\/div><\/div><div class=\"n2-ss-layer n2-ow n-uc-N6tV30HS86G9 n2-ss-layer--auto\" data-pm=\"normal\" data-sstype=\"layer\"><div id=\"n2-ss-439item2\" class=\"n2-font-bea2a58672c09c3e2ac38a19618c9edd-hover   n2-ss-item-content n2-ss-text n2-ow\" style=\"display:inline-block;\">_______<\/div><\/div><div class=\"n2-ss-layer n2-ow n-uc-zeA1AETI7SjI n2-ss-layer--auto\" data-pm=\"normal\" data-sstype=\"layer\"><div id=\"n2-ss-439item3\" class=\"n2-font-a24e1fa6f78c29450015c75dc722ac27-hover n2-style-f8293b450b12ef15d5c4ff97a617a3e3-heading   n2-ss-item-content n2-ss-text n2-ow\" style=\"display:inline-block;\">Verbessern Sie Patientenkomfort, Schutz und Sicherheit<br><\/div><\/div><div class=\"n2-ss-layer n2-ow n-uc-BcJl4z58psox n2-ss-layer--auto\" data-pm=\"normal\" data-sstype=\"layer\"><div id=\"n2-ss-439item4\" class=\"n2-font-45b848ccea10d05bc072bb7d620eeab0-hover n2-style-f8293b450b12ef15d5c4ff97a617a3e3-heading   n2-ss-item-content n2-ss-text n2-ow\" style=\"display:inline-block;\">Grad: Sehr weich mit hoher Festigkeit<br><\/div><\/div><\/div><\/div><\/div><\/div><\/div><div data-slide-duration=\"0\" data-id=\"749\" data-slide-public-id=\"2\" aria-hidden=\"true\" data-title=\"Patient Positioning\" class=\"n2-ss-slide n2-ow  n2-ss-slide-749\"><div role=\"note\" class=\"n2-ss-slide--focus\" tabindex=\"-1\">Patient Positioning<\/div><div class=\"n2-ss-layers-container n2-ss-slide-limiter n2-ow\"><div class=\"n2-ss-layer n2-ow n-uc-0XciBQaHFb8S\" data-sstype=\"slide\" data-pm=\"default\"><div class=\"n2-ss-layer n2-ow n-uc-8T1eSSLH3s7F\" data-pm=\"default\" data-sstype=\"content\" data-hasbackground=\"0\"><div class=\"n2-ss-section-main-content n2-ss-layer-with-background n2-ss-layer-content n2-ow n-uc-8T1eSSLH3s7F-inner\"><div class=\"n2-ss-layer n2-ow n-uc-PWS4YbanXGI1\" data-pm=\"normal\" data-sstype=\"layer\"><div id=\"n2-ss-439item5\" class=\"n2-font-6b58c3a16f7e3c912465286171cea591-hover n2-style-a4a526dc80d57646887ccad1f10d967a-heading   n2-ss-item-content n2-ss-text n2-ow\" style=\"display:block;\">SUPERSOFT<sup>\u00ae<\/sup> Glatter Schaumstoff<\/div><\/div><div class=\"n2-ss-layer n2-ow n-uc-ounkYw5JsVy0 n2-ss-layer--auto\" data-pm=\"normal\" data-sstype=\"layer\"><div id=\"n2-ss-439item6\" class=\"n2-font-bea2a58672c09c3e2ac38a19618c9edd-hover   n2-ss-item-content n2-ss-text n2-ow\" style=\"display:inline-block;\">_______<\/div><\/div><div class=\"n2-ss-layer n2-ow n-uc-sReoUsddL7On n2-ss-layer--auto\" data-pm=\"normal\" data-sstype=\"layer\"><div id=\"n2-ss-439item7\" class=\"n2-font-a24e1fa6f78c29450015c75dc722ac27-hover n2-style-f8293b450b12ef15d5c4ff97a617a3e3-heading   n2-ss-item-content n2-ss-text n2-ow\" style=\"display:inline-block;\">Verbessern Sie Patientenkomfort, Schutz und Sicherheit<br><\/div><\/div><div class=\"n2-ss-layer n2-ow n-uc-eMJmWdDeho6T n2-ss-layer--auto\" data-pm=\"normal\" data-sstype=\"layer\"><div id=\"n2-ss-439item8\" class=\"n2-font-45b848ccea10d05bc072bb7d620eeab0-hover n2-style-f8293b450b12ef15d5c4ff97a617a3e3-heading   n2-ss-item-content n2-ss-text n2-ow\" style=\"display:inline-block;\">Grad: Sehr weich mit hoher Festigkeit<br><\/div><\/div><\/div><\/div><\/div><\/div><\/div>                    <\/div>\n\n                                    <\/div>\n            <\/div>\n        <\/div>\n        <div class=\"n2-ss-slider-controls n2-ss-slider-controls-below\"><div style=\"--widget-offset:10px;\" class=\"n2-ss-widget n2-ss-control-bullet n2-ow-all n2-ss-control-bullet-horizontal\"><div class=\" nextend-bullet-bar n2-bar-justify-content-center\" role=\"group\" aria-label=\"Choose slide to display.\"><div class=\"n2-bullet n2-style-c0fe1c7a37b7b7c3cb83a8d1cde6e7ce-dot \" style=\"visibility:hidden;\"><\/div><\/div><\/div><\/div><\/div><\/div><ss3-loader><\/ss3-loader><\/div><\/div><div class=\"n2_clear\"><\/div><\/div><\/ss3-force-full-width><\/div>\n\n\n<div class=\"wp-block-media-text alignwide has-media-on-the-right is-stacked-on-mobile\" style=\"grid-template-columns:auto 29%\"><div class=\"wp-block-media-text__content\">\n<h4 class=\"wp-block-heading\">Samtig glatte Oberfl\u00e4che mit exzellentem Grip f\u00fcr Patientensicherheit und Komfort<\/h4>\n\n\n\n<p>Unser Supersoft Smooth-Schaumstoff:<\/p>\n\n\n\n<ul class=\"wp-block-list\">\n<li><strong>Kann angepasst werden<\/strong> &#8211; F\u00fcr die Positionierung von Patienten und zur Unterst\u00fctzung bei Operationen.<\/li>\n\n\n\n<li><strong>Reduziert Feuchtigkeit und W\u00e4rmestau<\/strong>, um die Haut k\u00fchl, trocken und komfortabel zu halten<\/li>\n\n\n\n<li><strong>Verhindert das Eindringen von Staub und Ablagerungen<\/strong> f\u00fcr eine verbesserte Luftzirkulation<\/li>\n\n\n\n<li><strong>Bietet ein hohes Ma\u00df an Anpassungsf\u00e4higkeit<\/strong> f\u00fcr sicheren Halt und h\u00e4lt den Patienten in Position<\/li>\n\n\n\n<li><strong>Glatte Textur<\/strong> ist nicht reizend f\u00fcr l\u00e4ngere Tragezeiten<\/li>\n<\/ul>\n<\/div><figure class=\"wp-block-media-text__media\"><img loading=\"lazy\" decoding=\"async\" width=\"425\" height=\"312\" src=\"https:\/\/www.porex.com\/wp-content\/uploads\/2021\/04\/Supersoft-Smooth-425x312-1.jpg\" alt=\"Supersoft Smooth Foam\" class=\"wp-image-14453 size-full\" srcset=\"https:\/\/www.porex.com\/wp-content\/uploads\/2021\/04\/Supersoft-Smooth-425x312-1.jpg 425w, https:\/\/www.porex.com\/wp-content\/uploads\/2021\/04\/Supersoft-Smooth-425x312-1-300x220.jpg 300w\" sizes=\"auto, (max-width: 425px) 100vw, 425px\" \/><\/figure><\/div>\n\n\n\n<div style=\"height:50px\" aria-hidden=\"true\" class=\"wp-block-spacer\"><\/div>\n\n\n\n<h3 class=\"wp-block-heading\">Technische Spezifikationen<\/h3>\n\n\n\n<figure class=\"wp-block-table is-style-regular\"><table class=\"has-fixed-layout\"><thead><tr><th>Dimension<\/th><th>Spezifikationen<\/th><\/tr><\/thead><tbody><tr><td>Dicke<\/td><td>2,0 &#8211; 33,0 mm (0,079 &#8211; 1,30&#8243;)<\/td><\/tr><tr><td>Dichte (kg\/m3)<\/td><td>96,1<\/td><\/tr><tr><td>Zugfestigkeit (kPa)<\/td><td>122,6<\/td><\/tr><tr><td>Rei\u00dffestigkeit (N\/m)<\/td><td>467<\/td><\/tr><tr><td>Dehnung beim Bruch (%)<\/td><td>256<\/td><\/tr><tr><td>Zellzahl (Poren\/in)<\/td><td>150<\/td><\/tr><\/tbody><\/table><\/figure>\n\n\n\n<div style=\"height:50px\" aria-hidden=\"true\" class=\"wp-block-spacer\"><\/div>\n\n\n\n<h3 class=\"wp-block-heading\">Wichtige Anwendungen f\u00fcr die Patientenpositionierung<\/h3>\n\n\n\n<ul class=\"wp-block-list\">\n<li>Patientenhandhabung<\/li>\n\n\n\n<li>OP-Sicherung<\/li>\n\n\n\n<li>Kopf- und K\u00f6rperpositionierer<\/li>\n<\/ul>\n\n\n\n<div style=\"height:50px\" aria-hidden=\"true\" class=\"wp-block-spacer\"><\/div>\n\n\n\n<h3 class=\"wp-block-heading\">Produktmerkmale<\/h3>\n\n\n\n<p>SCHUTZ: Ausgezeichnet<\/p>\n\n\n\n<p>KOMFORT: Ausgezeichnet<\/p>\n\n\n\n<p>GRIFFIGKEIT: Gut<\/p>\n\n\n\n<div style=\"height:43px\" aria-hidden=\"true\" class=\"wp-block-spacer\"><\/div>\n\n\n\n<h3 class=\"wp-block-heading\">Anpassungen<\/h3>\n\n\n\n<p>Porex kann unsere medizinische Schaumstofftechnologie an Ihre firmeneigenen Produkteigenschaften anpassen, einschlie\u00dflich Wirkstoffe, Zusatzstoffe und Laminate. In unserem nach ISO 13485 zertifizierten Werk in St. Charles, Michigan, k\u00f6nnen wir auch Sch\u00e4len, Schneiden und Laminieren.<\/p>\n\n\n\n<ul class=\"wp-block-list\">\n<li>Dichte<\/li>\n\n\n\n<li>Porosit\u00e4t<\/li>\n\n\n\n<li>Weichheit<\/li>\n\n\n\n<li>Griffigkeit<\/li>\n\n\n\n<li>Farben<\/li>\n\n\n\n<li>Antimikrobiell<\/li>\n\n\n\n<li>Hydrophil oder hydrophob<\/li>\n<\/ul>\n\n\n\n<div style=\"height:20px\" aria-hidden=\"true\" class=\"wp-block-spacer\"><\/div>\n\n\n\n<div class=\"wp-block-columns has-2-columns is-layout-flex wp-container-core-columns-is-layout-9d6595d7 wp-block-columns-is-layout-flex\">\n<div class=\"wp-block-column is-layout-flow wp-block-column-is-layout-flow\">\n<div class=\"wp-block-button btn-half-width\"><a class=\"wp-block-button__link has-white-color has-green-background-color has-text-color has-background wp-element-button\" href=\"https:\/\/www.porex.com\/de\/uber-porex\/kontaktieren-sie-uns\/muster-anfordern\/\">Ein Muster anfordern<\/a><\/div>\n\n\n\n<div class=\"wp-block-button btn-half-width\"><a class=\"wp-block-button__link has-blue-background-color has-background wp-element-button\" href=\"\/de\/einen-techniker-fragen\/\"> Einen Techniker fragen<\/a><\/div>\n<\/div>\n\n\n\n<div class=\"wp-block-column is-layout-flow wp-block-column-is-layout-flow\">\n<p><\/p>\n<\/div>\n<\/div>\n","protected":false},"excerpt":{"rendered":"<p>Technische Spezifikationen Dimension Spezifikationen Dicke 2,0 &#8211; 33,0 mm (0,079 &#8211; 1,30&#8243;) Dichte (kg\/m3) 96,1 Zugfestigkeit (kPa) 122,6 Rei\u00dffestigkeit (N\/m) 467 Dehnung beim Bruch (%) 256 Zellzahl (Poren\/in) 150 Wichtige Anwendungen f\u00fcr die Patientenpositionierung Produktmerkmale SCHUTZ: Ausgezeichnet KOMFORT: Ausgezeichnet GRIFFIGKEIT: Gut Anpassungen Porex kann unsere medizinische Schaumstofftechnologie an Ihre firmeneigenen Produkteigenschaften anpassen, einschlie\u00dflich Wirkstoffe, Zusatzstoffe [&hellip;]<\/p>\n","protected":false},"author":5,"featured_media":0,"parent":3106,"menu_order":100,"comment_status":"closed","ping_status":"closed","template":"","meta":{"_acf_changed":false,"footnotes":""},"class_list":["post-13109","page","type-page","status-publish","hentry"],"acf":[],"yoast_head":"<!-- This site is optimized with the Yoast SEO Premium plugin v27.3 (Yoast SEO v27.3) - https:\/\/yoast.com\/product\/yoast-seo-premium-wordpress\/ -->\n<title>Supersoft Glatter-Schaumstoff f\u00fcr chirurgische St\u00fctzanwendungen<\/title>\n<meta name=\"description\" content=\"Supersoft Glatter-Schaumstoff f\u00fcr chirurgische St\u00fctzanwendungen verhindert Eindringen von Staub und Schmutz &amp; reduziert Feuchtigkeit &amp; W\u00e4rme.\" \/>\n<meta name=\"robots\" content=\"index, follow, max-snippet:-1, max-image-preview:large, max-video-preview:-1\" \/>\n<link rel=\"canonical\" href=\"https:\/\/www.porex.com\/de\/markte\/medizinisches-gerat\/unterstutzung-wahrend-der-operation-patientenpositionierung\/supersoft-glatter-schaumstoff\/\" \/>\n<meta property=\"og:locale\" content=\"de_DE\" \/>\n<meta property=\"og:type\" content=\"article\" \/>\n<meta property=\"og:title\" content=\"Supersoft Glatter Schaumstoff\" \/>\n<meta property=\"og:description\" content=\"Samtig glatte Oberfl\u00e4che mit exzellentem Grip f\u00fcr Patientensicherheit und Komfort Unser Supersoft Smooth-Schaumstoff: Kann angepasst werden - F\u00fcr die\" \/>\n<meta property=\"og:url\" content=\"https:\/\/www.porex.com\/de\/markte\/medizinisches-gerat\/unterstutzung-wahrend-der-operation-patientenpositionierung\/supersoft-glatter-schaumstoff\/\" \/>\n<meta property=\"og:site_name\" content=\"Porex\" \/>\n<meta property=\"article:modified_time\" content=\"2023-09-20T13:09:17+00:00\" \/>\n<meta property=\"og:image\" content=\"https:\/\/www.porex.com\/wp-content\/uploads\/2021\/04\/Supersoft-Smooth-425x312-1.jpg\" \/>\n<meta name=\"twitter:card\" content=\"summary_large_image\" \/>\n<meta name=\"twitter:site\" content=\"@PorexCorp\" \/>\n<meta name=\"twitter:label1\" content=\"Gesch\u00e4tzte Lesezeit\" \/>\n\t<meta name=\"twitter:data1\" content=\"1 Minute\" \/>\n<script type=\"application\/ld+json\" class=\"yoast-schema-graph\">{\"@context\":\"https:\\\/\\\/schema.org\",\"@graph\":[{\"@type\":\"WebPage\",\"@id\":\"https:\\\/\\\/www.porex.com\\\/de\\\/markte\\\/medizinisches-gerat\\\/unterstutzung-wahrend-der-operation-patientenpositionierung\\\/supersoft-glatter-schaumstoff\\\/\",\"url\":\"https:\\\/\\\/www.porex.com\\\/de\\\/markte\\\/medizinisches-gerat\\\/unterstutzung-wahrend-der-operation-patientenpositionierung\\\/supersoft-glatter-schaumstoff\\\/\",\"name\":\"Supersoft Glatter-Schaumstoff f\u00fcr chirurgische St\u00fctzanwendungen\",\"isPartOf\":{\"@id\":\"https:\\\/\\\/www.porex.com\\\/de\\\/#website\"},\"primaryImageOfPage\":{\"@id\":\"https:\\\/\\\/www.porex.com\\\/de\\\/markte\\\/medizinisches-gerat\\\/unterstutzung-wahrend-der-operation-patientenpositionierung\\\/supersoft-glatter-schaumstoff\\\/#primaryimage\"},\"image\":{\"@id\":\"https:\\\/\\\/www.porex.com\\\/de\\\/markte\\\/medizinisches-gerat\\\/unterstutzung-wahrend-der-operation-patientenpositionierung\\\/supersoft-glatter-schaumstoff\\\/#primaryimage\"},\"thumbnailUrl\":\"https:\\\/\\\/www.porex.com\\\/wp-content\\\/uploads\\\/2021\\\/04\\\/Supersoft-Smooth-425x312-1.jpg\",\"datePublished\":\"2021-04-15T14:02:22+00:00\",\"dateModified\":\"2023-09-20T13:09:17+00:00\",\"description\":\"Supersoft Glatter-Schaumstoff f\u00fcr chirurgische St\u00fctzanwendungen verhindert Eindringen von Staub und Schmutz & reduziert Feuchtigkeit & W\u00e4rme.\",\"breadcrumb\":{\"@id\":\"https:\\\/\\\/www.porex.com\\\/de\\\/markte\\\/medizinisches-gerat\\\/unterstutzung-wahrend-der-operation-patientenpositionierung\\\/supersoft-glatter-schaumstoff\\\/#breadcrumb\"},\"inLanguage\":\"de-DE\",\"potentialAction\":[{\"@type\":\"ReadAction\",\"target\":[\"https:\\\/\\\/www.porex.com\\\/de\\\/markte\\\/medizinisches-gerat\\\/unterstutzung-wahrend-der-operation-patientenpositionierung\\\/supersoft-glatter-schaumstoff\\\/\"]}]},{\"@type\":\"ImageObject\",\"inLanguage\":\"de-DE\",\"@id\":\"https:\\\/\\\/www.porex.com\\\/de\\\/markte\\\/medizinisches-gerat\\\/unterstutzung-wahrend-der-operation-patientenpositionierung\\\/supersoft-glatter-schaumstoff\\\/#primaryimage\",\"url\":\"https:\\\/\\\/www.porex.com\\\/wp-content\\\/uploads\\\/2021\\\/04\\\/Supersoft-Smooth-425x312-1.jpg\",\"contentUrl\":\"https:\\\/\\\/www.porex.com\\\/wp-content\\\/uploads\\\/2021\\\/04\\\/Supersoft-Smooth-425x312-1.jpg\"},{\"@type\":\"BreadcrumbList\",\"@id\":\"https:\\\/\\\/www.porex.com\\\/de\\\/markte\\\/medizinisches-gerat\\\/unterstutzung-wahrend-der-operation-patientenpositionierung\\\/supersoft-glatter-schaumstoff\\\/#breadcrumb\",\"itemListElement\":[{\"@type\":\"ListItem\",\"position\":1,\"name\":\"home\",\"item\":\"https:\\\/\\\/www.porex.com\\\/de\\\/\"},{\"@type\":\"ListItem\",\"position\":2,\"name\":\"M\u00e4rkte\",\"item\":\"https:\\\/\\\/www.porex.com\\\/de\\\/markte\\\/\"},{\"@type\":\"ListItem\",\"position\":3,\"name\":\"Medizinische Ger\u00e4te\",\"item\":\"https:\\\/\\\/www.porex.com\\\/de\\\/markte\\\/medizinisches-gerat\\\/\"},{\"@type\":\"ListItem\",\"position\":4,\"name\":\"Unterst\u00fctzung w\u00e4hrend der Operation &amp; Patientenpositionierung\",\"item\":\"https:\\\/\\\/www.porex.com\\\/de\\\/markte\\\/medizinisches-gerat\\\/unterstutzung-wahrend-der-operation-patientenpositionierung\\\/\"},{\"@type\":\"ListItem\",\"position\":5,\"name\":\"Supersoft Glatter Schaumstoff\"}]},{\"@type\":\"WebSite\",\"@id\":\"https:\\\/\\\/www.porex.com\\\/de\\\/#website\",\"url\":\"https:\\\/\\\/www.porex.com\\\/de\\\/\",\"name\":\"Porex\",\"description\":\"Your Partner In Innovation\",\"publisher\":{\"@id\":\"https:\\\/\\\/www.porex.com\\\/de\\\/#organization\"},\"potentialAction\":[{\"@type\":\"SearchAction\",\"target\":{\"@type\":\"EntryPoint\",\"urlTemplate\":\"https:\\\/\\\/www.porex.com\\\/de\\\/?s={search_term_string}\"},\"query-input\":{\"@type\":\"PropertyValueSpecification\",\"valueRequired\":true,\"valueName\":\"search_term_string\"}}],\"inLanguage\":\"de-DE\"},{\"@type\":\"Organization\",\"@id\":\"https:\\\/\\\/www.porex.com\\\/de\\\/#organization\",\"name\":\"Porex Corporation\",\"url\":\"https:\\\/\\\/www.porex.com\\\/de\\\/\",\"logo\":{\"@type\":\"ImageObject\",\"inLanguage\":\"de-DE\",\"@id\":\"https:\\\/\\\/www.porex.com\\\/de\\\/#\\\/schema\\\/logo\\\/image\\\/\",\"url\":\"https:\\\/\\\/www.porex.com\\\/wp-content\\\/uploads\\\/2019\\\/05\\\/fgc-logo.png\",\"contentUrl\":\"https:\\\/\\\/www.porex.com\\\/wp-content\\\/uploads\\\/2019\\\/05\\\/fgc-logo.png\",\"width\":480,\"height\":126,\"caption\":\"Porex Corporation\"},\"image\":{\"@id\":\"https:\\\/\\\/www.porex.com\\\/de\\\/#\\\/schema\\\/logo\\\/image\\\/\"},\"sameAs\":[\"https:\\\/\\\/x.com\\\/PorexCorp\",\"https:\\\/\\\/www.linkedin.com\\\/company\\\/porex\\\/\",\"https:\\\/\\\/www.youtube.com\\\/user\\\/PorexCorporation\"],\"description\":\"Porous plastic materials manufacturer of custom components for medical devices, diagnostics, consumer and industrial products. Provides solutions for absorption, filtration, wicking, venting, diffusion and application.\",\"legalName\":\"Porex Corporation\",\"foundingDate\":\"1961-04-27\"}]}<\/script>\n<!-- \/ Yoast SEO Premium plugin. -->","yoast_head_json":{"title":"Supersoft Glatter-Schaumstoff f\u00fcr chirurgische St\u00fctzanwendungen","description":"Supersoft Glatter-Schaumstoff f\u00fcr chirurgische St\u00fctzanwendungen verhindert Eindringen von Staub und Schmutz & reduziert Feuchtigkeit & W\u00e4rme.","robots":{"index":"index","follow":"follow","max-snippet":"max-snippet:-1","max-image-preview":"max-image-preview:large","max-video-preview":"max-video-preview:-1"},"canonical":"https:\/\/www.porex.com\/de\/markte\/medizinisches-gerat\/unterstutzung-wahrend-der-operation-patientenpositionierung\/supersoft-glatter-schaumstoff\/","og_locale":"de_DE","og_type":"article","og_title":"Supersoft Glatter Schaumstoff","og_description":"Samtig glatte Oberfl\u00e4che mit exzellentem Grip f\u00fcr Patientensicherheit und Komfort Unser Supersoft Smooth-Schaumstoff: Kann angepasst werden - F\u00fcr die","og_url":"https:\/\/www.porex.com\/de\/markte\/medizinisches-gerat\/unterstutzung-wahrend-der-operation-patientenpositionierung\/supersoft-glatter-schaumstoff\/","og_site_name":"Porex","article_modified_time":"2023-09-20T13:09:17+00:00","og_image":[{"url":"https:\/\/www.porex.com\/wp-content\/uploads\/2021\/04\/Supersoft-Smooth-425x312-1.jpg","type":"","width":"","height":""}],"twitter_card":"summary_large_image","twitter_site":"@PorexCorp","twitter_misc":{"Gesch\u00e4tzte Lesezeit":"1 Minute"},"schema":{"@context":"https:\/\/schema.org","@graph":[{"@type":"WebPage","@id":"https:\/\/www.porex.com\/de\/markte\/medizinisches-gerat\/unterstutzung-wahrend-der-operation-patientenpositionierung\/supersoft-glatter-schaumstoff\/","url":"https:\/\/www.porex.com\/de\/markte\/medizinisches-gerat\/unterstutzung-wahrend-der-operation-patientenpositionierung\/supersoft-glatter-schaumstoff\/","name":"Supersoft Glatter-Schaumstoff f\u00fcr chirurgische St\u00fctzanwendungen","isPartOf":{"@id":"https:\/\/www.porex.com\/de\/#website"},"primaryImageOfPage":{"@id":"https:\/\/www.porex.com\/de\/markte\/medizinisches-gerat\/unterstutzung-wahrend-der-operation-patientenpositionierung\/supersoft-glatter-schaumstoff\/#primaryimage"},"image":{"@id":"https:\/\/www.porex.com\/de\/markte\/medizinisches-gerat\/unterstutzung-wahrend-der-operation-patientenpositionierung\/supersoft-glatter-schaumstoff\/#primaryimage"},"thumbnailUrl":"https:\/\/www.porex.com\/wp-content\/uploads\/2021\/04\/Supersoft-Smooth-425x312-1.jpg","datePublished":"2021-04-15T14:02:22+00:00","dateModified":"2023-09-20T13:09:17+00:00","description":"Supersoft Glatter-Schaumstoff f\u00fcr chirurgische St\u00fctzanwendungen verhindert Eindringen von Staub und Schmutz & reduziert Feuchtigkeit & W\u00e4rme.","breadcrumb":{"@id":"https:\/\/www.porex.com\/de\/markte\/medizinisches-gerat\/unterstutzung-wahrend-der-operation-patientenpositionierung\/supersoft-glatter-schaumstoff\/#breadcrumb"},"inLanguage":"de-DE","potentialAction":[{"@type":"ReadAction","target":["https:\/\/www.porex.com\/de\/markte\/medizinisches-gerat\/unterstutzung-wahrend-der-operation-patientenpositionierung\/supersoft-glatter-schaumstoff\/"]}]},{"@type":"ImageObject","inLanguage":"de-DE","@id":"https:\/\/www.porex.com\/de\/markte\/medizinisches-gerat\/unterstutzung-wahrend-der-operation-patientenpositionierung\/supersoft-glatter-schaumstoff\/#primaryimage","url":"https:\/\/www.porex.com\/wp-content\/uploads\/2021\/04\/Supersoft-Smooth-425x312-1.jpg","contentUrl":"https:\/\/www.porex.com\/wp-content\/uploads\/2021\/04\/Supersoft-Smooth-425x312-1.jpg"},{"@type":"BreadcrumbList","@id":"https:\/\/www.porex.com\/de\/markte\/medizinisches-gerat\/unterstutzung-wahrend-der-operation-patientenpositionierung\/supersoft-glatter-schaumstoff\/#breadcrumb","itemListElement":[{"@type":"ListItem","position":1,"name":"home","item":"https:\/\/www.porex.com\/de\/"},{"@type":"ListItem","position":2,"name":"M\u00e4rkte","item":"https:\/\/www.porex.com\/de\/markte\/"},{"@type":"ListItem","position":3,"name":"Medizinische Ger\u00e4te","item":"https:\/\/www.porex.com\/de\/markte\/medizinisches-gerat\/"},{"@type":"ListItem","position":4,"name":"Unterst\u00fctzung w\u00e4hrend der Operation &amp; Patientenpositionierung","item":"https:\/\/www.porex.com\/de\/markte\/medizinisches-gerat\/unterstutzung-wahrend-der-operation-patientenpositionierung\/"},{"@type":"ListItem","position":5,"name":"Supersoft Glatter Schaumstoff"}]},{"@type":"WebSite","@id":"https:\/\/www.porex.com\/de\/#website","url":"https:\/\/www.porex.com\/de\/","name":"Porex","description":"Your Partner In Innovation","publisher":{"@id":"https:\/\/www.porex.com\/de\/#organization"},"potentialAction":[{"@type":"SearchAction","target":{"@type":"EntryPoint","urlTemplate":"https:\/\/www.porex.com\/de\/?s={search_term_string}"},"query-input":{"@type":"PropertyValueSpecification","valueRequired":true,"valueName":"search_term_string"}}],"inLanguage":"de-DE"},{"@type":"Organization","@id":"https:\/\/www.porex.com\/de\/#organization","name":"Porex Corporation","url":"https:\/\/www.porex.com\/de\/","logo":{"@type":"ImageObject","inLanguage":"de-DE","@id":"https:\/\/www.porex.com\/de\/#\/schema\/logo\/image\/","url":"https:\/\/www.porex.com\/wp-content\/uploads\/2019\/05\/fgc-logo.png","contentUrl":"https:\/\/www.porex.com\/wp-content\/uploads\/2019\/05\/fgc-logo.png","width":480,"height":126,"caption":"Porex Corporation"},"image":{"@id":"https:\/\/www.porex.com\/de\/#\/schema\/logo\/image\/"},"sameAs":["https:\/\/x.com\/PorexCorp","https:\/\/www.linkedin.com\/company\/porex\/","https:\/\/www.youtube.com\/user\/PorexCorporation"],"description":"Porous plastic materials manufacturer of custom components for medical devices, diagnostics, consumer and industrial products. Provides solutions for absorption, filtration, wicking, venting, diffusion and application.","legalName":"Porex Corporation","foundingDate":"1961-04-27"}]}},"_links":{"self":[{"href":"https:\/\/www.porex.com\/de\/wp-json\/wp\/v2\/pages\/13109","targetHints":{"allow":["GET"]}}],"collection":[{"href":"https:\/\/www.porex.com\/de\/wp-json\/wp\/v2\/pages"}],"about":[{"href":"https:\/\/www.porex.com\/de\/wp-json\/wp\/v2\/types\/page"}],"author":[{"embeddable":true,"href":"https:\/\/www.porex.com\/de\/wp-json\/wp\/v2\/users\/5"}],"replies":[{"embeddable":true,"href":"https:\/\/www.porex.com\/de\/wp-json\/wp\/v2\/comments?post=13109"}],"version-history":[{"count":0,"href":"https:\/\/www.porex.com\/de\/wp-json\/wp\/v2\/pages\/13109\/revisions"}],"up":[{"embeddable":true,"href":"https:\/\/www.porex.com\/de\/wp-json\/wp\/v2\/pages\/3106"}],"wp:attachment":[{"href":"https:\/\/www.porex.com\/de\/wp-json\/wp\/v2\/media?parent=13109"}],"curies":[{"name":"wp","href":"https:\/\/api.w.org\/{rel}","templated":true}]}}