{"id":13115,"date":"2021-04-15T10:07:16","date_gmt":"2021-04-15T14:07:16","guid":{"rendered":"https:\/\/www.porex.com\/?page_id=13115"},"modified":"2023-09-20T09:16:14","modified_gmt":"2023-09-20T13:16:14","slug":"terra-schaumstoff","status":"publish","type":"page","link":"https:\/\/www.porex.com\/de\/markte\/medizinisches-gerat\/unterstutzung-wahrend-der-operation-patientenpositionierung\/terra-schaumstoff\/","title":{"rendered":"Terra-Schaumstoff"},"content":{"rendered":"\n\n\n\n\n\n\n\n\n\n\n\n\n\n\n\n\n\n\n\n\n\n\n\n<div><ss3-force-full-width data-overflow-x=\"body\" data-horizontal-selector=\"body\"><div class=\"n2-section-smartslider fitvidsignore \" data-ssid=\"440\" tabindex=\"0\" role=\"region\" aria-label=\"Slider\"><div id=\"n2-ss-440-align\" class=\"n2-ss-align\"><div class=\"n2-padding\"><div id=\"n2-ss-440\" data-creator=\"Smart Slider 3\" data-responsive=\"fullwidth\" class=\"n2-ss-slider n2-ow n2-has-hover n2notransition  \">\n\n\n\n<div class=\"n2-ss-slider-wrapper-outside\" style=\"grid-template-rows:1fr auto\">\n        <div class=\"n2-ss-slider-1 n2_ss__touch_element n2-ow\">\n            <div class=\"n2-ss-slider-2 n2-ow\">\n                                                <div class=\"n2-ss-slider-3 n2-ow\">\n\n                    <div class=\"n2-ss-slide-backgrounds n2-ow-all\"><div class=\"n2-ss-slide-background\" data-public-id=\"1\" data-mode=\"fill\"><div class=\"n2-ss-slide-background-image\" data-blur=\"0\" data-opacity=\"100\" data-x=\"50\" data-y=\"50\" data-alt=\"Surgery Support Patient Positioning\" data-title=\"Surgery Support Patient Positioning\"><picture class=\"skip-lazy\" data-skip-lazy=\"1\"><img decoding=\"async\" src=\"\/\/www.porex.com\/wp-content\/uploads\/2021\/03\/SurgerySupportPatientPositioning-2021-03.jpg\" alt=\"Surgery Support Patient Positioning\" title=\"Surgery Support Patient Positioning\" loading=\"lazy\" class=\"skip-lazy\" data-skip-lazy=\"1\"><\/picture><\/div><div data-gradient=\"vertical\" data-color-start=\"RGBA(0,0,0,0.5)\" data-color-end=\"RGBA(0,0,0,0.5)\" style=\"background:linear-gradient(to bottom, RGBA(0,0,0,0.5) 0%,RGBA(0,0,0,0.5) 100%);\" class=\"n2-ss-slide-background-color\" data-overlay=\"1\"><\/div><\/div><div class=\"n2-ss-slide-background\" data-public-id=\"2\" data-mode=\"fill\"><div class=\"n2-ss-slide-background-image\" data-blur=\"0\" data-opacity=\"100\" data-x=\"50\" data-y=\"50\" data-alt=\"Surgery Support Patient Positioning\" data-title=\"Surgery Support Patient Positioning\"><picture class=\"skip-lazy\" data-skip-lazy=\"1\"><img decoding=\"async\" src=\"\/\/www.porex.com\/wp-content\/uploads\/2021\/03\/SurgerySupportPatientPositioning-2021-03.jpg\" alt=\"Surgery Support Patient Positioning\" title=\"Surgery Support Patient Positioning\" loading=\"lazy\" class=\"skip-lazy\" data-skip-lazy=\"1\"><\/picture><\/div><div data-gradient=\"vertical\" data-color-start=\"RGBA(0,0,0,0.5)\" data-color-end=\"RGBA(0,0,0,0.5)\" style=\"background:linear-gradient(to bottom, RGBA(0,0,0,0.5) 0%,RGBA(0,0,0,0.5) 100%);\" class=\"n2-ss-slide-background-color\" data-overlay=\"1\"><\/div><\/div><\/div>                    <div class=\"n2-ss-slider-4 n2-ow\">\n                        <svg xmlns=\"http:\/\/www.w3.org\/2000\/svg\" viewBox=\"0 0 1200 400\" data-related-device=\"desktopPortrait\" class=\"n2-ow n2-ss-preserve-size n2-ss-preserve-size--slider n2-ss-slide-limiter\"><\/svg><div data-first=\"1\" data-slide-duration=\"0\" data-id=\"750\" data-slide-public-id=\"1\" data-title=\"Patient Positioning\" class=\"n2-ss-slide n2-ow  n2-ss-slide-750\"><div role=\"note\" class=\"n2-ss-slide--focus\" tabindex=\"-1\">Patient Positioning<\/div><div class=\"n2-ss-layers-container n2-ss-slide-limiter n2-ow\"><div class=\"n2-ss-layer n2-ow n-uc-sfuizbRDqvt8\" data-sstype=\"slide\" data-pm=\"default\"><div class=\"n2-ss-layer n2-ow n-uc-zfEpnk3uyQKO\" data-pm=\"default\" data-sstype=\"content\" data-hasbackground=\"0\"><div class=\"n2-ss-section-main-content n2-ss-layer-with-background n2-ss-layer-content n2-ow n-uc-zfEpnk3uyQKO-inner\"><div class=\"n2-ss-layer n2-ow n-uc-dsm5roI7ukL2\" data-pm=\"normal\" data-sstype=\"layer\"><div id=\"n2-ss-440item1\" class=\"n2-font-6b58c3a16f7e3c912465286171cea591-hover n2-style-a4a526dc80d57646887ccad1f10d967a-heading   n2-ss-item-content n2-ss-text n2-ow\" style=\"display:block;\">TERRA-SCHAUMSTOFF<sup>\u00ae<\/sup> <br>(STANDARD ODER BIOBASIERT)<\/div><\/div><div class=\"n2-ss-layer n2-ow n-uc-PXAKmCxfb6or n2-ss-layer--auto\" data-pm=\"normal\" data-sstype=\"layer\"><div id=\"n2-ss-440item2\" class=\"n2-font-bea2a58672c09c3e2ac38a19618c9edd-hover   n2-ss-item-content n2-ss-text n2-ow\" style=\"display:inline-block;\">_______<\/div><\/div><div class=\"n2-ss-layer n2-ow n-uc-KzpaCu6s7Cfm n2-ss-layer--auto\" data-pm=\"normal\" data-sstype=\"layer\"><div id=\"n2-ss-440item3\" class=\"n2-font-a24e1fa6f78c29450015c75dc722ac27-hover n2-style-f8293b450b12ef15d5c4ff97a617a3e3-heading   n2-ss-item-content n2-ss-text n2-ow\" style=\"display:inline-block;\">Langlebiger, wiederverwendbarer Schaumstoff mit extra Grip und Sicherheit <br><\/div><\/div><div class=\"n2-ss-layer n2-ow n-uc-JeU8MzI7Gzkm n2-ss-layer--auto\" data-pm=\"normal\" data-sstype=\"layer\"><div id=\"n2-ss-440item4\" class=\"n2-font-45b848ccea10d05bc072bb7d620eeab0-hover n2-style-f8293b450b12ef15d5c4ff97a617a3e3-heading   n2-ss-item-content n2-ss-text n2-ow\" style=\"display:inline-block;\">Grad: mittel weich<br><\/div><\/div><\/div><\/div><\/div><\/div><\/div><div data-slide-duration=\"0\" data-id=\"750\" data-slide-public-id=\"2\" data-title=\"Patient Positioning\" class=\"n2-ss-slide n2-ow  n2-ss-slide-750\"><div role=\"note\" class=\"n2-ss-slide--focus\" tabindex=\"-1\">Patient Positioning<\/div><div class=\"n2-ss-layers-container n2-ss-slide-limiter n2-ow\"><div class=\"n2-ss-layer n2-ow n-uc-ZI5AEzQv2e5X\" data-sstype=\"slide\" data-pm=\"default\"><div class=\"n2-ss-layer n2-ow n-uc-zfEpnk3uyQKO\" data-pm=\"default\" data-sstype=\"content\" data-hasbackground=\"0\"><div class=\"n2-ss-section-main-content n2-ss-layer-with-background n2-ss-layer-content n2-ow n-uc-zfEpnk3uyQKO-inner\"><div class=\"n2-ss-layer n2-ow n-uc-3Esgddp2qxAX\" data-pm=\"normal\" data-sstype=\"layer\"><div id=\"n2-ss-440item5\" class=\"n2-font-6b58c3a16f7e3c912465286171cea591-hover n2-style-a4a526dc80d57646887ccad1f10d967a-heading   n2-ss-item-content n2-ss-text n2-ow\" style=\"display:block;\">TERRA-SCHAUMSTOFF<sup>\u00ae<\/sup> <br>(STANDARD ODER BIOBASIERT)<\/div><\/div><div class=\"n2-ss-layer n2-ow n-uc-K7ugAGfo9cWO n2-ss-layer--auto\" data-pm=\"normal\" data-sstype=\"layer\"><div id=\"n2-ss-440item6\" class=\"n2-font-bea2a58672c09c3e2ac38a19618c9edd-hover   n2-ss-item-content n2-ss-text n2-ow\" style=\"display:inline-block;\">_______<\/div><\/div><div class=\"n2-ss-layer n2-ow n-uc-3soyl3zQ9Dxo n2-ss-layer--auto\" data-pm=\"normal\" data-sstype=\"layer\"><div id=\"n2-ss-440item7\" class=\"n2-font-a24e1fa6f78c29450015c75dc722ac27-hover n2-style-f8293b450b12ef15d5c4ff97a617a3e3-heading   n2-ss-item-content n2-ss-text n2-ow\" style=\"display:inline-block;\">Langlebiger, wiederverwendbarer Schaumstoff mit extra Grip und Sicherheit <br><\/div><\/div><div class=\"n2-ss-layer n2-ow n-uc-PRNg63RQwW0B n2-ss-layer--auto\" data-pm=\"normal\" data-sstype=\"layer\"><div id=\"n2-ss-440item8\" class=\"n2-font-45b848ccea10d05bc072bb7d620eeab0-hover n2-style-f8293b450b12ef15d5c4ff97a617a3e3-heading   n2-ss-item-content n2-ss-text n2-ow\" style=\"display:inline-block;\">Grad: mittel weich<br><\/div><\/div><\/div><\/div><\/div><\/div><\/div>                    <\/div>\n\n                                    <\/div>\n            <\/div>\n        <\/div>\n        <div class=\"n2-ss-slider-controls n2-ss-slider-controls-below\"><div style=\"--widget-offset:10px;\" class=\"n2-ss-widget n2-ss-control-bullet n2-ow-all n2-ss-control-bullet-horizontal\"><div class=\" nextend-bullet-bar n2-bar-justify-content-center\"><div class=\"n2-bullet n2-style-c0fe1c7a37b7b7c3cb83a8d1cde6e7ce-dot \" style=\"visibility:hidden;\"><\/div><\/div><\/div><\/div><\/div><\/div><ss3-loader><\/ss3-loader><\/div><\/div><div class=\"n2_clear\"><\/div><\/div><\/ss3-force-full-width><\/div>\n\n\n<div class=\"wp-block-media-text alignwide has-media-on-the-right is-stacked-on-mobile\" style=\"grid-template-columns:auto 37%\"><div class=\"wp-block-media-text__content\">\n<p>Die hochreinen Rezepturen von Terra-Schaumstoff sind hypoallergen und ausschlie\u00dflich f\u00fcr den Hautkontakt konzipiert. Unsere viskoelastischen Schaumstoffe sind weich und anschmiegsam f\u00fcr den Patientenkomfort, aber dennoch robust genug f\u00fcr eine starke Sto\u00dfd\u00e4mpfung, die bei der Patientenlagerung ben\u00f6tigt wird:<\/p>\n\n\n\n<ul class=\"wp-block-list\">\n<li><strong>Kann angepasst werden<\/strong> &#8211; F\u00fcr die Patientenpositionierung und chirurgische Unterst\u00fctzungsanwendungen.<\/li>\n\n\n\n<li><strong>Erh\u00e4ltlich in biobasierten Formulierungen<\/strong>, die genauso aussehen und sich genauso anf\u00fchlen wie herk\u00f6mmlicher Terra-Schaumstoff.<\/li>\n\n\n\n<li><strong>Latexfrei<\/strong> mit mittelweichem Griff<\/li>\n\n\n\n<li><strong>Nicht haftend und hoch anpassungsf\u00e4hig<\/strong> an K\u00f6rperkonturen<\/li>\n<\/ul>\n\n\n\n<p><\/p>\n<\/div><figure class=\"wp-block-media-text__media\"><img loading=\"lazy\" decoding=\"async\" width=\"425\" height=\"340\" src=\"https:\/\/www.porex.com\/wp-content\/uploads\/2021\/04\/PX-WC-TerraFoamPSS-425x340-1.jpg\" alt=\"TerraFoam (PSS) for patient positioning and support\" class=\"wp-image-14321 size-full\" srcset=\"https:\/\/www.porex.com\/wp-content\/uploads\/2021\/04\/PX-WC-TerraFoamPSS-425x340-1.jpg 425w, https:\/\/www.porex.com\/wp-content\/uploads\/2021\/04\/PX-WC-TerraFoamPSS-425x340-1-300x240.jpg 300w\" sizes=\"auto, (max-width: 425px) 100vw, 425px\" \/><\/figure><\/div>\n\n\n\n<div style=\"height:50px\" aria-hidden=\"true\" class=\"wp-block-spacer\"><\/div>\n\n\n\n<h3 class=\"wp-block-heading\">Technische Spezifikationen<\/h3>\n\n\n\n<figure class=\"wp-block-table is-style-regular\"><table class=\"has-fixed-layout\"><thead><tr><th>Dimension<\/th><th>Spezifikationen<\/th><\/tr><\/thead><tbody><tr><td>Dicke<\/td><td>2,0 &#8211; 30,5 mm (0,079 &#8211; 1,2&#8243;)<\/td><\/tr><tr><td>Dichte (kg\/m3)<\/td><td>104,1<\/td><\/tr><tr><td>Zugfestigkeit (kPa)<\/td><td>193 &#8211; 207<\/td><\/tr><tr><td>Rei\u00dffestigkeit (N\/m)<\/td><td>460 &#8211; 603<\/td><\/tr><tr><td>Dehnung beim Bruch (%)<\/td><td>230 &#8211; 280<\/td><\/tr><tr><td>Zellzahl (Poren\/in)<\/td><td>215 &#8211; 239<\/td><\/tr><\/tbody><\/table><\/figure>\n\n\n\n<div style=\"height:50px\" aria-hidden=\"true\" class=\"wp-block-spacer\"><\/div>\n\n\n\n<h3 class=\"wp-block-heading\">Wichtige Anwendungen f\u00fcr die Patientenpositionierung<\/h3>\n\n\n\n<ul class=\"wp-block-list\">\n<li>Po-Kissen<\/li>\n\n\n\n<li>Rollstuhl-Bestuhlung<\/li>\n\n\n\n<li>Schienenpolsterung<\/li>\n<\/ul>\n\n\n\n<div style=\"height:50px\" aria-hidden=\"true\" class=\"wp-block-spacer\"><\/div>\n\n\n\n<h3 class=\"wp-block-heading\">Produktmerkmale<\/h3>\n\n\n\n<p>SCHUTZ: Ausgezeichnet<\/p>\n\n\n\n<p>KOMFORT: Akzeptabel<\/p>\n\n\n\n<p>GRIFFIGKEIT: Ausgezeichnet<\/p>\n\n\n\n<div style=\"height:43px\" aria-hidden=\"true\" class=\"wp-block-spacer\"><\/div>\n\n\n\n<h3 class=\"wp-block-heading\">Anpassungen<\/h3>\n\n\n\n<p>Porex kann unsere medizinische Schaumstofftechnologie an Ihre firmeneigenen Produkteigenschaften anpassen, einschlie\u00dflich Wirkstoffe, Zusatzstoffe und Laminate. In unserem nach ISO 13485 zertifizierten Werk in St. Charles, Michigan, k\u00f6nnen wir auch Sch\u00e4len, Schneiden und Laminieren.<\/p>\n\n\n\n<ul class=\"wp-block-list\">\n<li>Dichte<\/li>\n\n\n\n<li>Porosit\u00e4t<\/li>\n\n\n\n<li>Weichheit<\/li>\n\n\n\n<li>Griffigkeit<\/li>\n\n\n\n<li>Farben<\/li>\n\n\n\n<li>Antimikrobiell<\/li>\n\n\n\n<li>Hydrophil oder hydrophob<\/li>\n<\/ul>\n\n\n\n<div style=\"height:50px\" aria-hidden=\"true\" class=\"wp-block-spacer\"><\/div>\n\n\n\n<h3 class=\"wp-block-heading\">Nachhaltige Designoptionen<\/h3>\n\n\n\n<p>Um die Abh\u00e4ngigkeit Ihres Endprodukts von fossilen Brennstoffen zu verringern, k\u00f6nnen einige der Inhaltsstoffe im endg\u00fcltigen Terra-Schaumstoff durch biobasierte Produkte ersetzt werden, um einen weitgehend biokunststoffbasierten Schaumstoff zu schaffen, der wie ein herk\u00f6mmlicher Schaumstoff aussieht, sich verh\u00e4lt und anf\u00fchlt. Biobasierte Terra-Schaumstoffmuster sind in unserem <a href=\"https:\/\/www.porex.com\/de\/markte\/medizinisches-gerat\/unterstutzung-wahrend-der-operation-patientenpositionierung\/schaumstoff-musterkit-bestellen\/\" target=\"_blank\" rel=\"noreferrer noopener\">Schaumstoff f\u00fcr Patientenlagerung Musterkit<\/a> erh\u00e4ltlich.<br>Nehmen Sie Kontakt mit uns auf, wenn Sie weitere Informationen zu biobasierten Schaumstoffoptionen w\u00fcnschen.<\/p>\n\n\n\n<div style=\"height:20px\" aria-hidden=\"true\" class=\"wp-block-spacer\"><\/div>\n\n\n\n<div class=\"wp-block-columns has-2-columns is-layout-flex wp-container-core-columns-is-layout-9d6595d7 wp-block-columns-is-layout-flex\">\n<div class=\"wp-block-column is-layout-flow wp-block-column-is-layout-flow\">\n<div class=\"wp-block-button btn-half-width\"><a class=\"wp-block-button__link has-white-color has-green-background-color has-text-color has-background wp-element-button\" href=\"https:\/\/www.porex.com\/de\/uber-porex\/kontaktieren-sie-uns\/muster-anfordern\/\">Ein Muster anfordern<\/a><\/div>\n\n\n\n<div class=\"wp-block-button btn-half-width\"><a class=\"wp-block-button__link has-blue-background-color has-background wp-element-button\" href=\"\/de\/einen-techniker-fragen\/\"> Einen Techniker fragen<\/a><\/div>\n<\/div>\n\n\n\n<div class=\"wp-block-column is-layout-flow wp-block-column-is-layout-flow\">\n<p><\/p>\n<\/div>\n<\/div>\n","protected":false},"excerpt":{"rendered":"<p>Technische Spezifikationen Dimension Spezifikationen Dicke 2,0 &#8211; 30,5 mm (0,079 &#8211; 1,2&#8243;) Dichte (kg\/m3) 104,1 Zugfestigkeit (kPa) 193 &#8211; 207 Rei\u00dffestigkeit (N\/m) 460 &#8211; 603 Dehnung beim Bruch (%) 230 &#8211; 280 Zellzahl (Poren\/in) 215 &#8211; 239 Wichtige Anwendungen f\u00fcr die Patientenpositionierung Produktmerkmale SCHUTZ: Ausgezeichnet KOMFORT: Akzeptabel GRIFFIGKEIT: Ausgezeichnet Anpassungen Porex kann unsere medizinische Schaumstofftechnologie [&hellip;]<\/p>\n","protected":false},"author":5,"featured_media":0,"parent":3106,"menu_order":100,"comment_status":"closed","ping_status":"closed","template":"","meta":{"_acf_changed":false,"footnotes":""},"class_list":["post-13115","page","type-page","status-publish","hentry"],"acf":[],"yoast_head":"<!-- This site is optimized with the Yoast SEO Premium plugin v27.1 (Yoast SEO v27.1.1) - https:\/\/yoast.com\/product\/yoast-seo-premium-wordpress\/ -->\n<title>Hypoallergener Terra-Schaumstoff ausschlie\u00dflich f\u00fcr Hautkontakt bestimmt<\/title>\n<meta name=\"description\" content=\"Hypoallergener Terra-Schaumstoff sind ausschlie\u00dflich f\u00fcr den Hautkontakt konzipiert, da sie viskoelastisch, komfortabel und langlebig sind.\" \/>\n<meta name=\"robots\" content=\"index, follow, max-snippet:-1, max-image-preview:large, max-video-preview:-1\" \/>\n<link rel=\"canonical\" href=\"https:\/\/www.porex.com\/de\/markte\/medizinisches-gerat\/unterstutzung-wahrend-der-operation-patientenpositionierung\/terra-schaumstoff\/\" \/>\n<meta property=\"og:locale\" content=\"de_DE\" \/>\n<meta property=\"og:type\" content=\"article\" \/>\n<meta property=\"og:title\" content=\"Terra-Schaumstoff\" \/>\n<meta property=\"og:description\" content=\"Die hochreinen Rezepturen von Terra-Schaumstoff sind hypoallergen und ausschlie\u00dflich f\u00fcr den Hautkontakt konzipiert. Unsere viskoelastischen Schaumstoffe\" \/>\n<meta property=\"og:url\" content=\"https:\/\/www.porex.com\/de\/markte\/medizinisches-gerat\/unterstutzung-wahrend-der-operation-patientenpositionierung\/terra-schaumstoff\/\" \/>\n<meta property=\"og:site_name\" content=\"Porex\" \/>\n<meta property=\"article:modified_time\" content=\"2023-09-20T13:16:14+00:00\" \/>\n<meta property=\"og:image\" content=\"https:\/\/www.porex.com\/wp-content\/uploads\/2021\/04\/PX-WC-TerraFoamPSS-425x340-1.jpg\" \/>\n<meta name=\"twitter:card\" content=\"summary_large_image\" \/>\n<meta name=\"twitter:site\" content=\"@PorexCorp\" \/>\n<meta name=\"twitter:label1\" content=\"Gesch\u00e4tzte Lesezeit\" \/>\n\t<meta name=\"twitter:data1\" content=\"2 Minuten\" \/>\n<script type=\"application\/ld+json\" class=\"yoast-schema-graph\">{\"@context\":\"https:\/\/schema.org\",\"@graph\":[{\"@type\":\"WebPage\",\"@id\":\"https:\/\/www.porex.com\/de\/markte\/medizinisches-gerat\/unterstutzung-wahrend-der-operation-patientenpositionierung\/terra-schaumstoff\/\",\"url\":\"https:\/\/www.porex.com\/de\/markte\/medizinisches-gerat\/unterstutzung-wahrend-der-operation-patientenpositionierung\/terra-schaumstoff\/\",\"name\":\"Hypoallergener Terra-Schaumstoff ausschlie\u00dflich f\u00fcr Hautkontakt bestimmt\",\"isPartOf\":{\"@id\":\"https:\/\/www.porex.com\/de\/#website\"},\"primaryImageOfPage\":{\"@id\":\"https:\/\/www.porex.com\/de\/markte\/medizinisches-gerat\/unterstutzung-wahrend-der-operation-patientenpositionierung\/terra-schaumstoff\/#primaryimage\"},\"image\":{\"@id\":\"https:\/\/www.porex.com\/de\/markte\/medizinisches-gerat\/unterstutzung-wahrend-der-operation-patientenpositionierung\/terra-schaumstoff\/#primaryimage\"},\"thumbnailUrl\":\"https:\/\/www.porex.com\/wp-content\/uploads\/2021\/04\/PX-WC-TerraFoamPSS-425x340-1.jpg\",\"datePublished\":\"2021-04-15T14:07:16+00:00\",\"dateModified\":\"2023-09-20T13:16:14+00:00\",\"description\":\"Hypoallergener Terra-Schaumstoff sind ausschlie\u00dflich f\u00fcr den Hautkontakt konzipiert, da sie viskoelastisch, komfortabel und langlebig sind.\",\"breadcrumb\":{\"@id\":\"https:\/\/www.porex.com\/de\/markte\/medizinisches-gerat\/unterstutzung-wahrend-der-operation-patientenpositionierung\/terra-schaumstoff\/#breadcrumb\"},\"inLanguage\":\"de-DE\",\"potentialAction\":[{\"@type\":\"ReadAction\",\"target\":[\"https:\/\/www.porex.com\/de\/markte\/medizinisches-gerat\/unterstutzung-wahrend-der-operation-patientenpositionierung\/terra-schaumstoff\/\"]}]},{\"@type\":\"ImageObject\",\"inLanguage\":\"de-DE\",\"@id\":\"https:\/\/www.porex.com\/de\/markte\/medizinisches-gerat\/unterstutzung-wahrend-der-operation-patientenpositionierung\/terra-schaumstoff\/#primaryimage\",\"url\":\"https:\/\/www.porex.com\/wp-content\/uploads\/2021\/04\/PX-WC-TerraFoamPSS-425x340-1.jpg\",\"contentUrl\":\"https:\/\/www.porex.com\/wp-content\/uploads\/2021\/04\/PX-WC-TerraFoamPSS-425x340-1.jpg\"},{\"@type\":\"BreadcrumbList\",\"@id\":\"https:\/\/www.porex.com\/de\/markte\/medizinisches-gerat\/unterstutzung-wahrend-der-operation-patientenpositionierung\/terra-schaumstoff\/#breadcrumb\",\"itemListElement\":[{\"@type\":\"ListItem\",\"position\":1,\"name\":\"home\",\"item\":\"https:\/\/www.porex.com\/de\/\"},{\"@type\":\"ListItem\",\"position\":2,\"name\":\"M\u00e4rkte\",\"item\":\"https:\/\/www.porex.com\/de\/markte\/\"},{\"@type\":\"ListItem\",\"position\":3,\"name\":\"Medizinische Ger\u00e4te\",\"item\":\"https:\/\/www.porex.com\/de\/markte\/medizinisches-gerat\/\"},{\"@type\":\"ListItem\",\"position\":4,\"name\":\"Unterst\u00fctzung w\u00e4hrend der Operation &amp; Patientenpositionierung\",\"item\":\"https:\/\/www.porex.com\/de\/markte\/medizinisches-gerat\/unterstutzung-wahrend-der-operation-patientenpositionierung\/\"},{\"@type\":\"ListItem\",\"position\":5,\"name\":\"Terra-Schaumstoff\"}]},{\"@type\":\"WebSite\",\"@id\":\"https:\/\/www.porex.com\/de\/#website\",\"url\":\"https:\/\/www.porex.com\/de\/\",\"name\":\"Porex\",\"description\":\"Your Partner In Innovation\",\"publisher\":{\"@id\":\"https:\/\/www.porex.com\/de\/#organization\"},\"potentialAction\":[{\"@type\":\"SearchAction\",\"target\":{\"@type\":\"EntryPoint\",\"urlTemplate\":\"https:\/\/www.porex.com\/de\/?s={search_term_string}\"},\"query-input\":{\"@type\":\"PropertyValueSpecification\",\"valueRequired\":true,\"valueName\":\"search_term_string\"}}],\"inLanguage\":\"de-DE\"},{\"@type\":\"Organization\",\"@id\":\"https:\/\/www.porex.com\/de\/#organization\",\"name\":\"Porex Corporation\",\"url\":\"https:\/\/www.porex.com\/de\/\",\"logo\":{\"@type\":\"ImageObject\",\"inLanguage\":\"de-DE\",\"@id\":\"https:\/\/www.porex.com\/de\/#\/schema\/logo\/image\/\",\"url\":\"https:\/\/www.porex.com\/wp-content\/uploads\/2019\/05\/fgc-logo.png\",\"contentUrl\":\"https:\/\/www.porex.com\/wp-content\/uploads\/2019\/05\/fgc-logo.png\",\"width\":480,\"height\":126,\"caption\":\"Porex Corporation\"},\"image\":{\"@id\":\"https:\/\/www.porex.com\/de\/#\/schema\/logo\/image\/\"},\"sameAs\":[\"https:\/\/x.com\/PorexCorp\",\"https:\/\/www.linkedin.com\/company\/porex\/\",\"https:\/\/www.youtube.com\/user\/PorexCorporation\"],\"description\":\"Porous plastic materials manufacturer of custom components for medical devices, diagnostics, consumer and industrial products. Provides solutions for absorption, filtration, wicking, venting, diffusion and application.\",\"legalName\":\"Porex Corporation\",\"foundingDate\":\"1961-04-27\"}]}<\/script>\n<!-- \/ Yoast SEO Premium plugin. -->","yoast_head_json":{"title":"Hypoallergener Terra-Schaumstoff ausschlie\u00dflich f\u00fcr Hautkontakt bestimmt","description":"Hypoallergener Terra-Schaumstoff sind ausschlie\u00dflich f\u00fcr den Hautkontakt konzipiert, da sie viskoelastisch, komfortabel und langlebig sind.","robots":{"index":"index","follow":"follow","max-snippet":"max-snippet:-1","max-image-preview":"max-image-preview:large","max-video-preview":"max-video-preview:-1"},"canonical":"https:\/\/www.porex.com\/de\/markte\/medizinisches-gerat\/unterstutzung-wahrend-der-operation-patientenpositionierung\/terra-schaumstoff\/","og_locale":"de_DE","og_type":"article","og_title":"Terra-Schaumstoff","og_description":"Die hochreinen Rezepturen von Terra-Schaumstoff sind hypoallergen und ausschlie\u00dflich f\u00fcr den Hautkontakt konzipiert. Unsere viskoelastischen Schaumstoffe","og_url":"https:\/\/www.porex.com\/de\/markte\/medizinisches-gerat\/unterstutzung-wahrend-der-operation-patientenpositionierung\/terra-schaumstoff\/","og_site_name":"Porex","article_modified_time":"2023-09-20T13:16:14+00:00","og_image":[{"url":"https:\/\/www.porex.com\/wp-content\/uploads\/2021\/04\/PX-WC-TerraFoamPSS-425x340-1.jpg","type":"","width":"","height":""}],"twitter_card":"summary_large_image","twitter_site":"@PorexCorp","twitter_misc":{"Gesch\u00e4tzte Lesezeit":"2 Minuten"},"schema":{"@context":"https:\/\/schema.org","@graph":[{"@type":"WebPage","@id":"https:\/\/www.porex.com\/de\/markte\/medizinisches-gerat\/unterstutzung-wahrend-der-operation-patientenpositionierung\/terra-schaumstoff\/","url":"https:\/\/www.porex.com\/de\/markte\/medizinisches-gerat\/unterstutzung-wahrend-der-operation-patientenpositionierung\/terra-schaumstoff\/","name":"Hypoallergener Terra-Schaumstoff ausschlie\u00dflich f\u00fcr Hautkontakt bestimmt","isPartOf":{"@id":"https:\/\/www.porex.com\/de\/#website"},"primaryImageOfPage":{"@id":"https:\/\/www.porex.com\/de\/markte\/medizinisches-gerat\/unterstutzung-wahrend-der-operation-patientenpositionierung\/terra-schaumstoff\/#primaryimage"},"image":{"@id":"https:\/\/www.porex.com\/de\/markte\/medizinisches-gerat\/unterstutzung-wahrend-der-operation-patientenpositionierung\/terra-schaumstoff\/#primaryimage"},"thumbnailUrl":"https:\/\/www.porex.com\/wp-content\/uploads\/2021\/04\/PX-WC-TerraFoamPSS-425x340-1.jpg","datePublished":"2021-04-15T14:07:16+00:00","dateModified":"2023-09-20T13:16:14+00:00","description":"Hypoallergener Terra-Schaumstoff sind ausschlie\u00dflich f\u00fcr den Hautkontakt konzipiert, da sie viskoelastisch, komfortabel und langlebig sind.","breadcrumb":{"@id":"https:\/\/www.porex.com\/de\/markte\/medizinisches-gerat\/unterstutzung-wahrend-der-operation-patientenpositionierung\/terra-schaumstoff\/#breadcrumb"},"inLanguage":"de-DE","potentialAction":[{"@type":"ReadAction","target":["https:\/\/www.porex.com\/de\/markte\/medizinisches-gerat\/unterstutzung-wahrend-der-operation-patientenpositionierung\/terra-schaumstoff\/"]}]},{"@type":"ImageObject","inLanguage":"de-DE","@id":"https:\/\/www.porex.com\/de\/markte\/medizinisches-gerat\/unterstutzung-wahrend-der-operation-patientenpositionierung\/terra-schaumstoff\/#primaryimage","url":"https:\/\/www.porex.com\/wp-content\/uploads\/2021\/04\/PX-WC-TerraFoamPSS-425x340-1.jpg","contentUrl":"https:\/\/www.porex.com\/wp-content\/uploads\/2021\/04\/PX-WC-TerraFoamPSS-425x340-1.jpg"},{"@type":"BreadcrumbList","@id":"https:\/\/www.porex.com\/de\/markte\/medizinisches-gerat\/unterstutzung-wahrend-der-operation-patientenpositionierung\/terra-schaumstoff\/#breadcrumb","itemListElement":[{"@type":"ListItem","position":1,"name":"home","item":"https:\/\/www.porex.com\/de\/"},{"@type":"ListItem","position":2,"name":"M\u00e4rkte","item":"https:\/\/www.porex.com\/de\/markte\/"},{"@type":"ListItem","position":3,"name":"Medizinische Ger\u00e4te","item":"https:\/\/www.porex.com\/de\/markte\/medizinisches-gerat\/"},{"@type":"ListItem","position":4,"name":"Unterst\u00fctzung w\u00e4hrend der Operation &amp; Patientenpositionierung","item":"https:\/\/www.porex.com\/de\/markte\/medizinisches-gerat\/unterstutzung-wahrend-der-operation-patientenpositionierung\/"},{"@type":"ListItem","position":5,"name":"Terra-Schaumstoff"}]},{"@type":"WebSite","@id":"https:\/\/www.porex.com\/de\/#website","url":"https:\/\/www.porex.com\/de\/","name":"Porex","description":"Your Partner In Innovation","publisher":{"@id":"https:\/\/www.porex.com\/de\/#organization"},"potentialAction":[{"@type":"SearchAction","target":{"@type":"EntryPoint","urlTemplate":"https:\/\/www.porex.com\/de\/?s={search_term_string}"},"query-input":{"@type":"PropertyValueSpecification","valueRequired":true,"valueName":"search_term_string"}}],"inLanguage":"de-DE"},{"@type":"Organization","@id":"https:\/\/www.porex.com\/de\/#organization","name":"Porex Corporation","url":"https:\/\/www.porex.com\/de\/","logo":{"@type":"ImageObject","inLanguage":"de-DE","@id":"https:\/\/www.porex.com\/de\/#\/schema\/logo\/image\/","url":"https:\/\/www.porex.com\/wp-content\/uploads\/2019\/05\/fgc-logo.png","contentUrl":"https:\/\/www.porex.com\/wp-content\/uploads\/2019\/05\/fgc-logo.png","width":480,"height":126,"caption":"Porex Corporation"},"image":{"@id":"https:\/\/www.porex.com\/de\/#\/schema\/logo\/image\/"},"sameAs":["https:\/\/x.com\/PorexCorp","https:\/\/www.linkedin.com\/company\/porex\/","https:\/\/www.youtube.com\/user\/PorexCorporation"],"description":"Porous plastic materials manufacturer of custom components for medical devices, diagnostics, consumer and industrial products. Provides solutions for absorption, filtration, wicking, venting, diffusion and application.","legalName":"Porex Corporation","foundingDate":"1961-04-27"}]}},"_links":{"self":[{"href":"https:\/\/www.porex.com\/de\/wp-json\/wp\/v2\/pages\/13115","targetHints":{"allow":["GET"]}}],"collection":[{"href":"https:\/\/www.porex.com\/de\/wp-json\/wp\/v2\/pages"}],"about":[{"href":"https:\/\/www.porex.com\/de\/wp-json\/wp\/v2\/types\/page"}],"author":[{"embeddable":true,"href":"https:\/\/www.porex.com\/de\/wp-json\/wp\/v2\/users\/5"}],"replies":[{"embeddable":true,"href":"https:\/\/www.porex.com\/de\/wp-json\/wp\/v2\/comments?post=13115"}],"version-history":[{"count":0,"href":"https:\/\/www.porex.com\/de\/wp-json\/wp\/v2\/pages\/13115\/revisions"}],"up":[{"embeddable":true,"href":"https:\/\/www.porex.com\/de\/wp-json\/wp\/v2\/pages\/3106"}],"wp:attachment":[{"href":"https:\/\/www.porex.com\/de\/wp-json\/wp\/v2\/media?parent=13115"}],"curies":[{"name":"wp","href":"https:\/\/api.w.org\/{rel}","templated":true}]}}