{"id":21516,"date":"2021-10-04T09:25:20","date_gmt":"2021-10-04T13:25:20","guid":{"rendered":"https:\/\/www.porex.com\/porex-bringt-kapazitaeten-fuer-nachhaltige-produktentwicklung-fuer-drei-plattformen-des-bereichs-poroese-polymere-auf-den-weg\/"},"modified":"2021-10-04T09:25:30","modified_gmt":"2021-10-04T13:25:30","slug":"porex-bringt-kapazitaeten-fuer-nachhaltige-produktentwicklung-fuer-drei-plattformen-des-bereichs-poroese-polymere-auf-den-weg","status":"publish","type":"page","link":"https:\/\/www.porex.com\/de\/porex-bringt-kapazitaeten-fuer-nachhaltige-produktentwicklung-fuer-drei-plattformen-des-bereichs-poroese-polymere-auf-den-weg\/","title":{"rendered":"Porex bringt Kapazit\u00e4ten f\u00fcr nachhaltige Produktentwicklung f\u00fcr drei Plattformen des Bereichs por\u00f6se Polymere auf den Weg"},"content":{"rendered":"\n<p><strong>POREX BRINGT KAPAZIT\u00c4TEN F\u00dcR NACHHALTIGE PRODUKTENTWICKLUNG F\u00dcR DREI PLATTFORMEN DES BEREICHS POR\u00d6SE POLYMERE AUF DEN WEG<\/strong><\/p>\n\n<p><em><em>Neue Kapazit\u00e4ten erm\u00f6glichen weltweit t\u00e4tigen Herstellern die Entwicklung nachhaltigerer Produkte mit gesinterten Partikeln, Verbundfasern und offenzelligem Schaumstoff<\/em><\/em> <\/p>\n\n<p>(<strong>Fairburn, GA \u2013 18.\u00a0November 2020) <\/strong>Porex, ein weltweit im Bereich por\u00f6ser Polymere f\u00fchrendes Unternehmen, k\u00fcndigt Kapazit\u00e4ten f\u00fcr den Bereich nachhaltige Produktentwicklung als Fortsetzung seines Engagements f\u00fcr mehr Sicherheit, Gesundheit und Produktivit\u00e4t in der Welt an. Im Rahmen dieses Angebots wird Herstellern in fr\u00fchen Produktentwicklungsphasen im Bereich der Porentechnologie in allen drei Plattformen Unterst\u00fctzung geboten.<\/p>\n\n<p>Im Rahmen der Zusammenarbeit mit Porex-Experten des Bereichs Werkstoffinnovation und durch den Einsatz neuester Technologien f\u00fcr gesinterte Partikel, Verbundfasern und offenzelligen Schaumstoff k\u00f6nnen Hersteller nachhaltigere Produkte f\u00fcr eine Vielzahl von Anwendungen in den Marktbereichen Luftpflege, Kosmetik, Diagnostik, Konsumg\u00fcter, Gesundheit und Industrieanwendungen entwickeln.<\/p>\n\n<p>Die Initiative f\u00fcr eine nachhaltige Produktentwicklung ist Teil des Porex-Programms f\u00fcr globale Nachhaltigkeit, das ihren Schwerpunkt auf Weiterentwicklungen in den folgenden vier Bereichen setzt: Werkstoffinnovation, Lieferkette, Gemeinwesen sowie Abfall und Recycling. Parallel zur Ank\u00fcndigung dieser Kapazit\u00e4ten f\u00fcr nachhaltige Produktentwicklung startet Porex mit dem ersten Schwerpunktbereich, der Werkstoffinnovation, mit dem konkreten Ziel der Reduzierung des Einsatzes von Prim\u00e4rkunststoffen bei neuen Produkten um 25\u00a0% bis 2025.<\/p>\n\n<p>\u201eWir engagieren uns f\u00fcr langfristige Nachhaltigkeit und die Ausrichtung unserer Gesch\u00e4ftst\u00e4tigkeit an \u00f6kologischen Gesichtspunkten\u201c, so Avi Robbins, Vice President, globale Produktentwicklung und F&amp;E bei Porex. \u201eIm Rahmen der innovativen Nutzung eines Anteils recycelter Materialien wie beispielsweise PE- und PET-Harze aus Verpackungsmaterial f\u00fchrte Porex bereits Bem\u00fchungen im Bereich Nachhaltigkeit an. Mit Kapazit\u00e4ten in der nachhaltigen Produktentwicklung verst\u00e4rken wir unser Engagement f\u00fcr eine Verkleinerung unseres \u00f6kologischen Fu\u00dfabdrucks und unterst\u00fctzen unsere Kunden, indem wir ihnen als Innovationspartner zur Seite stehen und ihnen helfen, die eigenen Nachhaltigkeitsziele zu erreichen.\u201c<\/p>\n\n<p>Porex ist in allen drei Plattformen im Bereich der Porentechnologie im Sinne einer nachhaltigen Produktentwicklung aktiv: gesinterte Partikel, Verbundfasern und offenzelliger Schaumstoff. Porex kann aus vielf\u00e4ltigem, fundiertem Fachwissen sch\u00f6pfen und w\u00e4hlt, basierend auf der spezifischen Produktanwendung des Kunden, den besten nachhaltigen Werkstoff und entwickelt das Endprodukt zusammen mit dem Kunden. Zu den nachhaltigen Werkstoffen, die in Komponenten aus por\u00f6sem Polymer zum Einsatz kommen, geh\u00f6ren, unter anderem, recyceltes Polyethylen (PE) und Polyesterfaser (PET), biologisch abbaubares PE, PE-Faser und PET-Faser sowie biobasiertes Polyurethan.\u00a0<\/p>\n\n<p>Die einzelnen Technologieplattformen bedienen verschiedene M\u00e4rkte und Produktsegmente. Gesinterte Partikel zeichnen sich durch genau definierte, komplexe 3D-Geometrien aus, die sich f\u00fcr den Einsatz als Filter oder Dochte in elektrischen Lufterfrischern oder Insektizidprodukten eignen. Verbundfaserstoffe weisen flexible 2D-Geometrien auf, die eine Docht-, Absorptions- sowie Freisetzungswirkung haben, die f\u00fcr diagnostische Anwendungen entscheidend sind, beispielsweise Materialien f\u00fcr die Probenahme bei Speichel- bzw. Urintests und Reservoirs f\u00fcr Schreibinstrumente. Offenzellige Schaumstoffe sind hochsaugf\u00e4hig und k\u00f6nnen f\u00fcr bestimmte Anwendungen, beispielsweise die Wundversorgung und in kosmetischen Produkten, antimikrobiell ausger\u00fcstet werden.<\/p>\n\n<p>Porex ber\u00fccksichtigt weiterhin Entwicklungsprojekte in fr\u00fchen Stadien und steht unterschiedlichsten Branchen als Partner f\u00fcr Innovation zur Seite. Mehr Informationen zu den Aktivit\u00e4ten des Unternehmens in den Bereichen Nachhaltigkeit und Materialeigenschaften finden Sie auf <a href=\"https:\/\/www.porex.com\/sustainability\">www.porex.com\/sustainability<\/a> oder sehen Sie sich das von Avi Robbins geleitete <a href=\"https:\/\/www.porex.com\/wp-content\/uploads\/2020\/08\/Designing-more-sustainable-products-webinar.mp4\">Webinar zum Thema Nachhaltigkeit<\/a> an.\u00a0 Sie haben in der Entwicklung eines nachhaltigen Produkts eine f\u00fcr einen Austausch mit uns hinreichende Stufe erreicht? Wenden Sie sich an uns und verwenden Sie hierf\u00fcr das auf <a href=\"https:\/\/www.porex.com\/sustainability\">www.porex.com\/sustainability<\/a> abrufbare Design-Antragsformular.<\/p>\n\n<p><strong>\u00dcber das Unternehmen Porex<\/strong><\/p>\n\n<p>Seit nun bald 60 Jahren arbeitet Porex Corporation eng mit seinen Kunden zusammen, um Innovationen im Bereich Maschinenbau und Konstruktion zu bieten, durch die sich Produktideen verwirklichen lassen.\u00a0 Im Rahmen von Entwicklungspartnerschaften mit unseren Kunden entwickeln wir hochwertige por\u00f6se Polymerl\u00f6sungen f\u00fcr Herausforderungen bei der Produktentwicklung in den Bereichen Absorption, Applikation, Diffusion, Filterung, Reflektivit\u00e4t, Bel\u00fcftung und Feuchtigkeitstransport. Unter Anwendung unserer extensiven Materialwissenschaft zu por\u00f6sen Polymeren, Produktdesign und kundendefinierter Kunststoffherstellung auf die Entwicklung von por\u00f6sen L\u00f6sungen helfen wir unseren Kunden, ihre komplexen Herausforderungen bei der Produktentwicklung in den Griff zu bekommen. Aus diesem Grund vertrauen 1.500 Kunden in 65 L\u00e4ndern Porex und seinen Technologien f\u00fcr por\u00f6se Polymere. Diese lassen sich in einer Vielzahl von Anwendungen einsetzen: im Gesundheitswesen, f\u00fcr Gebrauchsartikel, bei Elektronik und in der Industrie, um die Leistung von Endprodukten zu verbessern und eine sichere, ges\u00fcndere und produktivere Welt zu schaffen.\u00a0 Verlassen Sie sich auf unsere Erfahrung, Qualit\u00e4t und Innovationskraft, um Ihren nachhaltigen Erfolg zu sichern, und kontaktieren Sie uns unter\u00a0<a href=\"https:\/\/www.porex.com\/\"><strong>WWW.POREX.COM<\/strong><\/a>.<\/p>\n\n<p><strong>\u00dcber die Filtration Group<\/strong>\u00a0<\/p>\n\n<p>Porex ist ein Gesch\u00e4ftsbereich der Filtration Group. Mit ihren innovativen L\u00f6sungen und deren herausragendem Wert f\u00fcr unsere Kunden tr\u00e4gt die Filtration Group dazu bei, dass die Welt sicherer, ges\u00fcnder und produktiver wird.\u00a0 Filtration Group bedient mit seinen Angeboten eine sehr diversifizierte Kundengruppe. Die Produkte reichen von Anwendungen f\u00fcr Life Sciences und Prozesstechnologie bis hin zu Anwendungen f\u00fcr die Qualit\u00e4t von Fl\u00fcssigkeiten und Luft in Innenr\u00e4umen. Filtration Group geh\u00f6rt zu den am schnellsten wachsenden Unternehmen der Branche und dient seinen Kunden mit mehr als 100 Werken in 28 L\u00e4ndern. Weitere Informationen finden Sie unter\u00a0<a href=\"http:\/\/www.filtrationgroup.com\/\"><strong>WWW.FILTRATIONGROUP.COM<\/strong><\/a>.<\/p>\n\n<hr class=\"wp-block-separator\" \/>\n\n<p><\/p>\n","protected":false},"excerpt":{"rendered":"<p>POREX BRINGT KAPAZIT\u00c4TEN F\u00dcR NACHHALTIGE PRODUKTENTWICKLUNG F\u00dcR DREI PLATTFORMEN DES BEREICHS POR\u00d6SE POLYMERE AUF DEN WEG Neue Kapazit\u00e4ten erm\u00f6glichen weltweit t\u00e4tigen Herstellern die Entwicklung nachhaltigerer Produkte mit gesinterten Partikeln, Verbundfasern und offenzelligem Schaumstoff (Fairburn, GA \u2013 18.\u00a0November 2020) Porex, ein weltweit im Bereich por\u00f6ser Polymere f\u00fchrendes Unternehmen, k\u00fcndigt Kapazit\u00e4ten f\u00fcr den Bereich nachhaltige Produktentwicklung als [&hellip;]<\/p>\n","protected":false},"author":5,"featured_media":0,"parent":0,"menu_order":0,"comment_status":"closed","ping_status":"closed","template":"","meta":{"_acf_changed":false,"footnotes":""},"class_list":["post-21516","page","type-page","status-publish","hentry"],"acf":[],"yoast_head":"<!-- This site is optimized with the Yoast SEO Premium plugin v27.3 (Yoast SEO v27.3) - https:\/\/yoast.com\/product\/yoast-seo-premium-wordpress\/ -->\n<title>Nachhaltige Produktentwicklungsm\u00f6glichkeiten mit Sinterpartikeln<\/title>\n<meta name=\"description\" content=\"Porex hat M\u00f6glichkeiten zur nachhaltigen Produktentwicklung angek\u00fcndigt, um Hersteller bei der fr\u00fchen Produktentwicklung zu unterst\u00fctzen.\" \/>\n<meta name=\"robots\" content=\"index, follow, max-snippet:-1, max-image-preview:large, max-video-preview:-1\" \/>\n<link rel=\"canonical\" href=\"https:\/\/www.porex.com\/de\/porex-bringt-kapazitaeten-fuer-nachhaltige-produktentwicklung-fuer-drei-plattformen-des-bereichs-poroese-polymere-auf-den-weg\/\" \/>\n<meta property=\"og:locale\" content=\"de_DE\" \/>\n<meta property=\"og:type\" content=\"article\" \/>\n<meta property=\"og:title\" content=\"Porex bringt Kapazit\u00e4ten f\u00fcr nachhaltige Produktentwicklung f\u00fcr drei Plattformen des Bereichs por\u00f6se Polymere auf den Weg\" \/>\n<meta property=\"og:description\" content=\"POREX BRINGT KAPAZIT\u00c4TEN F\u00dcR NACHHALTIGE PRODUKTENTWICKLUNG F\u00dcR DREI PLATTFORMEN DES BEREICHS POR\u00d6SE POLYMERE AUF DEN WEG Neue Kapazit\u00e4ten erm\u00f6glichen\" \/>\n<meta property=\"og:url\" content=\"https:\/\/www.porex.com\/de\/porex-bringt-kapazitaeten-fuer-nachhaltige-produktentwicklung-fuer-drei-plattformen-des-bereichs-poroese-polymere-auf-den-weg\/\" \/>\n<meta property=\"og:site_name\" content=\"Porex\" \/>\n<meta property=\"article:modified_time\" content=\"2021-10-04T13:25:30+00:00\" \/>\n<meta name=\"twitter:card\" content=\"summary_large_image\" \/>\n<meta name=\"twitter:site\" content=\"@PorexCorp\" \/>\n<meta name=\"twitter:label1\" content=\"Gesch\u00e4tzte Lesezeit\" \/>\n\t<meta name=\"twitter:data1\" content=\"4 Minuten\" \/>\n<script type=\"application\/ld+json\" class=\"yoast-schema-graph\">{\"@context\":\"https:\\\/\\\/schema.org\",\"@graph\":[{\"@type\":\"WebPage\",\"@id\":\"https:\\\/\\\/www.porex.com\\\/de\\\/porex-bringt-kapazitaeten-fuer-nachhaltige-produktentwicklung-fuer-drei-plattformen-des-bereichs-poroese-polymere-auf-den-weg\\\/\",\"url\":\"https:\\\/\\\/www.porex.com\\\/de\\\/porex-bringt-kapazitaeten-fuer-nachhaltige-produktentwicklung-fuer-drei-plattformen-des-bereichs-poroese-polymere-auf-den-weg\\\/\",\"name\":\"Nachhaltige Produktentwicklungsm\u00f6glichkeiten mit Sinterpartikeln\",\"isPartOf\":{\"@id\":\"https:\\\/\\\/www.porex.com\\\/de\\\/#website\"},\"datePublished\":\"2021-10-04T13:25:20+00:00\",\"dateModified\":\"2021-10-04T13:25:30+00:00\",\"description\":\"Porex hat M\u00f6glichkeiten zur nachhaltigen Produktentwicklung angek\u00fcndigt, um Hersteller bei der fr\u00fchen Produktentwicklung zu unterst\u00fctzen.\",\"breadcrumb\":{\"@id\":\"https:\\\/\\\/www.porex.com\\\/de\\\/porex-bringt-kapazitaeten-fuer-nachhaltige-produktentwicklung-fuer-drei-plattformen-des-bereichs-poroese-polymere-auf-den-weg\\\/#breadcrumb\"},\"inLanguage\":\"de-DE\",\"potentialAction\":[{\"@type\":\"ReadAction\",\"target\":[\"https:\\\/\\\/www.porex.com\\\/de\\\/porex-bringt-kapazitaeten-fuer-nachhaltige-produktentwicklung-fuer-drei-plattformen-des-bereichs-poroese-polymere-auf-den-weg\\\/\"]}]},{\"@type\":\"BreadcrumbList\",\"@id\":\"https:\\\/\\\/www.porex.com\\\/de\\\/porex-bringt-kapazitaeten-fuer-nachhaltige-produktentwicklung-fuer-drei-plattformen-des-bereichs-poroese-polymere-auf-den-weg\\\/#breadcrumb\",\"itemListElement\":[{\"@type\":\"ListItem\",\"position\":1,\"name\":\"home\",\"item\":\"https:\\\/\\\/www.porex.com\\\/de\\\/\"},{\"@type\":\"ListItem\",\"position\":2,\"name\":\"Porex bringt Kapazit\u00e4ten f\u00fcr nachhaltige Produktentwicklung f\u00fcr drei Plattformen des Bereichs por\u00f6se Polymere auf den Weg\"}]},{\"@type\":\"WebSite\",\"@id\":\"https:\\\/\\\/www.porex.com\\\/de\\\/#website\",\"url\":\"https:\\\/\\\/www.porex.com\\\/de\\\/\",\"name\":\"Porex\",\"description\":\"Your Partner In Innovation\",\"publisher\":{\"@id\":\"https:\\\/\\\/www.porex.com\\\/de\\\/#organization\"},\"potentialAction\":[{\"@type\":\"SearchAction\",\"target\":{\"@type\":\"EntryPoint\",\"urlTemplate\":\"https:\\\/\\\/www.porex.com\\\/de\\\/?s={search_term_string}\"},\"query-input\":{\"@type\":\"PropertyValueSpecification\",\"valueRequired\":true,\"valueName\":\"search_term_string\"}}],\"inLanguage\":\"de-DE\"},{\"@type\":\"Organization\",\"@id\":\"https:\\\/\\\/www.porex.com\\\/de\\\/#organization\",\"name\":\"Porex Corporation\",\"url\":\"https:\\\/\\\/www.porex.com\\\/de\\\/\",\"logo\":{\"@type\":\"ImageObject\",\"inLanguage\":\"de-DE\",\"@id\":\"https:\\\/\\\/www.porex.com\\\/de\\\/#\\\/schema\\\/logo\\\/image\\\/\",\"url\":\"https:\\\/\\\/www.porex.com\\\/wp-content\\\/uploads\\\/2019\\\/05\\\/fgc-logo.png\",\"contentUrl\":\"https:\\\/\\\/www.porex.com\\\/wp-content\\\/uploads\\\/2019\\\/05\\\/fgc-logo.png\",\"width\":480,\"height\":126,\"caption\":\"Porex Corporation\"},\"image\":{\"@id\":\"https:\\\/\\\/www.porex.com\\\/de\\\/#\\\/schema\\\/logo\\\/image\\\/\"},\"sameAs\":[\"https:\\\/\\\/x.com\\\/PorexCorp\",\"https:\\\/\\\/www.linkedin.com\\\/company\\\/porex\\\/\",\"https:\\\/\\\/www.youtube.com\\\/user\\\/PorexCorporation\"],\"description\":\"Porous plastic materials manufacturer of custom components for medical devices, diagnostics, consumer and industrial products. Provides solutions for absorption, filtration, wicking, venting, diffusion and application.\",\"legalName\":\"Porex Corporation\",\"foundingDate\":\"1961-04-27\"}]}<\/script>\n<!-- \/ Yoast SEO Premium plugin. -->","yoast_head_json":{"title":"Nachhaltige Produktentwicklungsm\u00f6glichkeiten mit Sinterpartikeln","description":"Porex hat M\u00f6glichkeiten zur nachhaltigen Produktentwicklung angek\u00fcndigt, um Hersteller bei der fr\u00fchen Produktentwicklung zu unterst\u00fctzen.","robots":{"index":"index","follow":"follow","max-snippet":"max-snippet:-1","max-image-preview":"max-image-preview:large","max-video-preview":"max-video-preview:-1"},"canonical":"https:\/\/www.porex.com\/de\/porex-bringt-kapazitaeten-fuer-nachhaltige-produktentwicklung-fuer-drei-plattformen-des-bereichs-poroese-polymere-auf-den-weg\/","og_locale":"de_DE","og_type":"article","og_title":"Porex bringt Kapazit\u00e4ten f\u00fcr nachhaltige Produktentwicklung f\u00fcr drei Plattformen des Bereichs por\u00f6se Polymere auf den Weg","og_description":"POREX BRINGT KAPAZIT\u00c4TEN F\u00dcR NACHHALTIGE PRODUKTENTWICKLUNG F\u00dcR DREI PLATTFORMEN DES BEREICHS POR\u00d6SE POLYMERE AUF DEN WEG Neue Kapazit\u00e4ten erm\u00f6glichen","og_url":"https:\/\/www.porex.com\/de\/porex-bringt-kapazitaeten-fuer-nachhaltige-produktentwicklung-fuer-drei-plattformen-des-bereichs-poroese-polymere-auf-den-weg\/","og_site_name":"Porex","article_modified_time":"2021-10-04T13:25:30+00:00","twitter_card":"summary_large_image","twitter_site":"@PorexCorp","twitter_misc":{"Gesch\u00e4tzte Lesezeit":"4 Minuten"},"schema":{"@context":"https:\/\/schema.org","@graph":[{"@type":"WebPage","@id":"https:\/\/www.porex.com\/de\/porex-bringt-kapazitaeten-fuer-nachhaltige-produktentwicklung-fuer-drei-plattformen-des-bereichs-poroese-polymere-auf-den-weg\/","url":"https:\/\/www.porex.com\/de\/porex-bringt-kapazitaeten-fuer-nachhaltige-produktentwicklung-fuer-drei-plattformen-des-bereichs-poroese-polymere-auf-den-weg\/","name":"Nachhaltige Produktentwicklungsm\u00f6glichkeiten mit Sinterpartikeln","isPartOf":{"@id":"https:\/\/www.porex.com\/de\/#website"},"datePublished":"2021-10-04T13:25:20+00:00","dateModified":"2021-10-04T13:25:30+00:00","description":"Porex hat M\u00f6glichkeiten zur nachhaltigen Produktentwicklung angek\u00fcndigt, um Hersteller bei der fr\u00fchen Produktentwicklung zu unterst\u00fctzen.","breadcrumb":{"@id":"https:\/\/www.porex.com\/de\/porex-bringt-kapazitaeten-fuer-nachhaltige-produktentwicklung-fuer-drei-plattformen-des-bereichs-poroese-polymere-auf-den-weg\/#breadcrumb"},"inLanguage":"de-DE","potentialAction":[{"@type":"ReadAction","target":["https:\/\/www.porex.com\/de\/porex-bringt-kapazitaeten-fuer-nachhaltige-produktentwicklung-fuer-drei-plattformen-des-bereichs-poroese-polymere-auf-den-weg\/"]}]},{"@type":"BreadcrumbList","@id":"https:\/\/www.porex.com\/de\/porex-bringt-kapazitaeten-fuer-nachhaltige-produktentwicklung-fuer-drei-plattformen-des-bereichs-poroese-polymere-auf-den-weg\/#breadcrumb","itemListElement":[{"@type":"ListItem","position":1,"name":"home","item":"https:\/\/www.porex.com\/de\/"},{"@type":"ListItem","position":2,"name":"Porex bringt Kapazit\u00e4ten f\u00fcr nachhaltige Produktentwicklung f\u00fcr drei Plattformen des Bereichs por\u00f6se Polymere auf den Weg"}]},{"@type":"WebSite","@id":"https:\/\/www.porex.com\/de\/#website","url":"https:\/\/www.porex.com\/de\/","name":"Porex","description":"Your Partner In Innovation","publisher":{"@id":"https:\/\/www.porex.com\/de\/#organization"},"potentialAction":[{"@type":"SearchAction","target":{"@type":"EntryPoint","urlTemplate":"https:\/\/www.porex.com\/de\/?s={search_term_string}"},"query-input":{"@type":"PropertyValueSpecification","valueRequired":true,"valueName":"search_term_string"}}],"inLanguage":"de-DE"},{"@type":"Organization","@id":"https:\/\/www.porex.com\/de\/#organization","name":"Porex Corporation","url":"https:\/\/www.porex.com\/de\/","logo":{"@type":"ImageObject","inLanguage":"de-DE","@id":"https:\/\/www.porex.com\/de\/#\/schema\/logo\/image\/","url":"https:\/\/www.porex.com\/wp-content\/uploads\/2019\/05\/fgc-logo.png","contentUrl":"https:\/\/www.porex.com\/wp-content\/uploads\/2019\/05\/fgc-logo.png","width":480,"height":126,"caption":"Porex Corporation"},"image":{"@id":"https:\/\/www.porex.com\/de\/#\/schema\/logo\/image\/"},"sameAs":["https:\/\/x.com\/PorexCorp","https:\/\/www.linkedin.com\/company\/porex\/","https:\/\/www.youtube.com\/user\/PorexCorporation"],"description":"Porous plastic materials manufacturer of custom components for medical devices, diagnostics, consumer and industrial products. Provides solutions for absorption, filtration, wicking, venting, diffusion and application.","legalName":"Porex Corporation","foundingDate":"1961-04-27"}]}},"_links":{"self":[{"href":"https:\/\/www.porex.com\/de\/wp-json\/wp\/v2\/pages\/21516","targetHints":{"allow":["GET"]}}],"collection":[{"href":"https:\/\/www.porex.com\/de\/wp-json\/wp\/v2\/pages"}],"about":[{"href":"https:\/\/www.porex.com\/de\/wp-json\/wp\/v2\/types\/page"}],"author":[{"embeddable":true,"href":"https:\/\/www.porex.com\/de\/wp-json\/wp\/v2\/users\/5"}],"replies":[{"embeddable":true,"href":"https:\/\/www.porex.com\/de\/wp-json\/wp\/v2\/comments?post=21516"}],"version-history":[{"count":0,"href":"https:\/\/www.porex.com\/de\/wp-json\/wp\/v2\/pages\/21516\/revisions"}],"wp:attachment":[{"href":"https:\/\/www.porex.com\/de\/wp-json\/wp\/v2\/media?parent=21516"}],"curies":[{"name":"wp","href":"https:\/\/api.w.org\/{rel}","templated":true}]}}