{"id":23721,"date":"2021-12-02T10:42:37","date_gmt":"2021-12-02T15:42:37","guid":{"rendered":"https:\/\/www.porex.com\/?page_id=23721"},"modified":"2021-12-02T10:43:42","modified_gmt":"2021-12-02T15:43:42","slug":"stellenausschreibung-qualitaetsingenieur-m-w-d-2","status":"publish","type":"page","link":"https:\/\/www.porex.com\/de\/uber-porex\/stellenangebote\/stellenausschreibung-qualitaetsingenieur-m-w-d-2\/","title":{"rendered":"Stellenausschreibung &#8211; Qualit\u00e4tsingenieur (m\/w\/d)"},"content":{"rendered":"\n\n\n\n\n\n\n\n\n\n\n\n<div><ss3-force-full-width data-overflow-x=\"body\" data-horizontal-selector=\"body\"><div class=\"n2-section-smartslider fitvidsignore \" data-ssid=\"622\" tabindex=\"0\" role=\"region\" aria-label=\"Slider\"><div id=\"n2-ss-622-align\" class=\"n2-ss-align\"><div class=\"n2-padding\"><div id=\"n2-ss-622\" data-creator=\"Smart Slider 3\" data-responsive=\"fullwidth\" class=\"n2-ss-slider n2-ow n2-has-hover n2notransition  \"><div class=\"n2-ss-slider-wrapper-outside\" style=\"grid-template-rows:1fr auto\">\n        <div class=\"n2-ss-slider-1 n2_ss__touch_element n2-ow\">\n            <div class=\"n2-ss-slider-2 n2-ow\">\n                                                <div class=\"n2-ss-slider-3 n2-ow\">\n\n                    <div class=\"n2-ss-slide-backgrounds n2-ow-all\"><div class=\"n2-ss-slide-background\" data-public-id=\"1\" data-mode=\"fill\"><div class=\"n2-ss-slide-background-image\" data-blur=\"0\" data-opacity=\"100\" data-x=\"50\" data-y=\"50\" data-alt=\"Careers with Filtration Group\" data-title=\"\"><picture class=\"skip-lazy\" data-skip-lazy=\"1\"><img decoding=\"async\" src=\"\/\/www.porex.com\/wp-content\/uploads\/2019\/09\/HR-Careers.jpg\" alt=\"Careers with Filtration Group\" title=\"\" loading=\"lazy\" class=\"skip-lazy\" data-skip-lazy=\"1\"><\/picture><\/div><div data-gradient=\"vertical\" data-color-start=\"RGBA(0,0,0,0.5)\" data-color-end=\"RGBA(0,0,0,0.5)\" style=\"background:linear-gradient(to bottom, RGBA(0,0,0,0.5) 0%,RGBA(0,0,0,0.5) 100%);\" class=\"n2-ss-slide-background-color\" data-overlay=\"1\"><\/div><\/div><\/div>                    <div class=\"n2-ss-slider-4 n2-ow\">\n                        <svg xmlns=\"http:\/\/www.w3.org\/2000\/svg\" viewBox=\"0 0 1200 400\" data-related-device=\"desktopPortrait\" class=\"n2-ow n2-ss-preserve-size n2-ss-preserve-size--slider n2-ss-slide-limiter\"><\/svg><div data-first=\"1\" data-slide-duration=\"0\" data-id=\"950\" data-slide-public-id=\"1\" data-title=\"DE-Careers\" class=\"n2-ss-slide n2-ow  n2-ss-slide-950\"><div role=\"note\" class=\"n2-ss-slide--focus\" tabindex=\"-1\">DE-Careers<\/div><div class=\"n2-ss-layers-container n2-ss-slide-limiter n2-ow\"><div class=\"n2-ss-layer n2-ow n-uc-BQBGULCDV24o\" data-sstype=\"slide\" data-pm=\"default\"><div class=\"n2-ss-layer n2-ow n-uc-tvf6mZIc1KcD\" data-pm=\"default\" data-sstype=\"content\" data-hasbackground=\"0\"><div class=\"n2-ss-section-main-content n2-ss-layer-with-background n2-ss-layer-content n2-ow n-uc-tvf6mZIc1KcD-inner\"><div class=\"n2-ss-layer n2-ow n-uc-ifqsWZAPEwRc\" data-pm=\"normal\" data-sstype=\"layer\"><div id=\"n2-ss-622item1\" class=\"n2-font-6b58c3a16f7e3c912465286171cea591-hover n2-style-a4a526dc80d57646887ccad1f10d967a-heading   n2-ss-item-content n2-ss-text n2-ow\" style=\"display:block;\">Stellenausschreibung: Qualit\u00e4tsingenieur (m\/w\/d)<\/div><\/div><div class=\"n2-ss-layer n2-ow n-uc-8vBClQtg7yWe n2-ss-layer--auto\" data-pm=\"normal\" data-sstype=\"layer\"><div id=\"n2-ss-622item2\" class=\"n2-font-bea2a58672c09c3e2ac38a19618c9edd-hover   n2-ss-item-content n2-ss-text n2-ow\" style=\"display:inline-block;\">_______<\/div><\/div><\/div><\/div><\/div><\/div><\/div>                    <\/div>\n\n                                    <\/div>\n            <\/div>\n        <\/div>\n        <\/div><\/div><ss3-loader><\/ss3-loader><\/div><\/div><div class=\"n2_clear\"><\/div><\/div><\/ss3-force-full-width><\/div>\n\n\n<p>Als deutsche Tochtergesellschaft der amerikanischen Unternehmensgruppe Filtration Group\u00ae besch\u00e4ftigen wir am Standort Reinbek bei Hamburg aktuell ca. 110 Mitarbeiter\/innen. Unser Unternehmen ist Marktf\u00fchrer in der Herstellung von Faserspeichern f\u00fcr Dufterfrischer, Schreibger\u00e4te sowie Spezialfaserprodukten f\u00fcr die Bereiche Medizin, Diagnostik und Kosmetik. Langj\u00e4hrige Erfahrung, hohe Qualit\u00e4tsstandards sowie engagierte Mitarbeiterinnen und Mitarbeiter sichern unseren weltweiten Erfolg. Weitere Porex- Produktionsstandorte in Deutschland, USA, China und Malaysia bieten den gro\u00dfen Vorteil der l\u00fcckenlosen Unterst\u00fctzung in Design, Entwicklung und Fertigung.<\/p>\n\n\n\n<p><strong>Making the world safer, healthier &amp; more productive \u2013 <\/strong>das ist unsere Mission in der Filtration Group\u00ae.<\/p>\n\n\n\n<p>Freuen Sie sich auf ein motivierendes, offenes Betriebsklima, eine respektvolle und wertsch\u00e4tzende Unternehmenskultur und die M\u00f6glichkeit eigene Ideen zu verwirklichen. Werden Sie jetzt Teil unseres engagierten Teams. Es erwartet Sie eine herausfordernde und vielseitige Aufgabe mit vielen Gestaltungsm\u00f6glichkeiten und der Chance Ver\u00e4nderungen voranzutreiben.<br><br>Wir suchen ab sofort:<\/p>\n\n\n\n<p><strong>Qualit\u00e4tsingenieur (m\/w\/d)<\/strong><\/p>\n\n\n\n<p><strong>Ihre Aufgaben:<\/strong><\/p>\n\n\n\n<ul class=\"wp-block-list\"><li>Analyse, Optimierung und Dokumentation aller Prozesse unseres integrierten Managementsystems mit Schwerpunkt auf QM-Dokumentation sowie kontinuierliche Weiterentwicklung des Systems<\/li><li>Eigenverantwortliche Betreuung und Durchf\u00fchren von Optimierungsprojekten (z. B.: Wertstromanalysen)<\/li><li>Abweichungs-, Reklamations- und CAPA- Management sowie \u00dcberpr\u00fcfung der Wirksamkeit eingeleiteter Ma\u00dfnahmen<\/li><li>Unterst\u00fctzung bei der Erarbeitung von Spezifikationen<\/li><li>Bearbeitung aller Kundenanfragen in Bezug auf regulatorische Fragestellungen (z. B. REACH)<\/li><li>Enge Zusammenarbeit mit dem Labor und der Produktion in Qualit\u00e4tsthemen<\/li><li>Weiterentwicklung und Optimierung der Pr\u00fcfprozesse und Pr\u00fcfverfahren<\/li><li>Planung, Durchf\u00fchrung und Nachbereitung von internen Audits und Betreuung von Zertifizierungsaudits<\/li><li>Durchf\u00fchrung von internen Schulungen<\/li><\/ul>\n\n\n\n<p><strong>Ihr Profil:<\/strong><\/p>\n\n\n\n<div class=\"wp-block-group\"><div class=\"wp-block-group__inner-container is-layout-flow wp-block-group-is-layout-flow\">\n<ul class=\"wp-block-list\"><li>Erfolgreich abgeschlossenes Ingenieurstudium oder technische Ausbildung mit entsprechender Fortbildung<\/li><li>Mehrj\u00e4hrige Berufserfahrung in einem DIN ISO 9001 oder vergleichbar zertifizierten Unternehmen w\u00fcnschenswert<\/li><li>Erfahrung in der Anwendung von einschl\u00e4gigen Qualit\u00e4tsmethoden (z.B. Six Sigma, FMEA, 8D)<\/li><li>Kenntnisse auf dem Gebiet statistischer Methoden und der Analyse von Daten<\/li><li>Gute MS-Office-Kenntnisse (insbesondere Excel)<\/li><li>Sehr gute Deutsch- und Englischkenntnisse in Wort und Schrift<\/li><li>Hohes Ma\u00df an Teamf\u00e4higkeit sowie selbstst\u00e4ndige und zielorientierte Arbeitsweise<\/li><\/ul>\n<\/div><\/div>\n\n\n\n<p><strong>Wir bieten <\/strong><strong>Ihnen:<\/strong><\/p>\n\n\n\n<ul class=\"wp-block-list\"><li>Unbefristeten, zukunftssicheren Arbeitsplatz<\/li><li>Attraktives Verg\u00fctungspaket<\/li><li>Individuelle Entwicklungs- und Karrierem\u00f6glichkeiten<\/li><li>Flache Hierarchien und Gestaltungsspielr\u00e4ume<\/li><li>Interessante und abwechslungsreiche Aufgaben in einem internationalen Umfeld<\/li><li>Regelm\u00e4\u00dfige Firmenevents (wie z. B. Sommerfest, Weihnachtsfeier, Safety Week)<\/li><\/ul>\n\n\n\n<p>F\u00fchlen Sie sich angesprochen?<\/p>\n\n\n\n<p>Dann senden Sie bitte Ihre aussagef\u00e4higen Bewerbungsunterlagen inkl. Angabe der Gehaltsvorstellungen und den m\u00f6glichen Eintrittstermin per E-Mail an Frau Jannette Demmler: <\/p>\n\n\n\n<div class=\"wp-block-columns is-layout-flex wp-container-core-columns-is-layout-9d6595d7 wp-block-columns-is-layout-flex\">\n<div class=\"wp-block-column is-layout-flow wp-block-column-is-layout-flow\"><\/div>\n\n\n\n<div class=\"wp-block-column is-layout-flow wp-block-column-is-layout-flow\">\n<div class=\"wp-block-buttons is-layout-flex wp-block-buttons-is-layout-flex\">\n<div class=\"wp-block-button\"><a class=\"wp-block-button__link has-green-background-color has-background\" href=\"mailto:Jannette.Demmler@filtrationgroup.com\" target=\"_blank\" rel=\"noreferrer noopener\">Jetzt bewerben<\/a><\/div>\n<\/div>\n<\/div>\n\n\n\n<div class=\"wp-block-column is-layout-flow wp-block-column-is-layout-flow\"><\/div>\n<\/div>\n\n\n\n<p><\/p>\n","protected":false},"excerpt":{"rendered":"<p>Als deutsche Tochtergesellschaft der amerikanischen Unternehmensgruppe Filtration Group\u00ae besch\u00e4ftigen wir am Standort Reinbek bei Hamburg aktuell ca. 110 Mitarbeiter\/innen. Unser Unternehmen ist Marktf\u00fchrer in der Herstellung von Faserspeichern f\u00fcr Dufterfrischer, Schreibger\u00e4te sowie Spezialfaserprodukten f\u00fcr die Bereiche Medizin, Diagnostik und Kosmetik. Langj\u00e4hrige Erfahrung, hohe Qualit\u00e4tsstandards sowie engagierte Mitarbeiterinnen und Mitarbeiter sichern unseren weltweiten Erfolg. Weitere Porex- [&hellip;]<\/p>\n","protected":false},"author":8,"featured_media":0,"parent":3387,"menu_order":0,"comment_status":"closed","ping_status":"closed","template":"","meta":{"_acf_changed":false,"footnotes":""},"class_list":["post-23721","page","type-page","status-publish","hentry"],"acf":[],"yoast_head":"<!-- This site is optimized with the Yoast SEO Premium plugin v27.3 (Yoast SEO v27.3) - https:\/\/yoast.com\/product\/yoast-seo-premium-wordpress\/ -->\n<title>Stellenausschreibung - Qualit\u00e4tsingenieur (m\/w\/d) bei Porex in Reinbek<\/title>\n<meta name=\"description\" content=\"Stellenausschreibung - Qualit\u00e4tsingenieur (m\/w\/d) bei Porex Technologies Reinbek GmbH am Standort in Reinbek.\" \/>\n<meta name=\"robots\" content=\"index, follow, max-snippet:-1, max-image-preview:large, max-video-preview:-1\" \/>\n<link rel=\"canonical\" href=\"https:\/\/www.porex.com\/de\/uber-porex\/stellenangebote\/stellenausschreibung-qualitaetsingenieur-m-w-d-2\/\" \/>\n<meta property=\"og:locale\" content=\"de_DE\" \/>\n<meta property=\"og:type\" content=\"article\" \/>\n<meta property=\"og:title\" content=\"Stellenausschreibung - Qualit\u00e4tsingenieur (m\/w\/d)\" \/>\n<meta property=\"og:description\" content=\"Als deutsche Tochtergesellschaft der amerikanischen Unternehmensgruppe Filtration Group\u00ae besch\u00e4ftigen wir am Standort Reinbek bei Hamburg aktuell ca. 110\" \/>\n<meta property=\"og:url\" content=\"https:\/\/www.porex.com\/de\/uber-porex\/stellenangebote\/stellenausschreibung-qualitaetsingenieur-m-w-d-2\/\" \/>\n<meta property=\"og:site_name\" content=\"Porex\" \/>\n<meta property=\"article:modified_time\" content=\"2021-12-02T15:43:42+00:00\" \/>\n<meta name=\"twitter:card\" content=\"summary_large_image\" \/>\n<meta name=\"twitter:site\" content=\"@PorexCorp\" \/>\n<meta name=\"twitter:label1\" content=\"Gesch\u00e4tzte Lesezeit\" \/>\n\t<meta name=\"twitter:data1\" content=\"2 Minuten\" \/>\n<script type=\"application\/ld+json\" class=\"yoast-schema-graph\">{\"@context\":\"https:\\\/\\\/schema.org\",\"@graph\":[{\"@type\":\"WebPage\",\"@id\":\"https:\\\/\\\/www.porex.com\\\/de\\\/uber-porex\\\/stellenangebote\\\/stellenausschreibung-qualitaetsingenieur-m-w-d-2\\\/\",\"url\":\"https:\\\/\\\/www.porex.com\\\/de\\\/uber-porex\\\/stellenangebote\\\/stellenausschreibung-qualitaetsingenieur-m-w-d-2\\\/\",\"name\":\"Stellenausschreibung - Qualit\u00e4tsingenieur (m\\\/w\\\/d) bei Porex in Reinbek\",\"isPartOf\":{\"@id\":\"https:\\\/\\\/www.porex.com\\\/de\\\/#website\"},\"datePublished\":\"2021-12-02T15:42:37+00:00\",\"dateModified\":\"2021-12-02T15:43:42+00:00\",\"description\":\"Stellenausschreibung - Qualit\u00e4tsingenieur (m\\\/w\\\/d) bei Porex Technologies Reinbek GmbH am Standort in Reinbek.\",\"breadcrumb\":{\"@id\":\"https:\\\/\\\/www.porex.com\\\/de\\\/uber-porex\\\/stellenangebote\\\/stellenausschreibung-qualitaetsingenieur-m-w-d-2\\\/#breadcrumb\"},\"inLanguage\":\"de-DE\",\"potentialAction\":[{\"@type\":\"ReadAction\",\"target\":[\"https:\\\/\\\/www.porex.com\\\/de\\\/uber-porex\\\/stellenangebote\\\/stellenausschreibung-qualitaetsingenieur-m-w-d-2\\\/\"]}]},{\"@type\":\"BreadcrumbList\",\"@id\":\"https:\\\/\\\/www.porex.com\\\/de\\\/uber-porex\\\/stellenangebote\\\/stellenausschreibung-qualitaetsingenieur-m-w-d-2\\\/#breadcrumb\",\"itemListElement\":[{\"@type\":\"ListItem\",\"position\":1,\"name\":\"home\",\"item\":\"https:\\\/\\\/www.porex.com\\\/de\\\/\"},{\"@type\":\"ListItem\",\"position\":2,\"name\":\"\u00dcber Porex\",\"item\":\"https:\\\/\\\/www.porex.com\\\/de\\\/uber-porex\\\/\"},{\"@type\":\"ListItem\",\"position\":3,\"name\":\"Stellenangebote\",\"item\":\"https:\\\/\\\/www.porex.com\\\/de\\\/uber-porex\\\/stellenangebote\\\/\"},{\"@type\":\"ListItem\",\"position\":4,\"name\":\"Stellenausschreibung &#8211; Qualit\u00e4tsingenieur (m\\\/w\\\/d)\"}]},{\"@type\":\"WebSite\",\"@id\":\"https:\\\/\\\/www.porex.com\\\/de\\\/#website\",\"url\":\"https:\\\/\\\/www.porex.com\\\/de\\\/\",\"name\":\"Porex\",\"description\":\"Your Partner In Innovation\",\"publisher\":{\"@id\":\"https:\\\/\\\/www.porex.com\\\/de\\\/#organization\"},\"potentialAction\":[{\"@type\":\"SearchAction\",\"target\":{\"@type\":\"EntryPoint\",\"urlTemplate\":\"https:\\\/\\\/www.porex.com\\\/de\\\/?s={search_term_string}\"},\"query-input\":{\"@type\":\"PropertyValueSpecification\",\"valueRequired\":true,\"valueName\":\"search_term_string\"}}],\"inLanguage\":\"de-DE\"},{\"@type\":\"Organization\",\"@id\":\"https:\\\/\\\/www.porex.com\\\/de\\\/#organization\",\"name\":\"Porex Corporation\",\"url\":\"https:\\\/\\\/www.porex.com\\\/de\\\/\",\"logo\":{\"@type\":\"ImageObject\",\"inLanguage\":\"de-DE\",\"@id\":\"https:\\\/\\\/www.porex.com\\\/de\\\/#\\\/schema\\\/logo\\\/image\\\/\",\"url\":\"https:\\\/\\\/www.porex.com\\\/wp-content\\\/uploads\\\/2019\\\/05\\\/fgc-logo.png\",\"contentUrl\":\"https:\\\/\\\/www.porex.com\\\/wp-content\\\/uploads\\\/2019\\\/05\\\/fgc-logo.png\",\"width\":480,\"height\":126,\"caption\":\"Porex Corporation\"},\"image\":{\"@id\":\"https:\\\/\\\/www.porex.com\\\/de\\\/#\\\/schema\\\/logo\\\/image\\\/\"},\"sameAs\":[\"https:\\\/\\\/x.com\\\/PorexCorp\",\"https:\\\/\\\/www.linkedin.com\\\/company\\\/porex\\\/\",\"https:\\\/\\\/www.youtube.com\\\/user\\\/PorexCorporation\"],\"description\":\"Porous plastic materials manufacturer of custom components for medical devices, diagnostics, consumer and industrial products. Provides solutions for absorption, filtration, wicking, venting, diffusion and application.\",\"legalName\":\"Porex Corporation\",\"foundingDate\":\"1961-04-27\"}]}<\/script>\n<!-- \/ Yoast SEO Premium plugin. -->","yoast_head_json":{"title":"Stellenausschreibung - Qualit\u00e4tsingenieur (m\/w\/d) bei Porex in Reinbek","description":"Stellenausschreibung - Qualit\u00e4tsingenieur (m\/w\/d) bei Porex Technologies Reinbek GmbH am Standort in Reinbek.","robots":{"index":"index","follow":"follow","max-snippet":"max-snippet:-1","max-image-preview":"max-image-preview:large","max-video-preview":"max-video-preview:-1"},"canonical":"https:\/\/www.porex.com\/de\/uber-porex\/stellenangebote\/stellenausschreibung-qualitaetsingenieur-m-w-d-2\/","og_locale":"de_DE","og_type":"article","og_title":"Stellenausschreibung - Qualit\u00e4tsingenieur (m\/w\/d)","og_description":"Als deutsche Tochtergesellschaft der amerikanischen Unternehmensgruppe Filtration Group\u00ae besch\u00e4ftigen wir am Standort Reinbek bei Hamburg aktuell ca. 110","og_url":"https:\/\/www.porex.com\/de\/uber-porex\/stellenangebote\/stellenausschreibung-qualitaetsingenieur-m-w-d-2\/","og_site_name":"Porex","article_modified_time":"2021-12-02T15:43:42+00:00","twitter_card":"summary_large_image","twitter_site":"@PorexCorp","twitter_misc":{"Gesch\u00e4tzte Lesezeit":"2 Minuten"},"schema":{"@context":"https:\/\/schema.org","@graph":[{"@type":"WebPage","@id":"https:\/\/www.porex.com\/de\/uber-porex\/stellenangebote\/stellenausschreibung-qualitaetsingenieur-m-w-d-2\/","url":"https:\/\/www.porex.com\/de\/uber-porex\/stellenangebote\/stellenausschreibung-qualitaetsingenieur-m-w-d-2\/","name":"Stellenausschreibung - Qualit\u00e4tsingenieur (m\/w\/d) bei Porex in Reinbek","isPartOf":{"@id":"https:\/\/www.porex.com\/de\/#website"},"datePublished":"2021-12-02T15:42:37+00:00","dateModified":"2021-12-02T15:43:42+00:00","description":"Stellenausschreibung - Qualit\u00e4tsingenieur (m\/w\/d) bei Porex Technologies Reinbek GmbH am Standort in Reinbek.","breadcrumb":{"@id":"https:\/\/www.porex.com\/de\/uber-porex\/stellenangebote\/stellenausschreibung-qualitaetsingenieur-m-w-d-2\/#breadcrumb"},"inLanguage":"de-DE","potentialAction":[{"@type":"ReadAction","target":["https:\/\/www.porex.com\/de\/uber-porex\/stellenangebote\/stellenausschreibung-qualitaetsingenieur-m-w-d-2\/"]}]},{"@type":"BreadcrumbList","@id":"https:\/\/www.porex.com\/de\/uber-porex\/stellenangebote\/stellenausschreibung-qualitaetsingenieur-m-w-d-2\/#breadcrumb","itemListElement":[{"@type":"ListItem","position":1,"name":"home","item":"https:\/\/www.porex.com\/de\/"},{"@type":"ListItem","position":2,"name":"\u00dcber Porex","item":"https:\/\/www.porex.com\/de\/uber-porex\/"},{"@type":"ListItem","position":3,"name":"Stellenangebote","item":"https:\/\/www.porex.com\/de\/uber-porex\/stellenangebote\/"},{"@type":"ListItem","position":4,"name":"Stellenausschreibung &#8211; Qualit\u00e4tsingenieur (m\/w\/d)"}]},{"@type":"WebSite","@id":"https:\/\/www.porex.com\/de\/#website","url":"https:\/\/www.porex.com\/de\/","name":"Porex","description":"Your Partner In Innovation","publisher":{"@id":"https:\/\/www.porex.com\/de\/#organization"},"potentialAction":[{"@type":"SearchAction","target":{"@type":"EntryPoint","urlTemplate":"https:\/\/www.porex.com\/de\/?s={search_term_string}"},"query-input":{"@type":"PropertyValueSpecification","valueRequired":true,"valueName":"search_term_string"}}],"inLanguage":"de-DE"},{"@type":"Organization","@id":"https:\/\/www.porex.com\/de\/#organization","name":"Porex Corporation","url":"https:\/\/www.porex.com\/de\/","logo":{"@type":"ImageObject","inLanguage":"de-DE","@id":"https:\/\/www.porex.com\/de\/#\/schema\/logo\/image\/","url":"https:\/\/www.porex.com\/wp-content\/uploads\/2019\/05\/fgc-logo.png","contentUrl":"https:\/\/www.porex.com\/wp-content\/uploads\/2019\/05\/fgc-logo.png","width":480,"height":126,"caption":"Porex Corporation"},"image":{"@id":"https:\/\/www.porex.com\/de\/#\/schema\/logo\/image\/"},"sameAs":["https:\/\/x.com\/PorexCorp","https:\/\/www.linkedin.com\/company\/porex\/","https:\/\/www.youtube.com\/user\/PorexCorporation"],"description":"Porous plastic materials manufacturer of custom components for medical devices, diagnostics, consumer and industrial products. Provides solutions for absorption, filtration, wicking, venting, diffusion and application.","legalName":"Porex Corporation","foundingDate":"1961-04-27"}]}},"_links":{"self":[{"href":"https:\/\/www.porex.com\/de\/wp-json\/wp\/v2\/pages\/23721","targetHints":{"allow":["GET"]}}],"collection":[{"href":"https:\/\/www.porex.com\/de\/wp-json\/wp\/v2\/pages"}],"about":[{"href":"https:\/\/www.porex.com\/de\/wp-json\/wp\/v2\/types\/page"}],"author":[{"embeddable":true,"href":"https:\/\/www.porex.com\/de\/wp-json\/wp\/v2\/users\/8"}],"replies":[{"embeddable":true,"href":"https:\/\/www.porex.com\/de\/wp-json\/wp\/v2\/comments?post=23721"}],"version-history":[{"count":0,"href":"https:\/\/www.porex.com\/de\/wp-json\/wp\/v2\/pages\/23721\/revisions"}],"up":[{"embeddable":true,"href":"https:\/\/www.porex.com\/de\/wp-json\/wp\/v2\/pages\/3387"}],"wp:attachment":[{"href":"https:\/\/www.porex.com\/de\/wp-json\/wp\/v2\/media?parent=23721"}],"curies":[{"name":"wp","href":"https:\/\/api.w.org\/{rel}","templated":true}]}}