{"id":3078,"date":"2020-01-22T19:48:57","date_gmt":"2020-01-23T00:48:57","guid":{"rendered":"https:\/\/www.porex.com\/technische-kurzanleitung-ultraschallverschweisstes-ptfe\/"},"modified":"2021-08-20T08:48:47","modified_gmt":"2021-08-20T12:48:47","slug":"technische-kurzanleitung-ultraschallverschweisstes-ptfe","status":"publish","type":"page","link":"https:\/\/www.porex.com\/de\/technische-kurzdarstellungen\/technische-kurzanleitung-ultraschallverschweisstes-ptfe\/","title":{"rendered":"Technische Kurzanleitung \u2013 Ultraschallverschwei\u00dftes PTFE"},"content":{"rendered":"<div><ss3-force-full-width data-overflow-x=\"body\" data-horizontal-selector=\"body\"><div class=\"n2-section-smartslider fitvidsignore \" data-ssid=\"268\" tabindex=\"0\" role=\"region\" aria-label=\"Slider\"><div id=\"n2-ss-268-align\" class=\"n2-ss-align\"><div class=\"n2-padding\"><div id=\"n2-ss-268\" data-creator=\"Smart Slider 3\" data-responsive=\"fullwidth\" class=\"n2-ss-slider n2-ow n2-has-hover n2notransition  \"><div class=\"n2-ss-slider-wrapper-outside\" style=\"grid-template-rows:1fr auto\">\n        <div class=\"n2-ss-slider-1 n2_ss__touch_element n2-ow\">\n            <div class=\"n2-ss-slider-2 n2-ow\">\n                                                <div class=\"n2-ss-slider-3 n2-ow\">\n\n                    <div class=\"n2-ss-slide-backgrounds n2-ow-all\"><div class=\"n2-ss-slide-background\" data-public-id=\"1\" data-mode=\"fill\"><div class=\"n2-ss-slide-background-image\" data-blur=\"0\" data-opacity=\"100\" data-x=\"50\" data-y=\"50\" data-alt=\"\" data-title=\"\"><picture class=\"skip-lazy\" data-skip-lazy=\"1\"><img decoding=\"async\" src=\"\/\/www.porex.com\/wp-content\/uploads\/2019\/11\/TechBrief-UltraSonicWelding.jpg\" alt=\"\" title=\"\" loading=\"lazy\" class=\"skip-lazy\" data-skip-lazy=\"1\"><\/picture><\/div><div data-gradient=\"vertical\" data-color-start=\"RGBA(0,0,0,0.5)\" data-color-end=\"RGBA(0,0,0,0.5)\" style=\"background:linear-gradient(to bottom, RGBA(0,0,0,0.5) 0%,RGBA(0,0,0,0.5) 100%);\" class=\"n2-ss-slide-background-color\" data-overlay=\"1\"><\/div><\/div><\/div>                    <div class=\"n2-ss-slider-4 n2-ow\">\n                        <svg xmlns=\"http:\/\/www.w3.org\/2000\/svg\" viewBox=\"0 0 1200 400\" data-related-device=\"desktopPortrait\" class=\"n2-ow n2-ss-preserve-size n2-ss-preserve-size--slider n2-ss-slide-limiter\"><\/svg><div data-first=\"1\" data-slide-duration=\"0\" data-id=\"547\" data-slide-public-id=\"1\" data-title=\"Tech Brief - Ultrasonically welding PTFE\" class=\"n2-ss-slide n2-ow  n2-ss-slide-547\"><div role=\"note\" class=\"n2-ss-slide--focus\" tabindex=\"-1\">Tech Brief &#8211; Ultrasonically welding PTFE<\/div><div class=\"n2-ss-layers-container n2-ss-slide-limiter n2-ow\"><div class=\"n2-ss-layer n2-ow n-uc-TVnbqi690nkA\" data-sstype=\"slide\" data-pm=\"default\"><div class=\"n2-ss-layer n2-ow n-uc-XYQgcLxikTh6\" data-pm=\"default\" data-sstype=\"content\" data-hasbackground=\"0\"><div class=\"n2-ss-section-main-content n2-ss-layer-with-background n2-ss-layer-content n2-ow n-uc-XYQgcLxikTh6-inner\"><div class=\"n2-ss-layer n2-ow n-uc-WpfJTuT7X0cB\" data-pm=\"normal\" data-sstype=\"layer\"><div id=\"n2-ss-268item1\" class=\"n2-font-6b58c3a16f7e3c912465286171cea591-hover n2-style-a4a526dc80d57646887ccad1f10d967a-heading   n2-ss-item-content n2-ss-text n2-ow\" style=\"display:block;\">Ist Ihre ePTFE Be- und Entl\u00fcftungsl\u00f6sung zerbrechlich und schwer zu montieren?<\/div><\/div><\/div><\/div><\/div><\/div><\/div>                    <\/div>\n\n                                    <\/div>\n            <\/div>\n        <\/div>\n        <\/div><\/div><ss3-loader><\/ss3-loader><\/div><\/div><div class=\"n2_clear\"><\/div><\/div><\/ss3-force-full-width><\/div>\n\n\n<div style=\"height:20px\" aria-hidden=\"true\" class=\"wp-block-spacer\"><\/div>\n\n\n\n<div class=\"wp-block-media-text alignwide has-media-on-the-right is-stacked-on-mobile\" style=\"grid-template-columns:auto 31%\"><figure class=\"wp-block-media-text__media\"><img loading=\"lazy\" decoding=\"async\" width=\"500\" height=\"622\" src=\"https:\/\/www.porex.com\/wp-content\/uploads\/2019\/11\/TechBrief-UltraSonicWelding-O.jpg\" alt=\"Ultraschallverschwei\u00dftes PTFE\" class=\"wp-image-3079 size-full\" srcset=\"https:\/\/www.porex.com\/wp-content\/uploads\/2019\/11\/TechBrief-UltraSonicWelding-O.jpg 500w, https:\/\/www.porex.com\/wp-content\/uploads\/2019\/11\/TechBrief-UltraSonicWelding-O-241x300.jpg 241w\" sizes=\"auto, (max-width: 500px) 100vw, 500px\" \/><\/figure><div class=\"wp-block-media-text__content\">\n<h1 class=\"wp-block-heading\">Lernen Sie Ultraschallverschwei\u00dfen von PTFE-Schutzbe- und entl\u00fcftungen<\/h1>\n\n\n\n<p>Elektronische Ger\u00e4te in verschiedenen Branchen, z. B. dem Gesundheitswesen, der Konsumg\u00fcterindustrie und der Automobilbranche, ben\u00f6tigen Schutzbe- und entl\u00fcftungen, um die Elektronikteile im Inneren zu sch\u00fctzen.  Das expandierte PTFE-Material (ePTFE), aus dem viele Be- und Entl\u00fcftungs\u00f6ffnungen hergestellt sind, ist jedoch empfindlich und h\u00e4lt den hohen Anforderungen automatisierter  Montageprozesse wie dem Ultraschallschwei\u00dfen, die den Herstellern Zeit und Geld sparen w\u00fcrden, nicht stand.\u00a0In dieser technischen Kurzanleitung erfahren Sie mehr \u00fcber Schutzbe- und entl\u00fcftungen aus gesintertem PTFE. Diese st\u00e4rkere Option h\u00e4lt jedem automatisierten Montageprozess stand, um f\u00fcr einen effizienteren Herstellungsprozess zu sorgen. Diese technische Kurzanleitung richtet sich an Konstrukteure oder Fertigungsingenieure, die mit Ger\u00e4ten arbeiten, f\u00fcr die Schutzbe- und entl\u00fcftungen erforderlich sind, deren Montageoptionen jedoch aufgrund von ePTFE eingeschr\u00e4nkt sind.\u00a0Die Ingenieure werden die Unterschiede zwischen den beiden Materialien verstehen und wissen, welches Material f\u00fcr eine bestimmte Anwendung am besten geeignet ist.<\/p>\n\n\n\n<p><strong>Bitte beachten Sie, dass die technische Kurzanleitung in englischer Sprache geschrieben ist.<\/strong><\/p>\n\n\n\n<p><strong>Um diese technische Kurzanleitung herunterzuladen, f\u00fcllen Sie bitte dieses Kurzformular aus:<\/strong><\/p>\n<\/div><\/div>\n\n\n\n<div class=\"wp-block-columns has-2-columns is-layout-flex wp-container-core-columns-is-layout-9d6595d7 wp-block-columns-is-layout-flex\">\n<div class=\"wp-block-column is-layout-flow wp-block-column-is-layout-flow\"><p>[marketo-form formid=&#8220;2665&#8243;]<\/p>\n<\/div>\n\n\n\n<div class=\"wp-block-column is-layout-flow wp-block-column-is-layout-flow\"><\/div>\n<\/div>\n","protected":false},"excerpt":{"rendered":"<p>Lernen Sie Ultraschallverschwei\u00dfen von PTFE-Schutzbe- und entl\u00fcftungen Elektronische Ger\u00e4te in verschiedenen Branchen, z. B. dem Gesundheitswesen, der Konsumg\u00fcterindustrie und der Automobilbranche, ben\u00f6tigen Schutzbe- und entl\u00fcftungen, um die Elektronikteile im Inneren zu sch\u00fctzen. Das expandierte PTFE-Material (ePTFE), aus dem viele Be- und Entl\u00fcftungs\u00f6ffnungen hergestellt sind, ist jedoch empfindlich und h\u00e4lt den hohen Anforderungen automatisierter Montageprozesse wie [&hellip;]<\/p>\n","protected":false},"author":5,"featured_media":0,"parent":3084,"menu_order":3,"comment_status":"closed","ping_status":"closed","template":"","meta":{"_acf_changed":false,"footnotes":""},"class_list":["post-3078","page","type-page","status-publish","hentry"],"acf":[],"yoast_head":"<!-- This site is optimized with the Yoast SEO Premium plugin v27.3 (Yoast SEO v27.3) - https:\/\/yoast.com\/product\/yoast-seo-premium-wordpress\/ -->\n<title>Ultraschallverschwei\u00dfte Schutzbetl\u00fcftungen aus PTFE<\/title>\n<meta name=\"description\" content=\"Technische Anleitung und Pr\u00e4sentation zum Erlernen des Ultraschallschwei\u00dfens von Schutzbel\u00fcftungen aus PTFE\" \/>\n<meta name=\"robots\" content=\"index, follow, max-snippet:-1, max-image-preview:large, max-video-preview:-1\" \/>\n<link rel=\"canonical\" href=\"https:\/\/www.porex.com\/de\/technische-kurzdarstellungen\/technische-kurzanleitung-ultraschallverschweisstes-ptfe\/\" \/>\n<meta property=\"og:locale\" content=\"de_DE\" \/>\n<meta property=\"og:type\" content=\"article\" \/>\n<meta property=\"og:title\" content=\"Technische Kurzanleitung \u2013 Ultraschallverschwei\u00dftes PTFE\" \/>\n<meta property=\"og:description\" content=\"Lernen Sie Ultraschallverschwei\u00dfen von PTFE-Schutzbe- und entl\u00fcftungen Elektronische Ger\u00e4te in verschiedenen Branchen, z. B. dem Gesundheitswesen, der\" \/>\n<meta property=\"og:url\" content=\"https:\/\/www.porex.com\/de\/technische-kurzdarstellungen\/technische-kurzanleitung-ultraschallverschweisstes-ptfe\/\" \/>\n<meta property=\"og:site_name\" content=\"Porex\" \/>\n<meta property=\"article:modified_time\" content=\"2021-08-20T12:48:47+00:00\" \/>\n<meta property=\"og:image\" content=\"https:\/\/www.porex.com\/wp-content\/uploads\/2019\/11\/TechBrief-UltraSonicWelding-O.jpg\" \/>\n<meta name=\"twitter:card\" content=\"summary_large_image\" \/>\n<meta name=\"twitter:site\" content=\"@PorexCorp\" \/>\n<meta name=\"twitter:label1\" content=\"Gesch\u00e4tzte Lesezeit\" \/>\n\t<meta name=\"twitter:data1\" content=\"1 Minute\" \/>\n<script type=\"application\/ld+json\" class=\"yoast-schema-graph\">{\"@context\":\"https:\\\/\\\/schema.org\",\"@graph\":[{\"@type\":\"WebPage\",\"@id\":\"https:\\\/\\\/www.porex.com\\\/de\\\/technische-kurzdarstellungen\\\/technische-kurzanleitung-ultraschallverschweisstes-ptfe\\\/\",\"url\":\"https:\\\/\\\/www.porex.com\\\/de\\\/technische-kurzdarstellungen\\\/technische-kurzanleitung-ultraschallverschweisstes-ptfe\\\/\",\"name\":\"Ultraschallverschwei\u00dfte Schutzbetl\u00fcftungen aus PTFE\",\"isPartOf\":{\"@id\":\"https:\\\/\\\/www.porex.com\\\/de\\\/#website\"},\"primaryImageOfPage\":{\"@id\":\"https:\\\/\\\/www.porex.com\\\/de\\\/technische-kurzdarstellungen\\\/technische-kurzanleitung-ultraschallverschweisstes-ptfe\\\/#primaryimage\"},\"image\":{\"@id\":\"https:\\\/\\\/www.porex.com\\\/de\\\/technische-kurzdarstellungen\\\/technische-kurzanleitung-ultraschallverschweisstes-ptfe\\\/#primaryimage\"},\"thumbnailUrl\":\"https:\\\/\\\/www.porex.com\\\/wp-content\\\/uploads\\\/2019\\\/11\\\/TechBrief-UltraSonicWelding-O.jpg\",\"datePublished\":\"2020-01-23T00:48:57+00:00\",\"dateModified\":\"2021-08-20T12:48:47+00:00\",\"description\":\"Technische Anleitung und Pr\u00e4sentation zum Erlernen des Ultraschallschwei\u00dfens von Schutzbel\u00fcftungen aus PTFE\",\"breadcrumb\":{\"@id\":\"https:\\\/\\\/www.porex.com\\\/de\\\/technische-kurzdarstellungen\\\/technische-kurzanleitung-ultraschallverschweisstes-ptfe\\\/#breadcrumb\"},\"inLanguage\":\"de-DE\",\"potentialAction\":[{\"@type\":\"ReadAction\",\"target\":[\"https:\\\/\\\/www.porex.com\\\/de\\\/technische-kurzdarstellungen\\\/technische-kurzanleitung-ultraschallverschweisstes-ptfe\\\/\"]}]},{\"@type\":\"ImageObject\",\"inLanguage\":\"de-DE\",\"@id\":\"https:\\\/\\\/www.porex.com\\\/de\\\/technische-kurzdarstellungen\\\/technische-kurzanleitung-ultraschallverschweisstes-ptfe\\\/#primaryimage\",\"url\":\"https:\\\/\\\/www.porex.com\\\/wp-content\\\/uploads\\\/2019\\\/11\\\/TechBrief-UltraSonicWelding-O.jpg\",\"contentUrl\":\"https:\\\/\\\/www.porex.com\\\/wp-content\\\/uploads\\\/2019\\\/11\\\/TechBrief-UltraSonicWelding-O.jpg\"},{\"@type\":\"BreadcrumbList\",\"@id\":\"https:\\\/\\\/www.porex.com\\\/de\\\/technische-kurzdarstellungen\\\/technische-kurzanleitung-ultraschallverschweisstes-ptfe\\\/#breadcrumb\",\"itemListElement\":[{\"@type\":\"ListItem\",\"position\":1,\"name\":\"home\",\"item\":\"https:\\\/\\\/www.porex.com\\\/de\\\/\"},{\"@type\":\"ListItem\",\"position\":2,\"name\":\"Technische Kurzdarstellungen\",\"item\":\"https:\\\/\\\/www.porex.com\\\/de\\\/technische-kurzdarstellungen\\\/\"},{\"@type\":\"ListItem\",\"position\":3,\"name\":\"Technische Kurzanleitung \u2013 Ultraschallverschwei\u00dftes PTFE\"}]},{\"@type\":\"WebSite\",\"@id\":\"https:\\\/\\\/www.porex.com\\\/de\\\/#website\",\"url\":\"https:\\\/\\\/www.porex.com\\\/de\\\/\",\"name\":\"Porex\",\"description\":\"Your Partner In Innovation\",\"publisher\":{\"@id\":\"https:\\\/\\\/www.porex.com\\\/de\\\/#organization\"},\"potentialAction\":[{\"@type\":\"SearchAction\",\"target\":{\"@type\":\"EntryPoint\",\"urlTemplate\":\"https:\\\/\\\/www.porex.com\\\/de\\\/?s={search_term_string}\"},\"query-input\":{\"@type\":\"PropertyValueSpecification\",\"valueRequired\":true,\"valueName\":\"search_term_string\"}}],\"inLanguage\":\"de-DE\"},{\"@type\":\"Organization\",\"@id\":\"https:\\\/\\\/www.porex.com\\\/de\\\/#organization\",\"name\":\"Porex Corporation\",\"url\":\"https:\\\/\\\/www.porex.com\\\/de\\\/\",\"logo\":{\"@type\":\"ImageObject\",\"inLanguage\":\"de-DE\",\"@id\":\"https:\\\/\\\/www.porex.com\\\/de\\\/#\\\/schema\\\/logo\\\/image\\\/\",\"url\":\"https:\\\/\\\/www.porex.com\\\/wp-content\\\/uploads\\\/2019\\\/05\\\/fgc-logo.png\",\"contentUrl\":\"https:\\\/\\\/www.porex.com\\\/wp-content\\\/uploads\\\/2019\\\/05\\\/fgc-logo.png\",\"width\":480,\"height\":126,\"caption\":\"Porex Corporation\"},\"image\":{\"@id\":\"https:\\\/\\\/www.porex.com\\\/de\\\/#\\\/schema\\\/logo\\\/image\\\/\"},\"sameAs\":[\"https:\\\/\\\/x.com\\\/PorexCorp\",\"https:\\\/\\\/www.linkedin.com\\\/company\\\/porex\\\/\",\"https:\\\/\\\/www.youtube.com\\\/user\\\/PorexCorporation\"],\"description\":\"Porous plastic materials manufacturer of custom components for medical devices, diagnostics, consumer and industrial products. Provides solutions for absorption, filtration, wicking, venting, diffusion and application.\",\"legalName\":\"Porex Corporation\",\"foundingDate\":\"1961-04-27\"}]}<\/script>\n<!-- \/ Yoast SEO Premium plugin. -->","yoast_head_json":{"title":"Ultraschallverschwei\u00dfte Schutzbetl\u00fcftungen aus PTFE","description":"Technische Anleitung und Pr\u00e4sentation zum Erlernen des Ultraschallschwei\u00dfens von Schutzbel\u00fcftungen aus PTFE","robots":{"index":"index","follow":"follow","max-snippet":"max-snippet:-1","max-image-preview":"max-image-preview:large","max-video-preview":"max-video-preview:-1"},"canonical":"https:\/\/www.porex.com\/de\/technische-kurzdarstellungen\/technische-kurzanleitung-ultraschallverschweisstes-ptfe\/","og_locale":"de_DE","og_type":"article","og_title":"Technische Kurzanleitung \u2013 Ultraschallverschwei\u00dftes PTFE","og_description":"Lernen Sie Ultraschallverschwei\u00dfen von PTFE-Schutzbe- und entl\u00fcftungen Elektronische Ger\u00e4te in verschiedenen Branchen, z. B. dem Gesundheitswesen, der","og_url":"https:\/\/www.porex.com\/de\/technische-kurzdarstellungen\/technische-kurzanleitung-ultraschallverschweisstes-ptfe\/","og_site_name":"Porex","article_modified_time":"2021-08-20T12:48:47+00:00","og_image":[{"url":"https:\/\/www.porex.com\/wp-content\/uploads\/2019\/11\/TechBrief-UltraSonicWelding-O.jpg","type":"","width":"","height":""}],"twitter_card":"summary_large_image","twitter_site":"@PorexCorp","twitter_misc":{"Gesch\u00e4tzte Lesezeit":"1 Minute"},"schema":{"@context":"https:\/\/schema.org","@graph":[{"@type":"WebPage","@id":"https:\/\/www.porex.com\/de\/technische-kurzdarstellungen\/technische-kurzanleitung-ultraschallverschweisstes-ptfe\/","url":"https:\/\/www.porex.com\/de\/technische-kurzdarstellungen\/technische-kurzanleitung-ultraschallverschweisstes-ptfe\/","name":"Ultraschallverschwei\u00dfte Schutzbetl\u00fcftungen aus PTFE","isPartOf":{"@id":"https:\/\/www.porex.com\/de\/#website"},"primaryImageOfPage":{"@id":"https:\/\/www.porex.com\/de\/technische-kurzdarstellungen\/technische-kurzanleitung-ultraschallverschweisstes-ptfe\/#primaryimage"},"image":{"@id":"https:\/\/www.porex.com\/de\/technische-kurzdarstellungen\/technische-kurzanleitung-ultraschallverschweisstes-ptfe\/#primaryimage"},"thumbnailUrl":"https:\/\/www.porex.com\/wp-content\/uploads\/2019\/11\/TechBrief-UltraSonicWelding-O.jpg","datePublished":"2020-01-23T00:48:57+00:00","dateModified":"2021-08-20T12:48:47+00:00","description":"Technische Anleitung und Pr\u00e4sentation zum Erlernen des Ultraschallschwei\u00dfens von Schutzbel\u00fcftungen aus PTFE","breadcrumb":{"@id":"https:\/\/www.porex.com\/de\/technische-kurzdarstellungen\/technische-kurzanleitung-ultraschallverschweisstes-ptfe\/#breadcrumb"},"inLanguage":"de-DE","potentialAction":[{"@type":"ReadAction","target":["https:\/\/www.porex.com\/de\/technische-kurzdarstellungen\/technische-kurzanleitung-ultraschallverschweisstes-ptfe\/"]}]},{"@type":"ImageObject","inLanguage":"de-DE","@id":"https:\/\/www.porex.com\/de\/technische-kurzdarstellungen\/technische-kurzanleitung-ultraschallverschweisstes-ptfe\/#primaryimage","url":"https:\/\/www.porex.com\/wp-content\/uploads\/2019\/11\/TechBrief-UltraSonicWelding-O.jpg","contentUrl":"https:\/\/www.porex.com\/wp-content\/uploads\/2019\/11\/TechBrief-UltraSonicWelding-O.jpg"},{"@type":"BreadcrumbList","@id":"https:\/\/www.porex.com\/de\/technische-kurzdarstellungen\/technische-kurzanleitung-ultraschallverschweisstes-ptfe\/#breadcrumb","itemListElement":[{"@type":"ListItem","position":1,"name":"home","item":"https:\/\/www.porex.com\/de\/"},{"@type":"ListItem","position":2,"name":"Technische Kurzdarstellungen","item":"https:\/\/www.porex.com\/de\/technische-kurzdarstellungen\/"},{"@type":"ListItem","position":3,"name":"Technische Kurzanleitung \u2013 Ultraschallverschwei\u00dftes PTFE"}]},{"@type":"WebSite","@id":"https:\/\/www.porex.com\/de\/#website","url":"https:\/\/www.porex.com\/de\/","name":"Porex","description":"Your Partner In Innovation","publisher":{"@id":"https:\/\/www.porex.com\/de\/#organization"},"potentialAction":[{"@type":"SearchAction","target":{"@type":"EntryPoint","urlTemplate":"https:\/\/www.porex.com\/de\/?s={search_term_string}"},"query-input":{"@type":"PropertyValueSpecification","valueRequired":true,"valueName":"search_term_string"}}],"inLanguage":"de-DE"},{"@type":"Organization","@id":"https:\/\/www.porex.com\/de\/#organization","name":"Porex Corporation","url":"https:\/\/www.porex.com\/de\/","logo":{"@type":"ImageObject","inLanguage":"de-DE","@id":"https:\/\/www.porex.com\/de\/#\/schema\/logo\/image\/","url":"https:\/\/www.porex.com\/wp-content\/uploads\/2019\/05\/fgc-logo.png","contentUrl":"https:\/\/www.porex.com\/wp-content\/uploads\/2019\/05\/fgc-logo.png","width":480,"height":126,"caption":"Porex Corporation"},"image":{"@id":"https:\/\/www.porex.com\/de\/#\/schema\/logo\/image\/"},"sameAs":["https:\/\/x.com\/PorexCorp","https:\/\/www.linkedin.com\/company\/porex\/","https:\/\/www.youtube.com\/user\/PorexCorporation"],"description":"Porous plastic materials manufacturer of custom components for medical devices, diagnostics, consumer and industrial products. Provides solutions for absorption, filtration, wicking, venting, diffusion and application.","legalName":"Porex Corporation","foundingDate":"1961-04-27"}]}},"_links":{"self":[{"href":"https:\/\/www.porex.com\/de\/wp-json\/wp\/v2\/pages\/3078","targetHints":{"allow":["GET"]}}],"collection":[{"href":"https:\/\/www.porex.com\/de\/wp-json\/wp\/v2\/pages"}],"about":[{"href":"https:\/\/www.porex.com\/de\/wp-json\/wp\/v2\/types\/page"}],"author":[{"embeddable":true,"href":"https:\/\/www.porex.com\/de\/wp-json\/wp\/v2\/users\/5"}],"replies":[{"embeddable":true,"href":"https:\/\/www.porex.com\/de\/wp-json\/wp\/v2\/comments?post=3078"}],"version-history":[{"count":0,"href":"https:\/\/www.porex.com\/de\/wp-json\/wp\/v2\/pages\/3078\/revisions"}],"up":[{"embeddable":true,"href":"https:\/\/www.porex.com\/de\/wp-json\/wp\/v2\/pages\/3084"}],"wp:attachment":[{"href":"https:\/\/www.porex.com\/de\/wp-json\/wp\/v2\/media?parent=3078"}],"curies":[{"name":"wp","href":"https:\/\/api.w.org\/{rel}","templated":true}]}}