{"id":3092,"date":"2020-01-22T19:48:59","date_gmt":"2020-01-23T00:48:59","guid":{"rendered":"https:\/\/www.porex.com\/technische-kurzdarstellungen\/technische-kurzdarstellung-herausforderungen-von-schadlichen-bleiacetatfiltern-meistern\/"},"modified":"2021-08-20T08:50:17","modified_gmt":"2021-08-20T12:50:17","slug":"technische-kurzdarstellung-herausforderungen-von-schadlichen-bleiacetatfiltern-meistern","status":"publish","type":"page","link":"https:\/\/www.porex.com\/de\/technische-kurzdarstellungen\/technische-kurzdarstellung-herausforderungen-von-schadlichen-bleiacetatfiltern-meistern\/","title":{"rendered":"Technische Kurzdarstellung \u2013 Herausforderungen von sch\u00e4dlichen Bleiacetatfiltern meistern"},"content":{"rendered":"\n\n\n\n\n\n\n\n<div><ss3-force-full-width data-overflow-x=\"body\" data-horizontal-selector=\"body\"><div class=\"n2-section-smartslider fitvidsignore \" data-ssid=\"266\" tabindex=\"0\" role=\"region\" aria-label=\"Slider\"><div id=\"n2-ss-266-align\" class=\"n2-ss-align\"><div class=\"n2-padding\"><div id=\"n2-ss-266\" data-creator=\"Smart Slider 3\" data-responsive=\"fullwidth\" class=\"n2-ss-slider n2-ow n2-has-hover n2notransition  \"><div class=\"n2-ss-slider-wrapper-outside\" style=\"grid-template-rows:1fr auto\">\n        <div class=\"n2-ss-slider-1 n2_ss__touch_element n2-ow\">\n            <div class=\"n2-ss-slider-2 n2-ow\">\n                                                <div class=\"n2-ss-slider-3 n2-ow\">\n\n                    <div class=\"n2-ss-slide-backgrounds n2-ow-all\"><div class=\"n2-ss-slide-background\" data-public-id=\"1\" data-mode=\"fill\"><div class=\"n2-ss-slide-background-image\" data-blur=\"0\" data-opacity=\"100\" data-x=\"50\" data-y=\"50\" data-alt=\"Gas absorption\" data-title=\"Gas absorption\"><picture class=\"skip-lazy\" data-skip-lazy=\"1\"><img decoding=\"async\" src=\"\/\/www.porex.com\/wp-content\/uploads\/2019\/10\/TechBrief-Gas-Absorptive-SliderImg.jpg\" alt=\"Gas absorption\" title=\"Gas absorption\" loading=\"lazy\" class=\"skip-lazy\" data-skip-lazy=\"1\"><\/picture><\/div><div data-gradient=\"vertical\" data-color-start=\"RGBA(0,0,0,0.5)\" data-color-end=\"RGBA(0,0,0,0.5)\" style=\"background:linear-gradient(to bottom, RGBA(0,0,0,0.5) 0%,RGBA(0,0,0,0.5) 100%);\" class=\"n2-ss-slide-background-color\" data-overlay=\"1\"><\/div><\/div><\/div>                    <div class=\"n2-ss-slider-4 n2-ow\">\n                        <svg xmlns=\"http:\/\/www.w3.org\/2000\/svg\" viewBox=\"0 0 1200 400\" data-related-device=\"desktopPortrait\" class=\"n2-ow n2-ss-preserve-size n2-ss-preserve-size--slider n2-ss-slide-limiter\"><\/svg><div data-first=\"1\" data-slide-duration=\"0\" data-id=\"545\" data-slide-public-id=\"1\" data-title=\"Webinar Series\" class=\"n2-ss-slide n2-ow  n2-ss-slide-545\"><div role=\"note\" class=\"n2-ss-slide--focus\" tabindex=\"-1\">Webinar Series<\/div><div class=\"n2-ss-layers-container n2-ss-slide-limiter n2-ow\"><div class=\"n2-ss-layer n2-ow n-uc-4lYY7vJwrOOe\" data-sstype=\"slide\" data-pm=\"default\"><div class=\"n2-ss-layer n2-ow n-uc-KTfy0Wazrqo2\" data-pm=\"default\" data-sstype=\"content\" data-hasbackground=\"0\"><div class=\"n2-ss-section-main-content n2-ss-layer-with-background n2-ss-layer-content n2-ow n-uc-KTfy0Wazrqo2-inner\"><div class=\"n2-ss-layer n2-ow n-uc-JLeZkbISaPvM\" data-pm=\"normal\" data-sstype=\"layer\"><div id=\"n2-ss-266item1\" class=\"n2-font-6b58c3a16f7e3c912465286171cea591-hover n2-style-a4a526dc80d57646887ccad1f10d967a-heading   n2-ss-item-content n2-ss-text n2-ow\" style=\"display:block;\">Technische Kurzdarstellung \u2013 Herausforderungen von sch\u00e4dlichen Bleiacetatfiltern meistern<\/div><\/div><\/div><\/div><\/div><\/div><\/div>                    <\/div>\n\n                                    <\/div>\n            <\/div>\n        <\/div>\n        <\/div><\/div><ss3-loader><\/ss3-loader><\/div><\/div><div class=\"n2_clear\"><\/div><\/div><\/ss3-force-full-width><\/div>\n\n\n<div style=\"height:20px\" aria-hidden=\"true\" class=\"wp-block-spacer\"><\/div>\n\n\n\n<div style=\"height:20px\" aria-hidden=\"true\" class=\"wp-block-spacer\"><\/div>\n\n\n\n<h2 class=\"has-text-align-center wp-block-heading\">Herausforderungen von sch\u00e4dlichen Bleiacetatfiltern meistern<br><\/h2>\n\n\n\n<div class=\"wp-block-columns has-2-columns is-layout-flex wp-container-core-columns-is-layout-9d6595d7 wp-block-columns-is-layout-flex\">\n<div class=\"wp-block-column is-layout-flow wp-block-column-is-layout-flow\">\n<p><strong>Zielgruppe:<\/strong>&nbsp; Ingenieure und Produktmanager f\u00fcr elektrochemische Gassensoren, die derzeit Absorptionsfilter verwenden, die sch\u00e4dliches Bleiacetat enthalten.<\/p>\n\n\n\n<p><strong>Zusammenfassung<\/strong>:<\/p>\n\n\n\n<p>Die Lebensdauer eines elektrochemischen Gassensors und seine F\u00e4higkeit, problematische Gase zu erkennen, k\u00f6nnen durch eine Umgebung beeintr\u00e4chtigt werden, in der st\u00f6rende Gase wie H<sub>2<\/sub>S, SO<sub>2<\/sub>, HDMS und fl\u00fcchtige organische Verbindungen vorhanden sind.&nbsp; Gasabsorptionsfilter fungieren als eine Art Torw\u00e4chter zwischen den st\u00f6renden Gasen und den Zielgasen des Sensors, sodass das Zielgas die Elektrode erreicht und identifiziert werden kann.&nbsp;Ein st\u00f6rendes Gas kann mit der Zeit die Sensorleistung beeintr\u00e4chtigen und den Sensor falsch ausl\u00f6sen.&nbsp;Um die Elektrode vor diesen st\u00f6renden Gasen zu sch\u00fctzen, verwenden Hersteller h\u00e4ufig Filter mit Bleiacetat. Bleiacetat stellt jedoch nicht nur eine Bedrohung f\u00fcr Mitarbeiter dar, die in direktem Kontakt damit stehen, sondern kann im Laufe der Zeit auch zu einer schlechten Sensorleistung f\u00fchren.&nbsp;In dieser technischen Kurzdarstellung erfahren Sie, wie por\u00f6se Polymere anstelle von Bleiacetat in Absorptionsfiltern verwendet werden k\u00f6nnen, um sie f\u00fcr die Umwelt und die Mitarbeiter sicherer zu machen und die Leistung und Lebensdauer des Sensors zu verbessern.&nbsp; <\/p>\n\n\n\n<p><strong>Was Teilnehmer in dieser technischen Kurzdarstellung lernen werden:<\/strong><\/p>\n\n\n\n<ul class=\"wp-block-list\"><li>Verstehen, wie Gasabsorptionsfilter funktionieren und welche Rolle sie f\u00fcr die Gesamtleistung des Sensors spielen \u2013 und wie Bleiacetat typischerweise verwendet wird<\/li><li>Erfahren Sie, warum Unternehmen davon Abstand nehmen, Komponenten zu verwenden , die Blei als Wirkstoff enthalten<\/li><li>Erfahren Sie, wie Sie Blei vollst\u00e4ndig aus einem Sensor entfernen k\u00f6nnen, um sich bleifreien Herstellungsverfahren anzuschlie\u00dfen und stattdessen por\u00f6se Polymere zu verwenden<\/li><\/ul>\n\n\n\n<p>Sehen Sie sich die Daten an, die die Leistungsverbesserungen veranschaulichen, die mit por\u00f6sen bleifreien Polymeren im Sensor erzielt werden k\u00f6nnen.<\/p>\n\n\n\n<p><strong>Bitte beachten Sie, dass die technische Kurzanleitung in englischer Sprache geschrieben ist.<\/strong><\/p>\n<\/div>\n\n\n\n<div class=\"wp-block-column is-layout-flow wp-block-column-is-layout-flow\">\n<p><\/p>\n\n\n\n<p><strong>Bitte laden Sie die technische Kurzdarstellung herunter und f\u00fcllen Sie dieses kurze Formular aus:<\/strong><\/p>\n\n\n<p>[marketo-form formid=&#8220;2660&#8243;]<\/p>\n\n\n\n<div style=\"height:20px\" aria-hidden=\"true\" class=\"wp-block-spacer\"><\/div>\n\n\n\n<figure class=\"wp-block-image is-resized\"><img loading=\"lazy\" decoding=\"async\" src=\"https:\/\/www.porex.com\/wp-content\/uploads\/2019\/10\/Tech-Brief_Gas-AbsortiveTabImg-A.jpg\" alt=\"Technische Kurzdarstellung Gasabsorber\" class=\"wp-image-3095\" width=\"361\" height=\"500\" srcset=\"https:\/\/www.porex.com\/wp-content\/uploads\/2019\/10\/Tech-Brief_Gas-AbsortiveTabImg-A.jpg 481w, https:\/\/www.porex.com\/wp-content\/uploads\/2019\/10\/Tech-Brief_Gas-AbsortiveTabImg-A-216x300.jpg 216w\" sizes=\"auto, (max-width: 361px) 100vw, 361px\" \/><\/figure>\n<\/div>\n<\/div>\n\n\n\n<hr class=\"wp-block-separator is-style-default\" \/>\n","protected":false},"excerpt":{"rendered":"<p>Herausforderungen von sch\u00e4dlichen Bleiacetatfiltern meistern Zielgruppe:&nbsp; Ingenieure und Produktmanager f\u00fcr elektrochemische Gassensoren, die derzeit Absorptionsfilter verwenden, die sch\u00e4dliches Bleiacetat enthalten. Zusammenfassung: Die Lebensdauer eines elektrochemischen Gassensors und seine F\u00e4higkeit, problematische Gase zu erkennen, k\u00f6nnen durch eine Umgebung beeintr\u00e4chtigt werden, in der st\u00f6rende Gase wie H2S, SO2, HDMS und fl\u00fcchtige organische Verbindungen vorhanden sind.&nbsp; Gasabsorptionsfilter fungieren [&hellip;]<\/p>\n","protected":false},"author":5,"featured_media":0,"parent":3084,"menu_order":8,"comment_status":"closed","ping_status":"closed","template":"","meta":{"_acf_changed":false,"footnotes":""},"class_list":["post-3092","page","type-page","status-publish","hentry"],"acf":[],"yoast_head":"<!-- This site is optimized with the Yoast SEO Premium plugin v27.3 (Yoast SEO v27.3) - https:\/\/yoast.com\/product\/yoast-seo-premium-wordpress\/ -->\n<title>Technische Kurzdarstellung \u2013 Herausforderungen von sch\u00e4dlichen Bleiacetatfiltern meistern<\/title>\n<meta name=\"description\" content=\"Technische Kurzdarstellung und Pr\u00e4sentation \u00fcber die Bew\u00e4ltigung der Herausforderungen von sch\u00e4dlichen Bleiacetatfiltern.\" \/>\n<meta name=\"robots\" content=\"index, follow, max-snippet:-1, max-image-preview:large, max-video-preview:-1\" \/>\n<link rel=\"canonical\" href=\"https:\/\/www.porex.com\/de\/technische-kurzdarstellungen\/technische-kurzdarstellung-herausforderungen-von-schadlichen-bleiacetatfiltern-meistern\/\" \/>\n<meta property=\"og:locale\" content=\"de_DE\" \/>\n<meta property=\"og:type\" content=\"article\" \/>\n<meta property=\"og:title\" content=\"Technische Kurzdarstellung \u2013 Herausforderungen von sch\u00e4dlichen Bleiacetatfiltern meistern\" \/>\n<meta property=\"og:description\" content=\"Herausforderungen von sch\u00e4dlichen Bleiacetatfiltern meistern Zielgruppe:&nbsp; Ingenieure und Produktmanager f\u00fcr elektrochemische Gassensoren, die derzeit\" \/>\n<meta property=\"og:url\" content=\"https:\/\/www.porex.com\/de\/technische-kurzdarstellungen\/technische-kurzdarstellung-herausforderungen-von-schadlichen-bleiacetatfiltern-meistern\/\" \/>\n<meta property=\"og:site_name\" content=\"Porex\" \/>\n<meta property=\"article:modified_time\" content=\"2021-08-20T12:50:17+00:00\" \/>\n<meta property=\"og:image\" content=\"https:\/\/www.porex.com\/wp-content\/uploads\/2019\/10\/Tech-Brief_Gas-AbsortiveTabImg-A.jpg\" \/>\n<meta name=\"twitter:card\" content=\"summary_large_image\" \/>\n<meta name=\"twitter:site\" content=\"@PorexCorp\" \/>\n<meta name=\"twitter:label1\" content=\"Gesch\u00e4tzte Lesezeit\" \/>\n\t<meta name=\"twitter:data1\" content=\"2 Minuten\" \/>\n<script type=\"application\/ld+json\" class=\"yoast-schema-graph\">{\"@context\":\"https:\\\/\\\/schema.org\",\"@graph\":[{\"@type\":\"WebPage\",\"@id\":\"https:\\\/\\\/www.porex.com\\\/de\\\/technische-kurzdarstellungen\\\/technische-kurzdarstellung-herausforderungen-von-schadlichen-bleiacetatfiltern-meistern\\\/\",\"url\":\"https:\\\/\\\/www.porex.com\\\/de\\\/technische-kurzdarstellungen\\\/technische-kurzdarstellung-herausforderungen-von-schadlichen-bleiacetatfiltern-meistern\\\/\",\"name\":\"Technische Kurzdarstellung \u2013 Herausforderungen von sch\u00e4dlichen Bleiacetatfiltern meistern\",\"isPartOf\":{\"@id\":\"https:\\\/\\\/www.porex.com\\\/de\\\/#website\"},\"primaryImageOfPage\":{\"@id\":\"https:\\\/\\\/www.porex.com\\\/de\\\/technische-kurzdarstellungen\\\/technische-kurzdarstellung-herausforderungen-von-schadlichen-bleiacetatfiltern-meistern\\\/#primaryimage\"},\"image\":{\"@id\":\"https:\\\/\\\/www.porex.com\\\/de\\\/technische-kurzdarstellungen\\\/technische-kurzdarstellung-herausforderungen-von-schadlichen-bleiacetatfiltern-meistern\\\/#primaryimage\"},\"thumbnailUrl\":\"https:\\\/\\\/www.porex.com\\\/wp-content\\\/uploads\\\/2019\\\/10\\\/Tech-Brief_Gas-AbsortiveTabImg-A.jpg\",\"datePublished\":\"2020-01-23T00:48:59+00:00\",\"dateModified\":\"2021-08-20T12:50:17+00:00\",\"description\":\"Technische Kurzdarstellung und Pr\u00e4sentation \u00fcber die Bew\u00e4ltigung der Herausforderungen von sch\u00e4dlichen Bleiacetatfiltern.\",\"breadcrumb\":{\"@id\":\"https:\\\/\\\/www.porex.com\\\/de\\\/technische-kurzdarstellungen\\\/technische-kurzdarstellung-herausforderungen-von-schadlichen-bleiacetatfiltern-meistern\\\/#breadcrumb\"},\"inLanguage\":\"de-DE\",\"potentialAction\":[{\"@type\":\"ReadAction\",\"target\":[\"https:\\\/\\\/www.porex.com\\\/de\\\/technische-kurzdarstellungen\\\/technische-kurzdarstellung-herausforderungen-von-schadlichen-bleiacetatfiltern-meistern\\\/\"]}]},{\"@type\":\"ImageObject\",\"inLanguage\":\"de-DE\",\"@id\":\"https:\\\/\\\/www.porex.com\\\/de\\\/technische-kurzdarstellungen\\\/technische-kurzdarstellung-herausforderungen-von-schadlichen-bleiacetatfiltern-meistern\\\/#primaryimage\",\"url\":\"https:\\\/\\\/www.porex.com\\\/wp-content\\\/uploads\\\/2019\\\/10\\\/Tech-Brief_Gas-AbsortiveTabImg-A.jpg\",\"contentUrl\":\"https:\\\/\\\/www.porex.com\\\/wp-content\\\/uploads\\\/2019\\\/10\\\/Tech-Brief_Gas-AbsortiveTabImg-A.jpg\"},{\"@type\":\"BreadcrumbList\",\"@id\":\"https:\\\/\\\/www.porex.com\\\/de\\\/technische-kurzdarstellungen\\\/technische-kurzdarstellung-herausforderungen-von-schadlichen-bleiacetatfiltern-meistern\\\/#breadcrumb\",\"itemListElement\":[{\"@type\":\"ListItem\",\"position\":1,\"name\":\"home\",\"item\":\"https:\\\/\\\/www.porex.com\\\/de\\\/\"},{\"@type\":\"ListItem\",\"position\":2,\"name\":\"Technische Kurzdarstellungen\",\"item\":\"https:\\\/\\\/www.porex.com\\\/de\\\/technische-kurzdarstellungen\\\/\"},{\"@type\":\"ListItem\",\"position\":3,\"name\":\"Technische Kurzdarstellung \u2013 Herausforderungen von sch\u00e4dlichen Bleiacetatfiltern meistern\"}]},{\"@type\":\"WebSite\",\"@id\":\"https:\\\/\\\/www.porex.com\\\/de\\\/#website\",\"url\":\"https:\\\/\\\/www.porex.com\\\/de\\\/\",\"name\":\"Porex\",\"description\":\"Your Partner In Innovation\",\"publisher\":{\"@id\":\"https:\\\/\\\/www.porex.com\\\/de\\\/#organization\"},\"potentialAction\":[{\"@type\":\"SearchAction\",\"target\":{\"@type\":\"EntryPoint\",\"urlTemplate\":\"https:\\\/\\\/www.porex.com\\\/de\\\/?s={search_term_string}\"},\"query-input\":{\"@type\":\"PropertyValueSpecification\",\"valueRequired\":true,\"valueName\":\"search_term_string\"}}],\"inLanguage\":\"de-DE\"},{\"@type\":\"Organization\",\"@id\":\"https:\\\/\\\/www.porex.com\\\/de\\\/#organization\",\"name\":\"Porex Corporation\",\"url\":\"https:\\\/\\\/www.porex.com\\\/de\\\/\",\"logo\":{\"@type\":\"ImageObject\",\"inLanguage\":\"de-DE\",\"@id\":\"https:\\\/\\\/www.porex.com\\\/de\\\/#\\\/schema\\\/logo\\\/image\\\/\",\"url\":\"https:\\\/\\\/www.porex.com\\\/wp-content\\\/uploads\\\/2019\\\/05\\\/fgc-logo.png\",\"contentUrl\":\"https:\\\/\\\/www.porex.com\\\/wp-content\\\/uploads\\\/2019\\\/05\\\/fgc-logo.png\",\"width\":480,\"height\":126,\"caption\":\"Porex Corporation\"},\"image\":{\"@id\":\"https:\\\/\\\/www.porex.com\\\/de\\\/#\\\/schema\\\/logo\\\/image\\\/\"},\"sameAs\":[\"https:\\\/\\\/x.com\\\/PorexCorp\",\"https:\\\/\\\/www.linkedin.com\\\/company\\\/porex\\\/\",\"https:\\\/\\\/www.youtube.com\\\/user\\\/PorexCorporation\"],\"description\":\"Porous plastic materials manufacturer of custom components for medical devices, diagnostics, consumer and industrial products. Provides solutions for absorption, filtration, wicking, venting, diffusion and application.\",\"legalName\":\"Porex Corporation\",\"foundingDate\":\"1961-04-27\"}]}<\/script>\n<!-- \/ Yoast SEO Premium plugin. -->","yoast_head_json":{"title":"Technische Kurzdarstellung \u2013 Herausforderungen von sch\u00e4dlichen Bleiacetatfiltern meistern","description":"Technische Kurzdarstellung und Pr\u00e4sentation \u00fcber die Bew\u00e4ltigung der Herausforderungen von sch\u00e4dlichen Bleiacetatfiltern.","robots":{"index":"index","follow":"follow","max-snippet":"max-snippet:-1","max-image-preview":"max-image-preview:large","max-video-preview":"max-video-preview:-1"},"canonical":"https:\/\/www.porex.com\/de\/technische-kurzdarstellungen\/technische-kurzdarstellung-herausforderungen-von-schadlichen-bleiacetatfiltern-meistern\/","og_locale":"de_DE","og_type":"article","og_title":"Technische Kurzdarstellung \u2013 Herausforderungen von sch\u00e4dlichen Bleiacetatfiltern meistern","og_description":"Herausforderungen von sch\u00e4dlichen Bleiacetatfiltern meistern Zielgruppe:&nbsp; Ingenieure und Produktmanager f\u00fcr elektrochemische Gassensoren, die derzeit","og_url":"https:\/\/www.porex.com\/de\/technische-kurzdarstellungen\/technische-kurzdarstellung-herausforderungen-von-schadlichen-bleiacetatfiltern-meistern\/","og_site_name":"Porex","article_modified_time":"2021-08-20T12:50:17+00:00","og_image":[{"url":"https:\/\/www.porex.com\/wp-content\/uploads\/2019\/10\/Tech-Brief_Gas-AbsortiveTabImg-A.jpg","type":"","width":"","height":""}],"twitter_card":"summary_large_image","twitter_site":"@PorexCorp","twitter_misc":{"Gesch\u00e4tzte Lesezeit":"2 Minuten"},"schema":{"@context":"https:\/\/schema.org","@graph":[{"@type":"WebPage","@id":"https:\/\/www.porex.com\/de\/technische-kurzdarstellungen\/technische-kurzdarstellung-herausforderungen-von-schadlichen-bleiacetatfiltern-meistern\/","url":"https:\/\/www.porex.com\/de\/technische-kurzdarstellungen\/technische-kurzdarstellung-herausforderungen-von-schadlichen-bleiacetatfiltern-meistern\/","name":"Technische Kurzdarstellung \u2013 Herausforderungen von sch\u00e4dlichen Bleiacetatfiltern meistern","isPartOf":{"@id":"https:\/\/www.porex.com\/de\/#website"},"primaryImageOfPage":{"@id":"https:\/\/www.porex.com\/de\/technische-kurzdarstellungen\/technische-kurzdarstellung-herausforderungen-von-schadlichen-bleiacetatfiltern-meistern\/#primaryimage"},"image":{"@id":"https:\/\/www.porex.com\/de\/technische-kurzdarstellungen\/technische-kurzdarstellung-herausforderungen-von-schadlichen-bleiacetatfiltern-meistern\/#primaryimage"},"thumbnailUrl":"https:\/\/www.porex.com\/wp-content\/uploads\/2019\/10\/Tech-Brief_Gas-AbsortiveTabImg-A.jpg","datePublished":"2020-01-23T00:48:59+00:00","dateModified":"2021-08-20T12:50:17+00:00","description":"Technische Kurzdarstellung und Pr\u00e4sentation \u00fcber die Bew\u00e4ltigung der Herausforderungen von sch\u00e4dlichen Bleiacetatfiltern.","breadcrumb":{"@id":"https:\/\/www.porex.com\/de\/technische-kurzdarstellungen\/technische-kurzdarstellung-herausforderungen-von-schadlichen-bleiacetatfiltern-meistern\/#breadcrumb"},"inLanguage":"de-DE","potentialAction":[{"@type":"ReadAction","target":["https:\/\/www.porex.com\/de\/technische-kurzdarstellungen\/technische-kurzdarstellung-herausforderungen-von-schadlichen-bleiacetatfiltern-meistern\/"]}]},{"@type":"ImageObject","inLanguage":"de-DE","@id":"https:\/\/www.porex.com\/de\/technische-kurzdarstellungen\/technische-kurzdarstellung-herausforderungen-von-schadlichen-bleiacetatfiltern-meistern\/#primaryimage","url":"https:\/\/www.porex.com\/wp-content\/uploads\/2019\/10\/Tech-Brief_Gas-AbsortiveTabImg-A.jpg","contentUrl":"https:\/\/www.porex.com\/wp-content\/uploads\/2019\/10\/Tech-Brief_Gas-AbsortiveTabImg-A.jpg"},{"@type":"BreadcrumbList","@id":"https:\/\/www.porex.com\/de\/technische-kurzdarstellungen\/technische-kurzdarstellung-herausforderungen-von-schadlichen-bleiacetatfiltern-meistern\/#breadcrumb","itemListElement":[{"@type":"ListItem","position":1,"name":"home","item":"https:\/\/www.porex.com\/de\/"},{"@type":"ListItem","position":2,"name":"Technische Kurzdarstellungen","item":"https:\/\/www.porex.com\/de\/technische-kurzdarstellungen\/"},{"@type":"ListItem","position":3,"name":"Technische Kurzdarstellung \u2013 Herausforderungen von sch\u00e4dlichen Bleiacetatfiltern meistern"}]},{"@type":"WebSite","@id":"https:\/\/www.porex.com\/de\/#website","url":"https:\/\/www.porex.com\/de\/","name":"Porex","description":"Your Partner In Innovation","publisher":{"@id":"https:\/\/www.porex.com\/de\/#organization"},"potentialAction":[{"@type":"SearchAction","target":{"@type":"EntryPoint","urlTemplate":"https:\/\/www.porex.com\/de\/?s={search_term_string}"},"query-input":{"@type":"PropertyValueSpecification","valueRequired":true,"valueName":"search_term_string"}}],"inLanguage":"de-DE"},{"@type":"Organization","@id":"https:\/\/www.porex.com\/de\/#organization","name":"Porex Corporation","url":"https:\/\/www.porex.com\/de\/","logo":{"@type":"ImageObject","inLanguage":"de-DE","@id":"https:\/\/www.porex.com\/de\/#\/schema\/logo\/image\/","url":"https:\/\/www.porex.com\/wp-content\/uploads\/2019\/05\/fgc-logo.png","contentUrl":"https:\/\/www.porex.com\/wp-content\/uploads\/2019\/05\/fgc-logo.png","width":480,"height":126,"caption":"Porex Corporation"},"image":{"@id":"https:\/\/www.porex.com\/de\/#\/schema\/logo\/image\/"},"sameAs":["https:\/\/x.com\/PorexCorp","https:\/\/www.linkedin.com\/company\/porex\/","https:\/\/www.youtube.com\/user\/PorexCorporation"],"description":"Porous plastic materials manufacturer of custom components for medical devices, diagnostics, consumer and industrial products. Provides solutions for absorption, filtration, wicking, venting, diffusion and application.","legalName":"Porex Corporation","foundingDate":"1961-04-27"}]}},"_links":{"self":[{"href":"https:\/\/www.porex.com\/de\/wp-json\/wp\/v2\/pages\/3092","targetHints":{"allow":["GET"]}}],"collection":[{"href":"https:\/\/www.porex.com\/de\/wp-json\/wp\/v2\/pages"}],"about":[{"href":"https:\/\/www.porex.com\/de\/wp-json\/wp\/v2\/types\/page"}],"author":[{"embeddable":true,"href":"https:\/\/www.porex.com\/de\/wp-json\/wp\/v2\/users\/5"}],"replies":[{"embeddable":true,"href":"https:\/\/www.porex.com\/de\/wp-json\/wp\/v2\/comments?post=3092"}],"version-history":[{"count":0,"href":"https:\/\/www.porex.com\/de\/wp-json\/wp\/v2\/pages\/3092\/revisions"}],"up":[{"embeddable":true,"href":"https:\/\/www.porex.com\/de\/wp-json\/wp\/v2\/pages\/3084"}],"wp:attachment":[{"href":"https:\/\/www.porex.com\/de\/wp-json\/wp\/v2\/media?parent=3092"}],"curies":[{"name":"wp","href":"https:\/\/api.w.org\/{rel}","templated":true}]}}