{"id":3369,"date":"2020-01-30T15:04:35","date_gmt":"2020-01-30T20:04:35","guid":{"rendered":"https:\/\/www.porex.com\/elektronik\/"},"modified":"2021-04-22T09:43:57","modified_gmt":"2021-04-22T13:43:57","slug":"elektronik","status":"publish","type":"page","link":"https:\/\/www.porex.com\/de\/markte\/elektronik\/","title":{"rendered":"Elektronik"},"content":{"rendered":"\n\n\n\n\n\n\n\n\n\n\n\n\n\n\n\n<div><ss3-force-full-width data-overflow-x=\"body\" data-horizontal-selector=\"body\"><div class=\"n2-section-smartslider fitvidsignore \" data-ssid=\"220\" tabindex=\"0\" role=\"region\" aria-label=\"Slider\"><div id=\"n2-ss-220-align\" class=\"n2-ss-align\"><div class=\"n2-padding\"><div id=\"n2-ss-220\" data-creator=\"Smart Slider 3\" data-responsive=\"fullwidth\" class=\"n2-ss-slider n2-ow n2-has-hover n2notransition  \">\n\n\n\n<div class=\"n2-ss-slider-wrapper-outside\" style=\"grid-template-rows:1fr auto\">\n        <div class=\"n2-ss-slider-1 n2_ss__touch_element n2-ow\">\n            <div class=\"n2-ss-slider-2 n2-ow\">\n                                                <div class=\"n2-ss-slider-3 n2-ow\">\n\n                    <div class=\"n2-ss-slide-backgrounds n2-ow-all\"><div class=\"n2-ss-slide-background\" data-public-id=\"1\" data-mode=\"fill\"><div class=\"n2-ss-slide-background-image\" data-blur=\"0\" data-opacity=\"100\" data-x=\"50\" data-y=\"50\" data-alt=\"Electronics\" data-title=\"Electronics\"><picture class=\"skip-lazy\" data-skip-lazy=\"1\"><img decoding=\"async\" src=\"\/\/www.porex.com\/wp-content\/uploads\/2019\/08\/Electronics1_2500x400.jpg\" alt=\"Electronics\" title=\"Electronics\" loading=\"lazy\" class=\"skip-lazy\" data-skip-lazy=\"1\"><\/picture><\/div><div data-gradient=\"vertical\" data-color-start=\"RGBA(0,0,0,0.5)\" data-color-end=\"RGBA(0,0,0,0.5)\" style=\"background:linear-gradient(to bottom, RGBA(0,0,0,0.5) 0%,RGBA(0,0,0,0.5) 100%);\" class=\"n2-ss-slide-background-color\" data-overlay=\"1\"><\/div><\/div><div class=\"n2-ss-slide-background\" data-public-id=\"2\" data-mode=\"fill\" aria-hidden=\"true\"><div class=\"n2-ss-slide-background-image\" data-blur=\"0\" data-opacity=\"100\" data-x=\"50\" data-y=\"50\" data-alt=\"Electronics\" data-title=\"Electronics\"><picture class=\"skip-lazy\" data-skip-lazy=\"1\"><img decoding=\"async\" src=\"\/\/www.porex.com\/wp-content\/uploads\/2019\/08\/Electronics2_2500x400.jpg\" alt=\"Electronics\" title=\"Electronics\" loading=\"lazy\" class=\"skip-lazy\" data-skip-lazy=\"1\"><\/picture><\/div><div data-gradient=\"vertical\" data-color-start=\"RGBA(0,0,0,0.5)\" data-color-end=\"RGBA(0,0,0,0.5)\" style=\"background:linear-gradient(to bottom, RGBA(0,0,0,0.5) 0%,RGBA(0,0,0,0.5) 100%);\" class=\"n2-ss-slide-background-color\" data-overlay=\"1\"><\/div><\/div><\/div>                    <div class=\"n2-ss-slider-4 n2-ow\">\n                        <svg xmlns=\"http:\/\/www.w3.org\/2000\/svg\" viewBox=\"0 0 1200 400\" data-related-device=\"desktopPortrait\" class=\"n2-ow n2-ss-preserve-size n2-ss-preserve-size--slider n2-ss-slide-limiter\"><\/svg><div data-first=\"1\" data-slide-duration=\"0\" data-id=\"462\" data-slide-public-id=\"1\" data-title=\"DE-Electronics\" class=\"n2-ss-slide n2-ow  n2-ss-slide-462\"><div role=\"note\" class=\"n2-ss-slide--focus\" tabindex=\"-1\">DE-Electronics<\/div><div class=\"n2-ss-layers-container n2-ss-slide-limiter n2-ow\"><div class=\"n2-ss-layer n2-ow n-uc-YGR3c7NZye0H\" data-sstype=\"slide\" data-pm=\"default\"><div class=\"n2-ss-layer n2-ow n-uc-HdCuRQLhbyUl\" data-pm=\"default\" data-sstype=\"content\" data-hasbackground=\"0\"><div class=\"n2-ss-section-main-content n2-ss-layer-with-background n2-ss-layer-content n2-ow n-uc-HdCuRQLhbyUl-inner\"><div class=\"n2-ss-layer n2-ow n-uc-LEU16ApG2Yss\" data-pm=\"normal\" data-sstype=\"layer\"><h1 id=\"n2-ss-220item1\" class=\"n2-font-6b58c3a16f7e3c912465286171cea591-hover n2-style-a4a526dc80d57646887ccad1f10d967a-heading   n2-ss-item-content n2-ss-text n2-ow\" style=\"display:block;\">Elektronik<\/h1><\/div><div class=\"n2-ss-layer n2-ow n-uc-6tIeoWhfeYrm n2-ss-layer--auto\" data-pm=\"normal\" data-sstype=\"layer\"><div id=\"n2-ss-220item2\" class=\"n2-font-bea2a58672c09c3e2ac38a19618c9edd-hover   n2-ss-item-content n2-ss-text n2-ow\" style=\"display:inline-block;\">_______<\/div><\/div><div class=\"n2-ss-layer n2-ow n-uc-Sun9uHh8OjyJ n2-ss-layer--auto\" data-pm=\"normal\" data-sstype=\"layer\"><div id=\"n2-ss-220item3\" class=\"n2-font-a24e1fa6f78c29450015c75dc722ac27-hover   n2-ss-item-content n2-ss-text n2-ow\" style=\"display:inline-block;\">Leistung und Schutz der empfindlichen Elektronik zu erh\u00f6hen<\/div><\/div><\/div><\/div><\/div><\/div><\/div><div data-slide-duration=\"0\" data-id=\"463\" data-slide-public-id=\"2\" aria-hidden=\"true\" data-title=\"DE-Electronics\" class=\"n2-ss-slide n2-ow  n2-ss-slide-463\"><div role=\"note\" class=\"n2-ss-slide--focus\" tabindex=\"-1\">DE-Electronics<\/div><div class=\"n2-ss-layers-container n2-ss-slide-limiter n2-ow\"><div class=\"n2-ss-layer n2-ow n-uc-27UKtubxrmXw\" data-sstype=\"slide\" data-pm=\"default\"><div class=\"n2-ss-layer n2-ow n-uc-wMBg1oqq06DJ\" data-pm=\"default\" data-sstype=\"content\" data-hasbackground=\"0\"><div class=\"n2-ss-section-main-content n2-ss-layer-with-background n2-ss-layer-content n2-ow n-uc-wMBg1oqq06DJ-inner\"><div class=\"n2-ss-layer n2-ow n-uc-59ZyVhd3MVch\" data-pm=\"normal\" data-sstype=\"layer\"><div id=\"n2-ss-220item4\" class=\"n2-font-6b58c3a16f7e3c912465286171cea591-hover n2-style-a4a526dc80d57646887ccad1f10d967a-heading   n2-ss-item-content n2-ss-text n2-ow\" style=\"display:block;\">Elektronik<\/div><\/div><div class=\"n2-ss-layer n2-ow n-uc-d0a6jzXetgFt n2-ss-layer--auto\" data-pm=\"normal\" data-sstype=\"layer\"><div id=\"n2-ss-220item5\" class=\"n2-font-bea2a58672c09c3e2ac38a19618c9edd-hover   n2-ss-item-content n2-ss-text n2-ow\" style=\"display:inline-block;\">_______<\/div><\/div><div class=\"n2-ss-layer n2-ow n-uc-bkpDVZxXYEKo n2-ss-layer--auto\" data-pm=\"normal\" data-sstype=\"layer\"><div id=\"n2-ss-220item6\" class=\"n2-font-a24e1fa6f78c29450015c75dc722ac27-hover   n2-ss-item-content n2-ss-text n2-ow\" style=\"display:inline-block;\">Leistung und Schutz der empfindlichen Elektronik zu erh\u00f6hen<\/div><\/div><\/div><\/div><\/div><\/div><\/div>                    <\/div>\n\n                                    <\/div>\n            <\/div>\n        <\/div>\n        <div class=\"n2-ss-slider-controls n2-ss-slider-controls-below\"><div style=\"--widget-offset:10px;\" class=\"n2-ss-widget n2-ss-control-bullet n2-ow-all n2-ss-control-bullet-horizontal\"><div class=\" nextend-bullet-bar n2-bar-justify-content-center\" role=\"group\" aria-label=\"Choose slide to display.\"><div class=\"n2-bullet n2-style-c0fe1c7a37b7b7c3cb83a8d1cde6e7ce-dot \" style=\"visibility:hidden;\"><\/div><\/div><\/div><\/div><\/div><\/div><ss3-loader><\/ss3-loader><\/div><\/div><div class=\"n2_clear\"><\/div><\/div><\/ss3-force-full-width><\/div>\n\n\n<p class=\"has-text-align-left\">Elektro- und Elektronikhersteller weltweit vertrauen darauf, dass Porex eine Vielzahl von Be- und Entl\u00fcftungs-, Filtrations- und Reflektivit\u00e4tsl\u00f6sungen aus por\u00f6sem Kunststoff entwickelt und herstellt.   <\/p>\n\n\n\n<div class=\"wp-block-media-text alignwide is-stacked-on-mobile\" style=\"grid-template-columns:35% auto\"><figure class=\"wp-block-media-text__media\"><img loading=\"lazy\" decoding=\"async\" width=\"425\" height=\"425\" src=\"https:\/\/www.porex.com\/wp-content\/uploads\/2019\/08\/Acoustics_425x425.jpg\" alt=\"Akustik\" class=\"wp-image-3237 size-full\" srcset=\"https:\/\/www.porex.com\/wp-content\/uploads\/2019\/08\/Acoustics_425x425.jpg 425w, https:\/\/www.porex.com\/wp-content\/uploads\/2019\/08\/Acoustics_425x425-150x150.jpg 150w, https:\/\/www.porex.com\/wp-content\/uploads\/2019\/08\/Acoustics_425x425-300x300.jpg 300w\" sizes=\"auto, (max-width: 425px) 100vw, 425px\" \/><\/figure><div class=\"wp-block-media-text__content\">\n<h3 class=\"wp-block-heading\">Akustik<\/h3>\n\n\n\n<p> Akustiker auf der ganzen Welt verlassen sich auf POREX\u00ae Akustikbe- und entl\u00fcfter und Schalld\u00e4mpfungskomponenten, um eine gleichbleibende Klangqualit\u00e4t zu gew\u00e4hrleisten. Windschutz f\u00fcr Mikrofone, Be- und Entl\u00fcftungen f\u00fcr Elektronikger\u00e4te und zur allgemeinen Schalld\u00e4mpfung sind nur einige unserer vielen akustischen Anwendungen.<\/p>\n\n\n\n<div class=\"wp-block-button\"><a class=\"wp-block-button__link has-white-color has-green-background-color has-text-color has-background\" href=\"https:\/\/www.porex.com\/de\/markte\/elektronik\/akustik\/\">MEHR ERFAHREN<\/a><\/div>\n<\/div><\/div>\n\n\n\n<div class=\"wp-block-media-text alignwide is-stacked-on-mobile\" style=\"grid-template-columns:35% auto\"><figure class=\"wp-block-media-text__media\"><img loading=\"lazy\" decoding=\"async\" width=\"425\" height=\"425\" src=\"https:\/\/www.porex.com\/wp-content\/uploads\/2019\/08\/5GTelecom_425x425_2.jpg\" alt=\"IP-Schutzentl\u00fcftungen\" class=\"wp-image-3085 size-full\" srcset=\"https:\/\/www.porex.com\/wp-content\/uploads\/2019\/08\/5GTelecom_425x425_2.jpg 425w, https:\/\/www.porex.com\/wp-content\/uploads\/2019\/08\/5GTelecom_425x425_2-150x150.jpg 150w, https:\/\/www.porex.com\/wp-content\/uploads\/2019\/08\/5GTelecom_425x425_2-300x300.jpg 300w\" sizes=\"auto, (max-width: 425px) 100vw, 425px\" \/><\/figure><div class=\"wp-block-media-text__content\">\n<h3 class=\"wp-block-heading\">IP-Schutzbe- und entl\u00fcftungen<\/h3>\n\n\n\n<p>Vom Smartphone bis zur elektrischen Zahnb\u00fcrste nutzen Verbraucher t\u00e4glich mehrere Ger\u00e4te. Zum Schutz elektronischer Geh\u00e4use von Mobiltelefonen, Digitalkameras, Kopfh\u00f6rern, Wearables und mehr hat unser Expertenteam POREX\u00ae Virtek\u2122 IP-Schutzbe- und entl\u00fcfter entwickelt. <\/p>\n\n\n\n<div class=\"wp-block-button\"><a class=\"wp-block-button__link has-white-color has-green-background-color has-text-color has-background\" href=\"https:\/\/www.porex.com\/de\/markte\/elektronik\/schutzentluftungen-mit-ip-klassifizierung\/\">MEHR ERFAHREN<\/a><\/div>\n<\/div><\/div>\n\n\n\n<div class=\"wp-block-media-text alignwide is-stacked-on-mobile\" style=\"grid-template-columns:35% auto\"><figure class=\"wp-block-media-text__media\"><img loading=\"lazy\" decoding=\"async\" width=\"425\" height=\"425\" src=\"https:\/\/www.porex.com\/wp-content\/uploads\/2019\/08\/Printers_425x425.jpg\" alt=\"Drucker\" class=\"wp-image-3358 size-full\" srcset=\"https:\/\/www.porex.com\/wp-content\/uploads\/2019\/08\/Printers_425x425.jpg 425w, https:\/\/www.porex.com\/wp-content\/uploads\/2019\/08\/Printers_425x425-150x150.jpg 150w, https:\/\/www.porex.com\/wp-content\/uploads\/2019\/08\/Printers_425x425-300x300.jpg 300w\" sizes=\"auto, (max-width: 425px) 100vw, 425px\" \/><\/figure><div class=\"wp-block-media-text__content\">\n<h3 class=\"wp-block-heading\">Drucker<\/h3>\n\n\n\n<p>Als weltweit f\u00fchrender Anbieter von Tintenstrahl-Reservoirmedien bietet Porex eine breite Palette von Produkten f\u00fcr Drucksysteme, einschlie\u00dflich der Medien mit der h\u00f6chsten Tintenabgabe auf dem Markt sowie Optionen f\u00fcr Tintendochte, freie Tintenbe- und entl\u00fcftungen und Filter und Diffusoren f\u00fcr 3D-Drucker.<\/p>\n\n\n\n<div class=\"wp-block-button\"><a class=\"wp-block-button__link has-white-color has-green-background-color has-text-color has-background\" href=\"https:\/\/www.porex.com\/de\/markte\/elektronik\/drucker\/\">MEHR ERFAHREN<\/a><\/div>\n<\/div><\/div>\n\n\n\n<div class=\"wp-block-media-text alignwide is-stacked-on-mobile\" style=\"grid-template-columns:35% auto\"><figure class=\"wp-block-media-text__media\"><img loading=\"lazy\" decoding=\"async\" width=\"425\" height=\"425\" src=\"https:\/\/www.porex.com\/wp-content\/uploads\/2019\/08\/Sensors_425x425_1.jpg\" alt=\"Halbleiter\" class=\"wp-image-3360 size-full\" srcset=\"https:\/\/www.porex.com\/wp-content\/uploads\/2019\/08\/Sensors_425x425_1.jpg 425w, https:\/\/www.porex.com\/wp-content\/uploads\/2019\/08\/Sensors_425x425_1-150x150.jpg 150w, https:\/\/www.porex.com\/wp-content\/uploads\/2019\/08\/Sensors_425x425_1-300x300.jpg 300w\" sizes=\"auto, (max-width: 425px) 100vw, 425px\" \/><\/figure><div class=\"wp-block-media-text__content\">\n<h3 class=\"wp-block-heading\">Halbleiter<\/h3>\n\n\n\n<p>Verbessern Sie die Reinheit und Leistung von Halbleitern, indem Sie por\u00f6se L\u00f6sungen von POREX\u00ae verwenden, um sicherzustellen, dass Ihre Produkte und Prozesse den h\u00f6chsten Qualit\u00e4ts- und Leistungsstandards entsprechen. Unsere hochreinen POREX Virtek\u2122 PTFE-, PE- und PP-Produkte haben eine pr\u00e4zise Porosit\u00e4t, die konstante elektrische Eigenschaften und Flie\u00dfeigenschaften erm\u00f6glicht.<\/p>\n\n\n\n<div class=\"wp-block-button\"><a class=\"wp-block-button__link has-white-color has-green-background-color has-text-color has-background\" href=\"https:\/\/www.porex.com\/de\/markte\/elektronik\/halbleiter\/\">MEHR ERFAHREN<\/a><\/div>\n<\/div><\/div>\n\n\n\n<div class=\"wp-block-media-text alignwide is-stacked-on-mobile\" style=\"grid-template-columns:35% auto\"><figure class=\"wp-block-media-text__media\"><img loading=\"lazy\" decoding=\"async\" width=\"425\" height=\"425\" src=\"https:\/\/www.porex.com\/wp-content\/uploads\/2019\/08\/Sensor_425x425.jpg\" alt=\"Sensoren\" class=\"wp-image-3362 size-full\" srcset=\"https:\/\/www.porex.com\/wp-content\/uploads\/2019\/08\/Sensor_425x425.jpg 425w, https:\/\/www.porex.com\/wp-content\/uploads\/2019\/08\/Sensor_425x425-150x150.jpg 150w, https:\/\/www.porex.com\/wp-content\/uploads\/2019\/08\/Sensor_425x425-300x300.jpg 300w\" sizes=\"auto, (max-width: 425px) 100vw, 425px\" \/><\/figure><div class=\"wp-block-media-text__content\">\n<h3 class=\"wp-block-heading\">Sensoren<\/h3>\n\n\n\n<p>Die Verwendung von POREX-Materialien maximiert die Leistung vieler Sensoranwendungen, darunter Gasabsorption, effektive Be- und Entl\u00fcftung, pr\u00e4zise Diffusion, Aufbewahren und Aufsaugen von Elektrolyten, Katalysatorunterst\u00fctzung und reflektierende Medien. Unsere anpassbaren L\u00f6sungen f\u00fcr Sensoranwendungen k\u00f6nnen auf bestimmte Anwendungen oder Ger\u00e4te zugeschnitten und nahtlos in viele Fertigungsprozesse integriert werden.<\/p>\n\n\n\n<div class=\"wp-block-button\"><a class=\"wp-block-button__link has-white-color has-green-background-color has-text-color has-background\" href=\"https:\/\/www.porex.com\/de\/markte\/elektronik\/sensoren\/\">MEHR ERFAHREN<\/a><\/div>\n<\/div><\/div>\n\n\n\n<div class=\"wp-block-media-text alignwide is-stacked-on-mobile\" style=\"grid-template-columns:35% auto\"><figure class=\"wp-block-media-text__media\"><img loading=\"lazy\" decoding=\"async\" width=\"425\" height=\"425\" src=\"https:\/\/www.porex.com\/wp-content\/uploads\/2019\/08\/Application-1_Low-Dielectric-Material.jpg\" alt=\"Telekommunikation\" class=\"wp-image-3364 size-full\" srcset=\"https:\/\/www.porex.com\/wp-content\/uploads\/2019\/08\/Application-1_Low-Dielectric-Material.jpg 425w, https:\/\/www.porex.com\/wp-content\/uploads\/2019\/08\/Application-1_Low-Dielectric-Material-150x150.jpg 150w, https:\/\/www.porex.com\/wp-content\/uploads\/2019\/08\/Application-1_Low-Dielectric-Material-300x300.jpg 300w\" sizes=\"auto, (max-width: 425px) 100vw, 425px\" \/><\/figure><div class=\"wp-block-media-text__content\">\n<h3 class=\"wp-block-heading\">Telekommunikation<\/h3>\n\n\n\n<p>Unsere POREX\u00ae Elektroniksubstrate wurden speziell entwickelt, um Flexibilit\u00e4t und Produktfunktionalit\u00e4t zu gew\u00e4hrleisten und weisen hervorragende dielektrische Eigenschaften mit einer Dielektrizit\u00e4tskonstante von nur 1,4 auf. Unsere POREX Virtek\u2122 PTFE Materialien sind robust, verf\u00fcgen \u00fcber niedrige dielektrische Eigenschaften und eine hohe Temperaturbest\u00e4ndigkeit mit einer Oberfl\u00e4chenstruktur, die das Bedrucken oder Beschichten von Metallen erm\u00f6glicht.<\/p>\n\n\n\n<div class=\"wp-block-button\"><a class=\"wp-block-button__link has-white-color has-green-background-color has-text-color has-background\" href=\"https:\/\/www.porex.com\/de\/markte\/elektronik\/telekommunikation\/\">MEHR ERFAHREN<\/a><\/div>\n<\/div><\/div>\n","protected":false},"excerpt":{"rendered":"<p>Elektro- und Elektronikhersteller weltweit vertrauen darauf, dass Porex eine Vielzahl von Be- und Entl\u00fcftungs-, Filtrations- und Reflektivit\u00e4tsl\u00f6sungen aus por\u00f6sem Kunststoff entwickelt und herstellt.<\/p>\n","protected":false},"author":5,"featured_media":0,"parent":3446,"menu_order":4,"comment_status":"closed","ping_status":"closed","template":"","meta":{"_acf_changed":false,"footnotes":""},"class_list":["post-3369","page","type-page","status-publish","hentry"],"acf":[],"yoast_head":"<!-- This site is optimized with the Yoast SEO Premium plugin v27.3 (Yoast SEO v27.3) - https:\/\/yoast.com\/product\/yoast-seo-premium-wordpress\/ -->\n<title>OEM-Elektronikkomponenten | OEM-Elektrokomponenten | Por\u00f6se Medien f\u00fcr Elektronik<\/title>\n<meta name=\"description\" content=\"Porex ist ein bekannter OEM (Erstausr\u00fcster) von por\u00f6sen Kunststoffkomponenten, wie Batteriebe- und entl\u00fcftungen, W\u00e4rmemanagementteilen und akustischer D\u00e4mpfung.\" \/>\n<meta name=\"robots\" content=\"index, follow, max-snippet:-1, max-image-preview:large, max-video-preview:-1\" \/>\n<link rel=\"canonical\" href=\"https:\/\/www.porex.com\/de\/markte\/elektronik\/\" \/>\n<meta property=\"og:locale\" content=\"de_DE\" \/>\n<meta property=\"og:type\" content=\"article\" \/>\n<meta property=\"og:title\" content=\"Elektronik\" \/>\n<meta property=\"og:description\" content=\"Elektro- und Elektronikhersteller weltweit vertrauen darauf, dass Porex eine Vielzahl von Be- und Entl\u00fcftungs-, Filtrations- und Reflektivit\u00e4tsl\u00f6sungen\" \/>\n<meta property=\"og:url\" content=\"https:\/\/www.porex.com\/de\/markte\/elektronik\/\" \/>\n<meta property=\"og:site_name\" content=\"Porex\" \/>\n<meta property=\"article:modified_time\" content=\"2021-04-22T13:43:57+00:00\" \/>\n<meta property=\"og:image\" content=\"https:\/\/www.porex.com\/wp-content\/uploads\/2019\/08\/Acoustics_425x425.jpg\" \/>\n<meta name=\"twitter:card\" content=\"summary_large_image\" \/>\n<meta name=\"twitter:site\" content=\"@PorexCorp\" \/>\n<meta name=\"twitter:label1\" content=\"Gesch\u00e4tzte Lesezeit\" \/>\n\t<meta name=\"twitter:data1\" content=\"3 Minuten\" \/>\n<script type=\"application\/ld+json\" class=\"yoast-schema-graph\">{\"@context\":\"https:\\\/\\\/schema.org\",\"@graph\":[{\"@type\":\"WebPage\",\"@id\":\"https:\\\/\\\/www.porex.com\\\/de\\\/markte\\\/elektronik\\\/\",\"url\":\"https:\\\/\\\/www.porex.com\\\/de\\\/markte\\\/elektronik\\\/\",\"name\":\"OEM-Elektronikkomponenten | OEM-Elektrokomponenten | Por\u00f6se Medien f\u00fcr Elektronik\",\"isPartOf\":{\"@id\":\"https:\\\/\\\/www.porex.com\\\/de\\\/#website\"},\"primaryImageOfPage\":{\"@id\":\"https:\\\/\\\/www.porex.com\\\/de\\\/markte\\\/elektronik\\\/#primaryimage\"},\"image\":{\"@id\":\"https:\\\/\\\/www.porex.com\\\/de\\\/markte\\\/elektronik\\\/#primaryimage\"},\"thumbnailUrl\":\"https:\\\/\\\/www.porex.com\\\/wp-content\\\/uploads\\\/2019\\\/08\\\/Acoustics_425x425.jpg\",\"datePublished\":\"2020-01-30T20:04:35+00:00\",\"dateModified\":\"2021-04-22T13:43:57+00:00\",\"description\":\"Porex ist ein bekannter OEM (Erstausr\u00fcster) von por\u00f6sen Kunststoffkomponenten, wie Batteriebe- und entl\u00fcftungen, W\u00e4rmemanagementteilen und akustischer D\u00e4mpfung.\",\"breadcrumb\":{\"@id\":\"https:\\\/\\\/www.porex.com\\\/de\\\/markte\\\/elektronik\\\/#breadcrumb\"},\"inLanguage\":\"de-DE\",\"potentialAction\":[{\"@type\":\"ReadAction\",\"target\":[\"https:\\\/\\\/www.porex.com\\\/de\\\/markte\\\/elektronik\\\/\"]}]},{\"@type\":\"ImageObject\",\"inLanguage\":\"de-DE\",\"@id\":\"https:\\\/\\\/www.porex.com\\\/de\\\/markte\\\/elektronik\\\/#primaryimage\",\"url\":\"https:\\\/\\\/www.porex.com\\\/wp-content\\\/uploads\\\/2019\\\/08\\\/Acoustics_425x425.jpg\",\"contentUrl\":\"https:\\\/\\\/www.porex.com\\\/wp-content\\\/uploads\\\/2019\\\/08\\\/Acoustics_425x425.jpg\"},{\"@type\":\"BreadcrumbList\",\"@id\":\"https:\\\/\\\/www.porex.com\\\/de\\\/markte\\\/elektronik\\\/#breadcrumb\",\"itemListElement\":[{\"@type\":\"ListItem\",\"position\":1,\"name\":\"home\",\"item\":\"https:\\\/\\\/www.porex.com\\\/de\\\/\"},{\"@type\":\"ListItem\",\"position\":2,\"name\":\"M\u00e4rkte\",\"item\":\"https:\\\/\\\/www.porex.com\\\/de\\\/markte\\\/\"},{\"@type\":\"ListItem\",\"position\":3,\"name\":\"Elektronik\"}]},{\"@type\":\"WebSite\",\"@id\":\"https:\\\/\\\/www.porex.com\\\/de\\\/#website\",\"url\":\"https:\\\/\\\/www.porex.com\\\/de\\\/\",\"name\":\"Porex\",\"description\":\"Your Partner In Innovation\",\"publisher\":{\"@id\":\"https:\\\/\\\/www.porex.com\\\/de\\\/#organization\"},\"potentialAction\":[{\"@type\":\"SearchAction\",\"target\":{\"@type\":\"EntryPoint\",\"urlTemplate\":\"https:\\\/\\\/www.porex.com\\\/de\\\/?s={search_term_string}\"},\"query-input\":{\"@type\":\"PropertyValueSpecification\",\"valueRequired\":true,\"valueName\":\"search_term_string\"}}],\"inLanguage\":\"de-DE\"},{\"@type\":\"Organization\",\"@id\":\"https:\\\/\\\/www.porex.com\\\/de\\\/#organization\",\"name\":\"Porex Corporation\",\"url\":\"https:\\\/\\\/www.porex.com\\\/de\\\/\",\"logo\":{\"@type\":\"ImageObject\",\"inLanguage\":\"de-DE\",\"@id\":\"https:\\\/\\\/www.porex.com\\\/de\\\/#\\\/schema\\\/logo\\\/image\\\/\",\"url\":\"https:\\\/\\\/www.porex.com\\\/wp-content\\\/uploads\\\/2019\\\/05\\\/fgc-logo.png\",\"contentUrl\":\"https:\\\/\\\/www.porex.com\\\/wp-content\\\/uploads\\\/2019\\\/05\\\/fgc-logo.png\",\"width\":480,\"height\":126,\"caption\":\"Porex Corporation\"},\"image\":{\"@id\":\"https:\\\/\\\/www.porex.com\\\/de\\\/#\\\/schema\\\/logo\\\/image\\\/\"},\"sameAs\":[\"https:\\\/\\\/x.com\\\/PorexCorp\",\"https:\\\/\\\/www.linkedin.com\\\/company\\\/porex\\\/\",\"https:\\\/\\\/www.youtube.com\\\/user\\\/PorexCorporation\"],\"description\":\"Porous plastic materials manufacturer of custom components for medical devices, diagnostics, consumer and industrial products. Provides solutions for absorption, filtration, wicking, venting, diffusion and application.\",\"legalName\":\"Porex Corporation\",\"foundingDate\":\"1961-04-27\"}]}<\/script>\n<!-- \/ Yoast SEO Premium plugin. -->","yoast_head_json":{"title":"OEM-Elektronikkomponenten | OEM-Elektrokomponenten | Por\u00f6se Medien f\u00fcr Elektronik","description":"Porex ist ein bekannter OEM (Erstausr\u00fcster) von por\u00f6sen Kunststoffkomponenten, wie Batteriebe- und entl\u00fcftungen, W\u00e4rmemanagementteilen und akustischer D\u00e4mpfung.","robots":{"index":"index","follow":"follow","max-snippet":"max-snippet:-1","max-image-preview":"max-image-preview:large","max-video-preview":"max-video-preview:-1"},"canonical":"https:\/\/www.porex.com\/de\/markte\/elektronik\/","og_locale":"de_DE","og_type":"article","og_title":"Elektronik","og_description":"Elektro- und Elektronikhersteller weltweit vertrauen darauf, dass Porex eine Vielzahl von Be- und Entl\u00fcftungs-, Filtrations- und Reflektivit\u00e4tsl\u00f6sungen","og_url":"https:\/\/www.porex.com\/de\/markte\/elektronik\/","og_site_name":"Porex","article_modified_time":"2021-04-22T13:43:57+00:00","og_image":[{"url":"https:\/\/www.porex.com\/wp-content\/uploads\/2019\/08\/Acoustics_425x425.jpg","type":"","width":"","height":""}],"twitter_card":"summary_large_image","twitter_site":"@PorexCorp","twitter_misc":{"Gesch\u00e4tzte Lesezeit":"3 Minuten"},"schema":{"@context":"https:\/\/schema.org","@graph":[{"@type":"WebPage","@id":"https:\/\/www.porex.com\/de\/markte\/elektronik\/","url":"https:\/\/www.porex.com\/de\/markte\/elektronik\/","name":"OEM-Elektronikkomponenten | OEM-Elektrokomponenten | Por\u00f6se Medien f\u00fcr Elektronik","isPartOf":{"@id":"https:\/\/www.porex.com\/de\/#website"},"primaryImageOfPage":{"@id":"https:\/\/www.porex.com\/de\/markte\/elektronik\/#primaryimage"},"image":{"@id":"https:\/\/www.porex.com\/de\/markte\/elektronik\/#primaryimage"},"thumbnailUrl":"https:\/\/www.porex.com\/wp-content\/uploads\/2019\/08\/Acoustics_425x425.jpg","datePublished":"2020-01-30T20:04:35+00:00","dateModified":"2021-04-22T13:43:57+00:00","description":"Porex ist ein bekannter OEM (Erstausr\u00fcster) von por\u00f6sen Kunststoffkomponenten, wie Batteriebe- und entl\u00fcftungen, W\u00e4rmemanagementteilen und akustischer D\u00e4mpfung.","breadcrumb":{"@id":"https:\/\/www.porex.com\/de\/markte\/elektronik\/#breadcrumb"},"inLanguage":"de-DE","potentialAction":[{"@type":"ReadAction","target":["https:\/\/www.porex.com\/de\/markte\/elektronik\/"]}]},{"@type":"ImageObject","inLanguage":"de-DE","@id":"https:\/\/www.porex.com\/de\/markte\/elektronik\/#primaryimage","url":"https:\/\/www.porex.com\/wp-content\/uploads\/2019\/08\/Acoustics_425x425.jpg","contentUrl":"https:\/\/www.porex.com\/wp-content\/uploads\/2019\/08\/Acoustics_425x425.jpg"},{"@type":"BreadcrumbList","@id":"https:\/\/www.porex.com\/de\/markte\/elektronik\/#breadcrumb","itemListElement":[{"@type":"ListItem","position":1,"name":"home","item":"https:\/\/www.porex.com\/de\/"},{"@type":"ListItem","position":2,"name":"M\u00e4rkte","item":"https:\/\/www.porex.com\/de\/markte\/"},{"@type":"ListItem","position":3,"name":"Elektronik"}]},{"@type":"WebSite","@id":"https:\/\/www.porex.com\/de\/#website","url":"https:\/\/www.porex.com\/de\/","name":"Porex","description":"Your Partner In Innovation","publisher":{"@id":"https:\/\/www.porex.com\/de\/#organization"},"potentialAction":[{"@type":"SearchAction","target":{"@type":"EntryPoint","urlTemplate":"https:\/\/www.porex.com\/de\/?s={search_term_string}"},"query-input":{"@type":"PropertyValueSpecification","valueRequired":true,"valueName":"search_term_string"}}],"inLanguage":"de-DE"},{"@type":"Organization","@id":"https:\/\/www.porex.com\/de\/#organization","name":"Porex Corporation","url":"https:\/\/www.porex.com\/de\/","logo":{"@type":"ImageObject","inLanguage":"de-DE","@id":"https:\/\/www.porex.com\/de\/#\/schema\/logo\/image\/","url":"https:\/\/www.porex.com\/wp-content\/uploads\/2019\/05\/fgc-logo.png","contentUrl":"https:\/\/www.porex.com\/wp-content\/uploads\/2019\/05\/fgc-logo.png","width":480,"height":126,"caption":"Porex Corporation"},"image":{"@id":"https:\/\/www.porex.com\/de\/#\/schema\/logo\/image\/"},"sameAs":["https:\/\/x.com\/PorexCorp","https:\/\/www.linkedin.com\/company\/porex\/","https:\/\/www.youtube.com\/user\/PorexCorporation"],"description":"Porous plastic materials manufacturer of custom components for medical devices, diagnostics, consumer and industrial products. Provides solutions for absorption, filtration, wicking, venting, diffusion and application.","legalName":"Porex Corporation","foundingDate":"1961-04-27"}]}},"_links":{"self":[{"href":"https:\/\/www.porex.com\/de\/wp-json\/wp\/v2\/pages\/3369","targetHints":{"allow":["GET"]}}],"collection":[{"href":"https:\/\/www.porex.com\/de\/wp-json\/wp\/v2\/pages"}],"about":[{"href":"https:\/\/www.porex.com\/de\/wp-json\/wp\/v2\/types\/page"}],"author":[{"embeddable":true,"href":"https:\/\/www.porex.com\/de\/wp-json\/wp\/v2\/users\/5"}],"replies":[{"embeddable":true,"href":"https:\/\/www.porex.com\/de\/wp-json\/wp\/v2\/comments?post=3369"}],"version-history":[{"count":0,"href":"https:\/\/www.porex.com\/de\/wp-json\/wp\/v2\/pages\/3369\/revisions"}],"up":[{"embeddable":true,"href":"https:\/\/www.porex.com\/de\/wp-json\/wp\/v2\/pages\/3446"}],"wp:attachment":[{"href":"https:\/\/www.porex.com\/de\/wp-json\/wp\/v2\/media?parent=3369"}],"curies":[{"name":"wp","href":"https:\/\/api.w.org\/{rel}","templated":true}]}}