{"id":3387,"date":"2020-01-30T15:04:36","date_gmt":"2020-01-30T20:04:36","guid":{"rendered":"https:\/\/www.porex.com\/stellenangebote\/"},"modified":"2026-03-27T05:39:01","modified_gmt":"2026-03-27T09:39:01","slug":"stellenangebote","status":"publish","type":"page","link":"https:\/\/www.porex.com\/de\/uber-porex\/stellenangebote\/","title":{"rendered":"Stellenangebote"},"content":{"rendered":"<div><ss3-force-full-width data-overflow-x=\"body\" data-horizontal-selector=\"body\"><div class=\"n2-section-smartslider fitvidsignore \" data-ssid=\"211\" tabindex=\"0\" role=\"region\" aria-label=\"Slider\"><div id=\"n2-ss-211-align\" class=\"n2-ss-align\"><div class=\"n2-padding\"><div id=\"n2-ss-211\" data-creator=\"Smart Slider 3\" data-responsive=\"fullwidth\" class=\"n2-ss-slider n2-ow n2-has-hover n2notransition  \"><div class=\"n2-ss-slider-wrapper-outside\" style=\"grid-template-rows:1fr auto\">\n        <div class=\"n2-ss-slider-1 n2_ss__touch_element n2-ow\">\n            <div class=\"n2-ss-slider-2 n2-ow\">\n                                                <div class=\"n2-ss-slider-3 n2-ow\">\n\n                    <div class=\"n2-ss-slide-backgrounds n2-ow-all\"><div class=\"n2-ss-slide-background\" data-public-id=\"1\" data-mode=\"fill\"><div class=\"n2-ss-slide-background-image\" data-blur=\"0\" data-opacity=\"100\" data-x=\"50\" data-y=\"50\" data-alt=\"Careers with Filtration Group\" data-title=\"\"><picture class=\"skip-lazy\" data-skip-lazy=\"1\"><img decoding=\"async\" src=\"\/\/www.porex.com\/wp-content\/uploads\/2019\/09\/HR-Careers.jpg\" alt=\"Careers with Filtration Group\" title=\"\" loading=\"lazy\" class=\"skip-lazy\" data-skip-lazy=\"1\"><\/picture><\/div><div data-gradient=\"vertical\" data-color-start=\"RGBA(0,0,0,0.5)\" data-color-end=\"RGBA(0,0,0,0.5)\" style=\"background:linear-gradient(to bottom, RGBA(0,0,0,0.5) 0%,RGBA(0,0,0,0.5) 100%);\" class=\"n2-ss-slide-background-color\" data-overlay=\"1\"><\/div><\/div><\/div>                    <div class=\"n2-ss-slider-4 n2-ow\">\n                        <svg xmlns=\"http:\/\/www.w3.org\/2000\/svg\" viewBox=\"0 0 1200 400\" data-related-device=\"desktopPortrait\" class=\"n2-ow n2-ss-preserve-size n2-ss-preserve-size--slider n2-ss-slide-limiter\"><\/svg><div data-first=\"1\" data-slide-duration=\"0\" data-id=\"448\" data-slide-public-id=\"1\" data-title=\"DE-Careers\" class=\"n2-ss-slide n2-ow  n2-ss-slide-448\"><div role=\"note\" class=\"n2-ss-slide--focus\" tabindex=\"-1\">DE-Careers<\/div><div class=\"n2-ss-layers-container n2-ss-slide-limiter n2-ow\"><div class=\"n2-ss-layer n2-ow n-uc-i1pBAY0s85Ar\" data-sstype=\"slide\" data-pm=\"default\"><div class=\"n2-ss-layer n2-ow n-uc-tMntySDKsVny\" data-pm=\"default\" data-sstype=\"content\" data-hasbackground=\"0\"><div class=\"n2-ss-section-main-content n2-ss-layer-with-background n2-ss-layer-content n2-ow n-uc-tMntySDKsVny-inner\"><div class=\"n2-ss-layer n2-ow n-uc-WPyzoFrWy0vo\" data-pm=\"normal\" data-sstype=\"layer\"><h1 id=\"n2-ss-211item1\" class=\"n2-font-6b58c3a16f7e3c912465286171cea591-hover n2-style-a4a526dc80d57646887ccad1f10d967a-heading   n2-ss-item-content n2-ss-text n2-ow\" style=\"display:block;\">Mit uns eine Zukunft aufbauen<\/h1><\/div><div class=\"n2-ss-layer n2-ow n-uc-xhXEwu7nqnGP n2-ss-layer--auto\" data-pm=\"normal\" data-sstype=\"layer\"><div id=\"n2-ss-211item2\" class=\"n2-font-bea2a58672c09c3e2ac38a19618c9edd-hover   n2-ss-item-content n2-ss-text n2-ow\" style=\"display:inline-block;\">_______<\/div><\/div><\/div><\/div><\/div><\/div><\/div>                    <\/div>\n\n                                    <\/div>\n            <\/div>\n        <\/div>\n        <\/div><\/div><ss3-loader><\/ss3-loader><\/div><\/div><div class=\"n2_clear\"><\/div><\/div><\/ss3-force-full-width><\/div>\n\n\n<div style=\"height:20px\" aria-hidden=\"true\" class=\"wp-block-spacer\"><\/div>\n\n\n\n<p style=\"font-size:19px\"><strong>Sind Sie bereit, uns dabei zu helfen, die Welt sicherer, ges\u00fcnder und produktiver zu machen?<\/strong><\/p>\n\n\n\n<p>Als Beispiel f\u00fcr Absorptionsl\u00f6sungen bietet Porex Herstellern von Verbandsmitteln f\u00fcr die Wundversorgung fortschrittliche Verbandsl\u00f6sungen, die ein h\u00f6heres Absorptionsverm\u00f6gen, eine h\u00f6here Rei\u00dffestigkeit und eine hohe Fl\u00fcssigkeitsspeicherung bei Kompression aufweisen, ohne dabei Kompromisse bei Weichheit und Komfort einzugehen. Unser medizinisches Schaumstoff-Faser-Hybridmaterial verf\u00fcgt \u00fcber ein Faservlies in einer superweichen hydrophilen Schaumstoffmatrix.  Unsere L\u00f6sung erh\u00f6ht die Saugf\u00e4higkeit extrem und verbessert gleichzeitig die Gesamtleistung und den Komfort. Sie bietet eine ideale Absorptionsl\u00f6sung f\u00fcr kritische medizinische Anwendungen, die eine schnellere Heilung von akuten und chronischen Wunden erm\u00f6glicht.<\/p>\n\n\n\n<p>Innovatives Denken, strategische F\u00fchrung und aktive Zusammenarbeit f\u00f6rdern unsere Mitarbeiter bei Porex. Als Teil der Filtration Group verpflichten wir uns, eine vielf\u00e4ltige Belegschaft zu f\u00f6rdern, die von Entdeckungen lebt und leidenschaftlich L\u00f6sungen entwickelt, die die Welt sicherer, ges\u00fcnder und produktiver machen.<\/p>\n\n\n\n<p>Jeder Mitarbeiter von Porex verf\u00fcgt \u00fcber eine globale Pr\u00e4senz und erstklassige technische und fertigungstechnische F\u00e4higkeiten und tr\u00e4gt entscheidend dazu bei, Innovationen voranzutreiben und hochwertige por\u00f6se L\u00f6sungen f\u00fcr ein breites Anwendungsspektrum in den Bereichen Biowissenschaften, Industrie und Konsumg\u00fcter bereitzustellen. Unsere kreativen, motivierten Teams bieten den wichtigsten Akteuren der Branche einen hervorragenden Kundenservice sowie die F\u00e4higkeiten und das Know-how, um ihre Produkte zum Leben zu erwecken. Wir haben uns verpflichtet, eine auf Vertrauen basierende Unternehmenskultur aufrechtzuerhalten, in der unsere F\u00fchrungskr\u00e4fte einen starken Hang zum Handeln aufweisen.&nbsp;<\/p>\n\n\n\n<h4 class=\"wp-block-heading\" id=\"h-weltweite-stellenangebote\">Weltweite Stellenangebote<\/h4>\n\n\n\n<p>Wir suchen motivierte Menschen, die sich durch ihre Leistungen auszeichnen und sich in einem herausfordernden Umfeld mit Werten, die mit unserer Kultur in Einklang stehen, weiterentwickeln wollen. Wir laden Sie ein, die offenen Stellen an unseren weltweiten Standorten zu erkunden und sich unserer Mission anzuschlie\u00dfen, die Welt sicherer, ges\u00fcnder und produktiver zu machen.<\/p>\n\n\n\n<div style=\"height:17px\" aria-hidden=\"true\" class=\"wp-block-spacer\"><\/div>\n\n\n\n<h2 class=\"wp-block-heading\" id=\"h-sehen-sie-sich-unsere-stellenangebote-in-deutschland-an\" style=\"font-size:25px\"><strong>Sehen Sie sich unsere Stellenangebote in Deutschland an:<\/strong><\/h2>\n\n\n\n<p><\/p>\n\n\n\n<div style=\"height:20px\" aria-hidden=\"true\" class=\"wp-block-spacer\"><\/div>\n\n\n\n<h3 class=\"wp-block-heading\" id=\"h-am-standort-in-singwitz-bei-bautzen-dresden\" style=\"font-size:22px\">Am Standort in Singwitz, bei Bautzen\/ Dresden:<\/h3>\n\n\n\n<p><a href=\"https:\/\/www.porex.com\/de\/uber-porex\/stellenangebote\/ferienarbeiter-aushilfen-m-w-d\/\">Aushilfe (m\/w\/d) auf Minijob-Basis<\/a><\/p>\n\n\n\n<p><a href=\"https:\/\/www.porex.com\/de\/uber-porex\/stellenangebote\/ausbildung-zum-industriemechaniker-m-w-d-2\/\" target=\"_blank\" rel=\"noreferrer noopener\">Auszubildende (m\/w\/d) zum Industriemechaniker<\/a><\/p>\n\n\n\n<p><a href=\"https:\/\/www.porex.com\/de\/uber-porex\/stellenangebote\/ausbildung-zum-werkzeugmechaniker-m-w-d-2\/\" target=\"_blank\" rel=\"noreferrer noopener\">Auszubildende (m\/w\/d) zum Werkzeugmechaniker<\/a><\/p>\n\n\n\n<p><a href=\"https:\/\/www.porex.com\/de\/uber-porex\/stellenangebote\/operator-mitarbeiter-production-support-m-w-d-in-vollzeit\/\" target=\"_blank\" rel=\"noreferrer noopener\">Operator \/ Mitarbeiter Production Support (m\/w\/d) in Vollzeit<\/a><\/p>\n\n\n\n<p><a href=\"https:\/\/www.porex.com\/de\/uber-porex\/stellenangebote\/qualitaetsingenieur-m-w-d-in-vollzeit\/\" target=\"_blank\" rel=\"noreferrer noopener\">Qualit\u00e4tsingenieur (m\/w\/d) in Vollzeit<\/a><\/p>\n\n\n\n<p><a href=\"https:\/\/www.porex.com\/de\/uber-porex\/stellenangebote\/werkzeugkonstrukteur-m-w-d-in-teil-vollzeit\/\" target=\"_blank\" rel=\"noreferrer noopener\">Werkzeugkonstrukteur (m\/w\/d) in Teil-\/ Vollzeit<\/a><\/p>\n\n\n\n<div style=\"height:20px\" aria-hidden=\"true\" class=\"wp-block-spacer\"><\/div>\n\n\n\n<h3 class=\"wp-block-heading\" id=\"h-am-standort-in-reinbek\" style=\"font-size:22px\">Am Standort in Reinbek:<\/h3>\n\n\n\n<div style=\"height:0px\" aria-hidden=\"true\" class=\"wp-block-spacer\"><\/div>\n\n\n\n<p><a href=\"https:\/\/www.porex.com\/de\/uber-porex\/stellenangebote\/maschinenbediener-mitarbeiter-produktion-m-w-d-in-vollzeit\/\">Maschinenbediener \/ Mitarbeiter Produktion (m\/w\/d) in Vollzeit<\/a><\/p>\n\n\n\n<p><a href=\"https:\/\/www.porex.com\/de\/uber-porex\/stellenangebote\/einrichter-fuer-maschinen-anlagen-in-der-produktion-m-w-d-in-vollzeit\/\">Einrichter f\u00fcr Maschinen \/ Anlagen in der Produktion (m\/w\/d) in Vollzeit<\/a><\/p>\n\n\n\n<p><a href=\"https:\/\/www.porex.com\/de\/uber-porex\/stellenangebote\/production-supervisor-m-w-d-in-vollzeit\/\">Production Supervisor (m\/w\/d) in Vollzeit<\/a><\/p>\n\n\n\n<p><\/p>\n\n\n\n<p><\/p>\n\n\n\n<p><\/p>\n\n\n\n<p><\/p>\n\n\n\n<p><\/p>\n\n\n\n<p><\/p>\n\n\n\n<p><\/p>\n\n\n\n<p><\/p>\n\n\n\n<p><\/p>\n\n\n\n<p><\/p>\n\n\n\n<p><\/p>\n\n\n\n<div style=\"height:20px\" aria-hidden=\"true\" class=\"wp-block-spacer\"><\/div>\n\n\n\n<div class=\"wp-block-columns has-2-columns is-layout-flex wp-container-core-columns-is-layout-9d6595d7 wp-block-columns-is-layout-flex\">\n<div class=\"wp-block-column btn-half-width is-layout-flow wp-block-column-is-layout-flow\">\n<div class=\"wp-block-button has-custom-width wp-block-button__width-50 btn-half-width\"><a class=\"wp-block-button__link has-white-color has-blue-background-color has-text-color has-background wp-element-button\" href=\"https:\/\/www.linkedin.com\/jobs\/search\/?locationId=OTHERS%2Eworldwide&amp;f_C=691913%2C943538%2C434777%2C1113726%2C576810%2C1008282%2C2039640%2C2061571%2C3048315%2C126524%2C1105210%2C73974&amp;trk=companyTopCard_top-card-button\" target=\"_blank\" rel=\"noreferrer noopener\">  Sehen Sie sich unsere internationalen Stellenangebote an <\/a><\/div>\n<\/div>\n<\/div>\n","protected":false},"excerpt":{"rendered":"<p>Sind Sie bereit, uns dabei zu helfen, die Welt sicherer, ges\u00fcnder und produktiver zu machen? Als Beispiel f\u00fcr Absorptionsl\u00f6sungen bietet Porex Herstellern von Verbandsmitteln f\u00fcr die Wundversorgung fortschrittliche Verbandsl\u00f6sungen, die ein h\u00f6heres Absorptionsverm\u00f6gen, eine h\u00f6here Rei\u00dffestigkeit und eine hohe Fl\u00fcssigkeitsspeicherung bei Kompression aufweisen, ohne dabei Kompromisse bei Weichheit und Komfort einzugehen. Unser medizinisches Schaumstoff-Faser-Hybridmaterial verf\u00fcgt [&hellip;]<\/p>\n","protected":false},"author":5,"featured_media":0,"parent":3434,"menu_order":3,"comment_status":"closed","ping_status":"closed","template":"","meta":{"_acf_changed":false,"footnotes":""},"class_list":["post-3387","page","type-page","status-publish","hentry"],"acf":[],"yoast_head":"<!-- This site is optimized with the Yoast SEO Premium plugin v27.1 (Yoast SEO v27.1.1) - https:\/\/yoast.com\/product\/yoast-seo-premium-wordpress\/ -->\n<title>Stellenangebote bei Porex - Porex<\/title>\n<meta name=\"description\" content=\"Porex bietet Arbeitsplatz- und Karrierem\u00f6glichkeiten f\u00fcr talentierte und qualifizierte Arbeitskr\u00e4fte in einem breiten Spektrum an professionellen Positionen an.\" \/>\n<meta name=\"robots\" content=\"index, follow, max-snippet:-1, max-image-preview:large, max-video-preview:-1\" \/>\n<link rel=\"canonical\" href=\"https:\/\/www.porex.com\/de\/uber-porex\/stellenangebote\/\" \/>\n<meta property=\"og:locale\" content=\"de_DE\" \/>\n<meta property=\"og:type\" content=\"article\" \/>\n<meta property=\"og:title\" content=\"Stellenangebote\" \/>\n<meta property=\"og:description\" content=\"Sind Sie bereit, uns dabei zu helfen, die Welt sicherer, ges\u00fcnder und produktiver zu machen? Als Beispiel f\u00fcr Absorptionsl\u00f6sungen bietet Porex Herstellern\" \/>\n<meta property=\"og:url\" content=\"https:\/\/www.porex.com\/de\/uber-porex\/stellenangebote\/\" \/>\n<meta property=\"og:site_name\" content=\"Porex\" \/>\n<meta property=\"article:modified_time\" content=\"2026-03-27T09:39:01+00:00\" \/>\n<meta name=\"twitter:card\" content=\"summary_large_image\" \/>\n<meta name=\"twitter:site\" content=\"@PorexCorp\" \/>\n<meta name=\"twitter:label1\" content=\"Gesch\u00e4tzte Lesezeit\" \/>\n\t<meta name=\"twitter:data1\" content=\"2 Minuten\" \/>\n<script type=\"application\/ld+json\" class=\"yoast-schema-graph\">{\"@context\":\"https:\/\/schema.org\",\"@graph\":[{\"@type\":\"WebPage\",\"@id\":\"https:\/\/www.porex.com\/de\/uber-porex\/stellenangebote\/\",\"url\":\"https:\/\/www.porex.com\/de\/uber-porex\/stellenangebote\/\",\"name\":\"Stellenangebote bei Porex - Porex\",\"isPartOf\":{\"@id\":\"https:\/\/www.porex.com\/de\/#website\"},\"datePublished\":\"2020-01-30T20:04:36+00:00\",\"dateModified\":\"2026-03-27T09:39:01+00:00\",\"description\":\"Porex bietet Arbeitsplatz- und Karrierem\u00f6glichkeiten f\u00fcr talentierte und qualifizierte Arbeitskr\u00e4fte in einem breiten Spektrum an professionellen Positionen an.\",\"breadcrumb\":{\"@id\":\"https:\/\/www.porex.com\/de\/uber-porex\/stellenangebote\/#breadcrumb\"},\"inLanguage\":\"de-DE\",\"potentialAction\":[{\"@type\":\"ReadAction\",\"target\":[\"https:\/\/www.porex.com\/de\/uber-porex\/stellenangebote\/\"]}]},{\"@type\":\"BreadcrumbList\",\"@id\":\"https:\/\/www.porex.com\/de\/uber-porex\/stellenangebote\/#breadcrumb\",\"itemListElement\":[{\"@type\":\"ListItem\",\"position\":1,\"name\":\"home\",\"item\":\"https:\/\/www.porex.com\/de\/\"},{\"@type\":\"ListItem\",\"position\":2,\"name\":\"\u00dcber Porex\",\"item\":\"https:\/\/www.porex.com\/de\/uber-porex\/\"},{\"@type\":\"ListItem\",\"position\":3,\"name\":\"Stellenangebote\"}]},{\"@type\":\"WebSite\",\"@id\":\"https:\/\/www.porex.com\/de\/#website\",\"url\":\"https:\/\/www.porex.com\/de\/\",\"name\":\"Porex\",\"description\":\"Your Partner In Innovation\",\"publisher\":{\"@id\":\"https:\/\/www.porex.com\/de\/#organization\"},\"potentialAction\":[{\"@type\":\"SearchAction\",\"target\":{\"@type\":\"EntryPoint\",\"urlTemplate\":\"https:\/\/www.porex.com\/de\/?s={search_term_string}\"},\"query-input\":{\"@type\":\"PropertyValueSpecification\",\"valueRequired\":true,\"valueName\":\"search_term_string\"}}],\"inLanguage\":\"de-DE\"},{\"@type\":\"Organization\",\"@id\":\"https:\/\/www.porex.com\/de\/#organization\",\"name\":\"Porex Corporation\",\"url\":\"https:\/\/www.porex.com\/de\/\",\"logo\":{\"@type\":\"ImageObject\",\"inLanguage\":\"de-DE\",\"@id\":\"https:\/\/www.porex.com\/de\/#\/schema\/logo\/image\/\",\"url\":\"https:\/\/www.porex.com\/wp-content\/uploads\/2019\/05\/fgc-logo.png\",\"contentUrl\":\"https:\/\/www.porex.com\/wp-content\/uploads\/2019\/05\/fgc-logo.png\",\"width\":480,\"height\":126,\"caption\":\"Porex Corporation\"},\"image\":{\"@id\":\"https:\/\/www.porex.com\/de\/#\/schema\/logo\/image\/\"},\"sameAs\":[\"https:\/\/x.com\/PorexCorp\",\"https:\/\/www.linkedin.com\/company\/porex\/\",\"https:\/\/www.youtube.com\/user\/PorexCorporation\"],\"description\":\"Porous plastic materials manufacturer of custom components for medical devices, diagnostics, consumer and industrial products. Provides solutions for absorption, filtration, wicking, venting, diffusion and application.\",\"legalName\":\"Porex Corporation\",\"foundingDate\":\"1961-04-27\"}]}<\/script>\n<!-- \/ Yoast SEO Premium plugin. -->","yoast_head_json":{"title":"Stellenangebote bei Porex - Porex","description":"Porex bietet Arbeitsplatz- und Karrierem\u00f6glichkeiten f\u00fcr talentierte und qualifizierte Arbeitskr\u00e4fte in einem breiten Spektrum an professionellen Positionen an.","robots":{"index":"index","follow":"follow","max-snippet":"max-snippet:-1","max-image-preview":"max-image-preview:large","max-video-preview":"max-video-preview:-1"},"canonical":"https:\/\/www.porex.com\/de\/uber-porex\/stellenangebote\/","og_locale":"de_DE","og_type":"article","og_title":"Stellenangebote","og_description":"Sind Sie bereit, uns dabei zu helfen, die Welt sicherer, ges\u00fcnder und produktiver zu machen? Als Beispiel f\u00fcr Absorptionsl\u00f6sungen bietet Porex Herstellern","og_url":"https:\/\/www.porex.com\/de\/uber-porex\/stellenangebote\/","og_site_name":"Porex","article_modified_time":"2026-03-27T09:39:01+00:00","twitter_card":"summary_large_image","twitter_site":"@PorexCorp","twitter_misc":{"Gesch\u00e4tzte Lesezeit":"2 Minuten"},"schema":{"@context":"https:\/\/schema.org","@graph":[{"@type":"WebPage","@id":"https:\/\/www.porex.com\/de\/uber-porex\/stellenangebote\/","url":"https:\/\/www.porex.com\/de\/uber-porex\/stellenangebote\/","name":"Stellenangebote bei Porex - Porex","isPartOf":{"@id":"https:\/\/www.porex.com\/de\/#website"},"datePublished":"2020-01-30T20:04:36+00:00","dateModified":"2026-03-27T09:39:01+00:00","description":"Porex bietet Arbeitsplatz- und Karrierem\u00f6glichkeiten f\u00fcr talentierte und qualifizierte Arbeitskr\u00e4fte in einem breiten Spektrum an professionellen Positionen an.","breadcrumb":{"@id":"https:\/\/www.porex.com\/de\/uber-porex\/stellenangebote\/#breadcrumb"},"inLanguage":"de-DE","potentialAction":[{"@type":"ReadAction","target":["https:\/\/www.porex.com\/de\/uber-porex\/stellenangebote\/"]}]},{"@type":"BreadcrumbList","@id":"https:\/\/www.porex.com\/de\/uber-porex\/stellenangebote\/#breadcrumb","itemListElement":[{"@type":"ListItem","position":1,"name":"home","item":"https:\/\/www.porex.com\/de\/"},{"@type":"ListItem","position":2,"name":"\u00dcber Porex","item":"https:\/\/www.porex.com\/de\/uber-porex\/"},{"@type":"ListItem","position":3,"name":"Stellenangebote"}]},{"@type":"WebSite","@id":"https:\/\/www.porex.com\/de\/#website","url":"https:\/\/www.porex.com\/de\/","name":"Porex","description":"Your Partner In Innovation","publisher":{"@id":"https:\/\/www.porex.com\/de\/#organization"},"potentialAction":[{"@type":"SearchAction","target":{"@type":"EntryPoint","urlTemplate":"https:\/\/www.porex.com\/de\/?s={search_term_string}"},"query-input":{"@type":"PropertyValueSpecification","valueRequired":true,"valueName":"search_term_string"}}],"inLanguage":"de-DE"},{"@type":"Organization","@id":"https:\/\/www.porex.com\/de\/#organization","name":"Porex Corporation","url":"https:\/\/www.porex.com\/de\/","logo":{"@type":"ImageObject","inLanguage":"de-DE","@id":"https:\/\/www.porex.com\/de\/#\/schema\/logo\/image\/","url":"https:\/\/www.porex.com\/wp-content\/uploads\/2019\/05\/fgc-logo.png","contentUrl":"https:\/\/www.porex.com\/wp-content\/uploads\/2019\/05\/fgc-logo.png","width":480,"height":126,"caption":"Porex Corporation"},"image":{"@id":"https:\/\/www.porex.com\/de\/#\/schema\/logo\/image\/"},"sameAs":["https:\/\/x.com\/PorexCorp","https:\/\/www.linkedin.com\/company\/porex\/","https:\/\/www.youtube.com\/user\/PorexCorporation"],"description":"Porous plastic materials manufacturer of custom components for medical devices, diagnostics, consumer and industrial products. Provides solutions for absorption, filtration, wicking, venting, diffusion and application.","legalName":"Porex Corporation","foundingDate":"1961-04-27"}]}},"_links":{"self":[{"href":"https:\/\/www.porex.com\/de\/wp-json\/wp\/v2\/pages\/3387","targetHints":{"allow":["GET"]}}],"collection":[{"href":"https:\/\/www.porex.com\/de\/wp-json\/wp\/v2\/pages"}],"about":[{"href":"https:\/\/www.porex.com\/de\/wp-json\/wp\/v2\/types\/page"}],"author":[{"embeddable":true,"href":"https:\/\/www.porex.com\/de\/wp-json\/wp\/v2\/users\/5"}],"replies":[{"embeddable":true,"href":"https:\/\/www.porex.com\/de\/wp-json\/wp\/v2\/comments?post=3387"}],"version-history":[{"count":3,"href":"https:\/\/www.porex.com\/de\/wp-json\/wp\/v2\/pages\/3387\/revisions"}],"predecessor-version":[{"id":40613,"href":"https:\/\/www.porex.com\/de\/wp-json\/wp\/v2\/pages\/3387\/revisions\/40613"}],"up":[{"embeddable":true,"href":"https:\/\/www.porex.com\/de\/wp-json\/wp\/v2\/pages\/3434"}],"wp:attachment":[{"href":"https:\/\/www.porex.com\/de\/wp-json\/wp\/v2\/media?parent=3387"}],"curies":[{"name":"wp","href":"https:\/\/api.w.org\/{rel}","templated":true}]}}