{"id":3390,"date":"2020-01-30T15:04:37","date_gmt":"2020-01-30T20:04:37","guid":{"rendered":"https:\/\/www.porex.com\/analytische-wissenschaften\/"},"modified":"2023-09-18T11:38:43","modified_gmt":"2023-09-18T15:38:43","slug":"analytische-wissenschaften","status":"publish","type":"page","link":"https:\/\/www.porex.com\/de\/markte\/analytische-wissenschaften\/","title":{"rendered":"Analytische Wissenschaften"},"content":{"rendered":"<div><ss3-force-full-width data-overflow-x=\"body\" data-horizontal-selector=\"body\"><div class=\"n2-section-smartslider fitvidsignore \" data-ssid=\"199\" tabindex=\"0\" role=\"region\" aria-label=\"Slider\"><div id=\"n2-ss-199-align\" class=\"n2-ss-align\"><div class=\"n2-padding\"><div id=\"n2-ss-199\" data-creator=\"Smart Slider 3\" data-responsive=\"fullwidth\" class=\"n2-ss-slider n2-ow n2-has-hover n2notransition  \">\n\n\n\n<div class=\"n2-ss-slider-wrapper-outside\" style=\"grid-template-rows:1fr auto\">\n        <div class=\"n2-ss-slider-1 n2_ss__touch_element n2-ow\">\n            <div class=\"n2-ss-slider-2 n2-ow\">\n                                                <div class=\"n2-ss-slider-3 n2-ow\">\n\n                    <div class=\"n2-ss-slide-backgrounds n2-ow-all\"><div class=\"n2-ss-slide-background\" data-public-id=\"1\" data-mode=\"fill\"><div class=\"n2-ss-slide-background-image\" data-blur=\"0\" data-opacity=\"100\" data-x=\"50\" data-y=\"50\" data-alt=\"Analytical &amp; Scientific\" data-title=\"\"><picture class=\"skip-lazy\" data-skip-lazy=\"1\"><img decoding=\"async\" src=\"\/\/www.porex.com\/wp-content\/uploads\/2019\/08\/AnalyticalScience2_2500x400.jpg\" alt=\"Analytical &amp; Scientific\" title=\"\" loading=\"lazy\" class=\"skip-lazy\" data-skip-lazy=\"1\"><\/picture><\/div><div data-gradient=\"vertical\" data-color-start=\"RGBA(0,0,0,0.5)\" data-color-end=\"RGBA(0,0,0,0.5)\" style=\"background:linear-gradient(to bottom, RGBA(0,0,0,0.5) 0%,RGBA(0,0,0,0.5) 100%);\" class=\"n2-ss-slide-background-color\" data-overlay=\"1\"><\/div><\/div><div class=\"n2-ss-slide-background\" data-public-id=\"2\" data-mode=\"fill\" aria-hidden=\"true\"><div class=\"n2-ss-slide-background-image\" data-blur=\"0\" data-opacity=\"100\" data-x=\"50\" data-y=\"50\" data-alt=\"Analytical &amp; Scientific\" data-title=\"\"><picture class=\"skip-lazy\" data-skip-lazy=\"1\"><img decoding=\"async\" src=\"\/\/www.porex.com\/wp-content\/uploads\/2019\/08\/AnalyticalScience1_2500x400.jpg\" alt=\"Analytical &amp; Scientific\" title=\"\" loading=\"lazy\" class=\"skip-lazy\" data-skip-lazy=\"1\"><\/picture><\/div><div data-gradient=\"vertical\" data-color-start=\"RGBA(0,0,0,0.5)\" data-color-end=\"RGBA(0,0,0,0.5)\" style=\"background:linear-gradient(to bottom, RGBA(0,0,0,0.5) 0%,RGBA(0,0,0,0.5) 100%);\" class=\"n2-ss-slide-background-color\" data-overlay=\"1\"><\/div><\/div><\/div>                    <div class=\"n2-ss-slider-4 n2-ow\">\n                        <svg xmlns=\"http:\/\/www.w3.org\/2000\/svg\" viewBox=\"0 0 1200 400\" data-related-device=\"desktopPortrait\" class=\"n2-ow n2-ss-preserve-size n2-ss-preserve-size--slider n2-ss-slide-limiter\"><\/svg><div data-first=\"1\" data-slide-duration=\"0\" data-id=\"428\" data-slide-public-id=\"1\" data-title=\"DE-Analytical Science\" class=\"n2-ss-slide n2-ow  n2-ss-slide-428\"><div role=\"note\" class=\"n2-ss-slide--focus\" tabindex=\"-1\">DE-Analytical Science<\/div><div class=\"n2-ss-layers-container n2-ss-slide-limiter n2-ow\"><div class=\"n2-ss-layer n2-ow n-uc-taTrBmqoUTMw\" data-sstype=\"slide\" data-pm=\"default\"><div class=\"n2-ss-layer n2-ow n-uc-sQ3UMqBeYKHb\" data-pm=\"default\" data-sstype=\"content\" data-hasbackground=\"0\"><div class=\"n2-ss-section-main-content n2-ss-layer-with-background n2-ss-layer-content n2-ow n-uc-sQ3UMqBeYKHb-inner\"><div class=\"n2-ss-layer n2-ow n-uc-uRBhr2Qp3g6s\" data-pm=\"normal\" data-sstype=\"layer\"><h1 id=\"n2-ss-199item1\" class=\"n2-font-6b58c3a16f7e3c912465286171cea591-hover n2-style-a4a526dc80d57646887ccad1f10d967a-heading   n2-ss-item-content n2-ss-text n2-ow\" style=\"display:block;\">Analytische Wissenschaften<\/h1><\/div><div class=\"n2-ss-layer n2-ow n-uc-zuanawjhiiYM n2-ss-layer--auto\" data-pm=\"normal\" data-sstype=\"layer\"><div id=\"n2-ss-199item2\" class=\"n2-font-bea2a58672c09c3e2ac38a19618c9edd-hover   n2-ss-item-content n2-ss-text n2-ow\" style=\"display:inline-block;\">_______<\/div><\/div><div class=\"n2-ss-layer n2-ow n-uc-pAPx9TutwCbL n2-ss-layer--auto\" data-pm=\"normal\" data-sstype=\"layer\"><div id=\"n2-ss-199item3\" class=\"n2-font-a24e1fa6f78c29450015c75dc722ac27-hover   n2-ss-item-content n2-ss-text n2-ow\" style=\"display:inline-block;\">Verbessern Sie Ihre Wissenschaft und Testergebnisse mit reinen Materialien<\/div><\/div><\/div><\/div><\/div><\/div><\/div><div data-slide-duration=\"0\" data-id=\"429\" data-slide-public-id=\"2\" aria-hidden=\"true\" data-title=\"DE-Analytical Science1\" class=\"n2-ss-slide n2-ow  n2-ss-slide-429\"><div role=\"note\" class=\"n2-ss-slide--focus\" tabindex=\"-1\">DE-Analytical Science1<\/div><div class=\"n2-ss-layers-container n2-ss-slide-limiter n2-ow\"><div class=\"n2-ss-layer n2-ow n-uc-obEG0xFRTTeA\" data-sstype=\"slide\" data-pm=\"default\"><div class=\"n2-ss-layer n2-ow n-uc-Cp8QPjide2l6\" data-pm=\"default\" data-sstype=\"content\" data-hasbackground=\"0\"><div class=\"n2-ss-section-main-content n2-ss-layer-with-background n2-ss-layer-content n2-ow n-uc-Cp8QPjide2l6-inner\"><div class=\"n2-ss-layer n2-ow n-uc-LSrSXKrMGOyI\" data-pm=\"normal\" data-sstype=\"layer\"><div id=\"n2-ss-199item4\" class=\"n2-font-6b58c3a16f7e3c912465286171cea591-hover n2-style-a4a526dc80d57646887ccad1f10d967a-heading   n2-ss-item-content n2-ss-text n2-ow\" style=\"display:block;\">Analytische Wissenschaften<\/div><\/div><div class=\"n2-ss-layer n2-ow n-uc-UHOr0yhwfkif n2-ss-layer--auto\" data-pm=\"normal\" data-sstype=\"layer\"><div id=\"n2-ss-199item5\" class=\"n2-font-bea2a58672c09c3e2ac38a19618c9edd-hover   n2-ss-item-content n2-ss-text n2-ow\" style=\"display:inline-block;\">_______<\/div><\/div><div class=\"n2-ss-layer n2-ow n-uc-p8B0Rm3a60qC n2-ss-layer--auto\" data-pm=\"normal\" data-sstype=\"layer\"><div id=\"n2-ss-199item6\" class=\"n2-font-a24e1fa6f78c29450015c75dc722ac27-hover   n2-ss-item-content n2-ss-text n2-ow\" style=\"display:inline-block;\">Verbessern Sie Ihre Wissenschaft und Testergebnisse mit reinen Materialien<\/div><\/div><\/div><\/div><\/div><\/div><\/div>                    <\/div>\n\n                                    <\/div>\n            <\/div>\n        <\/div>\n        <div class=\"n2-ss-slider-controls n2-ss-slider-controls-below\"><div style=\"--widget-offset:10px;\" class=\"n2-ss-widget n2-ss-control-bullet n2-ow-all n2-ss-control-bullet-horizontal\"><div class=\" nextend-bullet-bar n2-bar-justify-content-center\" role=\"group\" aria-label=\"Choose slide to display.\"><div class=\"n2-bullet n2-style-c0fe1c7a37b7b7c3cb83a8d1cde6e7ce-dot \" style=\"visibility:hidden;\"><\/div><\/div><\/div><\/div><\/div><\/div><ss3-loader><\/ss3-loader><\/div><\/div><div class=\"n2_clear\"><\/div><\/div><\/ss3-force-full-width><\/div>\n\n\n<p class=\"has-text-align-left\">F\u00fcr maximale Leistung, Reinheit und Genauigkeit kombinieren unsere CERTIFIED PURE POREX<sup>\u00ae<\/sup>&nbsp;L\u00f6sungen unsere einzigartige Materialkompetenz in den Bereichen Filtration, Dochtwirkung und Be- und Entl\u00fcftung mit firmeneigenen und patentierten Technologien, um fortschrittliche L\u00f6sungen f\u00fcr die anspruchsvollen analytischen Anwendungen von heute zu liefern. <\/p>\n\n\n\n<div class=\"wp-block-media-text alignwide is-stacked-on-mobile\" style=\"grid-template-columns:31% auto\"><figure class=\"wp-block-media-text__media\"><img loading=\"lazy\" decoding=\"async\" width=\"425\" height=\"425\" src=\"https:\/\/www.porex.com\/wp-content\/uploads\/2019\/08\/TipPipettes-1.jpg\" alt=\"Analytische Anwendungen\" class=\"wp-image-361 size-full\" srcset=\"https:\/\/www.porex.com\/wp-content\/uploads\/2019\/08\/TipPipettes-1.jpg 425w, https:\/\/www.porex.com\/wp-content\/uploads\/2019\/08\/TipPipettes-1-150x150.jpg 150w, https:\/\/www.porex.com\/wp-content\/uploads\/2019\/08\/TipPipettes-1-300x300.jpg 300w\" sizes=\"auto, (max-width: 425px) 100vw, 425px\" \/><\/figure><div class=\"wp-block-media-text__content\">\n<h3 class=\"wp-block-heading\">Liquid- und Probenhandling<\/h3>\n\n\n\n<p> Hersteller von Pipetten und Instrumenten auf der ganzen Welt entscheiden sich bei ihren Konstruktionsl\u00f6sungen f\u00fcr POREX\u00ae Pipettenspitzen-, Serologie- und ESR-Filter, um Reinheit zu gew\u00e4hrleisten und den Aerosol-Nebenfluss, die Probenverschleppung und die \u00dcbertragung von wasserbasierter Fl\u00fcssigkeit aus den Proben an Ger\u00e4te und Instrumente zu verhindern. <\/p>\n\n\n\n<div class=\"wp-block-button\"><a class=\"wp-block-button__link has-white-color has-green-background-color has-text-color has-background wp-element-button\" href=\"https:\/\/www.porex.com\/de\/markte\/analytische-wissenschaften\/liquid-probenhandling\/\">MEHR ERFAHREN<\/a><\/div>\n<\/div><\/div>\n\n\n\n<div class=\"wp-block-media-text alignwide is-stacked-on-mobile\" style=\"grid-template-columns:31% auto\"><figure class=\"wp-block-media-text__media\"><img loading=\"lazy\" decoding=\"async\" width=\"425\" height=\"425\" src=\"https:\/\/www.porex.com\/wp-content\/uploads\/2019\/08\/Application-3_Affinity-Filters-and-Supports-1-1.jpg\" alt=\"Analytical &amp; Chromatography\" class=\"wp-image-365 size-full\" srcset=\"https:\/\/www.porex.com\/wp-content\/uploads\/2019\/08\/Application-3_Affinity-Filters-and-Supports-1-1.jpg 425w, https:\/\/www.porex.com\/wp-content\/uploads\/2019\/08\/Application-3_Affinity-Filters-and-Supports-1-1-150x150.jpg 150w, https:\/\/www.porex.com\/wp-content\/uploads\/2019\/08\/Application-3_Affinity-Filters-and-Supports-1-1-300x300.jpg 300w\" sizes=\"auto, (max-width: 425px) 100vw, 425px\" \/><\/figure><div class=\"wp-block-media-text__content\">\n<h3 class=\"wp-block-heading\">Chromatographie<\/h3>\n\n\n\n<p>\n\nPorex ist bekannt f\u00fcr seine F\u00fchrungsposition und seine innovativen L\u00f6sungen und bringt umfangreiche Erfahrungen in die Entwicklung und Herstellung por\u00f6ser Medien und Materialien ein, die f\u00fcr eine Vielzahl von Chromatographieanwendungen ma\u00dfgeschneidert werden k\u00f6nnen, einschlie\u00dflich Fritten mit Festphasenextraktion (SPE) f\u00fcr die Chromatographie, Automationsfilter mit hoher Durchsatzleistung, Affinit\u00e4tsfilter und -tr\u00e4ger, Dissolutionsfilter sowie Filter und Medien f\u00fcr die Proteinf\u00e4llung.\n\n<\/p>\n\n\n\n<div class=\"wp-block-button\"><a class=\"wp-block-button__link has-white-color has-green-background-color has-text-color has-background wp-element-button\" href=\"https:\/\/www.porex.com\/de\/markte\/analytische-wissenschaften\/chromatographie\/\">MEHR ERFAHREN<\/a><\/div>\n<\/div><\/div>\n\n\n\n<div class=\"wp-block-media-text alignwide is-stacked-on-mobile\" style=\"grid-template-columns:31% auto\"><figure class=\"wp-block-media-text__media\"><img loading=\"lazy\" decoding=\"async\" width=\"425\" height=\"425\" src=\"https:\/\/www.porex.com\/wp-content\/uploads\/2019\/08\/Application-1_Spin-Column-Media-and-Support.jpg\" alt=\"Reinigung und Abscheidung\" class=\"wp-image-353 size-full\" srcset=\"https:\/\/www.porex.com\/wp-content\/uploads\/2019\/08\/Application-1_Spin-Column-Media-and-Support.jpg 425w, https:\/\/www.porex.com\/wp-content\/uploads\/2019\/08\/Application-1_Spin-Column-Media-and-Support-150x150.jpg 150w, https:\/\/www.porex.com\/wp-content\/uploads\/2019\/08\/Application-1_Spin-Column-Media-and-Support-300x300.jpg 300w\" sizes=\"auto, (max-width: 425px) 100vw, 425px\" \/><\/figure><div class=\"wp-block-media-text__content\">\n<h3 class=\"wp-block-heading\">Reinigung und Abscheidung<\/h3>\n\n\n\n<p>Um Partikel schnell und effizient aus einem breiten Spektrum von DNA-\/RNA-Reinigungs- und -Abscheidungsanwendungen zu entfernen, darunter Spin-S\u00e4ulen, Gelfiltration und Deep-Well-Filtration, beseitigen POREX\u00ae Filter und Medien die Kreuzkontamination zwischen Wells und liefern eine hohe R\u00fcckgewinnung von Filtraten und Analyten.<\/p>\n\n\n\n<div class=\"wp-block-button\"><a class=\"wp-block-button__link has-white-color has-green-background-color has-text-color has-background wp-element-button\" href=\"https:\/\/www.porex.com\/de\/markte\/analytische-wissenschaften\/reinigung-extraktion\/\">MEHR ERFAHREN<\/a><\/div>\n<\/div><\/div>\n\n\n\n<div class=\"wp-block-media-text alignwide is-stacked-on-mobile\" style=\"grid-template-columns:31% auto\"><figure class=\"wp-block-media-text__media\"><img loading=\"lazy\" decoding=\"async\" width=\"425\" height=\"425\" src=\"https:\/\/www.porex.com\/wp-content\/uploads\/2019\/08\/Application-1_Bioprocessing-Media-and-Filters-1.jpg\" alt=\"Medien in der Bioprozesstechnik\" class=\"wp-image-357 size-full\" srcset=\"https:\/\/www.porex.com\/wp-content\/uploads\/2019\/08\/Application-1_Bioprocessing-Media-and-Filters-1.jpg 425w, https:\/\/www.porex.com\/wp-content\/uploads\/2019\/08\/Application-1_Bioprocessing-Media-and-Filters-1-150x150.jpg 150w, https:\/\/www.porex.com\/wp-content\/uploads\/2019\/08\/Application-1_Bioprocessing-Media-and-Filters-1-300x300.jpg 300w\" sizes=\"auto, (max-width: 425px) 100vw, 425px\" \/><\/figure><div class=\"wp-block-media-text__content\">\n<h3 class=\"wp-block-heading\">Medien in der Bioprozesstechnik<\/h3>\n\n\n\n<p>Medien und Filter in der Bioprozesstechnik, darunter Verteiler, Schwimmfilter, Dochte, Bel\u00fcftungen und Tangentialfluss-Filter, werden in einer Vielzahl von Materialien angeboten und k\u00f6nnen in verschiedene Produktionsmontageprozesse f\u00fcr Einweg-Bioverarbeitungsanwendungen integriert werden.<\/p>\n\n\n\n<div class=\"wp-block-button\"><a class=\"wp-block-button__link has-white-color has-green-background-color has-text-color has-background wp-element-button\" href=\"https:\/\/www.porex.com\/de\/markte\/analytische-wissenschaften\/medien-in-der-bioprozesstechnik\/\">MEHR ERFAHREN<\/a><\/div>\n<\/div><\/div>\n","protected":false},"excerpt":{"rendered":"<p>F\u00fcr maximale Leistung, Reinheit und Genauigkeit kombinieren unsere CERTIFIED PURE POREX\u00ae&nbsp;L\u00f6sungen unsere einzigartige Materialkompetenz in den Bereichen Filtration, Dochtwirkung und Be- und Entl\u00fcftung mit firmeneigenen und patentierten Technologien, um fortschrittliche L\u00f6sungen f\u00fcr die anspruchsvollen analytischen Anwendungen von heute zu liefern.<\/p>\n","protected":false},"author":5,"featured_media":0,"parent":3446,"menu_order":100,"comment_status":"closed","ping_status":"closed","template":"","meta":{"_acf_changed":false,"footnotes":""},"class_list":["post-3390","page","type-page","status-publish","hentry"],"acf":[],"yoast_head":"<!-- This site is optimized with the Yoast SEO Premium plugin v27.3 (Yoast SEO v27.3) - https:\/\/yoast.com\/product\/yoast-seo-premium-wordpress\/ -->\n<title>Porex Medien | Por\u00f6ser Filter | Por\u00f6se Filter - Porex<\/title>\n<meta name=\"description\" content=\"Porous Filter und Materialien sind f\u00fcr die Verwendung bei anspruchsvollen Life Science Filtrations-, Trennungs-, Extraktions- und Reinigungsanwendungen optimiert.\" \/>\n<meta name=\"robots\" content=\"index, follow, max-snippet:-1, max-image-preview:large, max-video-preview:-1\" \/>\n<link rel=\"canonical\" href=\"https:\/\/www.porex.com\/de\/markte\/analytische-wissenschaften\/\" \/>\n<meta property=\"og:locale\" content=\"de_DE\" \/>\n<meta property=\"og:type\" content=\"article\" \/>\n<meta property=\"og:title\" content=\"Analytische Wissenschaften\" \/>\n<meta property=\"og:description\" content=\"F\u00fcr maximale Leistung, Reinheit und Genauigkeit kombinieren unsere CERTIFIED PURE POREX\u00ae&nbsp;L\u00f6sungen unsere einzigartige Materialkompetenz in den\" \/>\n<meta property=\"og:url\" content=\"https:\/\/www.porex.com\/de\/markte\/analytische-wissenschaften\/\" \/>\n<meta property=\"og:site_name\" content=\"Porex\" \/>\n<meta property=\"article:modified_time\" content=\"2023-09-18T15:38:43+00:00\" \/>\n<meta property=\"og:image\" content=\"https:\/\/www.porex.com\/wp-content\/uploads\/2019\/08\/TipPipettes-1.jpg\" \/>\n<meta name=\"twitter:card\" content=\"summary_large_image\" \/>\n<meta name=\"twitter:site\" content=\"@PorexCorp\" \/>\n<meta name=\"twitter:label1\" content=\"Gesch\u00e4tzte Lesezeit\" \/>\n\t<meta name=\"twitter:data1\" content=\"1 Minute\" \/>\n<script type=\"application\/ld+json\" class=\"yoast-schema-graph\">{\"@context\":\"https:\\\/\\\/schema.org\",\"@graph\":[{\"@type\":\"WebPage\",\"@id\":\"https:\\\/\\\/www.porex.com\\\/de\\\/markte\\\/analytische-wissenschaften\\\/\",\"url\":\"https:\\\/\\\/www.porex.com\\\/de\\\/markte\\\/analytische-wissenschaften\\\/\",\"name\":\"Porex Medien | Por\u00f6ser Filter | Por\u00f6se Filter - Porex\",\"isPartOf\":{\"@id\":\"https:\\\/\\\/www.porex.com\\\/de\\\/#website\"},\"primaryImageOfPage\":{\"@id\":\"https:\\\/\\\/www.porex.com\\\/de\\\/markte\\\/analytische-wissenschaften\\\/#primaryimage\"},\"image\":{\"@id\":\"https:\\\/\\\/www.porex.com\\\/de\\\/markte\\\/analytische-wissenschaften\\\/#primaryimage\"},\"thumbnailUrl\":\"https:\\\/\\\/www.porex.com\\\/wp-content\\\/uploads\\\/2019\\\/08\\\/TipPipettes-1.jpg\",\"datePublished\":\"2020-01-30T20:04:37+00:00\",\"dateModified\":\"2023-09-18T15:38:43+00:00\",\"description\":\"Porous Filter und Materialien sind f\u00fcr die Verwendung bei anspruchsvollen Life Science Filtrations-, Trennungs-, Extraktions- und Reinigungsanwendungen optimiert.\",\"breadcrumb\":{\"@id\":\"https:\\\/\\\/www.porex.com\\\/de\\\/markte\\\/analytische-wissenschaften\\\/#breadcrumb\"},\"inLanguage\":\"de-DE\",\"potentialAction\":[{\"@type\":\"ReadAction\",\"target\":[\"https:\\\/\\\/www.porex.com\\\/de\\\/markte\\\/analytische-wissenschaften\\\/\"]}]},{\"@type\":\"ImageObject\",\"inLanguage\":\"de-DE\",\"@id\":\"https:\\\/\\\/www.porex.com\\\/de\\\/markte\\\/analytische-wissenschaften\\\/#primaryimage\",\"url\":\"https:\\\/\\\/www.porex.com\\\/wp-content\\\/uploads\\\/2019\\\/08\\\/TipPipettes-1.jpg\",\"contentUrl\":\"https:\\\/\\\/www.porex.com\\\/wp-content\\\/uploads\\\/2019\\\/08\\\/TipPipettes-1.jpg\"},{\"@type\":\"BreadcrumbList\",\"@id\":\"https:\\\/\\\/www.porex.com\\\/de\\\/markte\\\/analytische-wissenschaften\\\/#breadcrumb\",\"itemListElement\":[{\"@type\":\"ListItem\",\"position\":1,\"name\":\"home\",\"item\":\"https:\\\/\\\/www.porex.com\\\/de\\\/\"},{\"@type\":\"ListItem\",\"position\":2,\"name\":\"M\u00e4rkte\",\"item\":\"https:\\\/\\\/www.porex.com\\\/de\\\/markte\\\/\"},{\"@type\":\"ListItem\",\"position\":3,\"name\":\"Analytische Wissenschaften\"}]},{\"@type\":\"WebSite\",\"@id\":\"https:\\\/\\\/www.porex.com\\\/de\\\/#website\",\"url\":\"https:\\\/\\\/www.porex.com\\\/de\\\/\",\"name\":\"Porex\",\"description\":\"Your Partner In Innovation\",\"publisher\":{\"@id\":\"https:\\\/\\\/www.porex.com\\\/de\\\/#organization\"},\"potentialAction\":[{\"@type\":\"SearchAction\",\"target\":{\"@type\":\"EntryPoint\",\"urlTemplate\":\"https:\\\/\\\/www.porex.com\\\/de\\\/?s={search_term_string}\"},\"query-input\":{\"@type\":\"PropertyValueSpecification\",\"valueRequired\":true,\"valueName\":\"search_term_string\"}}],\"inLanguage\":\"de-DE\"},{\"@type\":\"Organization\",\"@id\":\"https:\\\/\\\/www.porex.com\\\/de\\\/#organization\",\"name\":\"Porex Corporation\",\"url\":\"https:\\\/\\\/www.porex.com\\\/de\\\/\",\"logo\":{\"@type\":\"ImageObject\",\"inLanguage\":\"de-DE\",\"@id\":\"https:\\\/\\\/www.porex.com\\\/de\\\/#\\\/schema\\\/logo\\\/image\\\/\",\"url\":\"https:\\\/\\\/www.porex.com\\\/wp-content\\\/uploads\\\/2019\\\/05\\\/fgc-logo.png\",\"contentUrl\":\"https:\\\/\\\/www.porex.com\\\/wp-content\\\/uploads\\\/2019\\\/05\\\/fgc-logo.png\",\"width\":480,\"height\":126,\"caption\":\"Porex Corporation\"},\"image\":{\"@id\":\"https:\\\/\\\/www.porex.com\\\/de\\\/#\\\/schema\\\/logo\\\/image\\\/\"},\"sameAs\":[\"https:\\\/\\\/x.com\\\/PorexCorp\",\"https:\\\/\\\/www.linkedin.com\\\/company\\\/porex\\\/\",\"https:\\\/\\\/www.youtube.com\\\/user\\\/PorexCorporation\"],\"description\":\"Porous plastic materials manufacturer of custom components for medical devices, diagnostics, consumer and industrial products. Provides solutions for absorption, filtration, wicking, venting, diffusion and application.\",\"legalName\":\"Porex Corporation\",\"foundingDate\":\"1961-04-27\"}]}<\/script>\n<!-- \/ Yoast SEO Premium plugin. -->","yoast_head_json":{"title":"Porex Medien | Por\u00f6ser Filter | Por\u00f6se Filter - Porex","description":"Porous Filter und Materialien sind f\u00fcr die Verwendung bei anspruchsvollen Life Science Filtrations-, Trennungs-, Extraktions- und Reinigungsanwendungen optimiert.","robots":{"index":"index","follow":"follow","max-snippet":"max-snippet:-1","max-image-preview":"max-image-preview:large","max-video-preview":"max-video-preview:-1"},"canonical":"https:\/\/www.porex.com\/de\/markte\/analytische-wissenschaften\/","og_locale":"de_DE","og_type":"article","og_title":"Analytische Wissenschaften","og_description":"F\u00fcr maximale Leistung, Reinheit und Genauigkeit kombinieren unsere CERTIFIED PURE POREX\u00ae&nbsp;L\u00f6sungen unsere einzigartige Materialkompetenz in den","og_url":"https:\/\/www.porex.com\/de\/markte\/analytische-wissenschaften\/","og_site_name":"Porex","article_modified_time":"2023-09-18T15:38:43+00:00","og_image":[{"url":"https:\/\/www.porex.com\/wp-content\/uploads\/2019\/08\/TipPipettes-1.jpg","type":"","width":"","height":""}],"twitter_card":"summary_large_image","twitter_site":"@PorexCorp","twitter_misc":{"Gesch\u00e4tzte Lesezeit":"1 Minute"},"schema":{"@context":"https:\/\/schema.org","@graph":[{"@type":"WebPage","@id":"https:\/\/www.porex.com\/de\/markte\/analytische-wissenschaften\/","url":"https:\/\/www.porex.com\/de\/markte\/analytische-wissenschaften\/","name":"Porex Medien | Por\u00f6ser Filter | Por\u00f6se Filter - Porex","isPartOf":{"@id":"https:\/\/www.porex.com\/de\/#website"},"primaryImageOfPage":{"@id":"https:\/\/www.porex.com\/de\/markte\/analytische-wissenschaften\/#primaryimage"},"image":{"@id":"https:\/\/www.porex.com\/de\/markte\/analytische-wissenschaften\/#primaryimage"},"thumbnailUrl":"https:\/\/www.porex.com\/wp-content\/uploads\/2019\/08\/TipPipettes-1.jpg","datePublished":"2020-01-30T20:04:37+00:00","dateModified":"2023-09-18T15:38:43+00:00","description":"Porous Filter und Materialien sind f\u00fcr die Verwendung bei anspruchsvollen Life Science Filtrations-, Trennungs-, Extraktions- und Reinigungsanwendungen optimiert.","breadcrumb":{"@id":"https:\/\/www.porex.com\/de\/markte\/analytische-wissenschaften\/#breadcrumb"},"inLanguage":"de-DE","potentialAction":[{"@type":"ReadAction","target":["https:\/\/www.porex.com\/de\/markte\/analytische-wissenschaften\/"]}]},{"@type":"ImageObject","inLanguage":"de-DE","@id":"https:\/\/www.porex.com\/de\/markte\/analytische-wissenschaften\/#primaryimage","url":"https:\/\/www.porex.com\/wp-content\/uploads\/2019\/08\/TipPipettes-1.jpg","contentUrl":"https:\/\/www.porex.com\/wp-content\/uploads\/2019\/08\/TipPipettes-1.jpg"},{"@type":"BreadcrumbList","@id":"https:\/\/www.porex.com\/de\/markte\/analytische-wissenschaften\/#breadcrumb","itemListElement":[{"@type":"ListItem","position":1,"name":"home","item":"https:\/\/www.porex.com\/de\/"},{"@type":"ListItem","position":2,"name":"M\u00e4rkte","item":"https:\/\/www.porex.com\/de\/markte\/"},{"@type":"ListItem","position":3,"name":"Analytische Wissenschaften"}]},{"@type":"WebSite","@id":"https:\/\/www.porex.com\/de\/#website","url":"https:\/\/www.porex.com\/de\/","name":"Porex","description":"Your Partner In Innovation","publisher":{"@id":"https:\/\/www.porex.com\/de\/#organization"},"potentialAction":[{"@type":"SearchAction","target":{"@type":"EntryPoint","urlTemplate":"https:\/\/www.porex.com\/de\/?s={search_term_string}"},"query-input":{"@type":"PropertyValueSpecification","valueRequired":true,"valueName":"search_term_string"}}],"inLanguage":"de-DE"},{"@type":"Organization","@id":"https:\/\/www.porex.com\/de\/#organization","name":"Porex Corporation","url":"https:\/\/www.porex.com\/de\/","logo":{"@type":"ImageObject","inLanguage":"de-DE","@id":"https:\/\/www.porex.com\/de\/#\/schema\/logo\/image\/","url":"https:\/\/www.porex.com\/wp-content\/uploads\/2019\/05\/fgc-logo.png","contentUrl":"https:\/\/www.porex.com\/wp-content\/uploads\/2019\/05\/fgc-logo.png","width":480,"height":126,"caption":"Porex Corporation"},"image":{"@id":"https:\/\/www.porex.com\/de\/#\/schema\/logo\/image\/"},"sameAs":["https:\/\/x.com\/PorexCorp","https:\/\/www.linkedin.com\/company\/porex\/","https:\/\/www.youtube.com\/user\/PorexCorporation"],"description":"Porous plastic materials manufacturer of custom components for medical devices, diagnostics, consumer and industrial products. Provides solutions for absorption, filtration, wicking, venting, diffusion and application.","legalName":"Porex Corporation","foundingDate":"1961-04-27"}]}},"_links":{"self":[{"href":"https:\/\/www.porex.com\/de\/wp-json\/wp\/v2\/pages\/3390","targetHints":{"allow":["GET"]}}],"collection":[{"href":"https:\/\/www.porex.com\/de\/wp-json\/wp\/v2\/pages"}],"about":[{"href":"https:\/\/www.porex.com\/de\/wp-json\/wp\/v2\/types\/page"}],"author":[{"embeddable":true,"href":"https:\/\/www.porex.com\/de\/wp-json\/wp\/v2\/users\/5"}],"replies":[{"embeddable":true,"href":"https:\/\/www.porex.com\/de\/wp-json\/wp\/v2\/comments?post=3390"}],"version-history":[{"count":0,"href":"https:\/\/www.porex.com\/de\/wp-json\/wp\/v2\/pages\/3390\/revisions"}],"up":[{"embeddable":true,"href":"https:\/\/www.porex.com\/de\/wp-json\/wp\/v2\/pages\/3446"}],"wp:attachment":[{"href":"https:\/\/www.porex.com\/de\/wp-json\/wp\/v2\/media?parent=3390"}],"curies":[{"name":"wp","href":"https:\/\/api.w.org\/{rel}","templated":true}]}}