{"id":3402,"date":"2020-01-30T15:04:38","date_gmt":"2020-01-30T20:04:38","guid":{"rendered":"https:\/\/www.porex.com\/preferred-converters\/"},"modified":"2023-09-19T15:53:12","modified_gmt":"2023-09-19T19:53:12","slug":"preferred-converters","status":"publish","type":"page","link":"https:\/\/www.porex.com\/de\/preferred-converters\/","title":{"rendered":"Preferred Converters"},"content":{"rendered":"\n\n\n\n\n\n\n\n\n\n\n\n\n\n\n\n\n\n<div><ss3-force-full-width data-overflow-x=\"body\" data-horizontal-selector=\"body\"><div class=\"n2-section-smartslider fitvidsignore \" data-ssid=\"251\" tabindex=\"0\" role=\"region\" aria-label=\"Slider\"><div id=\"n2-ss-251-align\" class=\"n2-ss-align\"><div class=\"n2-padding\"><div id=\"n2-ss-251\" data-creator=\"Smart Slider 3\" data-responsive=\"fullwidth\" class=\"n2-ss-slider n2-ow n2-has-hover n2notransition  \"><div class=\"n2-ss-slider-wrapper-outside\" style=\"grid-template-rows:1fr auto\">\n        <div class=\"n2-ss-slider-1 n2_ss__touch_element n2-ow\">\n            <div class=\"n2-ss-slider-2 n2-ow\">\n                                                <div class=\"n2-ss-slider-3 n2-ow\">\n\n                    <div class=\"n2-ss-slide-backgrounds n2-ow-all\"><div class=\"n2-ss-slide-background\" data-public-id=\"1\" data-mode=\"fill\"><div class=\"n2-ss-slide-background-image\" data-blur=\"0\" data-opacity=\"100\" data-x=\"50\" data-y=\"50\" data-alt=\"POREX Preferred Converted Program\" data-title=\"POREX Preferred Converted Program\"><picture class=\"skip-lazy\" data-skip-lazy=\"1\"><img decoding=\"async\" src=\"\/\/www.porex.com\/wp-content\/uploads\/2019\/09\/QualityCheck2000x500_0.jpg\" alt=\"POREX Preferred Converted Program\" title=\"POREX Preferred Converted Program\" loading=\"lazy\" class=\"skip-lazy\" data-skip-lazy=\"1\"><\/picture><\/div><div data-gradient=\"vertical\" data-color-start=\"RGBA(0,0,0,0.5)\" data-color-end=\"RGBA(0,0,0,0.5)\" style=\"background:linear-gradient(to bottom, RGBA(0,0,0,0.5) 0%,RGBA(0,0,0,0.5) 100%);\" class=\"n2-ss-slide-background-color\" data-overlay=\"1\"><\/div><\/div><\/div>                    <div class=\"n2-ss-slider-4 n2-ow\">\n                        <svg xmlns=\"http:\/\/www.w3.org\/2000\/svg\" viewBox=\"0 0 1200 400\" data-related-device=\"desktopPortrait\" class=\"n2-ow n2-ss-preserve-size n2-ss-preserve-size--slider n2-ss-slide-limiter\"><\/svg><div data-first=\"1\" data-slide-duration=\"0\" data-id=\"521\" data-slide-public-id=\"1\" data-title=\"DE-POREX Preferred Converted Program\" class=\"n2-ss-slide n2-ow  n2-ss-slide-521\"><div role=\"note\" class=\"n2-ss-slide--focus\" tabindex=\"-1\">DE-POREX Preferred Converted Program<\/div><div class=\"n2-ss-layers-container n2-ss-slide-limiter n2-ow\"><div class=\"n2-ss-layer n2-ow n-uc-rgvFliFm4DNc\" data-sstype=\"slide\" data-pm=\"default\"><div class=\"n2-ss-layer n2-ow n-uc-SWiLJKyK0gPh\" data-pm=\"default\" data-sstype=\"content\" data-hasbackground=\"0\"><div class=\"n2-ss-section-main-content n2-ss-layer-with-background n2-ss-layer-content n2-ow n-uc-SWiLJKyK0gPh-inner\"><div class=\"n2-ss-layer n2-ow n-uc-eKVliBvFCuvz\" data-pm=\"normal\" data-sstype=\"layer\"><h1 id=\"n2-ss-251item1\" class=\"n2-font-6b58c3a16f7e3c912465286171cea591-hover n2-style-a4a526dc80d57646887ccad1f10d967a-heading   n2-ss-item-content n2-ss-text n2-ow\" style=\"display:block;\">POREX\u00ae Preferred Converter Program<\/h1><\/div><div class=\"n2-ss-layer n2-ow n-uc-gdWpQ42AXUWE n2-ss-layer--auto\" data-pm=\"normal\" data-sstype=\"layer\"><div id=\"n2-ss-251item2\" class=\"n2-font-bea2a58672c09c3e2ac38a19618c9edd-hover   n2-ss-item-content n2-ss-text n2-ow\" style=\"display:inline-block;\">_______<\/div><\/div><div class=\"n2-ss-layer n2-ow n-uc-ifHtqWcoAwUg\" data-pm=\"normal\" data-sstype=\"layer\"><div class=\"n2-ss-item-content n2-ss-text n2-ow-all\"><div class=\"\"><p class=\"n2-font-89e944f5eae92a38e06b36c30712d758-paragraph   \">Vollst\u00e4ndig geschulte Unternehmen, die jeden Porex-Kunden bedienen k\u00f6nnen, der eine Weiterverarbeitung unserer Produkte ben\u00f6tigt<\/p>\n<\/div><\/div><\/div><\/div><\/div><\/div><\/div><\/div>                    <\/div>\n\n                                    <\/div>\n            <\/div>\n        <\/div>\n        <\/div><\/div><ss3-loader><\/ss3-loader><\/div><\/div><div class=\"n2_clear\"><\/div><\/div><\/ss3-force-full-width><\/div>\n\n\n<div style=\"height:20px\" aria-hidden=\"true\" class=\"wp-block-spacer\"><\/div>\n\n\n\n<h2 class=\"wp-block-heading\">Ihr milliardstes Teil wird genauso wie Ihr erstes sein.<\/h2>\n\n\n\n<p>Porex Corporation hat das Preferred Converter-Programm entwickelt, um Kunden, die eine Weiterverarbeitung von Blech- und Filmprodukten ben\u00f6tigen, besser bei der Bew\u00e4ltigung ihrer Produktdesign-Herausforderungen zu unterst\u00fctzen. Dieses einzigartige Programm besteht aus einer Gruppe ausgew\u00e4hlter Unternehmen aus der ganzen Welt, die das Wissen und die Erfahrung haben, die erforderlich sind, um eine breite Palette von por\u00f6sen POREX\u00ae-Kunststoffmaterialien zu verarbeiten. Preferred Converters sind im Umgang mit POREX-Materialien geschult und entsprechen voll und ganz  unseren Qualit\u00e4tsstandards, damit sie ein H\u00f6chstma\u00df  an Qualit\u00e4t, Leistung und Service bieten k\u00f6nnen.&nbsp;<\/p>\n\n\n\n<p><strong>Porex ist stolz darauf, die folgenden&nbsp;Unternehmen als Preferred Converter zu begr\u00fc\u00dfen:<\/strong><\/p>\n\n\n\n<div class=\"wp-block-columns has-2-columns is-layout-flex wp-container-core-columns-is-layout-9d6595d7 wp-block-columns-is-layout-flex\">\n<div class=\"wp-block-column is-layout-flow wp-block-column-is-layout-flow\">\n<h2 class=\"wp-block-heading\">FDP (China)<\/h2>\n\n\n\n<figure class=\"wp-block-image\"><img loading=\"lazy\" decoding=\"async\" width=\"216\" height=\"165\" src=\"https:\/\/www.porex.com\/wp-content\/uploads\/2019\/09\/FDP-Logo-For-Porex-Website_0.png\" alt=\"\" class=\"wp-image-734\" \/><\/figure>\n\n\n\n<div style=\"height:30px\" aria-hidden=\"true\" class=\"wp-block-spacer\"><\/div>\n\n\n\n<h2 class=\"wp-block-heading\">MARIAN (USA, Singapur, China) <\/h2>\n\n\n\n<figure class=\"wp-block-image\"><img loading=\"lazy\" decoding=\"async\" width=\"237\" height=\"110\" src=\"https:\/\/www.porex.com\/wp-content\/uploads\/2019\/09\/Marian-Logo-For-Porex-Website_0.png\" alt=\"MARIAN (USA, Singapur, China)\" class=\"wp-image-736\" \/><\/figure>\n<\/div>\n\n\n\n<div class=\"wp-block-column is-layout-flow wp-block-column-is-layout-flow\">\n<h2 class=\"wp-block-heading\">INTERSTATE SPECIALTY PRODUCTS (USA) <\/h2>\n\n\n\n<p><em>Sie vertreiben unter anderem Bleche, Stangen und Rohrprodukte<\/em><\/p>\n\n\n\n<figure class=\"wp-block-image\"><img loading=\"lazy\" decoding=\"async\" width=\"293\" height=\"99\" src=\"https:\/\/www.porex.com\/wp-content\/uploads\/2019\/09\/interstate-logo-for-porex-website_1.png\" alt=\"\" class=\"wp-image-735\" \/><\/figure>\n\n\n\n<div style=\"height:30px\" aria-hidden=\"true\" class=\"wp-block-spacer\"><\/div>\n\n\n\n<h2 class=\"wp-block-heading\">PARAFIX (GB) <\/h2>\n\n\n\n<p><\/p>\n\n\n\n<figure class=\"wp-block-image\"><img loading=\"lazy\" decoding=\"async\" width=\"269\" height=\"112\" src=\"https:\/\/www.porex.com\/wp-content\/uploads\/2019\/09\/Parafix-Converter-03_0.png\" alt=\"Parafix Engineered Adhesive Solutions\" class=\"wp-image-737\" \/><\/figure>\n<\/div>\n<\/div>\n\n\n\n<div style=\"height:30px\" aria-hidden=\"true\" class=\"wp-block-spacer\"><\/div>\n\n\n\n<div class=\"wp-block-columns has-3-columns is-layout-flex wp-container-core-columns-is-layout-9d6595d7 wp-block-columns-is-layout-flex\">\n<div class=\"wp-block-column is-layout-flow wp-block-column-is-layout-flow\">\n<p><\/p>\n<\/div>\n\n\n\n<div class=\"wp-block-column is-layout-flow wp-block-column-is-layout-flow\">\n<h2 class=\"wp-block-heading\">  TECHNOLOGY INTERNATIONAL (Indien) <\/h2>\n\n\n\n<figure class=\"wp-block-image\"><img loading=\"lazy\" decoding=\"async\" width=\"389\" height=\"76\" src=\"https:\/\/www.porex.com\/wp-content\/uploads\/2019\/09\/TECHNOLOGY-INTERNATIONAL-LOGO-INDIA_0.jpg\" alt=\"TECHNOLOGY INTERNATIONAL (Indien)\" class=\"wp-image-738\" srcset=\"https:\/\/www.porex.com\/wp-content\/uploads\/2019\/09\/TECHNOLOGY-INTERNATIONAL-LOGO-INDIA_0.jpg 389w, https:\/\/www.porex.com\/wp-content\/uploads\/2019\/09\/TECHNOLOGY-INTERNATIONAL-LOGO-INDIA_0-300x59.jpg 300w\" sizes=\"auto, (max-width: 389px) 100vw, 389px\" \/><\/figure>\n<\/div>\n\n\n\n<div class=\"wp-block-column is-layout-flow wp-block-column-is-layout-flow\"><\/div>\n<\/div>\n\n\n\n<p><\/p>\n","protected":false},"excerpt":{"rendered":"<p>Ihr milliardstes Teil wird genauso wie Ihr erstes sein. Porex Corporation hat das Preferred Converter-Programm entwickelt, um Kunden, die eine Weiterverarbeitung von Blech- und Filmprodukten ben\u00f6tigen, besser bei der Bew\u00e4ltigung ihrer Produktdesign-Herausforderungen zu unterst\u00fctzen. Dieses einzigartige Programm besteht aus einer Gruppe ausgew\u00e4hlter Unternehmen aus der ganzen Welt, die das Wissen und die Erfahrung haben, die [&hellip;]<\/p>\n","protected":false},"author":5,"featured_media":0,"parent":0,"menu_order":5,"comment_status":"closed","ping_status":"closed","template":"","meta":{"_acf_changed":false,"footnotes":""},"class_list":["post-3402","page","type-page","status-publish","hentry"],"acf":[],"yoast_head":"<!-- This site is optimized with the Yoast SEO Premium plugin v27.1 (Yoast SEO v27.1.1) - https:\/\/yoast.com\/product\/yoast-seo-premium-wordpress\/ -->\n<title>Preferred Converter Programm | Informationen zu por\u00f6sen Kunststoffmaterialien - Porex<\/title>\n<meta name=\"description\" content=\"Das Preferred Converter-Programm besteht aus einer ausgew\u00e4hlten Gruppe von Converter-Unternehmen, die f\u00fcr die Handhabung und Verarbeitung einer breiten Palette von por\u00f6sen POREX\u00ae-Kunststoffmaterialien geschult sind.\" \/>\n<meta name=\"robots\" content=\"index, follow, max-snippet:-1, max-image-preview:large, max-video-preview:-1\" \/>\n<link rel=\"canonical\" href=\"https:\/\/www.porex.com\/de\/preferred-converters\/\" \/>\n<meta property=\"og:locale\" content=\"de_DE\" \/>\n<meta property=\"og:type\" content=\"article\" \/>\n<meta property=\"og:title\" content=\"Preferred Converters\" \/>\n<meta property=\"og:description\" content=\"Ihr milliardstes Teil wird genauso wie Ihr erstes sein. Porex Corporation hat das Preferred Converter-Programm entwickelt, um Kunden, die eine\" \/>\n<meta property=\"og:url\" content=\"https:\/\/www.porex.com\/de\/preferred-converters\/\" \/>\n<meta property=\"og:site_name\" content=\"Porex\" \/>\n<meta property=\"article:modified_time\" content=\"2023-09-19T19:53:12+00:00\" \/>\n<meta property=\"og:image\" content=\"https:\/\/www.porex.com\/wp-content\/uploads\/2019\/09\/FDP-Logo-For-Porex-Website_0.png\" \/>\n<meta name=\"twitter:card\" content=\"summary_large_image\" \/>\n<meta name=\"twitter:site\" content=\"@PorexCorp\" \/>\n<meta name=\"twitter:label1\" content=\"Gesch\u00e4tzte Lesezeit\" \/>\n\t<meta name=\"twitter:data1\" content=\"1 Minute\" \/>\n<script type=\"application\/ld+json\" class=\"yoast-schema-graph\">{\"@context\":\"https:\/\/schema.org\",\"@graph\":[{\"@type\":\"WebPage\",\"@id\":\"https:\/\/www.porex.com\/de\/preferred-converters\/\",\"url\":\"https:\/\/www.porex.com\/de\/preferred-converters\/\",\"name\":\"Preferred Converter Programm | Informationen zu por\u00f6sen Kunststoffmaterialien - Porex\",\"isPartOf\":{\"@id\":\"https:\/\/www.porex.com\/de\/#website\"},\"primaryImageOfPage\":{\"@id\":\"https:\/\/www.porex.com\/de\/preferred-converters\/#primaryimage\"},\"image\":{\"@id\":\"https:\/\/www.porex.com\/de\/preferred-converters\/#primaryimage\"},\"thumbnailUrl\":\"https:\/\/www.porex.com\/wp-content\/uploads\/2019\/09\/FDP-Logo-For-Porex-Website_0.png\",\"datePublished\":\"2020-01-30T20:04:38+00:00\",\"dateModified\":\"2023-09-19T19:53:12+00:00\",\"description\":\"Das Preferred Converter-Programm besteht aus einer ausgew\u00e4hlten Gruppe von Converter-Unternehmen, die f\u00fcr die Handhabung und Verarbeitung einer breiten Palette von por\u00f6sen POREX\u00ae-Kunststoffmaterialien geschult sind.\",\"breadcrumb\":{\"@id\":\"https:\/\/www.porex.com\/de\/preferred-converters\/#breadcrumb\"},\"inLanguage\":\"de-DE\",\"potentialAction\":[{\"@type\":\"ReadAction\",\"target\":[\"https:\/\/www.porex.com\/de\/preferred-converters\/\"]}]},{\"@type\":\"ImageObject\",\"inLanguage\":\"de-DE\",\"@id\":\"https:\/\/www.porex.com\/de\/preferred-converters\/#primaryimage\",\"url\":\"https:\/\/www.porex.com\/wp-content\/uploads\/2019\/09\/FDP-Logo-For-Porex-Website_0.png\",\"contentUrl\":\"https:\/\/www.porex.com\/wp-content\/uploads\/2019\/09\/FDP-Logo-For-Porex-Website_0.png\"},{\"@type\":\"BreadcrumbList\",\"@id\":\"https:\/\/www.porex.com\/de\/preferred-converters\/#breadcrumb\",\"itemListElement\":[{\"@type\":\"ListItem\",\"position\":1,\"name\":\"home\",\"item\":\"https:\/\/www.porex.com\/de\/\"},{\"@type\":\"ListItem\",\"position\":2,\"name\":\"Preferred Converters\"}]},{\"@type\":\"WebSite\",\"@id\":\"https:\/\/www.porex.com\/de\/#website\",\"url\":\"https:\/\/www.porex.com\/de\/\",\"name\":\"Porex\",\"description\":\"Your Partner In Innovation\",\"publisher\":{\"@id\":\"https:\/\/www.porex.com\/de\/#organization\"},\"potentialAction\":[{\"@type\":\"SearchAction\",\"target\":{\"@type\":\"EntryPoint\",\"urlTemplate\":\"https:\/\/www.porex.com\/de\/?s={search_term_string}\"},\"query-input\":{\"@type\":\"PropertyValueSpecification\",\"valueRequired\":true,\"valueName\":\"search_term_string\"}}],\"inLanguage\":\"de-DE\"},{\"@type\":\"Organization\",\"@id\":\"https:\/\/www.porex.com\/de\/#organization\",\"name\":\"Porex Corporation\",\"url\":\"https:\/\/www.porex.com\/de\/\",\"logo\":{\"@type\":\"ImageObject\",\"inLanguage\":\"de-DE\",\"@id\":\"https:\/\/www.porex.com\/de\/#\/schema\/logo\/image\/\",\"url\":\"https:\/\/www.porex.com\/wp-content\/uploads\/2019\/05\/fgc-logo.png\",\"contentUrl\":\"https:\/\/www.porex.com\/wp-content\/uploads\/2019\/05\/fgc-logo.png\",\"width\":480,\"height\":126,\"caption\":\"Porex Corporation\"},\"image\":{\"@id\":\"https:\/\/www.porex.com\/de\/#\/schema\/logo\/image\/\"},\"sameAs\":[\"https:\/\/x.com\/PorexCorp\",\"https:\/\/www.linkedin.com\/company\/porex\/\",\"https:\/\/www.youtube.com\/user\/PorexCorporation\"],\"description\":\"Porous plastic materials manufacturer of custom components for medical devices, diagnostics, consumer and industrial products. Provides solutions for absorption, filtration, wicking, venting, diffusion and application.\",\"legalName\":\"Porex Corporation\",\"foundingDate\":\"1961-04-27\"}]}<\/script>\n<!-- \/ Yoast SEO Premium plugin. -->","yoast_head_json":{"title":"Preferred Converter Programm | Informationen zu por\u00f6sen Kunststoffmaterialien - Porex","description":"Das Preferred Converter-Programm besteht aus einer ausgew\u00e4hlten Gruppe von Converter-Unternehmen, die f\u00fcr die Handhabung und Verarbeitung einer breiten Palette von por\u00f6sen POREX\u00ae-Kunststoffmaterialien geschult sind.","robots":{"index":"index","follow":"follow","max-snippet":"max-snippet:-1","max-image-preview":"max-image-preview:large","max-video-preview":"max-video-preview:-1"},"canonical":"https:\/\/www.porex.com\/de\/preferred-converters\/","og_locale":"de_DE","og_type":"article","og_title":"Preferred Converters","og_description":"Ihr milliardstes Teil wird genauso wie Ihr erstes sein. Porex Corporation hat das Preferred Converter-Programm entwickelt, um Kunden, die eine","og_url":"https:\/\/www.porex.com\/de\/preferred-converters\/","og_site_name":"Porex","article_modified_time":"2023-09-19T19:53:12+00:00","og_image":[{"url":"https:\/\/www.porex.com\/wp-content\/uploads\/2019\/09\/FDP-Logo-For-Porex-Website_0.png","type":"","width":"","height":""}],"twitter_card":"summary_large_image","twitter_site":"@PorexCorp","twitter_misc":{"Gesch\u00e4tzte Lesezeit":"1 Minute"},"schema":{"@context":"https:\/\/schema.org","@graph":[{"@type":"WebPage","@id":"https:\/\/www.porex.com\/de\/preferred-converters\/","url":"https:\/\/www.porex.com\/de\/preferred-converters\/","name":"Preferred Converter Programm | Informationen zu por\u00f6sen Kunststoffmaterialien - Porex","isPartOf":{"@id":"https:\/\/www.porex.com\/de\/#website"},"primaryImageOfPage":{"@id":"https:\/\/www.porex.com\/de\/preferred-converters\/#primaryimage"},"image":{"@id":"https:\/\/www.porex.com\/de\/preferred-converters\/#primaryimage"},"thumbnailUrl":"https:\/\/www.porex.com\/wp-content\/uploads\/2019\/09\/FDP-Logo-For-Porex-Website_0.png","datePublished":"2020-01-30T20:04:38+00:00","dateModified":"2023-09-19T19:53:12+00:00","description":"Das Preferred Converter-Programm besteht aus einer ausgew\u00e4hlten Gruppe von Converter-Unternehmen, die f\u00fcr die Handhabung und Verarbeitung einer breiten Palette von por\u00f6sen POREX\u00ae-Kunststoffmaterialien geschult sind.","breadcrumb":{"@id":"https:\/\/www.porex.com\/de\/preferred-converters\/#breadcrumb"},"inLanguage":"de-DE","potentialAction":[{"@type":"ReadAction","target":["https:\/\/www.porex.com\/de\/preferred-converters\/"]}]},{"@type":"ImageObject","inLanguage":"de-DE","@id":"https:\/\/www.porex.com\/de\/preferred-converters\/#primaryimage","url":"https:\/\/www.porex.com\/wp-content\/uploads\/2019\/09\/FDP-Logo-For-Porex-Website_0.png","contentUrl":"https:\/\/www.porex.com\/wp-content\/uploads\/2019\/09\/FDP-Logo-For-Porex-Website_0.png"},{"@type":"BreadcrumbList","@id":"https:\/\/www.porex.com\/de\/preferred-converters\/#breadcrumb","itemListElement":[{"@type":"ListItem","position":1,"name":"home","item":"https:\/\/www.porex.com\/de\/"},{"@type":"ListItem","position":2,"name":"Preferred Converters"}]},{"@type":"WebSite","@id":"https:\/\/www.porex.com\/de\/#website","url":"https:\/\/www.porex.com\/de\/","name":"Porex","description":"Your Partner In Innovation","publisher":{"@id":"https:\/\/www.porex.com\/de\/#organization"},"potentialAction":[{"@type":"SearchAction","target":{"@type":"EntryPoint","urlTemplate":"https:\/\/www.porex.com\/de\/?s={search_term_string}"},"query-input":{"@type":"PropertyValueSpecification","valueRequired":true,"valueName":"search_term_string"}}],"inLanguage":"de-DE"},{"@type":"Organization","@id":"https:\/\/www.porex.com\/de\/#organization","name":"Porex Corporation","url":"https:\/\/www.porex.com\/de\/","logo":{"@type":"ImageObject","inLanguage":"de-DE","@id":"https:\/\/www.porex.com\/de\/#\/schema\/logo\/image\/","url":"https:\/\/www.porex.com\/wp-content\/uploads\/2019\/05\/fgc-logo.png","contentUrl":"https:\/\/www.porex.com\/wp-content\/uploads\/2019\/05\/fgc-logo.png","width":480,"height":126,"caption":"Porex Corporation"},"image":{"@id":"https:\/\/www.porex.com\/de\/#\/schema\/logo\/image\/"},"sameAs":["https:\/\/x.com\/PorexCorp","https:\/\/www.linkedin.com\/company\/porex\/","https:\/\/www.youtube.com\/user\/PorexCorporation"],"description":"Porous plastic materials manufacturer of custom components for medical devices, diagnostics, consumer and industrial products. Provides solutions for absorption, filtration, wicking, venting, diffusion and application.","legalName":"Porex Corporation","foundingDate":"1961-04-27"}]}},"_links":{"self":[{"href":"https:\/\/www.porex.com\/de\/wp-json\/wp\/v2\/pages\/3402","targetHints":{"allow":["GET"]}}],"collection":[{"href":"https:\/\/www.porex.com\/de\/wp-json\/wp\/v2\/pages"}],"about":[{"href":"https:\/\/www.porex.com\/de\/wp-json\/wp\/v2\/types\/page"}],"author":[{"embeddable":true,"href":"https:\/\/www.porex.com\/de\/wp-json\/wp\/v2\/users\/5"}],"replies":[{"embeddable":true,"href":"https:\/\/www.porex.com\/de\/wp-json\/wp\/v2\/comments?post=3402"}],"version-history":[{"count":0,"href":"https:\/\/www.porex.com\/de\/wp-json\/wp\/v2\/pages\/3402\/revisions"}],"wp:attachment":[{"href":"https:\/\/www.porex.com\/de\/wp-json\/wp\/v2\/media?parent=3402"}],"curies":[{"name":"wp","href":"https:\/\/api.w.org\/{rel}","templated":true}]}}