{"id":3409,"date":"2020-01-30T15:04:39","date_gmt":"2020-01-30T20:04:39","guid":{"rendered":"https:\/\/www.porex.com\/industrielle-anwendungen\/"},"modified":"2026-03-02T01:42:09","modified_gmt":"2026-03-02T06:42:09","slug":"industrielle-anwendungen","status":"publish","type":"page","link":"https:\/\/www.porex.com\/de\/industrielle-anwendungen\/","title":{"rendered":"Industrielle Anwendungen"},"content":{"rendered":"<div><ss3-force-full-width data-overflow-x=\"body\" data-horizontal-selector=\"body\"><div class=\"n2-section-smartslider fitvidsignore \" data-ssid=\"232\" tabindex=\"0\" role=\"region\" aria-label=\"Slider\"><div id=\"n2-ss-232-align\" class=\"n2-ss-align\"><div class=\"n2-padding\"><div id=\"n2-ss-232\" data-creator=\"Smart Slider 3\" data-responsive=\"fullwidth\" class=\"n2-ss-slider n2-ow n2-has-hover n2notransition  \">\n\n\n\n<div class=\"n2-ss-slider-wrapper-outside\" style=\"grid-template-rows:1fr auto\">\n        <div class=\"n2-ss-slider-1 n2_ss__touch_element n2-ow\">\n            <div class=\"n2-ss-slider-2 n2-ow\">\n                                                <div class=\"n2-ss-slider-3 n2-ow\">\n\n                    <div class=\"n2-ss-slide-backgrounds n2-ow-all\"><div class=\"n2-ss-slide-background\" data-public-id=\"1\" data-mode=\"fill\"><div class=\"n2-ss-slide-background-image\" data-blur=\"0\" data-opacity=\"100\" data-x=\"50\" data-y=\"50\" data-alt=\"Industrial\" data-title=\"Industrial\"><picture class=\"skip-lazy\" data-skip-lazy=\"1\"><img decoding=\"async\" src=\"\/\/www.porex.com\/wp-content\/uploads\/2019\/08\/Industrial1_2500x400.jpg\" alt=\"Industrial\" title=\"Industrial\" loading=\"lazy\" class=\"skip-lazy\" data-skip-lazy=\"1\"><\/picture><\/div><div data-gradient=\"vertical\" data-color-start=\"RGBA(0,0,0,0.5)\" data-color-end=\"RGBA(0,0,0,0.5)\" style=\"background:linear-gradient(to bottom, RGBA(0,0,0,0.5) 0%,RGBA(0,0,0,0.5) 100%);\" class=\"n2-ss-slide-background-color\" data-overlay=\"1\"><\/div><\/div><div class=\"n2-ss-slide-background\" data-public-id=\"2\" data-mode=\"fill\" aria-hidden=\"true\"><div class=\"n2-ss-slide-background-image\" data-blur=\"0\" data-opacity=\"100\" data-x=\"50\" data-y=\"50\" data-alt=\"Industrial\" data-title=\"Industrial\"><picture class=\"skip-lazy\" data-skip-lazy=\"1\"><img decoding=\"async\" src=\"\/\/www.porex.com\/wp-content\/uploads\/2019\/08\/Industrial2_2500x400.jpg\" alt=\"Industrial\" title=\"Industrial\" loading=\"lazy\" class=\"skip-lazy\" data-skip-lazy=\"1\"><\/picture><\/div><div data-gradient=\"vertical\" data-color-start=\"RGBA(0,0,0,0.5)\" data-color-end=\"RGBA(0,0,0,0.5)\" style=\"background:linear-gradient(to bottom, RGBA(0,0,0,0.5) 0%,RGBA(0,0,0,0.5) 100%);\" class=\"n2-ss-slide-background-color\" data-overlay=\"1\"><\/div><\/div><\/div>                    <div class=\"n2-ss-slider-4 n2-ow\">\n                        <svg xmlns=\"http:\/\/www.w3.org\/2000\/svg\" viewBox=\"0 0 1200 400\" data-related-device=\"desktopPortrait\" class=\"n2-ow n2-ss-preserve-size n2-ss-preserve-size--slider n2-ss-slide-limiter\"><\/svg><div data-first=\"1\" data-slide-duration=\"0\" data-id=\"487\" data-slide-public-id=\"1\" data-title=\"DE-Analytical Science\" class=\"n2-ss-slide n2-ow  n2-ss-slide-487\"><div role=\"note\" class=\"n2-ss-slide--focus\" tabindex=\"-1\">DE-Analytical Science<\/div><div class=\"n2-ss-layers-container n2-ss-slide-limiter n2-ow\"><div class=\"n2-ss-layer n2-ow n-uc-uELPRioFOp6S\" data-sstype=\"slide\" data-pm=\"default\"><div class=\"n2-ss-layer n2-ow n-uc-8DEmxCUXBwpd\" data-pm=\"default\" data-sstype=\"content\" data-hasbackground=\"0\"><div class=\"n2-ss-section-main-content n2-ss-layer-with-background n2-ss-layer-content n2-ow n-uc-8DEmxCUXBwpd-inner\"><div class=\"n2-ss-layer n2-ow n-uc-3SIOpimqcLLm\" data-pm=\"normal\" data-sstype=\"layer\"><h1 id=\"n2-ss-232item1\" class=\"n2-font-6b58c3a16f7e3c912465286171cea591-hover n2-style-a4a526dc80d57646887ccad1f10d967a-heading   n2-ss-item-content n2-ss-text n2-ow\" style=\"display:block;\">Industrielle Anwendungen<\/h1><\/div><div class=\"n2-ss-layer n2-ow n-uc-ORbaS3P0IVkr n2-ss-layer--auto\" data-pm=\"normal\" data-sstype=\"layer\"><div id=\"n2-ss-232item2\" class=\"n2-font-bea2a58672c09c3e2ac38a19618c9edd-hover   n2-ss-item-content n2-ss-text n2-ow\" style=\"display:inline-block;\">_______<\/div><\/div><div class=\"n2-ss-layer n2-ow n-uc-iIUHGMX7eRIc n2-ss-layer--auto\" data-pm=\"normal\" data-sstype=\"layer\"><div id=\"n2-ss-232item3\" class=\"n2-font-a24e1fa6f78c29450015c75dc722ac27-hover   n2-ss-item-content n2-ss-text n2-ow\" style=\"display:inline-block;\">Verbessern Sie Ihre industriellen Systeme mit Filter- und Be- und Entl\u00fcftungsl\u00f6sungen<\/div><\/div><\/div><\/div><\/div><\/div><\/div><div data-slide-duration=\"0\" data-id=\"488\" data-slide-public-id=\"2\" aria-hidden=\"true\" data-title=\"DE-Analytical Science1\" class=\"n2-ss-slide n2-ow  n2-ss-slide-488\"><div role=\"note\" class=\"n2-ss-slide--focus\" tabindex=\"-1\">DE-Analytical Science1<\/div><div class=\"n2-ss-layers-container n2-ss-slide-limiter n2-ow\"><div class=\"n2-ss-layer n2-ow n-uc-RKiTT7E0rGtB\" data-sstype=\"slide\" data-pm=\"default\"><div class=\"n2-ss-layer n2-ow n-uc-NtEU70YObGAB\" data-pm=\"default\" data-sstype=\"content\" data-hasbackground=\"0\"><div class=\"n2-ss-section-main-content n2-ss-layer-with-background n2-ss-layer-content n2-ow n-uc-NtEU70YObGAB-inner\"><div class=\"n2-ss-layer n2-ow n-uc-b3OQpJo2qGcM\" data-pm=\"normal\" data-sstype=\"layer\"><div id=\"n2-ss-232item4\" class=\"n2-font-6b58c3a16f7e3c912465286171cea591-hover n2-style-a4a526dc80d57646887ccad1f10d967a-heading   n2-ss-item-content n2-ss-text n2-ow\" style=\"display:block;\">Industrielle Anwendungen<\/div><\/div><div class=\"n2-ss-layer n2-ow n-uc-V7J9sc3c8btu n2-ss-layer--auto\" data-pm=\"normal\" data-sstype=\"layer\"><div id=\"n2-ss-232item5\" class=\"n2-font-bea2a58672c09c3e2ac38a19618c9edd-hover   n2-ss-item-content n2-ss-text n2-ow\" style=\"display:inline-block;\">_______<\/div><\/div><div class=\"n2-ss-layer n2-ow n-uc-s23xT3mLNskT n2-ss-layer--auto\" data-pm=\"normal\" data-sstype=\"layer\"><div id=\"n2-ss-232item6\" class=\"n2-font-a24e1fa6f78c29450015c75dc722ac27-hover   n2-ss-item-content n2-ss-text n2-ow\" style=\"display:inline-block;\">Verbessern Sie Ihre industriellen Systeme mit Filter- und Be- und Entl\u00fcftungsl\u00f6sungen<\/div><\/div><\/div><\/div><\/div><\/div><\/div>                    <\/div>\n\n                                    <\/div>\n            <\/div>\n        <\/div>\n        <div class=\"n2-ss-slider-controls n2-ss-slider-controls-below\"><div style=\"--widget-offset:10px;\" class=\"n2-ss-widget n2-ss-control-bullet n2-ow-all n2-ss-control-bullet-horizontal\"><div class=\" nextend-bullet-bar n2-bar-justify-content-center\" role=\"group\" aria-label=\"Choose slide to display.\"><div class=\"n2-bullet n2-style-c0fe1c7a37b7b7c3cb83a8d1cde6e7ce-dot \" style=\"visibility:hidden;\"><\/div><\/div><\/div><\/div><\/div><\/div><ss3-loader><\/ss3-loader><\/div><\/div><div class=\"n2_clear\"><\/div><\/div><\/ss3-force-full-width><\/div>\n\n\n<p class=\"has-text-align-left\">F\u00fchrende Industriehersteller auf der ganzen Welt vertrauen auf POREX\u00ae Filter- und Bel\u00fcftungsanwendungen, um Langlebigkeit, Best\u00e4ndigkeit und zuverl\u00e4ssige Leistung zu gew\u00e4hrleisten. Dank unserer weltweit reproduzierbaren Fertigungskapazit\u00e4ten k\u00f6nnen Sie sicher sein, dass der letzte Teil der Produktlinie mit dem ersten Teil identisch ist. <\/p>\n\n\n\n<div class=\"wp-block-media-text alignwide is-stacked-on-mobile\" style=\"grid-template-columns:35% auto\"><figure class=\"wp-block-media-text__media\"><img loading=\"lazy\" decoding=\"async\" width=\"425\" height=\"425\" src=\"https:\/\/www.porex.com\/wp-content\/uploads\/2019\/08\/Application-1_Pneumatic-Filters.jpg\" alt=\"Luftbehandlung \u2013 Druckluft\" class=\"wp-image-2317 size-full\" srcset=\"https:\/\/www.porex.com\/wp-content\/uploads\/2019\/08\/Application-1_Pneumatic-Filters.jpg 425w, https:\/\/www.porex.com\/wp-content\/uploads\/2019\/08\/Application-1_Pneumatic-Filters-150x150.jpg 150w, https:\/\/www.porex.com\/wp-content\/uploads\/2019\/08\/Application-1_Pneumatic-Filters-300x300.jpg 300w\" sizes=\"auto, (max-width: 425px) 100vw, 425px\" \/><\/figure><div class=\"wp-block-media-text__content\">\n<h3 class=\"wp-block-heading\">Luftbehandlung \u2013 Druckluft<\/h3>\n\n\n\n<p>Hersteller auf der ganzen Welt w\u00e4hlen POREX\u00ae Filter und Schalld\u00e4mpfer, um die Anforderungen an die Filtrationseffizienz, den Luftstrom und den Druckabfall zu erf\u00fcllen. Als kosteng\u00fcnstige L\u00f6sung f\u00fcr pneumatische Systeme bieten unsere pneumatischen Filter und Schalld\u00e4mpfer eine lange Lebensdauer, saubere Luftleitungen und eine hervorragende Ger\u00e4uschd\u00e4mpfung. Dar\u00fcber hinaus k\u00f6nnen die POREX-Membrantr\u00e4germedien f\u00fcr bestimmte Endanwendungen als Substrate f\u00fcr zerbrechliche Membranen ma\u00dfgeschneidert werden, um strukturelle Festigkeit und Leistung zu gew\u00e4hrleisten. <\/p>\n\n\n\n<div class=\"wp-block-button\"><a class=\"wp-block-button__link has-white-color has-green-background-color has-text-color has-background\" href=\"https:\/\/www.porex.com\/de\/markte\/industrielle-anwendungen\/luftbehandlung-druckluft\/\">Mehr erfahren<\/a><\/div>\n<\/div><\/div>\n\n\n\n<div class=\"wp-block-media-text alignwide is-stacked-on-mobile\" style=\"grid-template-columns:35% auto\"><figure class=\"wp-block-media-text__media\"><img loading=\"lazy\" decoding=\"async\" width=\"425\" height=\"425\" src=\"https:\/\/www.porex.com\/wp-content\/uploads\/2019\/08\/Application-2_Fuel-Vents-for-Marine.jpg\" alt=\" Ger\u00e4te und Werkzeuge\" class=\"wp-image-2315 size-full\" srcset=\"https:\/\/www.porex.com\/wp-content\/uploads\/2019\/08\/Application-2_Fuel-Vents-for-Marine.jpg 425w, https:\/\/www.porex.com\/wp-content\/uploads\/2019\/08\/Application-2_Fuel-Vents-for-Marine-150x150.jpg 150w, https:\/\/www.porex.com\/wp-content\/uploads\/2019\/08\/Application-2_Fuel-Vents-for-Marine-300x300.jpg 300w\" sizes=\"auto, (max-width: 425px) 100vw, 425px\" \/><\/figure><div class=\"wp-block-media-text__content\">\n<h3 class=\"wp-block-heading\"> Ger\u00e4te und Werkzeuge<\/h3>\n\n\n\n<p>Ingenieure, die Kraftstoffversorgungssysteme entwickeln, w\u00e4hlen por\u00f6se Kunststoffl\u00f6sungen von POREX\u00ae zum Filtern und Be- und Entl\u00fcften von Kraftstoff f\u00fcr Hausheizungen, Kleinmotoren, Schiffsmotoren und Elektrowerkzeugen. Unsere innovativen Produkte \u2013 darunter \u00d6lfilter f\u00fcr Hausheizsysteme, Kraftstoffbe- und entl\u00fcfter f\u00fcr Schiffsmotoren, Kraftstofffilter und Be- und Entl\u00fcftungen f\u00fcr Kleinmotoren sowie Staubbeh\u00e4lter f\u00fcr Elektrowerkzeuge \u2013 erf\u00fcllen die Anforderungen an die Kohlenwasserstoffemission und erh\u00f6hen die Filtrationseffizienz und Lebensdauer des Systems. <\/p>\n\n\n\n<div class=\"wp-block-button\"><a class=\"wp-block-button__link has-white-color has-green-background-color has-text-color has-background\" href=\"https:\/\/www.porex.com\/de\/markte\/industrielle-anwendungen\/haushaltsgerate-werkzeuge\/\">Mehr erfahren<\/a><\/div>\n<\/div><\/div>\n\n\n\n<div class=\"wp-block-media-text alignwide is-stacked-on-mobile\" style=\"grid-template-columns:35% auto\"><figure class=\"wp-block-media-text__media\"><img loading=\"lazy\" decoding=\"async\" width=\"425\" height=\"425\" src=\"https:\/\/www.porex.com\/wp-content\/uploads\/2019\/08\/Application-1_Cap-and-Closure-Vents-for-Industrial-Containers.jpg\" alt=\"Verpackung\" class=\"wp-image-3240 size-full\" srcset=\"https:\/\/www.porex.com\/wp-content\/uploads\/2019\/08\/Application-1_Cap-and-Closure-Vents-for-Industrial-Containers.jpg 425w, https:\/\/www.porex.com\/wp-content\/uploads\/2019\/08\/Application-1_Cap-and-Closure-Vents-for-Industrial-Containers-150x150.jpg 150w, https:\/\/www.porex.com\/wp-content\/uploads\/2019\/08\/Application-1_Cap-and-Closure-Vents-for-Industrial-Containers-300x300.jpg 300w\" sizes=\"auto, (max-width: 425px) 100vw, 425px\" \/><\/figure><div class=\"wp-block-media-text__content\">\n<h3 class=\"wp-block-heading\">Industrielle Verpackung<\/h3>\n\n\n\n<p>Bei der Verarbeitung, dem Transport und der Lagerung von Industrie- und Verbraucherbeh\u00e4lterprodukten k\u00f6nnen mehrere Komplikationen auftreten. Diese Beh\u00e4lter k\u00f6nnen aufgrund von ungleichem Druck aufgebl\u00e4ht werden, kollabieren oder sogar explodieren. Beh\u00e4lterhersteller vertrauen darauf, dass die POREX\u00ae Entl\u00fcfter ihren Beh\u00e4ltern das \u201eAtmen\u201c erm\u00f6glichen. Dadurch wird der Druck im Beh\u00e4lter ausgeglichen und Verformungen oder Besch\u00e4digungen werden vermieden. Die aus unserem POREX Virtek\u2122 Material hergestellten Entl\u00fcfter verwenden fortschrittliche Verarbeitungstechnologien, um verschiedene Entl\u00fcfter herzustellen, die auf die genauen Verschlussanforderungen abgestimmt sind. Die Entl\u00fcfter gew\u00e4hrleisten Sicherheit und sind mit einer Vielzahl von enthaltenen Materialien wirksam. <\/p>\n\n\n\n<div class=\"wp-block-button\"><a class=\"wp-block-button__link has-white-color has-green-background-color has-text-color has-background\" href=\"https:\/\/www.porex.com\/de\/markte\/industrielle-anwendungen\/industrielle-verpackung\/\">Mehr erfahren<\/a><\/div>\n<\/div><\/div>\n\n\n\n<div class=\"wp-block-media-text alignwide is-stacked-on-mobile\" style=\"grid-template-columns:35% auto\"><figure class=\"wp-block-media-text__media\"><img loading=\"lazy\" decoding=\"async\" width=\"425\" height=\"425\" src=\"https:\/\/www.porex.com\/wp-content\/uploads\/2019\/08\/OilGas_425x425.jpg\" alt=\"\u00d6l und Gas\" class=\"wp-image-3366 size-full\" srcset=\"https:\/\/www.porex.com\/wp-content\/uploads\/2019\/08\/OilGas_425x425.jpg 425w, https:\/\/www.porex.com\/wp-content\/uploads\/2019\/08\/OilGas_425x425-150x150.jpg 150w, https:\/\/www.porex.com\/wp-content\/uploads\/2019\/08\/OilGas_425x425-300x300.jpg 300w\" sizes=\"auto, (max-width: 425px) 100vw, 425px\" \/><\/figure><div class=\"wp-block-media-text__content\">\n<h3 class=\"wp-block-heading\">\u00d6l und Gas<\/h3>\n\n\n\n<p>Hersteller in der \u00d6l- und Gasindustrie vertrauen auf das breite Portfolio an Filter- und Be- und Entl\u00fcftungsmedien von Porex. Von Verbundsfasern bis hin zu por\u00f6sen Kunststoffmedien k\u00f6nnen die anpassbaren Filter- und Be- und Entl\u00fcftungsl\u00f6sungen von Porex Ihre spezifischen Anforderungen an Filtrationseffizienz, Montage, Herstellung und Wasserabscheidung erf\u00fcllen. <\/p>\n\n\n\n<div class=\"wp-block-button\"><a class=\"wp-block-button__link has-white-color has-green-background-color has-text-color has-background\" href=\"\/de\/markte\/industrielle-anwendungen\/ol-gas\/\">Mehr erfahren<\/a><\/div>\n<\/div><\/div>\n","protected":false},"excerpt":{"rendered":"<p>F\u00fchrende Industriehersteller auf der ganzen Welt vertrauen auf POREX\u00ae Filter- und Bel\u00fcftungsanwendungen, um Langlebigkeit, Best\u00e4ndigkeit und zuverl\u00e4ssige Leistung zu gew\u00e4hrleisten. Dank unserer weltweit reproduzierbaren Fertigungskapazit\u00e4ten k\u00f6nnen Sie sicher sein, dass der letzte Teil der Produktlinie mit dem ersten Teil identisch ist.<\/p>\n","protected":false},"author":5,"featured_media":0,"parent":0,"menu_order":2,"comment_status":"closed","ping_status":"closed","template":"","meta":{"_acf_changed":false,"footnotes":""},"class_list":["post-3409","page","type-page","status-publish","hentry"],"acf":[],"yoast_head":"<!-- This site is optimized with the Yoast SEO Premium plugin v27.3 (Yoast SEO v27.3) - https:\/\/yoast.com\/product\/yoast-seo-premium-wordpress\/ -->\n<title>Gegossener gesinterter por\u00f6ser Kunststoff | Filter | Be- und Entl\u00fcftungen | Schalld\u00e4mpfer - Porex<\/title>\n<meta name=\"description\" content=\"Die Verwendung von geformten sinuspor\u00f6sen Kunststoffprodukten in Filtrations- und Diffusionsvakuumsystemen bietet Haltbarkeit, Konsistenz und Leistung der Ausr\u00fcstung.\" \/>\n<meta name=\"robots\" content=\"index, follow, max-snippet:-1, max-image-preview:large, max-video-preview:-1\" \/>\n<link rel=\"canonical\" href=\"https:\/\/www.porex.com\/de\/industrielle-anwendungen\/\" \/>\n<meta property=\"og:locale\" content=\"de_DE\" \/>\n<meta property=\"og:type\" content=\"article\" \/>\n<meta property=\"og:title\" content=\"Industrielle Anwendungen\" \/>\n<meta property=\"og:description\" content=\"F\u00fchrende Industriehersteller auf der ganzen Welt vertrauen auf POREX\u00ae Filter- und Bel\u00fcftungsanwendungen, um Langlebigkeit, Best\u00e4ndigkeit und zuverl\u00e4ssige\" \/>\n<meta property=\"og:url\" content=\"https:\/\/www.porex.com\/de\/industrielle-anwendungen\/\" \/>\n<meta property=\"og:site_name\" content=\"Porex\" \/>\n<meta property=\"article:modified_time\" content=\"2026-03-02T06:42:09+00:00\" \/>\n<meta property=\"og:image\" content=\"https:\/\/www.porex.com\/wp-content\/uploads\/2019\/08\/Application-1_Pneumatic-Filters.jpg\" \/>\n<meta name=\"twitter:card\" content=\"summary_large_image\" \/>\n<meta name=\"twitter:site\" content=\"@PorexCorp\" \/>\n<meta name=\"twitter:label1\" content=\"Gesch\u00e4tzte Lesezeit\" \/>\n\t<meta name=\"twitter:data1\" content=\"3 Minuten\" \/>\n<script type=\"application\/ld+json\" class=\"yoast-schema-graph\">{\"@context\":\"https:\\\/\\\/schema.org\",\"@graph\":[{\"@type\":\"WebPage\",\"@id\":\"https:\\\/\\\/www.porex.com\\\/de\\\/industrielle-anwendungen\\\/\",\"url\":\"https:\\\/\\\/www.porex.com\\\/de\\\/industrielle-anwendungen\\\/\",\"name\":\"Gegossener gesinterter por\u00f6ser Kunststoff | Filter | Be- und Entl\u00fcftungen | Schalld\u00e4mpfer - Porex\",\"isPartOf\":{\"@id\":\"https:\\\/\\\/www.porex.com\\\/de\\\/#website\"},\"primaryImageOfPage\":{\"@id\":\"https:\\\/\\\/www.porex.com\\\/de\\\/industrielle-anwendungen\\\/#primaryimage\"},\"image\":{\"@id\":\"https:\\\/\\\/www.porex.com\\\/de\\\/industrielle-anwendungen\\\/#primaryimage\"},\"thumbnailUrl\":\"https:\\\/\\\/www.porex.com\\\/wp-content\\\/uploads\\\/2019\\\/08\\\/Application-1_Pneumatic-Filters.jpg\",\"datePublished\":\"2020-01-30T20:04:39+00:00\",\"dateModified\":\"2026-03-02T06:42:09+00:00\",\"description\":\"Die Verwendung von geformten sinuspor\u00f6sen Kunststoffprodukten in Filtrations- und Diffusionsvakuumsystemen bietet Haltbarkeit, Konsistenz und Leistung der Ausr\u00fcstung.\",\"breadcrumb\":{\"@id\":\"https:\\\/\\\/www.porex.com\\\/de\\\/industrielle-anwendungen\\\/#breadcrumb\"},\"inLanguage\":\"de-DE\",\"potentialAction\":[{\"@type\":\"ReadAction\",\"target\":[\"https:\\\/\\\/www.porex.com\\\/de\\\/industrielle-anwendungen\\\/\"]}]},{\"@type\":\"ImageObject\",\"inLanguage\":\"de-DE\",\"@id\":\"https:\\\/\\\/www.porex.com\\\/de\\\/industrielle-anwendungen\\\/#primaryimage\",\"url\":\"https:\\\/\\\/www.porex.com\\\/wp-content\\\/uploads\\\/2019\\\/08\\\/Application-1_Pneumatic-Filters.jpg\",\"contentUrl\":\"https:\\\/\\\/www.porex.com\\\/wp-content\\\/uploads\\\/2019\\\/08\\\/Application-1_Pneumatic-Filters.jpg\"},{\"@type\":\"BreadcrumbList\",\"@id\":\"https:\\\/\\\/www.porex.com\\\/de\\\/industrielle-anwendungen\\\/#breadcrumb\",\"itemListElement\":[{\"@type\":\"ListItem\",\"position\":1,\"name\":\"home\",\"item\":\"https:\\\/\\\/www.porex.com\\\/de\\\/\"},{\"@type\":\"ListItem\",\"position\":2,\"name\":\"Industrielle Anwendungen\"}]},{\"@type\":\"WebSite\",\"@id\":\"https:\\\/\\\/www.porex.com\\\/de\\\/#website\",\"url\":\"https:\\\/\\\/www.porex.com\\\/de\\\/\",\"name\":\"Porex\",\"description\":\"Your Partner In Innovation\",\"publisher\":{\"@id\":\"https:\\\/\\\/www.porex.com\\\/de\\\/#organization\"},\"potentialAction\":[{\"@type\":\"SearchAction\",\"target\":{\"@type\":\"EntryPoint\",\"urlTemplate\":\"https:\\\/\\\/www.porex.com\\\/de\\\/?s={search_term_string}\"},\"query-input\":{\"@type\":\"PropertyValueSpecification\",\"valueRequired\":true,\"valueName\":\"search_term_string\"}}],\"inLanguage\":\"de-DE\"},{\"@type\":\"Organization\",\"@id\":\"https:\\\/\\\/www.porex.com\\\/de\\\/#organization\",\"name\":\"Porex Corporation\",\"url\":\"https:\\\/\\\/www.porex.com\\\/de\\\/\",\"logo\":{\"@type\":\"ImageObject\",\"inLanguage\":\"de-DE\",\"@id\":\"https:\\\/\\\/www.porex.com\\\/de\\\/#\\\/schema\\\/logo\\\/image\\\/\",\"url\":\"https:\\\/\\\/www.porex.com\\\/wp-content\\\/uploads\\\/2019\\\/05\\\/fgc-logo.png\",\"contentUrl\":\"https:\\\/\\\/www.porex.com\\\/wp-content\\\/uploads\\\/2019\\\/05\\\/fgc-logo.png\",\"width\":480,\"height\":126,\"caption\":\"Porex Corporation\"},\"image\":{\"@id\":\"https:\\\/\\\/www.porex.com\\\/de\\\/#\\\/schema\\\/logo\\\/image\\\/\"},\"sameAs\":[\"https:\\\/\\\/x.com\\\/PorexCorp\",\"https:\\\/\\\/www.linkedin.com\\\/company\\\/porex\\\/\",\"https:\\\/\\\/www.youtube.com\\\/user\\\/PorexCorporation\"],\"description\":\"Porous plastic materials manufacturer of custom components for medical devices, diagnostics, consumer and industrial products. Provides solutions for absorption, filtration, wicking, venting, diffusion and application.\",\"legalName\":\"Porex Corporation\",\"foundingDate\":\"1961-04-27\"}]}<\/script>\n<!-- \/ Yoast SEO Premium plugin. -->","yoast_head_json":{"title":"Gegossener gesinterter por\u00f6ser Kunststoff | Filter | Be- und Entl\u00fcftungen | Schalld\u00e4mpfer - Porex","description":"Die Verwendung von geformten sinuspor\u00f6sen Kunststoffprodukten in Filtrations- und Diffusionsvakuumsystemen bietet Haltbarkeit, Konsistenz und Leistung der Ausr\u00fcstung.","robots":{"index":"index","follow":"follow","max-snippet":"max-snippet:-1","max-image-preview":"max-image-preview:large","max-video-preview":"max-video-preview:-1"},"canonical":"https:\/\/www.porex.com\/de\/industrielle-anwendungen\/","og_locale":"de_DE","og_type":"article","og_title":"Industrielle Anwendungen","og_description":"F\u00fchrende Industriehersteller auf der ganzen Welt vertrauen auf POREX\u00ae Filter- und Bel\u00fcftungsanwendungen, um Langlebigkeit, Best\u00e4ndigkeit und zuverl\u00e4ssige","og_url":"https:\/\/www.porex.com\/de\/industrielle-anwendungen\/","og_site_name":"Porex","article_modified_time":"2026-03-02T06:42:09+00:00","og_image":[{"url":"https:\/\/www.porex.com\/wp-content\/uploads\/2019\/08\/Application-1_Pneumatic-Filters.jpg","type":"","width":"","height":""}],"twitter_card":"summary_large_image","twitter_site":"@PorexCorp","twitter_misc":{"Gesch\u00e4tzte Lesezeit":"3 Minuten"},"schema":{"@context":"https:\/\/schema.org","@graph":[{"@type":"WebPage","@id":"https:\/\/www.porex.com\/de\/industrielle-anwendungen\/","url":"https:\/\/www.porex.com\/de\/industrielle-anwendungen\/","name":"Gegossener gesinterter por\u00f6ser Kunststoff | Filter | Be- und Entl\u00fcftungen | Schalld\u00e4mpfer - Porex","isPartOf":{"@id":"https:\/\/www.porex.com\/de\/#website"},"primaryImageOfPage":{"@id":"https:\/\/www.porex.com\/de\/industrielle-anwendungen\/#primaryimage"},"image":{"@id":"https:\/\/www.porex.com\/de\/industrielle-anwendungen\/#primaryimage"},"thumbnailUrl":"https:\/\/www.porex.com\/wp-content\/uploads\/2019\/08\/Application-1_Pneumatic-Filters.jpg","datePublished":"2020-01-30T20:04:39+00:00","dateModified":"2026-03-02T06:42:09+00:00","description":"Die Verwendung von geformten sinuspor\u00f6sen Kunststoffprodukten in Filtrations- und Diffusionsvakuumsystemen bietet Haltbarkeit, Konsistenz und Leistung der Ausr\u00fcstung.","breadcrumb":{"@id":"https:\/\/www.porex.com\/de\/industrielle-anwendungen\/#breadcrumb"},"inLanguage":"de-DE","potentialAction":[{"@type":"ReadAction","target":["https:\/\/www.porex.com\/de\/industrielle-anwendungen\/"]}]},{"@type":"ImageObject","inLanguage":"de-DE","@id":"https:\/\/www.porex.com\/de\/industrielle-anwendungen\/#primaryimage","url":"https:\/\/www.porex.com\/wp-content\/uploads\/2019\/08\/Application-1_Pneumatic-Filters.jpg","contentUrl":"https:\/\/www.porex.com\/wp-content\/uploads\/2019\/08\/Application-1_Pneumatic-Filters.jpg"},{"@type":"BreadcrumbList","@id":"https:\/\/www.porex.com\/de\/industrielle-anwendungen\/#breadcrumb","itemListElement":[{"@type":"ListItem","position":1,"name":"home","item":"https:\/\/www.porex.com\/de\/"},{"@type":"ListItem","position":2,"name":"Industrielle Anwendungen"}]},{"@type":"WebSite","@id":"https:\/\/www.porex.com\/de\/#website","url":"https:\/\/www.porex.com\/de\/","name":"Porex","description":"Your Partner In Innovation","publisher":{"@id":"https:\/\/www.porex.com\/de\/#organization"},"potentialAction":[{"@type":"SearchAction","target":{"@type":"EntryPoint","urlTemplate":"https:\/\/www.porex.com\/de\/?s={search_term_string}"},"query-input":{"@type":"PropertyValueSpecification","valueRequired":true,"valueName":"search_term_string"}}],"inLanguage":"de-DE"},{"@type":"Organization","@id":"https:\/\/www.porex.com\/de\/#organization","name":"Porex Corporation","url":"https:\/\/www.porex.com\/de\/","logo":{"@type":"ImageObject","inLanguage":"de-DE","@id":"https:\/\/www.porex.com\/de\/#\/schema\/logo\/image\/","url":"https:\/\/www.porex.com\/wp-content\/uploads\/2019\/05\/fgc-logo.png","contentUrl":"https:\/\/www.porex.com\/wp-content\/uploads\/2019\/05\/fgc-logo.png","width":480,"height":126,"caption":"Porex Corporation"},"image":{"@id":"https:\/\/www.porex.com\/de\/#\/schema\/logo\/image\/"},"sameAs":["https:\/\/x.com\/PorexCorp","https:\/\/www.linkedin.com\/company\/porex\/","https:\/\/www.youtube.com\/user\/PorexCorporation"],"description":"Porous plastic materials manufacturer of custom components for medical devices, diagnostics, consumer and industrial products. Provides solutions for absorption, filtration, wicking, venting, diffusion and application.","legalName":"Porex Corporation","foundingDate":"1961-04-27"}]}},"_links":{"self":[{"href":"https:\/\/www.porex.com\/de\/wp-json\/wp\/v2\/pages\/3409","targetHints":{"allow":["GET"]}}],"collection":[{"href":"https:\/\/www.porex.com\/de\/wp-json\/wp\/v2\/pages"}],"about":[{"href":"https:\/\/www.porex.com\/de\/wp-json\/wp\/v2\/types\/page"}],"author":[{"embeddable":true,"href":"https:\/\/www.porex.com\/de\/wp-json\/wp\/v2\/users\/5"}],"replies":[{"embeddable":true,"href":"https:\/\/www.porex.com\/de\/wp-json\/wp\/v2\/comments?post=3409"}],"version-history":[{"count":1,"href":"https:\/\/www.porex.com\/de\/wp-json\/wp\/v2\/pages\/3409\/revisions"}],"predecessor-version":[{"id":40379,"href":"https:\/\/www.porex.com\/de\/wp-json\/wp\/v2\/pages\/3409\/revisions\/40379"}],"wp:attachment":[{"href":"https:\/\/www.porex.com\/de\/wp-json\/wp\/v2\/media?parent=3409"}],"curies":[{"name":"wp","href":"https:\/\/api.w.org\/{rel}","templated":true}]}}