{"id":3434,"date":"2020-01-30T15:04:42","date_gmt":"2020-01-30T20:04:42","guid":{"rendered":"https:\/\/www.porex.com\/uber-porex\/"},"modified":"2025-10-15T06:48:13","modified_gmt":"2025-10-15T10:48:13","slug":"uber-porex","status":"publish","type":"page","link":"https:\/\/www.porex.com\/de\/uber-porex\/","title":{"rendered":"\u00dcber Porex"},"content":{"rendered":"\n<div style=\"height:20px\" aria-hidden=\"true\" class=\"wp-block-spacer\"><\/div>\n\n\n\n<div class=\"wp-block-columns is-layout-flex wp-container-core-columns-is-layout-9d6595d7 wp-block-columns-is-layout-flex\">\n<div class=\"wp-block-column is-layout-flow wp-block-column-is-layout-flow\" style=\"flex-basis:25%\"><\/div>\n\n\n\n<div class=\"wp-block-column is-layout-flow wp-block-column-is-layout-flow\" style=\"flex-basis:50%\">\n<figure class=\"wp-block-embed is-type-video is-provider-youtube wp-block-embed-youtube wp-embed-aspect-16-9 wp-has-aspect-ratio\"><div class=\"wp-block-embed__wrapper\">\n<iframe loading=\"lazy\" title=\"Porex, Your Partner in Innovation\" width=\"500\" height=\"281\" src=\"https:\/\/www.youtube.com\/embed\/JRqBQRQ8zhc?feature=oembed\" frameborder=\"0\" allow=\"accelerometer; autoplay; clipboard-write; encrypted-media; gyroscope; picture-in-picture; web-share\" referrerpolicy=\"strict-origin-when-cross-origin\" allowfullscreen><\/iframe>\n<\/div><\/figure>\n<\/div>\n\n\n\n<div class=\"wp-block-column is-layout-flow wp-block-column-is-layout-flow\" style=\"flex-basis:25%\"><\/div>\n<\/div>\n\n\n\n<div style=\"height:20px\" aria-hidden=\"true\" class=\"wp-block-spacer\"><\/div>\n\n\n\n<h1 class=\"wp-block-heading\" id=\"h-porex-corporation\">Porex Corporation  <\/h1>\n\n\n\n<p>Die Porex Corporation, ein weltweit f\u00fchrendes Unternehmen f\u00fcr fortschrittliche por\u00f6se L\u00f6sungen und Mitglied der Filtration Group, hat vor 58 Jahren in einem kleinen Geb\u00e4ude in der Bay Street in Fairburn, Georgia, seine Pforten ge\u00f6ffnet. Heute besch\u00e4ftigt Porex mehr als 700 Mitarbeiter weltweit und arbeitet mit \u00fcber 1.500 Kunden in 65 L\u00e4ndern zusammen, um Produktideen mit technischen und Design Innovationen in die Tat umzusetzen.<\/p>\n\n\n\n<p>In Zusammenarbeit mit seinen Kunden entwickelt Porex hochwertige L\u00f6sungen f\u00fcr die Produktdesign-Herausforderungen seiner Kunden in den Bereichen Absorption, Applikation, Diffusion, Filtration, Be- und Entl\u00fcftung und Dochtwirkung. Diese fortschrittlichen por\u00f6sen L\u00f6sungen k\u00f6nnen in einer Vielzahl von Branchen von medizinischen Ger\u00e4ten bis hin zu Schreibger\u00e4ten eingesetzt werden, um die Produktideen unserer Kunden zum Leben zu erwecken.<\/p>\n\n\n\n<h4 class=\"wp-block-heading\" id=\"h-fruhe-techniker-starker-poroser-losungen\"><em><strong>Fr\u00fche Techniker starker por\u00f6ser L\u00f6sungen<\/strong><\/em> <\/h4>\n\n\n\n<p>Anfang 1961 gr\u00fcndete Herr Bob Dickey, ein Forschungswissenschaftler, einen kleinen Betrieb, in dem er Plattenmaterial aus diversen Polymeren herstellte, das f\u00fcr ein Laugentrennverfahren benutzt werden sollte. Zu diesem Zeitpunkt steckte die Kunststoffindustrie noch in den Kinderschuhen: Herr Dickey und seine beiden Mitarbeiter verfeinerten gesinterte por\u00f6se Kunststoffe f\u00fcr kommerzielle Produktionszwecke.<\/p>\n\n\n\n<p>Kurz nach der Gesch\u00e4ftsgr\u00fcndung der Porex Materials Corporation am 27. April 1961 wandten Herr Dickey und seine Mitarbeiter die von ihnen entwickelte Technik auf die Herstellung von por\u00f6sen Kunststoffspitzen f\u00fcr Schreibger\u00e4te an. Sie produzierten eine Produktreihe unter dem Markennamen POREX. Porex setzte schnell einen Standard f\u00fcr Schreibfedern und die Ums\u00e4tze erreichten 1968 1 Million US-Dollar.<\/p>\n\n\n\n<p>In den folgenden Jahrzehnten erlangte Porex eine f\u00fchrende Pr\u00e4senz in verschiedenen M\u00e4rkten, darunter Biomedizin, Biowissenschaften, Elektronik, Kosmetik und mehr. Die einzigartigen Eigenschaften von por\u00f6sem Kunststoff kombiniert mit der bahnbrechenden Entwicklungs- und Technologieerfahrung der Porex Mitarbeiter f\u00f6rderten das weitere Wachstum, das den Eintritt in kritische M\u00e4rkte beschleunigte und zu wichtigen Akquisitionen f\u00fchrte. Das Unternehmen wuchs auch international und expandierte in den 1980er Jahren nach Europa und in den 1990er Jahren nach Asien. Zuletzt expandierte Porex 2018 nach Malaysia und China, um den Betrieb und die Kundenbetreuung zu verbessern.<\/p>\n\n\n\n<h4 class=\"wp-block-heading\" id=\"h-die-welt-sicherer-gesunder-und-produktiver-machen\"> <em><strong>Die Welt sicherer, ges\u00fcnder und produktiver machen<\/strong><\/em> <\/h4>\n\n\n\n<p>Im Jahr 2013 wurde Porex Mitglied der Filtration Group. Die Filtration Group hat es sich zur Aufgabe gemacht, die Welt sicherer, ges\u00fcnder und produktiver zu machen.&nbsp; Mit leidenschaftlichen Mitarbeitern, weltweiter Pr\u00e4senz und erstklassigen Technik- und Fertigungskapazit\u00e4ten treibt die Filtration Group Innovationen voran und entwickelt L\u00f6sungen f\u00fcr ein breites Anwendungsspektrum in der schnell wachsenden globalen Filtrationsbranche.<\/p>\n\n\n\n<p>Die Filtration Group wurde 2009 gegr\u00fcndet und hat sich schnell zu einem weltweit f\u00fchrenden Unternehmen in der Filtrationsbranche entwickelt. Mit einem Umsatz von 1,6 Milliarden US-Dollar gilt die Filtration Group als das am schnellsten wachsende und eines der gr\u00f6\u00dften Filtrationsunternehmen der Welt.&nbsp;Mit \u00fcber 7.000 Mitarbeitern bedient das Unternehmen seine Kunden an 105 Standorten in \u00fcber 25 L\u00e4ndern. Die Filtration Group ist in einer Vielzahl attraktiver Endm\u00e4rkte t\u00e4tig und produziert gesch\u00e4ftskritische Produkte mit hohen Ersatzquoten.<\/p>\n\n\n\n<p>Die Filtration Group ist eine Tochtergesellschaft von Madison Industries, einem der gr\u00f6\u00dften und erfolgreichsten privaten Unternehmen der Welt. Madison baut unternehmerisch gepr\u00e4gte Marken-Marktf\u00fchrer auf, die sich daf\u00fcr einsetzen, die Welt sicherer, ges\u00fcnder und produktiver zu machen, indem sie innovative L\u00f6sungen entwickeln, die einen herausragenden Kundennutzen bieten. Das Team von Madison hat es sich zum Ziel gesetzt, etwas wirklich Bemerkenswertes zu schaffen, das das Unternehmen lange \u00fcberdauert, w\u00e4hrend es andere darin schult, ihr h\u00f6chstes Potenzial zu erreichen. Weitere Informationen zu Madison finden Sie unter&nbsp;<a href=\"http:\/\/www.madison.net\/\">www.madison.net<\/a>.<\/p>\n\n\n\n<h4 class=\"wp-block-heading\" id=\"h-die-pioniere-von-morgen\"><em><strong>Die Pioniere von Morgen<\/strong><\/em> <\/h4>\n\n\n\n<p>Porex ist weiterhin ein weltweit f\u00fchrendes Unternehmen in der Entwicklung und Herstellung fortschrittlicher por\u00f6ser L\u00f6sungen. &nbsp;Das un\u00fcbertroffene technologische Know-how von Porex, die Verpflichtung zu strengen Regulierungs- und Qualit\u00e4tsstandards und das Engagement f\u00fcr den Kundenservice zeichnen seine Produkte auf dem Weltmarkt aus. Im Jahr 2019 wurde Porex mit dem Edison Award f\u00fcr seinen revolution\u00e4ren POREX\u00ae FORTRESS\u2122-Fl\u00fcssigkeitsbarriere-Pipettenspitzenfilter ausgezeichnet. Hierbei handelt es sich um eine innovative Technologie, die die Reinheit der Proben sch\u00fctzt und zuverl\u00e4ssige Testergebnisse f\u00fcr klinische Laborfachleute sicherstellt. Unser Engagement f\u00fcr technische L\u00f6sungen f\u00fcr die n\u00e4chste Generation treibt uns weiter voran.<\/p>\n\n\n\n<p>Porex verf\u00fcgt weltweit \u00fcber bahnbrechende Technologien und ein umfassendes Know-how, um por\u00f6se Kunststoffl\u00f6sungen zu entwickeln, mit denen Sie Ihr n\u00e4chstes Produkt zum Leben erwecken und eine sicherere, ges\u00fcndere und produktivere Welt schaffen k\u00f6nnen.<\/p>\n\n\n\n<div class=\"wp-block-media-text alignwide is-stacked-on-mobile\" style=\"grid-template-columns:35% auto\"><figure class=\"wp-block-media-text__media\"><img loading=\"lazy\" decoding=\"async\" width=\"598\" height=\"165\" src=\"https:\/\/www.porex.com\/wp-content\/uploads\/2019\/09\/FiltrationGroup-with-Borders.png\" alt=\"Filtration Group Logo\" class=\"wp-image-3437\" srcset=\"https:\/\/www.porex.com\/wp-content\/uploads\/2019\/09\/FiltrationGroup-with-Borders.png 598w, https:\/\/www.porex.com\/wp-content\/uploads\/2019\/09\/FiltrationGroup-with-Borders-300x83.png 300w\" sizes=\"auto, (max-width: 598px) 100vw, 598px\" \/><\/figure><div class=\"wp-block-media-text__content\">\n\n<h4 class=\"wp-block-heading\"> \u00dcber Filtration Group <\/h4>\n\n\n<p> Die Filtration Group ist das am schnellsten wachsende Filtrationsunternehmen der Welt und engagiert sich f\u00fcr die Reinigung von Luft, die Reduzierung von Kohlendioxidemissionen, die Steigerung der Energieeffizienz und die Sicherheit von Lebensmitteln, Wasser und medizinischen Verfahren durch eine breite Palette von Filtrationsl\u00f6sungen. <\/p>\n\n\n<div class=\"wp-block-button\"><a class=\"wp-block-button__link has-text-color has-white-color has-background has-green-background-color\" href=\"http:\/\/www.filtrationgroup.com\/\">Mehr erfahren<\/a><\/div>\n\n<\/div><\/div>\n\n\n\n<div class=\"wp-block-columns has-2-columns is-layout-flex wp-container-core-columns-is-layout-9d6595d7 wp-block-columns-is-layout-flex\">\n<div class=\"wp-block-column is-layout-flow wp-block-column-is-layout-flow\">\n<div class=\"wp-block-media-text alignwide is-stacked-on-mobile\" style=\"grid-template-columns:45% auto\"><figure class=\"wp-block-media-text__media\"><img loading=\"lazy\" decoding=\"async\" width=\"700\" height=\"323\" src=\"https:\/\/www.porex.com\/wp-content\/uploads\/2020\/03\/Contact-Us-Image-700x323-1.jpg\" alt=\"Contact us\" class=\"wp-image-5057 size-full\" srcset=\"https:\/\/www.porex.com\/wp-content\/uploads\/2020\/03\/Contact-Us-Image-700x323-1.jpg 700w, https:\/\/www.porex.com\/wp-content\/uploads\/2020\/03\/Contact-Us-Image-700x323-1-300x138.jpg 300w\" sizes=\"auto, (max-width: 700px) 100vw, 700px\" \/><\/figure><div class=\"wp-block-media-text__content\">\n<h4 class=\"wp-block-heading\" id=\"h-kontaktieren-sie-uns\">Kontaktieren Sie uns<\/h4>\n\n\n\n<p>Erfahren Sie, wie Sie mit POREX\u00ae zusammenarbeiten k\u00f6nnen.<br>           <\/p>\n\n\n\n<p>           <br><\/p>\n\n\n\n<div class=\"wp-block-button\"><a class=\"wp-block-button__link has-white-color has-green-background-color has-text-color has-background wp-element-button\" href=\"https:\/\/www.porex.com\/de\/uber-porex\/kontaktieren-sie-uns\/\">Kontaktieren Sie uns<\/a><\/div>\n<\/div><\/div>\n<\/div>\n\n\n\n<div class=\"wp-block-column is-layout-flow wp-block-column-is-layout-flow\">\n<div class=\"wp-block-media-text alignwide is-stacked-on-mobile\"><figure class=\"wp-block-media-text__media\"><img loading=\"lazy\" decoding=\"async\" width=\"700\" height=\"323\" src=\"https:\/\/www.porex.com\/wp-content\/uploads\/2020\/03\/Build-a-futur-with-us-700x323-1.jpg\" alt=\"Build a future with us\" class=\"wp-image-5061 size-full\" srcset=\"https:\/\/www.porex.com\/wp-content\/uploads\/2020\/03\/Build-a-futur-with-us-700x323-1.jpg 700w, https:\/\/www.porex.com\/wp-content\/uploads\/2020\/03\/Build-a-futur-with-us-700x323-1-300x138.jpg 300w\" sizes=\"auto, (max-width: 700px) 100vw, 700px\" \/><\/figure><div class=\"wp-block-media-text__content\">\n<h4 class=\"wp-block-heading\" id=\"h-mit-porex-die-zukunft-gestalten\"> Mit Porex die Zukunft gestalten <\/h4>\n\n\n\n<p> Sind Sie bereit, uns dabei zu helfen, die Welt sicherer, ges\u00fcnder und produktiver zu machen? <\/p>\n\n\n\n<div class=\"wp-block-button\"><a class=\"wp-block-button__link has-white-color has-green-background-color has-text-color has-background wp-element-button\" href=\"https:\/\/www.porex.com\/de\/uber-porex\/stellenangebote\/\">Stellenangebote<\/a><\/div>\n<\/div><\/div>\n<\/div>\n<\/div>\n","protected":false},"excerpt":{"rendered":"<p>Porex Corporation Die Porex Corporation, ein weltweit f\u00fchrendes Unternehmen f\u00fcr fortschrittliche por\u00f6se L\u00f6sungen und Mitglied der Filtration Group, hat vor 58 Jahren in einem kleinen Geb\u00e4ude in der Bay Street in Fairburn, Georgia, seine Pforten ge\u00f6ffnet. Heute besch\u00e4ftigt Porex mehr als 700 Mitarbeiter weltweit und arbeitet mit \u00fcber 1.500 Kunden in 65 L\u00e4ndern zusammen, um [&hellip;]<\/p>\n","protected":false},"author":5,"featured_media":0,"parent":0,"menu_order":1,"comment_status":"closed","ping_status":"closed","template":"","meta":{"_acf_changed":false,"footnotes":""},"class_list":["post-3434","page","type-page","status-publish","hentry"],"acf":[],"yoast_head":"<!-- This site is optimized with the Yoast SEO Premium plugin v27.3 (Yoast SEO v27.3) - https:\/\/yoast.com\/product\/yoast-seo-premium-wordpress\/ -->\n<title>Porex Corporation | Porex Technologies - Porex<\/title>\n<meta name=\"description\" content=\"Erfahren Sie mehr \u00fcber Porex, einen Marktf\u00fchrer bei por\u00f6sen OEM-Kunststoffkomponenten f\u00fcr die Branchen Biowissenschaft, Medizin, Elektronik und den Konsummarkt.\" \/>\n<meta name=\"robots\" content=\"index, follow, max-snippet:-1, max-image-preview:large, max-video-preview:-1\" \/>\n<link rel=\"canonical\" href=\"https:\/\/www.porex.com\/de\/uber-porex\/\" \/>\n<meta property=\"og:locale\" content=\"de_DE\" \/>\n<meta property=\"og:type\" content=\"article\" \/>\n<meta property=\"og:title\" content=\"\u00dcber Porex\" \/>\n<meta property=\"og:description\" content=\"https:\/\/youtu.be\/JRqBQRQ8zhc Porex Corporation Die Porex Corporation, ein weltweit f\u00fchrendes Unternehmen f\u00fcr fortschrittliche por\u00f6se L\u00f6sungen und Mitglied\" \/>\n<meta property=\"og:url\" content=\"https:\/\/www.porex.com\/de\/uber-porex\/\" \/>\n<meta property=\"og:site_name\" content=\"Porex\" \/>\n<meta property=\"article:modified_time\" content=\"2025-10-15T10:48:13+00:00\" \/>\n<meta property=\"og:image\" content=\"https:\/\/www.porex.com\/wp-content\/uploads\/2019\/09\/FiltrationGroup-with-Borders.png\" \/>\n\t<meta property=\"og:image:width\" content=\"598\" \/>\n\t<meta property=\"og:image:height\" content=\"165\" \/>\n\t<meta property=\"og:image:type\" content=\"image\/png\" \/>\n<meta name=\"twitter:card\" content=\"summary_large_image\" \/>\n<meta name=\"twitter:site\" content=\"@PorexCorp\" \/>\n<meta name=\"twitter:label1\" content=\"Gesch\u00e4tzte Lesezeit\" \/>\n\t<meta name=\"twitter:data1\" content=\"4 Minuten\" \/>\n<script type=\"application\/ld+json\" class=\"yoast-schema-graph\">{\"@context\":\"https:\\\/\\\/schema.org\",\"@graph\":[{\"@type\":\"WebPage\",\"@id\":\"https:\\\/\\\/www.porex.com\\\/de\\\/uber-porex\\\/\",\"url\":\"https:\\\/\\\/www.porex.com\\\/de\\\/uber-porex\\\/\",\"name\":\"Porex Corporation | Porex Technologies - Porex\",\"isPartOf\":{\"@id\":\"https:\\\/\\\/www.porex.com\\\/de\\\/#website\"},\"primaryImageOfPage\":{\"@id\":\"https:\\\/\\\/www.porex.com\\\/de\\\/uber-porex\\\/#primaryimage\"},\"image\":{\"@id\":\"https:\\\/\\\/www.porex.com\\\/de\\\/uber-porex\\\/#primaryimage\"},\"thumbnailUrl\":\"https:\\\/\\\/www.porex.com\\\/wp-content\\\/uploads\\\/2019\\\/09\\\/FiltrationGroup-with-Borders.png\",\"datePublished\":\"2020-01-30T20:04:42+00:00\",\"dateModified\":\"2025-10-15T10:48:13+00:00\",\"description\":\"Erfahren Sie mehr \u00fcber Porex, einen Marktf\u00fchrer bei por\u00f6sen OEM-Kunststoffkomponenten f\u00fcr die Branchen Biowissenschaft, Medizin, Elektronik und den Konsummarkt.\",\"breadcrumb\":{\"@id\":\"https:\\\/\\\/www.porex.com\\\/de\\\/uber-porex\\\/#breadcrumb\"},\"inLanguage\":\"de-DE\",\"potentialAction\":[{\"@type\":\"ReadAction\",\"target\":[\"https:\\\/\\\/www.porex.com\\\/de\\\/uber-porex\\\/\"]}]},{\"@type\":\"ImageObject\",\"inLanguage\":\"de-DE\",\"@id\":\"https:\\\/\\\/www.porex.com\\\/de\\\/uber-porex\\\/#primaryimage\",\"url\":\"https:\\\/\\\/www.porex.com\\\/wp-content\\\/uploads\\\/2019\\\/09\\\/FiltrationGroup-with-Borders.png\",\"contentUrl\":\"https:\\\/\\\/www.porex.com\\\/wp-content\\\/uploads\\\/2019\\\/09\\\/FiltrationGroup-with-Borders.png\"},{\"@type\":\"BreadcrumbList\",\"@id\":\"https:\\\/\\\/www.porex.com\\\/de\\\/uber-porex\\\/#breadcrumb\",\"itemListElement\":[{\"@type\":\"ListItem\",\"position\":1,\"name\":\"home\",\"item\":\"https:\\\/\\\/www.porex.com\\\/de\\\/\"},{\"@type\":\"ListItem\",\"position\":2,\"name\":\"\u00dcber Porex\"}]},{\"@type\":\"WebSite\",\"@id\":\"https:\\\/\\\/www.porex.com\\\/de\\\/#website\",\"url\":\"https:\\\/\\\/www.porex.com\\\/de\\\/\",\"name\":\"Porex\",\"description\":\"Your Partner In Innovation\",\"publisher\":{\"@id\":\"https:\\\/\\\/www.porex.com\\\/de\\\/#organization\"},\"potentialAction\":[{\"@type\":\"SearchAction\",\"target\":{\"@type\":\"EntryPoint\",\"urlTemplate\":\"https:\\\/\\\/www.porex.com\\\/de\\\/?s={search_term_string}\"},\"query-input\":{\"@type\":\"PropertyValueSpecification\",\"valueRequired\":true,\"valueName\":\"search_term_string\"}}],\"inLanguage\":\"de-DE\"},{\"@type\":\"Organization\",\"@id\":\"https:\\\/\\\/www.porex.com\\\/de\\\/#organization\",\"name\":\"Porex Corporation\",\"url\":\"https:\\\/\\\/www.porex.com\\\/de\\\/\",\"logo\":{\"@type\":\"ImageObject\",\"inLanguage\":\"de-DE\",\"@id\":\"https:\\\/\\\/www.porex.com\\\/de\\\/#\\\/schema\\\/logo\\\/image\\\/\",\"url\":\"https:\\\/\\\/www.porex.com\\\/wp-content\\\/uploads\\\/2019\\\/05\\\/fgc-logo.png\",\"contentUrl\":\"https:\\\/\\\/www.porex.com\\\/wp-content\\\/uploads\\\/2019\\\/05\\\/fgc-logo.png\",\"width\":480,\"height\":126,\"caption\":\"Porex Corporation\"},\"image\":{\"@id\":\"https:\\\/\\\/www.porex.com\\\/de\\\/#\\\/schema\\\/logo\\\/image\\\/\"},\"sameAs\":[\"https:\\\/\\\/x.com\\\/PorexCorp\",\"https:\\\/\\\/www.linkedin.com\\\/company\\\/porex\\\/\",\"https:\\\/\\\/www.youtube.com\\\/user\\\/PorexCorporation\"],\"description\":\"Porous plastic materials manufacturer of custom components for medical devices, diagnostics, consumer and industrial products. Provides solutions for absorption, filtration, wicking, venting, diffusion and application.\",\"legalName\":\"Porex Corporation\",\"foundingDate\":\"1961-04-27\"}]}<\/script>\n<!-- \/ Yoast SEO Premium plugin. -->","yoast_head_json":{"title":"Porex Corporation | Porex Technologies - Porex","description":"Erfahren Sie mehr \u00fcber Porex, einen Marktf\u00fchrer bei por\u00f6sen OEM-Kunststoffkomponenten f\u00fcr die Branchen Biowissenschaft, Medizin, Elektronik und den Konsummarkt.","robots":{"index":"index","follow":"follow","max-snippet":"max-snippet:-1","max-image-preview":"max-image-preview:large","max-video-preview":"max-video-preview:-1"},"canonical":"https:\/\/www.porex.com\/de\/uber-porex\/","og_locale":"de_DE","og_type":"article","og_title":"\u00dcber Porex","og_description":"https:\/\/youtu.be\/JRqBQRQ8zhc Porex Corporation Die Porex Corporation, ein weltweit f\u00fchrendes Unternehmen f\u00fcr fortschrittliche por\u00f6se L\u00f6sungen und Mitglied","og_url":"https:\/\/www.porex.com\/de\/uber-porex\/","og_site_name":"Porex","article_modified_time":"2025-10-15T10:48:13+00:00","og_image":[{"width":598,"height":165,"url":"https:\/\/www.porex.com\/wp-content\/uploads\/2019\/09\/FiltrationGroup-with-Borders.png","type":"image\/png"}],"twitter_card":"summary_large_image","twitter_site":"@PorexCorp","twitter_misc":{"Gesch\u00e4tzte Lesezeit":"4 Minuten"},"schema":{"@context":"https:\/\/schema.org","@graph":[{"@type":"WebPage","@id":"https:\/\/www.porex.com\/de\/uber-porex\/","url":"https:\/\/www.porex.com\/de\/uber-porex\/","name":"Porex Corporation | Porex Technologies - Porex","isPartOf":{"@id":"https:\/\/www.porex.com\/de\/#website"},"primaryImageOfPage":{"@id":"https:\/\/www.porex.com\/de\/uber-porex\/#primaryimage"},"image":{"@id":"https:\/\/www.porex.com\/de\/uber-porex\/#primaryimage"},"thumbnailUrl":"https:\/\/www.porex.com\/wp-content\/uploads\/2019\/09\/FiltrationGroup-with-Borders.png","datePublished":"2020-01-30T20:04:42+00:00","dateModified":"2025-10-15T10:48:13+00:00","description":"Erfahren Sie mehr \u00fcber Porex, einen Marktf\u00fchrer bei por\u00f6sen OEM-Kunststoffkomponenten f\u00fcr die Branchen Biowissenschaft, Medizin, Elektronik und den Konsummarkt.","breadcrumb":{"@id":"https:\/\/www.porex.com\/de\/uber-porex\/#breadcrumb"},"inLanguage":"de-DE","potentialAction":[{"@type":"ReadAction","target":["https:\/\/www.porex.com\/de\/uber-porex\/"]}]},{"@type":"ImageObject","inLanguage":"de-DE","@id":"https:\/\/www.porex.com\/de\/uber-porex\/#primaryimage","url":"https:\/\/www.porex.com\/wp-content\/uploads\/2019\/09\/FiltrationGroup-with-Borders.png","contentUrl":"https:\/\/www.porex.com\/wp-content\/uploads\/2019\/09\/FiltrationGroup-with-Borders.png"},{"@type":"BreadcrumbList","@id":"https:\/\/www.porex.com\/de\/uber-porex\/#breadcrumb","itemListElement":[{"@type":"ListItem","position":1,"name":"home","item":"https:\/\/www.porex.com\/de\/"},{"@type":"ListItem","position":2,"name":"\u00dcber Porex"}]},{"@type":"WebSite","@id":"https:\/\/www.porex.com\/de\/#website","url":"https:\/\/www.porex.com\/de\/","name":"Porex","description":"Your Partner In Innovation","publisher":{"@id":"https:\/\/www.porex.com\/de\/#organization"},"potentialAction":[{"@type":"SearchAction","target":{"@type":"EntryPoint","urlTemplate":"https:\/\/www.porex.com\/de\/?s={search_term_string}"},"query-input":{"@type":"PropertyValueSpecification","valueRequired":true,"valueName":"search_term_string"}}],"inLanguage":"de-DE"},{"@type":"Organization","@id":"https:\/\/www.porex.com\/de\/#organization","name":"Porex Corporation","url":"https:\/\/www.porex.com\/de\/","logo":{"@type":"ImageObject","inLanguage":"de-DE","@id":"https:\/\/www.porex.com\/de\/#\/schema\/logo\/image\/","url":"https:\/\/www.porex.com\/wp-content\/uploads\/2019\/05\/fgc-logo.png","contentUrl":"https:\/\/www.porex.com\/wp-content\/uploads\/2019\/05\/fgc-logo.png","width":480,"height":126,"caption":"Porex Corporation"},"image":{"@id":"https:\/\/www.porex.com\/de\/#\/schema\/logo\/image\/"},"sameAs":["https:\/\/x.com\/PorexCorp","https:\/\/www.linkedin.com\/company\/porex\/","https:\/\/www.youtube.com\/user\/PorexCorporation"],"description":"Porous plastic materials manufacturer of custom components for medical devices, diagnostics, consumer and industrial products. Provides solutions for absorption, filtration, wicking, venting, diffusion and application.","legalName":"Porex Corporation","foundingDate":"1961-04-27"}]}},"_links":{"self":[{"href":"https:\/\/www.porex.com\/de\/wp-json\/wp\/v2\/pages\/3434","targetHints":{"allow":["GET"]}}],"collection":[{"href":"https:\/\/www.porex.com\/de\/wp-json\/wp\/v2\/pages"}],"about":[{"href":"https:\/\/www.porex.com\/de\/wp-json\/wp\/v2\/types\/page"}],"author":[{"embeddable":true,"href":"https:\/\/www.porex.com\/de\/wp-json\/wp\/v2\/users\/5"}],"replies":[{"embeddable":true,"href":"https:\/\/www.porex.com\/de\/wp-json\/wp\/v2\/comments?post=3434"}],"version-history":[{"count":0,"href":"https:\/\/www.porex.com\/de\/wp-json\/wp\/v2\/pages\/3434\/revisions"}],"wp:attachment":[{"href":"https:\/\/www.porex.com\/de\/wp-json\/wp\/v2\/media?parent=3434"}],"curies":[{"name":"wp","href":"https:\/\/api.w.org\/{rel}","templated":true}]}}