{"id":3441,"date":"2020-01-30T15:04:43","date_gmt":"2020-01-30T20:04:43","guid":{"rendered":"https:\/\/www.porex.com\/wasserfiltration\/"},"modified":"2020-06-04T05:23:57","modified_gmt":"2020-06-04T09:23:57","slug":"wasserfiltration","status":"publish","type":"page","link":"https:\/\/www.porex.com\/de\/wasserfiltration\/","title":{"rendered":"Wasserfiltration"},"content":{"rendered":"\n\n\n\n\n\n\n\n\n\n\n\n\n\n\n\n<div><ss3-force-full-width data-overflow-x=\"body\" data-horizontal-selector=\"body\"><div class=\"n2-section-smartslider fitvidsignore \" data-ssid=\"272\" tabindex=\"0\" role=\"region\" aria-label=\"Slider\"><div id=\"n2-ss-272-align\" class=\"n2-ss-align\"><div class=\"n2-padding\"><div id=\"n2-ss-272\" data-creator=\"Smart Slider 3\" data-responsive=\"fullwidth\" class=\"n2-ss-slider n2-ow n2-has-hover n2notransition  \">\n\n\n\n<div class=\"n2-ss-slider-wrapper-outside\" style=\"grid-template-rows:1fr auto\">\n        <div class=\"n2-ss-slider-1 n2_ss__touch_element n2-ow\">\n            <div class=\"n2-ss-slider-2 n2-ow\">\n                                                <div class=\"n2-ss-slider-3 n2-ow\">\n\n                    <div class=\"n2-ss-slide-backgrounds n2-ow-all\"><div class=\"n2-ss-slide-background\" data-public-id=\"1\" data-mode=\"fill\"><div class=\"n2-ss-slide-background-image\" data-blur=\"0\" data-opacity=\"100\" data-x=\"50\" data-y=\"50\" data-alt=\"Water Filtration\" data-title=\"Water Filtration\"><picture class=\"skip-lazy\" data-skip-lazy=\"1\"><img decoding=\"async\" src=\"\/\/www.porex.com\/wp-content\/uploads\/2019\/08\/WaterFiltration1_2500x400.jpg\" alt=\"Water Filtration\" title=\"Water Filtration\" loading=\"lazy\" class=\"skip-lazy\" data-skip-lazy=\"1\"><\/picture><\/div><div data-gradient=\"vertical\" data-color-start=\"RGBA(0,0,0,0.5)\" data-color-end=\"RGBA(0,0,0,0.5)\" style=\"background:linear-gradient(to bottom, RGBA(0,0,0,0.5) 0%,RGBA(0,0,0,0.5) 100%);\" class=\"n2-ss-slide-background-color\" data-overlay=\"1\"><\/div><\/div><div class=\"n2-ss-slide-background\" data-public-id=\"2\" data-mode=\"fill\" aria-hidden=\"true\"><div class=\"n2-ss-slide-background-image\" data-blur=\"0\" data-opacity=\"100\" data-x=\"50\" data-y=\"50\" data-alt=\"Water Filtration\" data-title=\"Water Filtration\"><picture class=\"skip-lazy\" data-skip-lazy=\"1\"><img decoding=\"async\" src=\"\/\/www.porex.com\/wp-content\/uploads\/2019\/08\/WaterFiltration2_2500x400.jpg\" alt=\"Water Filtration\" title=\"Water Filtration\" loading=\"lazy\" class=\"skip-lazy\" data-skip-lazy=\"1\"><\/picture><\/div><div data-gradient=\"vertical\" data-color-start=\"RGBA(0,0,0,0.5)\" data-color-end=\"RGBA(0,0,0,0.5)\" style=\"background:linear-gradient(to bottom, RGBA(0,0,0,0.5) 0%,RGBA(0,0,0,0.5) 100%);\" class=\"n2-ss-slide-background-color\" data-overlay=\"1\"><\/div><\/div><\/div>                    <div class=\"n2-ss-slider-4 n2-ow\">\n                        <svg xmlns=\"http:\/\/www.w3.org\/2000\/svg\" viewBox=\"0 0 1200 400\" data-related-device=\"desktopPortrait\" class=\"n2-ow n2-ss-preserve-size n2-ss-preserve-size--slider n2-ss-slide-limiter\"><\/svg><div data-first=\"1\" data-slide-duration=\"0\" data-id=\"553\" data-slide-public-id=\"1\" data-title=\"DE-Water Filtration\" class=\"n2-ss-slide n2-ow  n2-ss-slide-553\"><div role=\"note\" class=\"n2-ss-slide--focus\" tabindex=\"-1\">DE-Water Filtration<\/div><div class=\"n2-ss-layers-container n2-ss-slide-limiter n2-ow\"><div class=\"n2-ss-layer n2-ow n-uc-1ATV3i9yiOuY\" data-sstype=\"slide\" data-pm=\"default\"><div class=\"n2-ss-layer n2-ow n-uc-HagOyJGBV78Z\" data-pm=\"default\" data-sstype=\"content\" data-hasbackground=\"0\"><div class=\"n2-ss-section-main-content n2-ss-layer-with-background n2-ss-layer-content n2-ow n-uc-HagOyJGBV78Z-inner\"><div class=\"n2-ss-layer n2-ow n-uc-2sTfAvlqdWU8\" data-pm=\"normal\" data-sstype=\"layer\"><h1 id=\"n2-ss-272item1\" class=\"n2-font-6b58c3a16f7e3c912465286171cea591-hover n2-style-a4a526dc80d57646887ccad1f10d967a-heading   n2-ss-item-content n2-ss-text n2-ow\" style=\"display:block;\">Wasserfiltration<\/h1><\/div><div class=\"n2-ss-layer n2-ow n-uc-gk920qq8uES8 n2-ss-layer--auto\" data-pm=\"normal\" data-sstype=\"layer\"><div id=\"n2-ss-272item2\" class=\"n2-font-bea2a58672c09c3e2ac38a19618c9edd-hover   n2-ss-item-content n2-ss-text n2-ow\" style=\"display:inline-block;\">_______<\/div><\/div><div class=\"n2-ss-layer n2-ow n-uc-kH0uA1sPdDdR n2-ss-layer--auto\" data-pm=\"normal\" data-sstype=\"layer\"><div id=\"n2-ss-272item3\" class=\"n2-font-a24e1fa6f78c29450015c75dc722ac27-hover   n2-ss-item-content n2-ss-text n2-ow\" style=\"display:inline-block;\">Die Herausforderungen der Wasserfilterung in der Wohnung oder am Arbeitsplatz mit Hochleistungsfiltern l\u00f6sen<\/div><\/div><\/div><\/div><\/div><\/div><\/div><div data-slide-duration=\"0\" data-id=\"554\" data-slide-public-id=\"2\" aria-hidden=\"true\" data-title=\"DE-Water Filtration\" class=\"n2-ss-slide n2-ow  n2-ss-slide-554\"><div role=\"note\" class=\"n2-ss-slide--focus\" tabindex=\"-1\">DE-Water Filtration<\/div><div class=\"n2-ss-layers-container n2-ss-slide-limiter n2-ow\"><div class=\"n2-ss-layer n2-ow n-uc-C89IxGDA3JjA\" data-sstype=\"slide\" data-pm=\"default\"><div class=\"n2-ss-layer n2-ow n-uc-ReIsfiG84Ifj\" data-pm=\"default\" data-sstype=\"content\" data-hasbackground=\"0\"><div class=\"n2-ss-section-main-content n2-ss-layer-with-background n2-ss-layer-content n2-ow n-uc-ReIsfiG84Ifj-inner\"><div class=\"n2-ss-layer n2-ow n-uc-TTSJpS3RoBER\" data-pm=\"normal\" data-sstype=\"layer\"><div id=\"n2-ss-272item4\" class=\"n2-font-6b58c3a16f7e3c912465286171cea591-hover n2-style-a4a526dc80d57646887ccad1f10d967a-heading   n2-ss-item-content n2-ss-text n2-ow\" style=\"display:block;\">Wasserfiltration<\/div><\/div><div class=\"n2-ss-layer n2-ow n-uc-DzSsDiFMYBQY n2-ss-layer--auto\" data-pm=\"normal\" data-sstype=\"layer\"><div id=\"n2-ss-272item5\" class=\"n2-font-bea2a58672c09c3e2ac38a19618c9edd-hover   n2-ss-item-content n2-ss-text n2-ow\" style=\"display:inline-block;\">_______<\/div><\/div><div class=\"n2-ss-layer n2-ow n-uc-nbtYRNNXoOiA n2-ss-layer--auto\" data-pm=\"normal\" data-sstype=\"layer\"><div id=\"n2-ss-272item6\" class=\"n2-font-a24e1fa6f78c29450015c75dc722ac27-hover   n2-ss-item-content n2-ss-text n2-ow\" style=\"display:inline-block;\">Die Herausforderungen der Wasserfilterung in der Wohnung oder am Arbeitsplatz mit Hochleistungsfiltern l\u00f6sen<\/div><\/div><\/div><\/div><\/div><\/div><\/div>                    <\/div>\n\n                                    <\/div>\n            <\/div>\n        <\/div>\n        <div class=\"n2-ss-slider-controls n2-ss-slider-controls-below\"><div style=\"--widget-offset:10px;\" class=\"n2-ss-widget n2-ss-control-bullet n2-ow-all n2-ss-control-bullet-horizontal\"><div class=\" nextend-bullet-bar n2-bar-justify-content-center\" role=\"group\" aria-label=\"Choose slide to display.\"><div class=\"n2-bullet n2-style-c0fe1c7a37b7b7c3cb83a8d1cde6e7ce-dot \" style=\"visibility:hidden;\"><\/div><\/div><\/div><\/div><\/div><\/div><ss3-loader><\/ss3-loader><\/div><\/div><div class=\"n2_clear\"><\/div><\/div><\/ss3-force-full-width><\/div>\n\n\n<p class=\"has-text-align-left\">Weltweit vertrauen Wasserfilterhersteller auf Porex f\u00fcr por\u00f6se Filterl\u00f6sungen, die komplexe Design- und technische Herausforderungen in der Verbraucher-, Freizeit- und industriellen Wasserfilterbranche bew\u00e4ltigen. Mit jahrzehntelanger Erfahrung in Materialwissenschaften und Filtrationsanwendungen gew\u00e4hrleisten unsere weltweiten Aktivit\u00e4ten eine hohe Reproduzierbarkeit und Zuverl\u00e4ssigkeit von Filterprodukten entlang der gesamten Lieferkette. <\/p>\n\n\n\n<div class=\"wp-block-media-text alignwide is-stacked-on-mobile\" style=\"grid-template-columns:35% auto\"><figure class=\"wp-block-media-text__media\"><img loading=\"lazy\" decoding=\"async\" width=\"425\" height=\"425\" src=\"https:\/\/www.porex.com\/wp-content\/uploads\/2019\/08\/Application-1_Carbon-Block-Pre-Filters_0.jpg\" alt=\"Trinkwasserfilter\" class=\"wp-image-3210\" srcset=\"https:\/\/www.porex.com\/wp-content\/uploads\/2019\/08\/Application-1_Carbon-Block-Pre-Filters_0.jpg 425w, https:\/\/www.porex.com\/wp-content\/uploads\/2019\/08\/Application-1_Carbon-Block-Pre-Filters_0-150x150.jpg 150w, https:\/\/www.porex.com\/wp-content\/uploads\/2019\/08\/Application-1_Carbon-Block-Pre-Filters_0-300x300.jpg 300w\" sizes=\"auto, (max-width: 425px) 100vw, 425px\" \/><\/figure><div class=\"wp-block-media-text__content\">\n<h3 class=\"wp-block-heading\">Trinkwasser<\/h3>\n\n\n\n<p>POREX\u00ae Filter werden in einer Vielzahl von Trinkwasseranwendungen eingesetzt, darunter Trinkflaschen, Aktivkohle-Vorfilter, Medientr\u00e4gerrohre und -platten sowie schmelzgeblasene Filterkerzen f\u00fcr Haushalts-Trinkwassersysteme, um Leistung und Lebensdauer des Filtrationssystems zu verbessern.  <\/p>\n\n\n\n<div class=\"wp-block-button\"><a class=\"wp-block-button__link has-text-color has-white-color has-background has-green-background-color\" href=\"https:\/\/www.porex.com\/de\/markte\/wasserfiltration\/trinkwasser\/\">MEHR ERFAHREN<\/a><\/div>\n<\/div><\/div>\n\n\n\n<div class=\"wp-block-media-text alignwide is-stacked-on-mobile\" style=\"grid-template-columns:35% auto\"><figure class=\"wp-block-media-text__media\"><img loading=\"lazy\" decoding=\"async\" width=\"425\" height=\"425\" src=\"https:\/\/www.porex.com\/wp-content\/uploads\/2019\/08\/Application-1_Swimming-Pool-Filters_0.jpg\" alt=\"Badewasser\" class=\"wp-image-3442\" srcset=\"https:\/\/www.porex.com\/wp-content\/uploads\/2019\/08\/Application-1_Swimming-Pool-Filters_0.jpg 425w, https:\/\/www.porex.com\/wp-content\/uploads\/2019\/08\/Application-1_Swimming-Pool-Filters_0-150x150.jpg 150w, https:\/\/www.porex.com\/wp-content\/uploads\/2019\/08\/Application-1_Swimming-Pool-Filters_0-300x300.jpg 300w\" sizes=\"auto, (max-width: 425px) 100vw, 425px\" \/><\/figure><div class=\"wp-block-media-text__content\">\n<h3 class=\"wp-block-heading\">Erholung im Wasser<\/h3>\n\n\n\n<p>Mit den POREX\u00ae&nbsp;Schwimmbad- und Spa-Filtern halten Sie Ihre Schwimmb\u00e4der und Spas sauber und behaglich. Diese formstabilen und leichten Filter und Sprudler maximieren den Oberfl\u00e4chenbereich und die Durchflussraten und bieten ausgezeichnete chemische und physikalische Best\u00e4ndigkeit gegen Reinigungsmittel, um eine lange Produktlebensdauer zu gew\u00e4hrleisten. Radial-, Rohr- und Plattenfilter sind einfach in bestehende Schwimmbad- und Spafiltrationssysteme zu integrieren, und es k\u00f6nnen alle Porex Filterprodukte auf die individuellen Wasserfiltrationssystemanforderungen zugeschnitten werden. <\/p>\n\n\n\n<div class=\"wp-block-button\"><a class=\"wp-block-button__link has-text-color has-white-color has-background has-green-background-color\" href=\"https:\/\/www.porex.com\/de\/markte\/wasserfiltration\/erholung-im-wasser\/\">MEHR ERFAHREN<\/a><\/div>\n<\/div><\/div>\n\n\n\n<div class=\"wp-block-media-text alignwide is-stacked-on-mobile\" style=\"grid-template-columns:35% auto\"><figure class=\"wp-block-media-text__media\"><img loading=\"lazy\" decoding=\"async\" width=\"425\" height=\"425\" src=\"https:\/\/www.porex.com\/wp-content\/uploads\/2019\/08\/Application-1_Tubular-Membrane-Fitlration_0.jpg\" alt=\"Prozesswasser\" class=\"wp-image-3443\" srcset=\"https:\/\/www.porex.com\/wp-content\/uploads\/2019\/08\/Application-1_Tubular-Membrane-Fitlration_0.jpg 425w, https:\/\/www.porex.com\/wp-content\/uploads\/2019\/08\/Application-1_Tubular-Membrane-Fitlration_0-150x150.jpg 150w, https:\/\/www.porex.com\/wp-content\/uploads\/2019\/08\/Application-1_Tubular-Membrane-Fitlration_0-300x300.jpg 300w\" sizes=\"auto, (max-width: 425px) 100vw, 425px\" \/><\/figure><div class=\"wp-block-media-text__content\">\n<h3 class=\"wp-block-heading\">Industriewasser<\/h3>\n\n\n\n<p>Herausforderungen bei der Wasserfiltration k\u00f6nnen in industriellen Systemen gro\u00dfen Schaden anrichten. Porex bietet leistungsstarke L\u00f6sungen, darunter R\u00f6hrenmembranfilter, Underdrain-St\u00fctzplatten und Standardfiltergeh\u00e4use f\u00fcr die industrielle Wasserfiltration sowie f\u00fcr industrielle Abwasser- und kommunale Abwasseranwendungen. POREX\u00ae L\u00f6sungen wurden speziell f\u00fcr industrielle Anwendungen entwickelt und enthalten robuste, strapazierf\u00e4hige Membranen, Tr\u00e4gersand und Multimediafilter. Sie sind in Standardfiltern und -geh\u00e4usen f\u00fcr Anwendungen wie landwirtschaftliche Spr\u00fchger\u00e4te, Hochdruckreiniger, Bodenw\u00e4scher und Vorfilter, K\u00fchlturmwasser und Seewasserfiltration erh\u00e4ltlich. <\/p>\n\n\n\n<div class=\"wp-block-button\"><a class=\"wp-block-button__link has-text-color has-white-color has-background has-green-background-color\" href=\"https:\/\/www.porex.com\/de\/markte\/wasserfiltration\/industriewasser\/\">MEHR ERFAHREN<\/a><\/div>\n<\/div><\/div>\n","protected":false},"excerpt":{"rendered":"<p>Weltweit vertrauen Wasserfilterhersteller auf Porex f\u00fcr por\u00f6se Filterl\u00f6sungen, die komplexe Design- und technische Herausforderungen in der Verbraucher-, Freizeit- und industriellen Wasserfilterbranche bew\u00e4ltigen. Mit jahrzehntelanger Erfahrung in Materialwissenschaften und Filtrationsanwendungen gew\u00e4hrleisten unsere weltweiten Aktivit\u00e4ten eine hohe Reproduzierbarkeit und Zuverl\u00e4ssigkeit von Filterprodukten entlang der gesamten Lieferkette.<\/p>\n","protected":false},"author":5,"featured_media":0,"parent":0,"menu_order":1,"comment_status":"closed","ping_status":"closed","template":"","meta":{"_acf_changed":false,"footnotes":""},"class_list":["post-3441","page","type-page","status-publish","hentry"],"acf":[],"yoast_head":"<!-- This site is optimized with the Yoast SEO Premium plugin v27.3 (Yoast SEO v27.3) - https:\/\/yoast.com\/product\/yoast-seo-premium-wordpress\/ -->\n<title>Por\u00f6ser Kunststoffwasserfilter | Por\u00f6se Kunststofffilter | Por\u00f6se Wasserfiltration - Porex<\/title>\n<meta name=\"description\" content=\"Porex Wasserfilter werden in einem breiten Spektrum von Produktanwendungen verwendet von Haushalts-Trinkwassersystemen bis hin zu Schwimmbad-Filtrationssystemen.\" \/>\n<meta name=\"robots\" content=\"index, follow, max-snippet:-1, max-image-preview:large, max-video-preview:-1\" \/>\n<link rel=\"canonical\" href=\"https:\/\/www.porex.com\/de\/wasserfiltration\/\" \/>\n<meta property=\"og:locale\" content=\"de_DE\" \/>\n<meta property=\"og:type\" content=\"article\" \/>\n<meta property=\"og:title\" content=\"Wasserfiltration\" \/>\n<meta property=\"og:description\" content=\"Weltweit vertrauen Wasserfilterhersteller auf Porex f\u00fcr por\u00f6se Filterl\u00f6sungen, die komplexe Design- und technische Herausforderungen in der Verbraucher-,\" \/>\n<meta property=\"og:url\" content=\"https:\/\/www.porex.com\/de\/wasserfiltration\/\" \/>\n<meta property=\"og:site_name\" content=\"Porex\" \/>\n<meta property=\"article:modified_time\" content=\"2020-06-04T09:23:57+00:00\" \/>\n<meta property=\"og:image\" content=\"https:\/\/www.porex.com\/wp-content\/uploads\/2019\/08\/Application-1_Carbon-Block-Pre-Filters_0.jpg\" \/>\n<meta name=\"twitter:card\" content=\"summary_large_image\" \/>\n<meta name=\"twitter:site\" content=\"@PorexCorp\" \/>\n<meta name=\"twitter:label1\" content=\"Gesch\u00e4tzte Lesezeit\" \/>\n\t<meta name=\"twitter:data1\" content=\"1 Minute\" \/>\n<script type=\"application\/ld+json\" class=\"yoast-schema-graph\">{\"@context\":\"https:\\\/\\\/schema.org\",\"@graph\":[{\"@type\":\"WebPage\",\"@id\":\"https:\\\/\\\/www.porex.com\\\/de\\\/wasserfiltration\\\/\",\"url\":\"https:\\\/\\\/www.porex.com\\\/de\\\/wasserfiltration\\\/\",\"name\":\"Por\u00f6ser Kunststoffwasserfilter | Por\u00f6se Kunststofffilter | Por\u00f6se Wasserfiltration - Porex\",\"isPartOf\":{\"@id\":\"https:\\\/\\\/www.porex.com\\\/de\\\/#website\"},\"primaryImageOfPage\":{\"@id\":\"https:\\\/\\\/www.porex.com\\\/de\\\/wasserfiltration\\\/#primaryimage\"},\"image\":{\"@id\":\"https:\\\/\\\/www.porex.com\\\/de\\\/wasserfiltration\\\/#primaryimage\"},\"thumbnailUrl\":\"https:\\\/\\\/www.porex.com\\\/wp-content\\\/uploads\\\/2019\\\/08\\\/Application-1_Carbon-Block-Pre-Filters_0.jpg\",\"datePublished\":\"2020-01-30T20:04:43+00:00\",\"dateModified\":\"2020-06-04T09:23:57+00:00\",\"description\":\"Porex Wasserfilter werden in einem breiten Spektrum von Produktanwendungen verwendet von Haushalts-Trinkwassersystemen bis hin zu Schwimmbad-Filtrationssystemen.\",\"breadcrumb\":{\"@id\":\"https:\\\/\\\/www.porex.com\\\/de\\\/wasserfiltration\\\/#breadcrumb\"},\"inLanguage\":\"de-DE\",\"potentialAction\":[{\"@type\":\"ReadAction\",\"target\":[\"https:\\\/\\\/www.porex.com\\\/de\\\/wasserfiltration\\\/\"]}]},{\"@type\":\"ImageObject\",\"inLanguage\":\"de-DE\",\"@id\":\"https:\\\/\\\/www.porex.com\\\/de\\\/wasserfiltration\\\/#primaryimage\",\"url\":\"https:\\\/\\\/www.porex.com\\\/wp-content\\\/uploads\\\/2019\\\/08\\\/Application-1_Carbon-Block-Pre-Filters_0.jpg\",\"contentUrl\":\"https:\\\/\\\/www.porex.com\\\/wp-content\\\/uploads\\\/2019\\\/08\\\/Application-1_Carbon-Block-Pre-Filters_0.jpg\"},{\"@type\":\"BreadcrumbList\",\"@id\":\"https:\\\/\\\/www.porex.com\\\/de\\\/wasserfiltration\\\/#breadcrumb\",\"itemListElement\":[{\"@type\":\"ListItem\",\"position\":1,\"name\":\"home\",\"item\":\"https:\\\/\\\/www.porex.com\\\/de\\\/\"},{\"@type\":\"ListItem\",\"position\":2,\"name\":\"M\u00e4rkte\",\"item\":\"https:\\\/\\\/www.porex.com\\\/de\\\/markte\\\/\"},{\"@type\":\"ListItem\",\"position\":3,\"name\":\"Wasserfiltration\"}]},{\"@type\":\"WebSite\",\"@id\":\"https:\\\/\\\/www.porex.com\\\/de\\\/#website\",\"url\":\"https:\\\/\\\/www.porex.com\\\/de\\\/\",\"name\":\"Porex\",\"description\":\"Your Partner In Innovation\",\"publisher\":{\"@id\":\"https:\\\/\\\/www.porex.com\\\/de\\\/#organization\"},\"potentialAction\":[{\"@type\":\"SearchAction\",\"target\":{\"@type\":\"EntryPoint\",\"urlTemplate\":\"https:\\\/\\\/www.porex.com\\\/de\\\/?s={search_term_string}\"},\"query-input\":{\"@type\":\"PropertyValueSpecification\",\"valueRequired\":true,\"valueName\":\"search_term_string\"}}],\"inLanguage\":\"de-DE\"},{\"@type\":\"Organization\",\"@id\":\"https:\\\/\\\/www.porex.com\\\/de\\\/#organization\",\"name\":\"Porex Corporation\",\"url\":\"https:\\\/\\\/www.porex.com\\\/de\\\/\",\"logo\":{\"@type\":\"ImageObject\",\"inLanguage\":\"de-DE\",\"@id\":\"https:\\\/\\\/www.porex.com\\\/de\\\/#\\\/schema\\\/logo\\\/image\\\/\",\"url\":\"https:\\\/\\\/www.porex.com\\\/wp-content\\\/uploads\\\/2019\\\/05\\\/fgc-logo.png\",\"contentUrl\":\"https:\\\/\\\/www.porex.com\\\/wp-content\\\/uploads\\\/2019\\\/05\\\/fgc-logo.png\",\"width\":480,\"height\":126,\"caption\":\"Porex Corporation\"},\"image\":{\"@id\":\"https:\\\/\\\/www.porex.com\\\/de\\\/#\\\/schema\\\/logo\\\/image\\\/\"},\"sameAs\":[\"https:\\\/\\\/x.com\\\/PorexCorp\",\"https:\\\/\\\/www.linkedin.com\\\/company\\\/porex\\\/\",\"https:\\\/\\\/www.youtube.com\\\/user\\\/PorexCorporation\"],\"description\":\"Porous plastic materials manufacturer of custom components for medical devices, diagnostics, consumer and industrial products. Provides solutions for absorption, filtration, wicking, venting, diffusion and application.\",\"legalName\":\"Porex Corporation\",\"foundingDate\":\"1961-04-27\"}]}<\/script>\n<!-- \/ Yoast SEO Premium plugin. -->","yoast_head_json":{"title":"Por\u00f6ser Kunststoffwasserfilter | Por\u00f6se Kunststofffilter | Por\u00f6se Wasserfiltration - Porex","description":"Porex Wasserfilter werden in einem breiten Spektrum von Produktanwendungen verwendet von Haushalts-Trinkwassersystemen bis hin zu Schwimmbad-Filtrationssystemen.","robots":{"index":"index","follow":"follow","max-snippet":"max-snippet:-1","max-image-preview":"max-image-preview:large","max-video-preview":"max-video-preview:-1"},"canonical":"https:\/\/www.porex.com\/de\/wasserfiltration\/","og_locale":"de_DE","og_type":"article","og_title":"Wasserfiltration","og_description":"Weltweit vertrauen Wasserfilterhersteller auf Porex f\u00fcr por\u00f6se Filterl\u00f6sungen, die komplexe Design- und technische Herausforderungen in der Verbraucher-,","og_url":"https:\/\/www.porex.com\/de\/wasserfiltration\/","og_site_name":"Porex","article_modified_time":"2020-06-04T09:23:57+00:00","og_image":[{"url":"https:\/\/www.porex.com\/wp-content\/uploads\/2019\/08\/Application-1_Carbon-Block-Pre-Filters_0.jpg","type":"","width":"","height":""}],"twitter_card":"summary_large_image","twitter_site":"@PorexCorp","twitter_misc":{"Gesch\u00e4tzte Lesezeit":"1 Minute"},"schema":{"@context":"https:\/\/schema.org","@graph":[{"@type":"WebPage","@id":"https:\/\/www.porex.com\/de\/wasserfiltration\/","url":"https:\/\/www.porex.com\/de\/wasserfiltration\/","name":"Por\u00f6ser Kunststoffwasserfilter | Por\u00f6se Kunststofffilter | Por\u00f6se Wasserfiltration - Porex","isPartOf":{"@id":"https:\/\/www.porex.com\/de\/#website"},"primaryImageOfPage":{"@id":"https:\/\/www.porex.com\/de\/wasserfiltration\/#primaryimage"},"image":{"@id":"https:\/\/www.porex.com\/de\/wasserfiltration\/#primaryimage"},"thumbnailUrl":"https:\/\/www.porex.com\/wp-content\/uploads\/2019\/08\/Application-1_Carbon-Block-Pre-Filters_0.jpg","datePublished":"2020-01-30T20:04:43+00:00","dateModified":"2020-06-04T09:23:57+00:00","description":"Porex Wasserfilter werden in einem breiten Spektrum von Produktanwendungen verwendet von Haushalts-Trinkwassersystemen bis hin zu Schwimmbad-Filtrationssystemen.","breadcrumb":{"@id":"https:\/\/www.porex.com\/de\/wasserfiltration\/#breadcrumb"},"inLanguage":"de-DE","potentialAction":[{"@type":"ReadAction","target":["https:\/\/www.porex.com\/de\/wasserfiltration\/"]}]},{"@type":"ImageObject","inLanguage":"de-DE","@id":"https:\/\/www.porex.com\/de\/wasserfiltration\/#primaryimage","url":"https:\/\/www.porex.com\/wp-content\/uploads\/2019\/08\/Application-1_Carbon-Block-Pre-Filters_0.jpg","contentUrl":"https:\/\/www.porex.com\/wp-content\/uploads\/2019\/08\/Application-1_Carbon-Block-Pre-Filters_0.jpg"},{"@type":"BreadcrumbList","@id":"https:\/\/www.porex.com\/de\/wasserfiltration\/#breadcrumb","itemListElement":[{"@type":"ListItem","position":1,"name":"home","item":"https:\/\/www.porex.com\/de\/"},{"@type":"ListItem","position":2,"name":"M\u00e4rkte","item":"https:\/\/www.porex.com\/de\/markte\/"},{"@type":"ListItem","position":3,"name":"Wasserfiltration"}]},{"@type":"WebSite","@id":"https:\/\/www.porex.com\/de\/#website","url":"https:\/\/www.porex.com\/de\/","name":"Porex","description":"Your Partner In Innovation","publisher":{"@id":"https:\/\/www.porex.com\/de\/#organization"},"potentialAction":[{"@type":"SearchAction","target":{"@type":"EntryPoint","urlTemplate":"https:\/\/www.porex.com\/de\/?s={search_term_string}"},"query-input":{"@type":"PropertyValueSpecification","valueRequired":true,"valueName":"search_term_string"}}],"inLanguage":"de-DE"},{"@type":"Organization","@id":"https:\/\/www.porex.com\/de\/#organization","name":"Porex Corporation","url":"https:\/\/www.porex.com\/de\/","logo":{"@type":"ImageObject","inLanguage":"de-DE","@id":"https:\/\/www.porex.com\/de\/#\/schema\/logo\/image\/","url":"https:\/\/www.porex.com\/wp-content\/uploads\/2019\/05\/fgc-logo.png","contentUrl":"https:\/\/www.porex.com\/wp-content\/uploads\/2019\/05\/fgc-logo.png","width":480,"height":126,"caption":"Porex Corporation"},"image":{"@id":"https:\/\/www.porex.com\/de\/#\/schema\/logo\/image\/"},"sameAs":["https:\/\/x.com\/PorexCorp","https:\/\/www.linkedin.com\/company\/porex\/","https:\/\/www.youtube.com\/user\/PorexCorporation"],"description":"Porous plastic materials manufacturer of custom components for medical devices, diagnostics, consumer and industrial products. Provides solutions for absorption, filtration, wicking, venting, diffusion and application.","legalName":"Porex Corporation","foundingDate":"1961-04-27"}]}},"_links":{"self":[{"href":"https:\/\/www.porex.com\/de\/wp-json\/wp\/v2\/pages\/3441","targetHints":{"allow":["GET"]}}],"collection":[{"href":"https:\/\/www.porex.com\/de\/wp-json\/wp\/v2\/pages"}],"about":[{"href":"https:\/\/www.porex.com\/de\/wp-json\/wp\/v2\/types\/page"}],"author":[{"embeddable":true,"href":"https:\/\/www.porex.com\/de\/wp-json\/wp\/v2\/users\/5"}],"replies":[{"embeddable":true,"href":"https:\/\/www.porex.com\/de\/wp-json\/wp\/v2\/comments?post=3441"}],"version-history":[{"count":0,"href":"https:\/\/www.porex.com\/de\/wp-json\/wp\/v2\/pages\/3441\/revisions"}],"wp:attachment":[{"href":"https:\/\/www.porex.com\/de\/wp-json\/wp\/v2\/media?parent=3441"}],"curies":[{"name":"wp","href":"https:\/\/api.w.org\/{rel}","templated":true}]}}