{"id":3453,"date":"2020-01-30T15:04:43","date_gmt":"2020-01-30T20:04:43","guid":{"rendered":"https:\/\/www.porex.com\/uber-porex\/geschichte\/"},"modified":"2020-06-04T04:13:51","modified_gmt":"2020-06-04T08:13:51","slug":"geschichte","status":"publish","type":"page","link":"https:\/\/www.porex.com\/de\/about\/uber-porex\/geschichte\/","title":{"rendered":"Geschichte"},"content":{"rendered":"<div><ss3-force-full-width data-overflow-x=\"body\" data-horizontal-selector=\"body\"><div class=\"n2-section-smartslider fitvidsignore \" data-ssid=\"228\" tabindex=\"0\" role=\"region\" aria-label=\"Slider\"><div id=\"n2-ss-228-align\" class=\"n2-ss-align\"><div class=\"n2-padding\"><div id=\"n2-ss-228\" data-creator=\"Smart Slider 3\" data-responsive=\"fullwidth\" class=\"n2-ss-slider n2-ow n2-has-hover n2notransition  \"><div class=\"n2-ss-slider-wrapper-outside\" style=\"grid-template-rows:1fr auto\">\n        <div class=\"n2-ss-slider-1 n2_ss__touch_element n2-ow\">\n            <div class=\"n2-ss-slider-2 n2-ow\">\n                                                <div class=\"n2-ss-slider-3 n2-ow\">\n\n                    <div class=\"n2-ss-slide-backgrounds n2-ow-all\"><div class=\"n2-ss-slide-background\" data-public-id=\"1\" data-mode=\"fill\"><div class=\"n2-ss-slide-background-image\" data-blur=\"0\" data-opacity=\"100\" data-x=\"50\" data-y=\"50\" data-alt=\"History\" data-title=\"History\"><picture class=\"skip-lazy\" data-skip-lazy=\"1\"><img decoding=\"async\" src=\"\/\/www.porex.com\/wp-content\/uploads\/2019\/09\/HistoryHdr1_2000x500.jpg\" alt=\"History\" title=\"History\" loading=\"lazy\" class=\"skip-lazy\" data-skip-lazy=\"1\"><\/picture><\/div><div data-gradient=\"vertical\" data-color-start=\"RGBA(0,0,0,0.5)\" data-color-end=\"RGBA(0,0,0,0.5)\" style=\"background:linear-gradient(to bottom, RGBA(0,0,0,0.5) 0%,RGBA(0,0,0,0.5) 100%);\" class=\"n2-ss-slide-background-color\" data-overlay=\"1\"><\/div><\/div><\/div>                    <div class=\"n2-ss-slider-4 n2-ow\">\n                        <svg xmlns=\"http:\/\/www.w3.org\/2000\/svg\" viewBox=\"0 0 1200 400\" data-related-device=\"desktopPortrait\" class=\"n2-ow n2-ss-preserve-size n2-ss-preserve-size--slider n2-ss-slide-limiter\"><\/svg><div data-first=\"1\" data-slide-duration=\"0\" data-id=\"476\" data-slide-public-id=\"1\" data-title=\"DE-History\" class=\"n2-ss-slide n2-ow  n2-ss-slide-476\"><div role=\"note\" class=\"n2-ss-slide--focus\" tabindex=\"-1\">DE-History<\/div><div class=\"n2-ss-layers-container n2-ss-slide-limiter n2-ow\"><div class=\"n2-ss-layer n2-ow n-uc-VNADbspvQaTG\" data-sstype=\"slide\" data-pm=\"default\"><div class=\"n2-ss-layer n2-ow n-uc-yh2yrDmRZShn\" data-pm=\"default\" data-sstype=\"content\" data-hasbackground=\"0\"><div class=\"n2-ss-section-main-content n2-ss-layer-with-background n2-ss-layer-content n2-ow n-uc-yh2yrDmRZShn-inner\"><div class=\"n2-ss-layer n2-ow n-uc-2u87DfpzY17I\" data-pm=\"normal\" data-sstype=\"layer\"><h1 id=\"n2-ss-228item1\" class=\"n2-font-6b58c3a16f7e3c912465286171cea591-hover n2-style-a4a526dc80d57646887ccad1f10d967a-heading   n2-ss-item-content n2-ss-text n2-ow\" style=\"display:block;\">Geschichte<\/h1><\/div><div class=\"n2-ss-layer n2-ow n-uc-HaGj3H1B7xf8 n2-ss-layer--auto\" data-pm=\"normal\" data-sstype=\"layer\"><div id=\"n2-ss-228item2\" class=\"n2-font-bea2a58672c09c3e2ac38a19618c9edd-hover   n2-ss-item-content n2-ss-text n2-ow\" style=\"display:inline-block;\">_______<\/div><\/div><div class=\"n2-ss-layer n2-ow n-uc-W4YwZBtk6oo0 n2-ss-layer--auto\" data-pm=\"normal\" data-sstype=\"layer\"><div id=\"n2-ss-228item3\" class=\"n2-font-29b648c47e833300e3a734ec08e67099-hover   n2-ss-item-content n2-ss-text n2-ow\" style=\"display:inline-block;\"><\/div><\/div><\/div><\/div><\/div><\/div><\/div>                    <\/div>\n\n                                    <\/div>\n            <\/div>\n        <\/div>\n        <\/div><\/div><ss3-loader><\/ss3-loader><\/div><\/div><div class=\"n2_clear\"><\/div><\/div><\/ss3-force-full-width><\/div>\n\n\n<div style=\"height:20px\" aria-hidden=\"true\" class=\"wp-block-spacer\"><\/div>\n\n\n\n<h2 class=\"wp-block-heading\">Porex Technologies GmbH <\/h2>\n\n\n\n<p>Die Porex Corporation, ein weltweit f\u00fchrendes Unternehmen f\u00fcr fortschrittliche por\u00f6se L\u00f6sungen und Mitglied der Filtration Group, hat vor 58 Jahren in einem kleinen Geb\u00e4ude in der Bay Street in Fairburn, Georgia, seine Pforten ge\u00f6ffnet. Heute besch\u00e4ftigt Porex mehr als 700 Mitarbeiter weltweit und arbeitet mit \u00fcber 1.500 Kunden in 65 L\u00e4ndern zusammen, um Produktideen mit technischen und Design Innovationen in die Tat umzusetzen.<\/p>\n\n\n\n<p>In Zusammenarbeit mit seinen Kunden entwickelt Porex hochwertige L\u00f6sungen f\u00fcr die Produktdesign-Herausforderungen seiner Kunden in den Bereichen Absorption, Anwendung, Zerst\u00e4ubung, Filtration, Entl\u00fcftung und Dochtwirkung. Diese fortschrittlichen por\u00f6sen L\u00f6sungen k\u00f6nnen in einer Vielzahl von Branchen von medizinischen Ger\u00e4ten bis hin zu Schreibger\u00e4ten eingesetzt werden, um die Produktideen unserer Kunden zum Leben zu erwecken.<\/p>\n\n\n\n<h4 class=\"wp-block-heading\"><em><strong>Fr\u00fche Techniker starker por\u00f6ser L\u00f6sungen<\/strong><\/em> <\/h4>\n\n\n\n<p>Anfang 1961 gr\u00fcndete Herr Bob Dickey, ein Forschungswissenschaftler, einen kleinen Betrieb, in dem er Plattenmaterial aus diversen Polymeren herstellte, das f\u00fcr ein Laugentrennverfahren benutzt werden sollte. Zu diesem Zeitpunkt steckte die Kunststoffindustrie noch in den Kinderschuhen: Herr Dickey und seine beiden Mitarbeiter verfeinerten gesinterte por\u00f6se Kunststoffe f\u00fcr kommerzielle Produktionszwecke.<\/p>\n\n\n\n<p>Kurz nach der Gesch\u00e4ftsgr\u00fcndung der Porex Materials Corporation am 27. April 1961 wandten Herr Dickey und seine Mitarbeiter die von ihnen entwickelte Technik auf die Herstellung von por\u00f6sen Kunststoffspitzen f\u00fcr Schreibger\u00e4te an. Sie produzierten eine Produktreihe unter dem Markennamen POREX. Porex setzte schnell einen Standard f\u00fcr Schreibfedern und die Ums\u00e4tze erreichten 1968 1 Million US-Dollar.<\/p>\n\n\n\n<p>In den folgenden Jahrzehnten erlangte Porex eine f\u00fchrende Pr\u00e4senz in verschiedenen M\u00e4rkten, darunter Biomedizin, Biowissenschaften, Elektronik, Kosmetik und mehr. Die einzigartigen Eigenschaften von por\u00f6sem Kunststoff kombiniert mit der bahnbrechenden Entwicklungs- und Technologieerfahrung der Porex Mitarbeiter f\u00f6rderten das weitere Wachstum, das den Eintritt in kritische M\u00e4rkte beschleunigte und zu wichtigen Akquisitionen f\u00fchrte. Das Unternehmen wuchs auch international und expandierte in den 1980er Jahren nach Europa und in den 1990er Jahren nach Asien. Zuletzt expandierte Porex 2018 nach Malaysia und China, um den Betrieb und die Kundenbetreuung zu verbessern.<\/p>\n\n\n\n<h4 class=\"wp-block-heading\"><em><strong>Die Welt sicherer, ges\u00fcnder und produktiver machen<\/strong><\/em>  <\/h4>\n\n\n\n<p>Im Jahr 2013 wurde Porex Mitglied der Filtration Group. Die Filtration Group hat es sich zur Aufgabe gemacht, die Welt sicherer, ges\u00fcnder und produktiver zu machen.&nbsp; Mit leidenschaftlichen Mitarbeitern, weltweiter Pr\u00e4senz und erstklassigen Technik- und Fertigungskapazit\u00e4ten treibt die Filtration Group Innovationen voran und entwickelt L\u00f6sungen f\u00fcr ein breites Anwendungsspektrum in der schnell wachsenden globalen Filtrationsbranche.<\/p>\n\n\n\n<p>Die Filtration Group wurde 2009 gegr\u00fcndet und hat sich schnell zu einem weltweit f\u00fchrenden Unternehmen in der Filtrationsbranche entwickelt. Mit einem Umsatz von 1,6 Milliarden US-Dollar gilt die Filtration Group als das am schnellsten wachsende und eines der gr\u00f6\u00dften Filtrationsunternehmen der Welt.&nbsp; Mit \u00fcber 7.000 Mitarbeitern bedient das Unternehmen seine Kunden an 105 Standorten in \u00fcber 25 L\u00e4ndern. Die Filtration Group ist in einer Vielzahl attraktiver Endm\u00e4rkte t\u00e4tig und produziert gesch\u00e4ftskritische Produkte mit hohen Ersatzquoten.<\/p>\n\n\n\n<p>Die Filtration Group ist eine Tochtergesellschaft von Madison Industries, einem der gr\u00f6\u00dften und erfolgreichsten privaten Unternehmen der Welt. Madison baut unternehmerisch gepr\u00e4gte Marken-Marktf\u00fchrer auf, die sich daf\u00fcr einsetzen, die Welt sicherer, ges\u00fcnder und produktiver zu machen, indem sie innovative L\u00f6sungen entwickeln, die einen herausragenden Kundennutzen bieten. Das Team von Madison hat es sich zum Ziel gesetzt, etwas wirklich Bemerkenswertes zu schaffen, das das Unternehmen lange \u00fcberdauert, w\u00e4hrend es andere darin schult, ihr h\u00f6chstes Potenzial zu erreichen. Weitere Informationen zu Madison finden Sie unter&nbsp;<a href=\"http:\/\/www.madison.net\/\">www.madison.net<\/a>.<\/p>\n\n\n\n<h4 class=\"wp-block-heading\"><em><strong>Die Pioniere von Morgen<\/strong><\/em> <\/h4>\n\n\n\n<p>Porex ist weiterhin ein weltweit f\u00fchrendes Unternehmen in der Entwicklung und Herstellung fortschrittlicher por\u00f6ser L\u00f6sungen. &nbsp;Das un\u00fcbertroffene technologische Know-how von Porex, die Verpflichtung zu strengen Regulierungs- und Qualit\u00e4tsstandards und das Engagement f\u00fcr den Kundenservice zeichnen seine Produkte auf dem Weltmarkt aus. Im Jahr 2019 wurde Porex mit dem Edison Award f\u00fcr seinen revolution\u00e4ren POREX\u00ae FORTRESS\u2122-Fl\u00fcssigkeitsbarriere-Pipettenspitzenfilter ausgezeichnet. Hierbei handelt es sich um eine innovative Technologie, die die Reinheit der Proben sch\u00fctzt und zuverl\u00e4ssige Testergebnisse f\u00fcr klinische Laborfachleute sicherstellt. Unser Engagement f\u00fcr technische L\u00f6sungen f\u00fcr die n\u00e4chste Generation treibt uns weiter voran.<\/p>\n\n\n\n<p>Porex verf\u00fcgt weltweit \u00fcber bahnbrechende Technologien und ein umfassendes Know-how, um por\u00f6se Kunststoffl\u00f6sungen zu entwickeln, mit denen Sie Ihr n\u00e4chstes Produkt zum Leben erwecken und eine sicherere, ges\u00fcndere und produktivere Welt schaffen k\u00f6nnen.<\/p>\n","protected":false},"excerpt":{"rendered":"<p>Porex Technologies GmbH Die Porex Corporation, ein weltweit f\u00fchrendes Unternehmen f\u00fcr fortschrittliche por\u00f6se L\u00f6sungen und Mitglied der Filtration Group, hat vor 58 Jahren in einem kleinen Geb\u00e4ude in der Bay Street in Fairburn, Georgia, seine Pforten ge\u00f6ffnet. Heute besch\u00e4ftigt Porex mehr als 700 Mitarbeiter weltweit und arbeitet mit \u00fcber 1.500 Kunden in 65 L\u00e4ndern zusammen, [&hellip;]<\/p>\n","protected":false},"author":5,"featured_media":0,"parent":3434,"menu_order":0,"comment_status":"closed","ping_status":"closed","template":"","meta":{"_acf_changed":false,"footnotes":""},"class_list":["post-3453","page","type-page","status-publish","hentry"],"acf":[],"yoast_head":"<!-- This site is optimized with the Yoast SEO Premium plugin v27.3 (Yoast SEO v27.3) - https:\/\/yoast.com\/product\/yoast-seo-premium-wordpress\/ -->\n<title>Porex Geschichte - Porex<\/title>\n<meta name=\"description\" content=\"1961 war Porex das erste Unternehmen, das formgesinterte por\u00f6se Kunststoffkomponenten entwickelte und vertrieb. Herstellung von festen und por\u00f6sen Kunststofftechnologien.\" \/>\n<meta name=\"robots\" content=\"index, follow, max-snippet:-1, max-image-preview:large, max-video-preview:-1\" \/>\n<link rel=\"canonical\" href=\"https:\/\/www.porex.com\/de\/about\/uber-porex\/geschichte\/\" \/>\n<meta property=\"og:locale\" content=\"de_DE\" \/>\n<meta property=\"og:type\" content=\"article\" \/>\n<meta property=\"og:title\" content=\"Geschichte\" \/>\n<meta property=\"og:description\" content=\"Porex Technologies GmbH Die Porex Corporation, ein weltweit f\u00fchrendes Unternehmen f\u00fcr fortschrittliche por\u00f6se L\u00f6sungen und Mitglied der Filtration Group,\" \/>\n<meta property=\"og:url\" content=\"https:\/\/www.porex.com\/de\/about\/uber-porex\/geschichte\/\" \/>\n<meta property=\"og:site_name\" content=\"Porex\" \/>\n<meta property=\"article:modified_time\" content=\"2020-06-04T08:13:51+00:00\" \/>\n<meta name=\"twitter:card\" content=\"summary_large_image\" \/>\n<meta name=\"twitter:site\" content=\"@PorexCorp\" \/>\n<meta name=\"twitter:label1\" content=\"Gesch\u00e4tzte Lesezeit\" \/>\n\t<meta name=\"twitter:data1\" content=\"4 Minuten\" \/>\n<script type=\"application\/ld+json\" class=\"yoast-schema-graph\">{\"@context\":\"https:\\\/\\\/schema.org\",\"@graph\":[{\"@type\":\"WebPage\",\"@id\":\"https:\\\/\\\/www.porex.com\\\/de\\\/about\\\/uber-porex\\\/geschichte\\\/\",\"url\":\"https:\\\/\\\/www.porex.com\\\/de\\\/about\\\/uber-porex\\\/geschichte\\\/\",\"name\":\"Porex Geschichte - Porex\",\"isPartOf\":{\"@id\":\"https:\\\/\\\/www.porex.com\\\/de\\\/#website\"},\"datePublished\":\"2020-01-30T20:04:43+00:00\",\"dateModified\":\"2020-06-04T08:13:51+00:00\",\"description\":\"1961 war Porex das erste Unternehmen, das formgesinterte por\u00f6se Kunststoffkomponenten entwickelte und vertrieb. Herstellung von festen und por\u00f6sen Kunststofftechnologien.\",\"breadcrumb\":{\"@id\":\"https:\\\/\\\/www.porex.com\\\/de\\\/about\\\/uber-porex\\\/geschichte\\\/#breadcrumb\"},\"inLanguage\":\"de-DE\",\"potentialAction\":[{\"@type\":\"ReadAction\",\"target\":[\"https:\\\/\\\/www.porex.com\\\/de\\\/about\\\/uber-porex\\\/geschichte\\\/\"]}]},{\"@type\":\"BreadcrumbList\",\"@id\":\"https:\\\/\\\/www.porex.com\\\/de\\\/about\\\/uber-porex\\\/geschichte\\\/#breadcrumb\",\"itemListElement\":[{\"@type\":\"ListItem\",\"position\":1,\"name\":\"home\",\"item\":\"https:\\\/\\\/www.porex.com\\\/de\\\/\"},{\"@type\":\"ListItem\",\"position\":2,\"name\":\"\u00dcber Porex\",\"item\":\"https:\\\/\\\/www.porex.com\\\/de\\\/uber-porex\\\/\"},{\"@type\":\"ListItem\",\"position\":3,\"name\":\"Geschichte\"}]},{\"@type\":\"WebSite\",\"@id\":\"https:\\\/\\\/www.porex.com\\\/de\\\/#website\",\"url\":\"https:\\\/\\\/www.porex.com\\\/de\\\/\",\"name\":\"Porex\",\"description\":\"Your Partner In Innovation\",\"publisher\":{\"@id\":\"https:\\\/\\\/www.porex.com\\\/de\\\/#organization\"},\"potentialAction\":[{\"@type\":\"SearchAction\",\"target\":{\"@type\":\"EntryPoint\",\"urlTemplate\":\"https:\\\/\\\/www.porex.com\\\/de\\\/?s={search_term_string}\"},\"query-input\":{\"@type\":\"PropertyValueSpecification\",\"valueRequired\":true,\"valueName\":\"search_term_string\"}}],\"inLanguage\":\"de-DE\"},{\"@type\":\"Organization\",\"@id\":\"https:\\\/\\\/www.porex.com\\\/de\\\/#organization\",\"name\":\"Porex Corporation\",\"url\":\"https:\\\/\\\/www.porex.com\\\/de\\\/\",\"logo\":{\"@type\":\"ImageObject\",\"inLanguage\":\"de-DE\",\"@id\":\"https:\\\/\\\/www.porex.com\\\/de\\\/#\\\/schema\\\/logo\\\/image\\\/\",\"url\":\"https:\\\/\\\/www.porex.com\\\/wp-content\\\/uploads\\\/2019\\\/05\\\/fgc-logo.png\",\"contentUrl\":\"https:\\\/\\\/www.porex.com\\\/wp-content\\\/uploads\\\/2019\\\/05\\\/fgc-logo.png\",\"width\":480,\"height\":126,\"caption\":\"Porex Corporation\"},\"image\":{\"@id\":\"https:\\\/\\\/www.porex.com\\\/de\\\/#\\\/schema\\\/logo\\\/image\\\/\"},\"sameAs\":[\"https:\\\/\\\/x.com\\\/PorexCorp\",\"https:\\\/\\\/www.linkedin.com\\\/company\\\/porex\\\/\",\"https:\\\/\\\/www.youtube.com\\\/user\\\/PorexCorporation\"],\"description\":\"Porous plastic materials manufacturer of custom components for medical devices, diagnostics, consumer and industrial products. Provides solutions for absorption, filtration, wicking, venting, diffusion and application.\",\"legalName\":\"Porex Corporation\",\"foundingDate\":\"1961-04-27\"}]}<\/script>\n<!-- \/ Yoast SEO Premium plugin. -->","yoast_head_json":{"title":"Porex Geschichte - Porex","description":"1961 war Porex das erste Unternehmen, das formgesinterte por\u00f6se Kunststoffkomponenten entwickelte und vertrieb. Herstellung von festen und por\u00f6sen Kunststofftechnologien.","robots":{"index":"index","follow":"follow","max-snippet":"max-snippet:-1","max-image-preview":"max-image-preview:large","max-video-preview":"max-video-preview:-1"},"canonical":"https:\/\/www.porex.com\/de\/about\/uber-porex\/geschichte\/","og_locale":"de_DE","og_type":"article","og_title":"Geschichte","og_description":"Porex Technologies GmbH Die Porex Corporation, ein weltweit f\u00fchrendes Unternehmen f\u00fcr fortschrittliche por\u00f6se L\u00f6sungen und Mitglied der Filtration Group,","og_url":"https:\/\/www.porex.com\/de\/about\/uber-porex\/geschichte\/","og_site_name":"Porex","article_modified_time":"2020-06-04T08:13:51+00:00","twitter_card":"summary_large_image","twitter_site":"@PorexCorp","twitter_misc":{"Gesch\u00e4tzte Lesezeit":"4 Minuten"},"schema":{"@context":"https:\/\/schema.org","@graph":[{"@type":"WebPage","@id":"https:\/\/www.porex.com\/de\/about\/uber-porex\/geschichte\/","url":"https:\/\/www.porex.com\/de\/about\/uber-porex\/geschichte\/","name":"Porex Geschichte - Porex","isPartOf":{"@id":"https:\/\/www.porex.com\/de\/#website"},"datePublished":"2020-01-30T20:04:43+00:00","dateModified":"2020-06-04T08:13:51+00:00","description":"1961 war Porex das erste Unternehmen, das formgesinterte por\u00f6se Kunststoffkomponenten entwickelte und vertrieb. Herstellung von festen und por\u00f6sen Kunststofftechnologien.","breadcrumb":{"@id":"https:\/\/www.porex.com\/de\/about\/uber-porex\/geschichte\/#breadcrumb"},"inLanguage":"de-DE","potentialAction":[{"@type":"ReadAction","target":["https:\/\/www.porex.com\/de\/about\/uber-porex\/geschichte\/"]}]},{"@type":"BreadcrumbList","@id":"https:\/\/www.porex.com\/de\/about\/uber-porex\/geschichte\/#breadcrumb","itemListElement":[{"@type":"ListItem","position":1,"name":"home","item":"https:\/\/www.porex.com\/de\/"},{"@type":"ListItem","position":2,"name":"\u00dcber Porex","item":"https:\/\/www.porex.com\/de\/uber-porex\/"},{"@type":"ListItem","position":3,"name":"Geschichte"}]},{"@type":"WebSite","@id":"https:\/\/www.porex.com\/de\/#website","url":"https:\/\/www.porex.com\/de\/","name":"Porex","description":"Your Partner In Innovation","publisher":{"@id":"https:\/\/www.porex.com\/de\/#organization"},"potentialAction":[{"@type":"SearchAction","target":{"@type":"EntryPoint","urlTemplate":"https:\/\/www.porex.com\/de\/?s={search_term_string}"},"query-input":{"@type":"PropertyValueSpecification","valueRequired":true,"valueName":"search_term_string"}}],"inLanguage":"de-DE"},{"@type":"Organization","@id":"https:\/\/www.porex.com\/de\/#organization","name":"Porex Corporation","url":"https:\/\/www.porex.com\/de\/","logo":{"@type":"ImageObject","inLanguage":"de-DE","@id":"https:\/\/www.porex.com\/de\/#\/schema\/logo\/image\/","url":"https:\/\/www.porex.com\/wp-content\/uploads\/2019\/05\/fgc-logo.png","contentUrl":"https:\/\/www.porex.com\/wp-content\/uploads\/2019\/05\/fgc-logo.png","width":480,"height":126,"caption":"Porex Corporation"},"image":{"@id":"https:\/\/www.porex.com\/de\/#\/schema\/logo\/image\/"},"sameAs":["https:\/\/x.com\/PorexCorp","https:\/\/www.linkedin.com\/company\/porex\/","https:\/\/www.youtube.com\/user\/PorexCorporation"],"description":"Porous plastic materials manufacturer of custom components for medical devices, diagnostics, consumer and industrial products. Provides solutions for absorption, filtration, wicking, venting, diffusion and application.","legalName":"Porex Corporation","foundingDate":"1961-04-27"}]}},"_links":{"self":[{"href":"https:\/\/www.porex.com\/de\/wp-json\/wp\/v2\/pages\/3453","targetHints":{"allow":["GET"]}}],"collection":[{"href":"https:\/\/www.porex.com\/de\/wp-json\/wp\/v2\/pages"}],"about":[{"href":"https:\/\/www.porex.com\/de\/wp-json\/wp\/v2\/types\/page"}],"author":[{"embeddable":true,"href":"https:\/\/www.porex.com\/de\/wp-json\/wp\/v2\/users\/5"}],"replies":[{"embeddable":true,"href":"https:\/\/www.porex.com\/de\/wp-json\/wp\/v2\/comments?post=3453"}],"version-history":[{"count":0,"href":"https:\/\/www.porex.com\/de\/wp-json\/wp\/v2\/pages\/3453\/revisions"}],"up":[{"embeddable":true,"href":"https:\/\/www.porex.com\/de\/wp-json\/wp\/v2\/pages\/3434"}],"wp:attachment":[{"href":"https:\/\/www.porex.com\/de\/wp-json\/wp\/v2\/media?parent=3453"}],"curies":[{"name":"wp","href":"https:\/\/api.w.org\/{rel}","templated":true}]}}