{"id":3458,"date":"2020-01-30T15:04:44","date_gmt":"2020-01-30T20:04:44","guid":{"rendered":"https:\/\/www.porex.com\/uber-porex\/weltweite-standorte\/"},"modified":"2025-06-06T05:00:48","modified_gmt":"2025-06-06T09:00:48","slug":"weltweite-standorte","status":"publish","type":"page","link":"https:\/\/www.porex.com\/de\/weltweite-standorte\/","title":{"rendered":"Weltweite Standorte"},"content":{"rendered":"<div><ss3-force-full-width data-overflow-x=\"body\" data-horizontal-selector=\"body\"><div class=\"n2-section-smartslider fitvidsignore \" data-ssid=\"226\" tabindex=\"0\" role=\"region\" aria-label=\"Slider\"><div id=\"n2-ss-226-align\" class=\"n2-ss-align\"><div class=\"n2-padding\"><div id=\"n2-ss-226\" data-creator=\"Smart Slider 3\" data-responsive=\"fullwidth\" class=\"n2-ss-slider n2-ow n2-has-hover n2notransition  \"><div class=\"n2-ss-slider-wrapper-outside\" style=\"grid-template-rows:1fr auto\">\n        <div class=\"n2-ss-slider-1 n2_ss__touch_element n2-ow\">\n            <div class=\"n2-ss-slider-2 n2-ow\">\n                                                <div class=\"n2-ss-slider-3 n2-ow\">\n\n                    <div class=\"n2-ss-slide-backgrounds n2-ow-all\"><div class=\"n2-ss-slide-background\" data-public-id=\"1\" data-mode=\"fill\"><div class=\"n2-ss-slide-background-image\" data-blur=\"0\" data-opacity=\"100\" data-x=\"50\" data-y=\"50\" data-alt=\"GlobalLocations\" data-title=\"GlobalLocations\"><picture class=\"skip-lazy\" data-skip-lazy=\"1\"><img decoding=\"async\" src=\"\/\/www.porex.com\/wp-content\/uploads\/2019\/09\/Clocks-World-Time-2.jpeg\" alt=\"GlobalLocations\" title=\"GlobalLocations\" loading=\"lazy\" class=\"skip-lazy\" data-skip-lazy=\"1\"><\/picture><\/div><div data-gradient=\"vertical\" data-color-start=\"RGBA(0,0,0,0.5)\" data-color-end=\"RGBA(0,0,0,0.5)\" style=\"background:linear-gradient(to bottom, RGBA(0,0,0,0.5) 0%,RGBA(0,0,0,0.5) 100%);\" class=\"n2-ss-slide-background-color\" data-overlay=\"1\"><\/div><\/div><\/div>                    <div class=\"n2-ss-slider-4 n2-ow\">\n                        <svg xmlns=\"http:\/\/www.w3.org\/2000\/svg\" viewBox=\"0 0 1200 400\" data-related-device=\"desktopPortrait\" class=\"n2-ow n2-ss-preserve-size n2-ss-preserve-size--slider n2-ss-slide-limiter\"><\/svg><div data-first=\"1\" data-slide-duration=\"0\" data-id=\"472\" data-slide-public-id=\"1\" data-title=\"DE-Global Locations\" class=\"n2-ss-slide n2-ow  n2-ss-slide-472\"><div role=\"note\" class=\"n2-ss-slide--focus\" tabindex=\"-1\">DE-Global Locations<\/div><div class=\"n2-ss-layers-container n2-ss-slide-limiter n2-ow\"><div class=\"n2-ss-layer n2-ow n-uc-QGSf5v5uTYVh\" data-sstype=\"slide\" data-pm=\"default\"><div class=\"n2-ss-layer n2-ow n-uc-BYUGtAS9Ixj5\" data-pm=\"default\" data-sstype=\"content\" data-hasbackground=\"0\"><div class=\"n2-ss-section-main-content n2-ss-layer-with-background n2-ss-layer-content n2-ow n-uc-BYUGtAS9Ixj5-inner\"><div class=\"n2-ss-layer n2-ow n-uc-H6QchwL1qBnW\" data-pm=\"normal\" data-sstype=\"layer\"><div id=\"n2-ss-226item1\" class=\"n2-font-6b58c3a16f7e3c912465286171cea591-hover n2-style-a4a526dc80d57646887ccad1f10d967a-heading   n2-ss-item-content n2-ss-text n2-ow\" style=\"display:block;\">Porex Standorte<\/div><\/div><div class=\"n2-ss-layer n2-ow n-uc-Gr7n5C8s83oG n2-ss-layer--auto\" data-pm=\"normal\" data-sstype=\"layer\"><div id=\"n2-ss-226item2\" class=\"n2-font-bea2a58672c09c3e2ac38a19618c9edd-hover   n2-ss-item-content n2-ss-text n2-ow\" style=\"display:inline-block;\">_______<\/div><\/div><div class=\"n2-ss-layer n2-ow n-uc-3u9FRmdMcCIM n2-ss-layer--auto\" data-pm=\"normal\" data-sstype=\"layer\"><div id=\"n2-ss-226item3\" class=\"n2-font-a24e1fa6f78c29450015c75dc722ac27-hover   n2-ss-item-content n2-ss-text n2-ow\" style=\"display:inline-block;\">Unser Ziel ist es, Sie lokal zu bedienen und Ihnen dennoch die globale Gr\u00f6\u00dfenordnung zu bieten, die Sie erwarten. Tausende von Kunden in mehr als 65 L\u00e4ndern vertrauen uns<\/div><\/div><\/div><\/div><\/div><\/div><\/div>                    <\/div>\n\n                                    <\/div>\n            <\/div>\n        <\/div>\n        <\/div><\/div><ss3-loader><\/ss3-loader><\/div><\/div><div class=\"n2_clear\"><\/div><\/div><\/ss3-force-full-width><\/div>\n\n\n<div style=\"height:20px\" aria-hidden=\"true\" class=\"wp-block-spacer\"><\/div>\n\n\n\n<h2 class=\"wp-block-heading has-text-align-center\"><strong> Nord- und S\u00fcdamerika <\/strong><\/h2>\n\n\n\n<h4 class=\"wp-block-heading\">Atlanta, Georgia &#8211; USA <\/h4>\n\n\n\n<p>Die Porex Corporation wurde 1961 gegr\u00fcndet und hat ihren Hauptsitz in Fairburn, Georgia, etwa 30 km s\u00fcdlich von Atlanta. Urspr\u00fcnglich in einem kleinen Geb\u00e4ude untergebracht, umfasst der Hauptsitz von Porex heute mehr als 18.600 m\u00b2 Forschungs-, Fertigungs- und Verwaltungsfl\u00e4che, um branchenf\u00fchrende Fortschritte in der Wissenschaft und den L\u00f6sungen f\u00fcr por\u00f6se Polymere voranzutreiben. Hochmoderner Werkzeugbau und Anlagentechnik sind die Basis f\u00fcr schnelle Reaktionszeiten, Qualit\u00e4t und reduzierte Gesamtkosten f\u00fcr unsere Kunden und unterst\u00fctzen den kurzfristigen Prototypenbau. Wesentliche Investitionen in Forschung und Entwicklung und Qualit\u00e4tssicherung sind eng verbunden mit unseren Produktentwicklungsmethoden und unserer Infrastruktur, um schnelle, effektive L\u00f6sungen f\u00fcr spezifische Anwendungsanforderungen liefern zu k\u00f6nnen. <\/p>\n\n\n\n<h4 class=\"wp-block-heading\">ST. CHARLES, MI &#8211; USA <\/h4>\n\n\n\n<p>Das von Porex im M\u00e4rz 2017 erworbene, nach ISO 13485 zertifizierte&nbsp;Werk in St. Charles, Michigan, ist der weltweit f\u00fchrende, unabh\u00e4ngige Hersteller von Polyurethan-Schaumprodukten f\u00fcr medizinische und kosmetische Zwecke, der verschiedene globale M\u00e4rkte bedient.&nbsp;Zu den kundenspezifischen Schaumprodukten geh\u00f6ren K\u00f6rperpflege- und Kosmetiksch\u00e4ume, die nach Kundenspezifikation hydrophile, biokompatible, latexfreie und medizinisch akzeptierte Eigenschaften aufweisen.<\/p>\n\n\n\n<p>Das Werk umfasst ca. 6.500 m\u00b2 an Forschungs- und Entwicklungs-, Fertigungs-, Konstruktions- und Verwaltungsfl\u00e4che und konzentriert sich auf die Entwicklung und Verbesserung von Schaumprodukten und -technologien.&nbsp;Modernste Technologie, Technik, Werkzeuge und Ausr\u00fcstung gew\u00e4hrleisten die Lieferung qualitativ hochwertiger, reaktionsschneller Produktl\u00f6sungen zu effizienten Kosten und eine schnelle Prototypenentwicklung auf Anfrage nach genauen Spezifikationen.<\/p>\n\n\n\n<h4 class=\"wp-block-heading\">Richmond, VA &#8211; USA<\/h4>\n\n\n\n<p>Das Porex Produktionswerk in Richmond, Virginia, verf\u00fcgt \u00fcber mehr als 60 Jahre Erfahrung in Produktion, Entwicklung und dem Vertrieb von Faserreservoirs f\u00fcr Schreibger\u00e4te und spezielle Faserreservoirs f\u00fcr den Medizin-, Haushalts-, Diagnostik- und Kosmetikmarkt auf der ganzen Welt.<\/p>\n\n\n\n<h1 class=\"wp-block-heading has-text-align-center\">Europa<\/h1>\n\n\n\n<h4 class=\"wp-block-heading\">Bautzen &#8211; Deutschland<\/h4>\n\n\n\n<p>Das Porex Produktionswerk in Bautzen, Deutschland, verf\u00fcgt \u00fcber mehr als 30 Jahre Erfahrung in Design, Entwicklung, Produktion und dem Vertrieb por\u00f6ser Kunststoffkomponenten. T\u00e4glich widmen sich ca. 200 Mitarbeiter dem eigenen Werkzeugbau und der Materialtechnik sowie der Produktentwicklung und den Qualit\u00e4tsanforderungen. Projektmanagement- und Customer Service-Teams konzentrieren sich nicht nur auf Europa, sondern arbeiten weltweit mit den Porex-Standorten zusammen, um die bestm\u00f6glichen L\u00f6sungen zu finden. Bautzen liegt zwischen den Gro\u00dfst\u00e4dten Dresden und Berlin und ist somit logistisch gut angebunden.<\/p>\n\n\n\n<h4 class=\"wp-block-heading\">Reinbek&nbsp;&#8211; Deutschland<\/h4>\n\n\n\n<p>Mit mehr als 60 Jahren Erfahrung in der Faserherstellung, -entwicklung und -verteilung bedient der Porex-Produktionsstandort in Reinbek bei Hamburg M\u00e4rkte auf der ganzen Welt. Das Werk produziert Faserreservoirs f\u00fcr Schreibger\u00e4te und spezielle Faserreservoirs f\u00fcr den Medizin-, Haushalts-, Diagnostik- und Kosmetikmarkt.<\/p>\n\n\n\n<p><\/p>\n\n\n\n<h4 class=\"wp-block-heading\">Alness, Schottland &#8211; GB<\/h4>\n\n\n\n<p>Der Porex Standort in Alness, Schottland hat seit \u00fcber 20 Jahren Erfahrung in Design, Entwicklung, Produktion und Vertrieb von por\u00f6sen Kunststoffkomponenten aus PTFE (Polytetrafluor\u00e4thylen) mit dem firmeneigenen Leistungsspektrum f\u00fcr Stanzteile, Rollenware und selbstklebende Membranen.<\/p>\n\n\n\n<p>Unser Standort in Alness hat zwei Reinr\u00e4ume mit einem 1.000 m\u00b2 umfassenden Reinraum-Fertigungsbereich: 800 m\u00b2 der Klasse 10.000 und 140&nbsp;m\u00b2 der Klasse 1.000.<\/p>\n\n\n\n<h1 class=\"wp-block-heading has-text-align-center\">Asien-Pazifik<\/h1>\n\n\n\n<h4 class=\"wp-block-heading\">Ningbo, China<\/h4>\n\n\n\n<p>Das Porex-Kompetenzzentrum in Ningbo, China, wurde 2003 gegr\u00fcndet und entwickelt Reservoirs f\u00fcr Schreibger\u00e4te und Kosmetika. Die Anlage produziert por\u00f6se Komponenten, die in den Bereichen IVD, Drucksysteme, Haushaltsprodukte, Medizin und Biowissenschaften weit verbreitet sind. Eigene Techniker f\u00fcr Forschung und Entwicklung erg\u00e4nzen die Weiterentwicklung des Werks.&nbsp; Mit 15 Jahren Erfahrung in der Faserherstellung wurde unser Standort in Ningbo 2019 in ein neues Werk mit doppelter Gr\u00f6\u00dfe von 8.799 m\u00b2 verlegt, um die Kapazit\u00e4t zu erweitern und die Kunden in Asien in enger Zusammenarbeit mit den weltweiten Porex-Standorten besser zu bedienen und die effektivsten por\u00f6sen Faserl\u00f6sungen zu entwickeln.<\/p>\n\n\n\n<h4 class=\"wp-block-heading\">Shah Alam, Selangor &#8211; Malaysia<\/h4>\n\n\n\n<p>Das Porex Werk in Shah Alam, Selangor, Malaysia ist der Hauptstandort f\u00fcr Asien und hat mehr als 18 Jahre Erfahrung in der Produktion. Die Einrichtungen bieten firmeninterne Erfahrung in der Produktentwicklung und im Komponenten-Werkzeugbau. Ein biomedizinischer Reinraum der Klasse 100.000 ist f\u00fcr die anspruchsvollen Anforderungen der Medizinbranche ausgestattet.<\/p>\n\n\n\n<p>Diese Einrichtung hat sich zum globalen Kompetenzzentrum f\u00fcr Schreibger\u00e4tespitzen von Porex entwickelt und wurde 2018 um 50&nbsp;% erweitert, um das Wachstum des Gesch\u00e4fts mit Polyesterfaserspitzen zus\u00e4tzlich zu Sinterpartikelspitzen zu unterst\u00fctzen. Mit 18 Jahren Erfahrung in den Bereichen F\u00fchrung, Best Practices, Qualit\u00e4tsverbesserung, Unterst\u00fctzung und Schulung bei der Herstellung und Entwicklung von Schreibspitzen, wurden 2018 in Malaysia \u00fcber 2 Milliarden Schreibspitzen hergestellt.&nbsp;<\/p>\n\n\n\n<p>Das Werk in Malaysia bedient nicht nur die spezifischen Bed\u00fcrfnisse unserer Kunden und Partner in Asien, sondern arbeitet auch eng mit Porex Standorten weltweit zusammen, um die effektivsten Konstruktionsl\u00f6sungen f\u00fcr alle Branchen zu entwickeln. <\/p>\n\n\n\n<div style=\"height:22px\" aria-hidden=\"true\" class=\"wp-block-spacer\"><\/div>\n","protected":false},"excerpt":{"rendered":"<p>Nord- und S\u00fcdamerika Atlanta, Georgia &#8211; USA Die Porex Corporation wurde 1961 gegr\u00fcndet und hat ihren Hauptsitz in Fairburn, Georgia, etwa 30 km s\u00fcdlich von Atlanta. Urspr\u00fcnglich in einem kleinen Geb\u00e4ude untergebracht, umfasst der Hauptsitz von Porex heute mehr als 18.600 m\u00b2 Forschungs-, Fertigungs- und Verwaltungsfl\u00e4che, um branchenf\u00fchrende Fortschritte in der Wissenschaft und den L\u00f6sungen [&hellip;]<\/p>\n","protected":false},"author":5,"featured_media":0,"parent":0,"menu_order":100,"comment_status":"closed","ping_status":"closed","template":"","meta":{"_acf_changed":false,"footnotes":""},"class_list":["post-3458","page","type-page","status-publish","hentry"],"acf":[],"yoast_head":"<!-- This site is optimized with the Yoast SEO Premium plugin v27.3 (Yoast SEO v27.3) - https:\/\/yoast.com\/product\/yoast-seo-premium-wordpress\/ -->\n<title>Porex Standorte<\/title>\n<meta name=\"description\" content=\"Weltweite Standorte der Porex Corporation - Mit Hauptsitz in Atlanta, GA und Niederlassungen weltweit in Deutschland, Gro\u00dfbritannien, China und Malaysia.\" \/>\n<meta name=\"robots\" content=\"index, follow, max-snippet:-1, max-image-preview:large, max-video-preview:-1\" \/>\n<link rel=\"canonical\" href=\"https:\/\/www.porex.com\/de\/weltweite-standorte\/\" \/>\n<meta property=\"og:locale\" content=\"de_DE\" \/>\n<meta property=\"og:type\" content=\"article\" \/>\n<meta property=\"og:title\" content=\"Weltweite Standorte\" \/>\n<meta property=\"og:description\" content=\"Nord- und S\u00fcdamerika Atlanta, Georgia - USA Die Porex Corporation wurde 1961 gegr\u00fcndet und hat ihren Hauptsitz in Fairburn, Georgia, etwa 30 km s\u00fcdlich\" \/>\n<meta property=\"og:url\" content=\"https:\/\/www.porex.com\/de\/weltweite-standorte\/\" \/>\n<meta property=\"og:site_name\" content=\"Porex\" \/>\n<meta property=\"article:modified_time\" content=\"2025-06-06T09:00:48+00:00\" \/>\n<meta name=\"twitter:card\" content=\"summary_large_image\" \/>\n<meta name=\"twitter:site\" content=\"@PorexCorp\" \/>\n<meta name=\"twitter:label1\" content=\"Gesch\u00e4tzte Lesezeit\" \/>\n\t<meta name=\"twitter:data1\" content=\"4 Minuten\" \/>\n<script type=\"application\/ld+json\" class=\"yoast-schema-graph\">{\"@context\":\"https:\\\/\\\/schema.org\",\"@graph\":[{\"@type\":\"WebPage\",\"@id\":\"https:\\\/\\\/www.porex.com\\\/de\\\/weltweite-standorte\\\/\",\"url\":\"https:\\\/\\\/www.porex.com\\\/de\\\/weltweite-standorte\\\/\",\"name\":\"Porex Standorte\",\"isPartOf\":{\"@id\":\"https:\\\/\\\/www.porex.com\\\/de\\\/#website\"},\"datePublished\":\"2020-01-30T20:04:44+00:00\",\"dateModified\":\"2025-06-06T09:00:48+00:00\",\"description\":\"Weltweite Standorte der Porex Corporation - Mit Hauptsitz in Atlanta, GA und Niederlassungen weltweit in Deutschland, Gro\u00dfbritannien, China und Malaysia.\",\"breadcrumb\":{\"@id\":\"https:\\\/\\\/www.porex.com\\\/de\\\/weltweite-standorte\\\/#breadcrumb\"},\"inLanguage\":\"de-DE\",\"potentialAction\":[{\"@type\":\"ReadAction\",\"target\":[\"https:\\\/\\\/www.porex.com\\\/de\\\/weltweite-standorte\\\/\"]}]},{\"@type\":\"BreadcrumbList\",\"@id\":\"https:\\\/\\\/www.porex.com\\\/de\\\/weltweite-standorte\\\/#breadcrumb\",\"itemListElement\":[{\"@type\":\"ListItem\",\"position\":1,\"name\":\"home\",\"item\":\"https:\\\/\\\/www.porex.com\\\/de\\\/\"},{\"@type\":\"ListItem\",\"position\":2,\"name\":\"Weltweite Standorte\"}]},{\"@type\":\"WebSite\",\"@id\":\"https:\\\/\\\/www.porex.com\\\/de\\\/#website\",\"url\":\"https:\\\/\\\/www.porex.com\\\/de\\\/\",\"name\":\"Porex\",\"description\":\"Your Partner In Innovation\",\"publisher\":{\"@id\":\"https:\\\/\\\/www.porex.com\\\/de\\\/#organization\"},\"potentialAction\":[{\"@type\":\"SearchAction\",\"target\":{\"@type\":\"EntryPoint\",\"urlTemplate\":\"https:\\\/\\\/www.porex.com\\\/de\\\/?s={search_term_string}\"},\"query-input\":{\"@type\":\"PropertyValueSpecification\",\"valueRequired\":true,\"valueName\":\"search_term_string\"}}],\"inLanguage\":\"de-DE\"},{\"@type\":\"Organization\",\"@id\":\"https:\\\/\\\/www.porex.com\\\/de\\\/#organization\",\"name\":\"Porex Corporation\",\"url\":\"https:\\\/\\\/www.porex.com\\\/de\\\/\",\"logo\":{\"@type\":\"ImageObject\",\"inLanguage\":\"de-DE\",\"@id\":\"https:\\\/\\\/www.porex.com\\\/de\\\/#\\\/schema\\\/logo\\\/image\\\/\",\"url\":\"https:\\\/\\\/www.porex.com\\\/wp-content\\\/uploads\\\/2019\\\/05\\\/fgc-logo.png\",\"contentUrl\":\"https:\\\/\\\/www.porex.com\\\/wp-content\\\/uploads\\\/2019\\\/05\\\/fgc-logo.png\",\"width\":480,\"height\":126,\"caption\":\"Porex Corporation\"},\"image\":{\"@id\":\"https:\\\/\\\/www.porex.com\\\/de\\\/#\\\/schema\\\/logo\\\/image\\\/\"},\"sameAs\":[\"https:\\\/\\\/x.com\\\/PorexCorp\",\"https:\\\/\\\/www.linkedin.com\\\/company\\\/porex\\\/\",\"https:\\\/\\\/www.youtube.com\\\/user\\\/PorexCorporation\"],\"description\":\"Porous plastic materials manufacturer of custom components for medical devices, diagnostics, consumer and industrial products. Provides solutions for absorption, filtration, wicking, venting, diffusion and application.\",\"legalName\":\"Porex Corporation\",\"foundingDate\":\"1961-04-27\"}]}<\/script>\n<!-- \/ Yoast SEO Premium plugin. -->","yoast_head_json":{"title":"Porex Standorte","description":"Weltweite Standorte der Porex Corporation - Mit Hauptsitz in Atlanta, GA und Niederlassungen weltweit in Deutschland, Gro\u00dfbritannien, China und Malaysia.","robots":{"index":"index","follow":"follow","max-snippet":"max-snippet:-1","max-image-preview":"max-image-preview:large","max-video-preview":"max-video-preview:-1"},"canonical":"https:\/\/www.porex.com\/de\/weltweite-standorte\/","og_locale":"de_DE","og_type":"article","og_title":"Weltweite Standorte","og_description":"Nord- und S\u00fcdamerika Atlanta, Georgia - USA Die Porex Corporation wurde 1961 gegr\u00fcndet und hat ihren Hauptsitz in Fairburn, Georgia, etwa 30 km s\u00fcdlich","og_url":"https:\/\/www.porex.com\/de\/weltweite-standorte\/","og_site_name":"Porex","article_modified_time":"2025-06-06T09:00:48+00:00","twitter_card":"summary_large_image","twitter_site":"@PorexCorp","twitter_misc":{"Gesch\u00e4tzte Lesezeit":"4 Minuten"},"schema":{"@context":"https:\/\/schema.org","@graph":[{"@type":"WebPage","@id":"https:\/\/www.porex.com\/de\/weltweite-standorte\/","url":"https:\/\/www.porex.com\/de\/weltweite-standorte\/","name":"Porex Standorte","isPartOf":{"@id":"https:\/\/www.porex.com\/de\/#website"},"datePublished":"2020-01-30T20:04:44+00:00","dateModified":"2025-06-06T09:00:48+00:00","description":"Weltweite Standorte der Porex Corporation - Mit Hauptsitz in Atlanta, GA und Niederlassungen weltweit in Deutschland, Gro\u00dfbritannien, China und Malaysia.","breadcrumb":{"@id":"https:\/\/www.porex.com\/de\/weltweite-standorte\/#breadcrumb"},"inLanguage":"de-DE","potentialAction":[{"@type":"ReadAction","target":["https:\/\/www.porex.com\/de\/weltweite-standorte\/"]}]},{"@type":"BreadcrumbList","@id":"https:\/\/www.porex.com\/de\/weltweite-standorte\/#breadcrumb","itemListElement":[{"@type":"ListItem","position":1,"name":"home","item":"https:\/\/www.porex.com\/de\/"},{"@type":"ListItem","position":2,"name":"Weltweite Standorte"}]},{"@type":"WebSite","@id":"https:\/\/www.porex.com\/de\/#website","url":"https:\/\/www.porex.com\/de\/","name":"Porex","description":"Your Partner In Innovation","publisher":{"@id":"https:\/\/www.porex.com\/de\/#organization"},"potentialAction":[{"@type":"SearchAction","target":{"@type":"EntryPoint","urlTemplate":"https:\/\/www.porex.com\/de\/?s={search_term_string}"},"query-input":{"@type":"PropertyValueSpecification","valueRequired":true,"valueName":"search_term_string"}}],"inLanguage":"de-DE"},{"@type":"Organization","@id":"https:\/\/www.porex.com\/de\/#organization","name":"Porex Corporation","url":"https:\/\/www.porex.com\/de\/","logo":{"@type":"ImageObject","inLanguage":"de-DE","@id":"https:\/\/www.porex.com\/de\/#\/schema\/logo\/image\/","url":"https:\/\/www.porex.com\/wp-content\/uploads\/2019\/05\/fgc-logo.png","contentUrl":"https:\/\/www.porex.com\/wp-content\/uploads\/2019\/05\/fgc-logo.png","width":480,"height":126,"caption":"Porex Corporation"},"image":{"@id":"https:\/\/www.porex.com\/de\/#\/schema\/logo\/image\/"},"sameAs":["https:\/\/x.com\/PorexCorp","https:\/\/www.linkedin.com\/company\/porex\/","https:\/\/www.youtube.com\/user\/PorexCorporation"],"description":"Porous plastic materials manufacturer of custom components for medical devices, diagnostics, consumer and industrial products. Provides solutions for absorption, filtration, wicking, venting, diffusion and application.","legalName":"Porex Corporation","foundingDate":"1961-04-27"}]}},"_links":{"self":[{"href":"https:\/\/www.porex.com\/de\/wp-json\/wp\/v2\/pages\/3458","targetHints":{"allow":["GET"]}}],"collection":[{"href":"https:\/\/www.porex.com\/de\/wp-json\/wp\/v2\/pages"}],"about":[{"href":"https:\/\/www.porex.com\/de\/wp-json\/wp\/v2\/types\/page"}],"author":[{"embeddable":true,"href":"https:\/\/www.porex.com\/de\/wp-json\/wp\/v2\/users\/5"}],"replies":[{"embeddable":true,"href":"https:\/\/www.porex.com\/de\/wp-json\/wp\/v2\/comments?post=3458"}],"version-history":[{"count":0,"href":"https:\/\/www.porex.com\/de\/wp-json\/wp\/v2\/pages\/3458\/revisions"}],"wp:attachment":[{"href":"https:\/\/www.porex.com\/de\/wp-json\/wp\/v2\/media?parent=3458"}],"curies":[{"name":"wp","href":"https:\/\/api.w.org\/{rel}","templated":true}]}}