{"id":3467,"date":"2020-01-30T15:04:45","date_gmt":"2020-01-30T20:04:45","guid":{"rendered":"https:\/\/www.porex.com\/markte\/automobil-luft-und-raumfahrtbranche\/"},"modified":"2020-06-04T04:43:35","modified_gmt":"2020-06-04T08:43:35","slug":"automobil-luft-und-raumfahrtbranche","status":"publish","type":"page","link":"https:\/\/www.porex.com\/de\/markte\/automobil-luft-und-raumfahrtbranche\/","title":{"rendered":"Automobil- &amp; Luft- und Raumfahrtbranche"},"content":{"rendered":"<div><ss3-force-full-width data-overflow-x=\"body\" data-horizontal-selector=\"body\"><div class=\"n2-section-smartslider fitvidsignore \" data-ssid=\"204\" tabindex=\"0\" role=\"region\" aria-label=\"Slider\"><div id=\"n2-ss-204-align\" class=\"n2-ss-align\"><div class=\"n2-padding\"><div id=\"n2-ss-204\" data-creator=\"Smart Slider 3\" data-responsive=\"fullwidth\" class=\"n2-ss-slider n2-ow n2-has-hover n2notransition  \">\n\n\n\n<div class=\"n2-ss-slider-wrapper-outside\" style=\"grid-template-rows:1fr auto\">\n        <div class=\"n2-ss-slider-1 n2_ss__touch_element n2-ow\">\n            <div class=\"n2-ss-slider-2 n2-ow\">\n                                                <div class=\"n2-ss-slider-3 n2-ow\">\n\n                    <div class=\"n2-ss-slide-backgrounds n2-ow-all\"><div class=\"n2-ss-slide-background\" data-public-id=\"1\" data-mode=\"fill\"><div class=\"n2-ss-slide-background-image\" data-blur=\"0\" data-opacity=\"100\" data-x=\"50\" data-y=\"50\" data-alt=\"Automotive and Aerospace\" data-title=\"\"><picture class=\"skip-lazy\" data-skip-lazy=\"1\"><img decoding=\"async\" src=\"\/\/www.porex.com\/wp-content\/uploads\/2019\/08\/AutoMarket1_2500x400.jpg\" alt=\"Automotive and Aerospace\" title=\"\" loading=\"lazy\" class=\"skip-lazy\" data-skip-lazy=\"1\"><\/picture><\/div><div data-gradient=\"vertical\" data-color-start=\"RGBA(0,0,0,0.5)\" data-color-end=\"RGBA(0,0,0,0.5)\" style=\"background:linear-gradient(to bottom, RGBA(0,0,0,0.5) 0%,RGBA(0,0,0,0.5) 100%);\" class=\"n2-ss-slide-background-color\" data-overlay=\"1\"><\/div><\/div><div class=\"n2-ss-slide-background\" data-public-id=\"2\" data-mode=\"fill\" aria-hidden=\"true\"><div class=\"n2-ss-slide-background-image\" data-blur=\"0\" data-opacity=\"100\" data-x=\"50\" data-y=\"50\" data-alt=\"Automotive and Aerospace\" data-title=\"\"><picture class=\"skip-lazy\" data-skip-lazy=\"1\"><img decoding=\"async\" src=\"\/\/www.porex.com\/wp-content\/uploads\/2019\/08\/AutoMarket2_2500x400.jpg\" alt=\"Automotive and Aerospace\" title=\"\" loading=\"lazy\" class=\"skip-lazy\" data-skip-lazy=\"1\"><\/picture><\/div><div data-gradient=\"horizontal\" data-color-start=\"RGBA(0,0,0,0.5)\" data-color-end=\"RGBA(0,0,0,0.5)\" style=\"background:linear-gradient(to right, RGBA(0,0,0,0.5) 0%,RGBA(0,0,0,0.5) 100%);\" class=\"n2-ss-slide-background-color\" data-overlay=\"1\"><\/div><\/div><\/div>                    <div class=\"n2-ss-slider-4 n2-ow\">\n                        <svg xmlns=\"http:\/\/www.w3.org\/2000\/svg\" viewBox=\"0 0 1200 400\" data-related-device=\"desktopPortrait\" class=\"n2-ow n2-ss-preserve-size n2-ss-preserve-size--slider n2-ss-slide-limiter\"><\/svg><div data-first=\"1\" data-slide-duration=\"0\" data-id=\"435\" data-slide-public-id=\"1\" data-title=\"DE-Automotive &amp; Aerospace\" class=\"n2-ss-slide n2-ow  n2-ss-slide-435\"><div role=\"note\" class=\"n2-ss-slide--focus\" tabindex=\"-1\">DE-Automotive &#038; Aerospace<\/div><div class=\"n2-ss-layers-container n2-ss-slide-limiter n2-ow\"><div class=\"n2-ss-layer n2-ow n-uc-FOwvsmP8Kh7Y\" data-sstype=\"slide\" data-pm=\"default\"><div class=\"n2-ss-layer n2-ow n-uc-QogqnH8xekTQ\" data-pm=\"default\" data-sstype=\"content\" data-hasbackground=\"0\"><div class=\"n2-ss-section-main-content n2-ss-layer-with-background n2-ss-layer-content n2-ow n-uc-QogqnH8xekTQ-inner\"><div class=\"n2-ss-layer n2-ow n-uc-XosPnpo5tSs0\" data-pm=\"normal\" data-sstype=\"layer\"><h1 id=\"n2-ss-204item1\" class=\"n2-font-6b58c3a16f7e3c912465286171cea591-hover n2-style-a4a526dc80d57646887ccad1f10d967a-heading   n2-ss-item-content n2-ss-text n2-ow\" style=\"display:block;\">Automobilbranche<\/h1><\/div><div class=\"n2-ss-layer n2-ow n-uc-MZHlsOfXNJdZ n2-ss-layer--auto\" data-pm=\"normal\" data-sstype=\"layer\"><div id=\"n2-ss-204item2\" class=\"n2-font-bea2a58672c09c3e2ac38a19618c9edd-hover   n2-ss-item-content n2-ss-text n2-ow\" style=\"display:inline-block;\">_______<\/div><\/div><div class=\"n2-ss-layer n2-ow n-uc-0UHH2qShnVvd n2-ss-layer--auto\" data-pm=\"normal\" data-sstype=\"layer\"><div id=\"n2-ss-204item3\" class=\"n2-font-a24e1fa6f78c29450015c75dc722ac27-hover   n2-ss-item-content n2-ss-text n2-ow\" style=\"display:inline-block;\">Autos mit leistungsstarken Be- und Entl\u00fcftungsl\u00f6sungen sicherer machen<\/div><\/div><\/div><\/div><\/div><\/div><\/div><div data-slide-duration=\"0\" data-id=\"436\" data-slide-public-id=\"2\" aria-hidden=\"true\" data-title=\"DE-Automotive &amp; Aerospace\" class=\"n2-ss-slide n2-ow  n2-ss-slide-436\"><div role=\"note\" class=\"n2-ss-slide--focus\" tabindex=\"-1\">DE-Automotive &#038; Aerospace<\/div><div class=\"n2-ss-layers-container n2-ss-slide-limiter n2-ow\"><div class=\"n2-ss-layer n2-ow n-uc-fOX6JNLyEJWC\" data-sstype=\"slide\" data-pm=\"default\"><div class=\"n2-ss-layer n2-ow n-uc-Ji81MtB8Mpaz\" data-pm=\"default\" data-sstype=\"content\" data-hasbackground=\"0\"><div class=\"n2-ss-section-main-content n2-ss-layer-with-background n2-ss-layer-content n2-ow n-uc-Ji81MtB8Mpaz-inner\"><div class=\"n2-ss-layer n2-ow n-uc-dwDW3tbaJJ1l\" data-pm=\"normal\" data-sstype=\"layer\"><div id=\"n2-ss-204item4\" class=\"n2-font-6b58c3a16f7e3c912465286171cea591-hover n2-style-a4a526dc80d57646887ccad1f10d967a-heading   n2-ss-item-content n2-ss-text n2-ow\" style=\"display:block;\">Automobilbranche<\/div><\/div><div class=\"n2-ss-layer n2-ow n-uc-BRcWlRK9PzIa n2-ss-layer--auto\" data-pm=\"normal\" data-sstype=\"layer\"><div id=\"n2-ss-204item5\" class=\"n2-font-bea2a58672c09c3e2ac38a19618c9edd-hover   n2-ss-item-content n2-ss-text n2-ow\" style=\"display:inline-block;\">_______<\/div><\/div><div class=\"n2-ss-layer n2-ow n-uc-b65brf09mNIg n2-ss-layer--auto\" data-pm=\"normal\" data-sstype=\"layer\"><div id=\"n2-ss-204item6\" class=\"n2-font-a24e1fa6f78c29450015c75dc722ac27-hover   n2-ss-item-content n2-ss-text n2-ow\" style=\"display:inline-block;\">Autos mit leistungsstarken Bel\u00fcftungsl\u00f6sungen sicherer machen<\/div><\/div><\/div><\/div><\/div><\/div><\/div>                    <\/div>\n\n                                    <\/div>\n            <\/div>\n        <\/div>\n        <div class=\"n2-ss-slider-controls n2-ss-slider-controls-below\"><div style=\"--widget-offset:10px;\" class=\"n2-ss-widget n2-ss-control-bullet n2-ow-all n2-ss-control-bullet-horizontal\"><div class=\" nextend-bullet-bar n2-bar-justify-content-center\" role=\"group\" aria-label=\"Choose slide to display.\"><div class=\"n2-bullet n2-style-c0fe1c7a37b7b7c3cb83a8d1cde6e7ce-dot \" style=\"visibility:hidden;\"><\/div><\/div><\/div><\/div><\/div><\/div><ss3-loader><\/ss3-loader><\/div><\/div><div class=\"n2_clear\"><\/div><\/div><\/ss3-force-full-width><\/div>\n\n\n<p class=\"has-text-align-left\">Die Automobilindustrie entwickelt sich st\u00e4ndig weiter. Angesichts der stetig wachsenden Zahl von elektronischen Inhalten vertrauen Hersteller auf der ganzen Welt auf por\u00f6se POREX\u00ae-Polymerkomponenten, um die Flexibilit\u00e4t des Designs, die Langlebigkeit der Teile und \u00fcberlegene Funktionalit\u00e4t zu gew\u00e4hrleisten, die f\u00fcr eine Vielzahl von Automobilanwendungen erforderlich sind. <\/p>\n\n\n\n<div class=\"wp-block-media-text alignwide is-stacked-on-mobile\" style=\"grid-template-columns:31% auto\"><figure class=\"wp-block-media-text__media\"><img loading=\"lazy\" decoding=\"async\" width=\"425\" height=\"425\" src=\"https:\/\/www.porex.com\/wp-content\/uploads\/2019\/08\/AutomotiveLight_425x425_2.jpg\" alt=\"Automotive &amp; Lighting\" class=\"wp-image-3188\" srcset=\"https:\/\/www.porex.com\/wp-content\/uploads\/2019\/08\/AutomotiveLight_425x425_2.jpg 425w, https:\/\/www.porex.com\/wp-content\/uploads\/2019\/08\/AutomotiveLight_425x425_2-150x150.jpg 150w, https:\/\/www.porex.com\/wp-content\/uploads\/2019\/08\/AutomotiveLight_425x425_2-300x300.jpg 300w\" sizes=\"auto, (max-width: 425px) 100vw, 425px\" \/><\/figure><div class=\"wp-block-media-text__content\">\n<h3 class=\"wp-block-heading\">Beleuchtung und Elektronik<\/h3>\n\n\n\n<p>Ob Pendeln zur Arbeit oder Warentransport \u2013 Autos sind f\u00fcr unsere Lebensweise von entscheidender Bedeutung. Zur Steigerung der Fahrzeugsicherheit wurden unsere leistungsstarken POREX Virtek\u2122 IP-PTFE-Be- und Entl\u00fcftungen f\u00fcr geschlossene Geh\u00e4use entwickelt, um Be- und Entl\u00fcftung und Druckausgleich sowie eine Barriere gegen Staub, Wasser und Kfz-Fl\u00fcssigkeiten zu gew\u00e4hrleisten. <\/p>\n\n\n\n<div class=\"wp-block-button\"><a class=\"wp-block-button__link has-text-color has-white-color has-background has-green-background-color\" href=\"https:\/\/www.porex.com\/de\/markte\/automobil-luft-und-raumfahrtbranche\/beleuchtung-elektronik\/\">MEHR ERFAHREN<\/a><\/div>\n<\/div><\/div>\n\n\n\n<div class=\"wp-block-media-text alignwide is-stacked-on-mobile\" style=\"grid-template-columns:31% auto\"><figure class=\"wp-block-media-text__media\"><img loading=\"lazy\" decoding=\"async\" width=\"425\" height=\"425\" src=\"https:\/\/www.porex.com\/wp-content\/uploads\/2019\/08\/Battery_FuelCell_425x425.jpg\" alt=\"Batterie und Brennstoffzelle\" class=\"wp-image-3468\" srcset=\"https:\/\/www.porex.com\/wp-content\/uploads\/2019\/08\/Battery_FuelCell_425x425.jpg 425w, https:\/\/www.porex.com\/wp-content\/uploads\/2019\/08\/Battery_FuelCell_425x425-150x150.jpg 150w, https:\/\/www.porex.com\/wp-content\/uploads\/2019\/08\/Battery_FuelCell_425x425-300x300.jpg 300w\" sizes=\"auto, (max-width: 425px) 100vw, 425px\" \/><\/figure><div class=\"wp-block-media-text__content\">\n<h3 class=\"wp-block-heading\">Batterie und Brennstoffzelle<\/h3>\n\n\n\n<p>Porex liefert seit \u00fcber 50 Jahren Be- und Entl\u00fcftungskomponenten f\u00fcr Batterien an f\u00fchrende Unternehmen auf der ganzen Welt. Be- und Entl\u00fcftungskomponenten von POREX\u00ae f\u00fcr Batteriegeh\u00e4use sind aus einzelnen oder mehrfachen Komponenten bestehende Flammensperren, die dazu ausgelegt sind, eine haltbare und kosteneffektive L\u00f6sung zu liefern, die alle Technik- und Leistungsanforderungen von kommerziellen Bleibatterien erf\u00fcllen. <\/p>\n\n\n\n<div class=\"wp-block-button\"><a class=\"wp-block-button__link has-text-color has-white-color has-background has-green-background-color\" href=\"https:\/\/www.porex.com\/de\/markte\/automobil-luft-und-raumfahrtbranche\/batterie-brennstoffzelle\/\">MEHR ERFAHREN<\/a><\/div>\n<\/div><\/div>\n\n\n\n<div class=\"wp-block-media-text alignwide is-stacked-on-mobile\" style=\"grid-template-columns:31% auto\"><figure class=\"wp-block-media-text__media\"><img loading=\"lazy\" decoding=\"async\" width=\"425\" height=\"425\" src=\"https:\/\/www.porex.com\/wp-content\/uploads\/2019\/08\/Powertrain_Fluid_425x425.jpg\" alt=\" Antriebsstrang und Fl\u00fcssigkeit\" class=\"wp-image-3469\" srcset=\"https:\/\/www.porex.com\/wp-content\/uploads\/2019\/08\/Powertrain_Fluid_425x425.jpg 425w, https:\/\/www.porex.com\/wp-content\/uploads\/2019\/08\/Powertrain_Fluid_425x425-150x150.jpg 150w, https:\/\/www.porex.com\/wp-content\/uploads\/2019\/08\/Powertrain_Fluid_425x425-300x300.jpg 300w\" sizes=\"auto, (max-width: 425px) 100vw, 425px\" \/><\/figure><div class=\"wp-block-media-text__content\">\n<h3 class=\"wp-block-heading\">Antriebsstrang und Fl\u00fcssigkeit<\/h3>\n\n\n\n<p>Porex bietet viele fortschrittliche Filter- und Entl\u00fcftungsl\u00f6sungen f\u00fcr dieses Segment. So sind beispielsweise die CCV-Medien (Crankcase Ventilation, Kurbelgeh\u00e4useentl\u00fcftung) von Porex eine kosteng\u00fcnstige, einfache und einzigartige M\u00f6glichkeit, die Fahrzeugemissionen zu reduzieren. W\u00e4hrend typische CCV-Systeme dazu neigen, eine betr\u00e4chtliche Menge an \u00d6lnebel zu verbrennen, der aus dem Kurbelgeh\u00e4use gezogen wird, sorgt unser System f\u00fcr eine effiziente Trennung von \u00d6lnebel und \u00d6ld\u00e4mpfen, bevor sie in den Motor eindringen, wodurch die Gesamtemissionen des Motors im Vergleich zu herk\u00f6mmlichen Methoden erheblich reduziert werden.<\/p>\n\n\n\n<div class=\"wp-block-button\"><a class=\"wp-block-button__link has-text-color has-white-color has-background has-green-background-color\" href=\"https:\/\/www.porex.com\/de\/markte\/automobil-luft-und-raumfahrtbranche\/antriebsstrang-flussigkeit\/\">MEHR ERFAHREN<\/a><\/div>\n<\/div><\/div>\n\n\n\n<div class=\"wp-block-media-text alignwide is-stacked-on-mobile\" style=\"grid-template-columns:31% auto\"><figure class=\"wp-block-media-text__media\"><img loading=\"lazy\" decoding=\"async\" width=\"445\" height=\"408\" src=\"https:\/\/www.porex.com\/wp-content\/uploads\/2019\/08\/Sensor-Family-All-1.jpg\" alt=\"Sensoren\" class=\"wp-image-3470\" srcset=\"https:\/\/www.porex.com\/wp-content\/uploads\/2019\/08\/Sensor-Family-All-1.jpg 445w, https:\/\/www.porex.com\/wp-content\/uploads\/2019\/08\/Sensor-Family-All-1-300x275.jpg 300w\" sizes=\"auto, (max-width: 445px) 100vw, 445px\" \/><\/figure><div class=\"wp-block-media-text__content\">\n<h3 class=\"wp-block-heading\">Sensoren<\/h3>\n\n\n\n<p>Hersteller auf der ganzen Welt vertrauen auf die moderne Technologie von Porex, die der Konkurrenz \u00fcberlegen ist. Unsere kundenspezifischen L\u00f6sungen f\u00fcr Sensorhersteller k\u00f6nnen auf bestimmte Anwendungen oder Ger\u00e4te zugeschnitten und nahtlos in viele Fertigungsprozesse integriert werden.<\/p>\n\n\n\n<div class=\"wp-block-button\"><a class=\"wp-block-button__link has-text-color has-white-color has-background has-green-background-color\" href=\"https:\/\/www.porex.com\/de\/markte\/elektronik\/sensoren\/\">MEHR ERFAHREN<\/a><\/div>\n<\/div><\/div>\n","protected":false},"excerpt":{"rendered":"<p>Die Automobilindustrie entwickelt sich st\u00e4ndig weiter. Angesichts der stetig wachsenden Zahl von elektronischen Inhalten vertrauen Hersteller auf der ganzen Welt auf por\u00f6se POREX\u00ae-Polymerkomponenten, um die Flexibilit\u00e4t des Designs, die Langlebigkeit der Teile und \u00fcberlegene Funktionalit\u00e4t zu gew\u00e4hrleisten, die f\u00fcr eine Vielzahl von Automobilanwendungen erforderlich sind.<\/p>\n","protected":false},"author":5,"featured_media":0,"parent":3446,"menu_order":100,"comment_status":"closed","ping_status":"closed","template":"","meta":{"_acf_changed":false,"footnotes":""},"class_list":["post-3467","page","type-page","status-publish","hentry"],"acf":[],"yoast_head":"<!-- This site is optimized with the Yoast SEO Premium plugin v27.3 (Yoast SEO v27.3) - https:\/\/yoast.com\/product\/yoast-seo-premium-wordpress\/ -->\n<title>Flammensperre | Por\u00f6se Kunststoffentl\u00fcftungen | Automobil-Diffuser - Porex<\/title>\n<meta name=\"description\" content=\"Porex liefert por\u00f6se Kunststoffkomponenten f\u00fcr die Automobilindustrie, die als kosteneffektiv bei anspruchsvollen Anwendungen bekannt sind.\" \/>\n<meta name=\"robots\" content=\"index, follow, max-snippet:-1, max-image-preview:large, max-video-preview:-1\" \/>\n<link rel=\"canonical\" href=\"https:\/\/www.porex.com\/de\/markte\/automobil-luft-und-raumfahrtbranche\/\" \/>\n<meta property=\"og:locale\" content=\"de_DE\" \/>\n<meta property=\"og:type\" content=\"article\" \/>\n<meta property=\"og:title\" content=\"Automobil- &amp; Luft- und Raumfahrtbranche\" \/>\n<meta property=\"og:description\" content=\"Die Automobilindustrie entwickelt sich st\u00e4ndig weiter. Angesichts der stetig wachsenden Zahl von elektronischen Inhalten vertrauen Hersteller auf der\" \/>\n<meta property=\"og:url\" content=\"https:\/\/www.porex.com\/de\/markte\/automobil-luft-und-raumfahrtbranche\/\" \/>\n<meta property=\"og:site_name\" content=\"Porex\" \/>\n<meta property=\"article:modified_time\" content=\"2020-06-04T08:43:35+00:00\" \/>\n<meta property=\"og:image\" content=\"https:\/\/www.porex.com\/wp-content\/uploads\/2019\/08\/AutomotiveLight_425x425_2.jpg\" \/>\n<meta name=\"twitter:card\" content=\"summary_large_image\" \/>\n<meta name=\"twitter:site\" content=\"@PorexCorp\" \/>\n<meta name=\"twitter:label1\" content=\"Gesch\u00e4tzte Lesezeit\" \/>\n\t<meta name=\"twitter:data1\" content=\"2 Minuten\" \/>\n<script type=\"application\/ld+json\" class=\"yoast-schema-graph\">{\"@context\":\"https:\\\/\\\/schema.org\",\"@graph\":[{\"@type\":\"WebPage\",\"@id\":\"https:\\\/\\\/www.porex.com\\\/de\\\/markte\\\/automobil-luft-und-raumfahrtbranche\\\/\",\"url\":\"https:\\\/\\\/www.porex.com\\\/de\\\/markte\\\/automobil-luft-und-raumfahrtbranche\\\/\",\"name\":\"Flammensperre | Por\u00f6se Kunststoffentl\u00fcftungen | Automobil-Diffuser - Porex\",\"isPartOf\":{\"@id\":\"https:\\\/\\\/www.porex.com\\\/de\\\/#website\"},\"primaryImageOfPage\":{\"@id\":\"https:\\\/\\\/www.porex.com\\\/de\\\/markte\\\/automobil-luft-und-raumfahrtbranche\\\/#primaryimage\"},\"image\":{\"@id\":\"https:\\\/\\\/www.porex.com\\\/de\\\/markte\\\/automobil-luft-und-raumfahrtbranche\\\/#primaryimage\"},\"thumbnailUrl\":\"https:\\\/\\\/www.porex.com\\\/wp-content\\\/uploads\\\/2019\\\/08\\\/AutomotiveLight_425x425_2.jpg\",\"datePublished\":\"2020-01-30T20:04:45+00:00\",\"dateModified\":\"2020-06-04T08:43:35+00:00\",\"description\":\"Porex liefert por\u00f6se Kunststoffkomponenten f\u00fcr die Automobilindustrie, die als kosteneffektiv bei anspruchsvollen Anwendungen bekannt sind.\",\"breadcrumb\":{\"@id\":\"https:\\\/\\\/www.porex.com\\\/de\\\/markte\\\/automobil-luft-und-raumfahrtbranche\\\/#breadcrumb\"},\"inLanguage\":\"de-DE\",\"potentialAction\":[{\"@type\":\"ReadAction\",\"target\":[\"https:\\\/\\\/www.porex.com\\\/de\\\/markte\\\/automobil-luft-und-raumfahrtbranche\\\/\"]}]},{\"@type\":\"ImageObject\",\"inLanguage\":\"de-DE\",\"@id\":\"https:\\\/\\\/www.porex.com\\\/de\\\/markte\\\/automobil-luft-und-raumfahrtbranche\\\/#primaryimage\",\"url\":\"https:\\\/\\\/www.porex.com\\\/wp-content\\\/uploads\\\/2019\\\/08\\\/AutomotiveLight_425x425_2.jpg\",\"contentUrl\":\"https:\\\/\\\/www.porex.com\\\/wp-content\\\/uploads\\\/2019\\\/08\\\/AutomotiveLight_425x425_2.jpg\"},{\"@type\":\"BreadcrumbList\",\"@id\":\"https:\\\/\\\/www.porex.com\\\/de\\\/markte\\\/automobil-luft-und-raumfahrtbranche\\\/#breadcrumb\",\"itemListElement\":[{\"@type\":\"ListItem\",\"position\":1,\"name\":\"home\",\"item\":\"https:\\\/\\\/www.porex.com\\\/de\\\/\"},{\"@type\":\"ListItem\",\"position\":2,\"name\":\"M\u00e4rkte\",\"item\":\"https:\\\/\\\/www.porex.com\\\/de\\\/markte\\\/\"},{\"@type\":\"ListItem\",\"position\":3,\"name\":\"Automobil- &amp; Luft- und Raumfahrtbranche\"}]},{\"@type\":\"WebSite\",\"@id\":\"https:\\\/\\\/www.porex.com\\\/de\\\/#website\",\"url\":\"https:\\\/\\\/www.porex.com\\\/de\\\/\",\"name\":\"Porex\",\"description\":\"Your Partner In Innovation\",\"publisher\":{\"@id\":\"https:\\\/\\\/www.porex.com\\\/de\\\/#organization\"},\"potentialAction\":[{\"@type\":\"SearchAction\",\"target\":{\"@type\":\"EntryPoint\",\"urlTemplate\":\"https:\\\/\\\/www.porex.com\\\/de\\\/?s={search_term_string}\"},\"query-input\":{\"@type\":\"PropertyValueSpecification\",\"valueRequired\":true,\"valueName\":\"search_term_string\"}}],\"inLanguage\":\"de-DE\"},{\"@type\":\"Organization\",\"@id\":\"https:\\\/\\\/www.porex.com\\\/de\\\/#organization\",\"name\":\"Porex Corporation\",\"url\":\"https:\\\/\\\/www.porex.com\\\/de\\\/\",\"logo\":{\"@type\":\"ImageObject\",\"inLanguage\":\"de-DE\",\"@id\":\"https:\\\/\\\/www.porex.com\\\/de\\\/#\\\/schema\\\/logo\\\/image\\\/\",\"url\":\"https:\\\/\\\/www.porex.com\\\/wp-content\\\/uploads\\\/2019\\\/05\\\/fgc-logo.png\",\"contentUrl\":\"https:\\\/\\\/www.porex.com\\\/wp-content\\\/uploads\\\/2019\\\/05\\\/fgc-logo.png\",\"width\":480,\"height\":126,\"caption\":\"Porex Corporation\"},\"image\":{\"@id\":\"https:\\\/\\\/www.porex.com\\\/de\\\/#\\\/schema\\\/logo\\\/image\\\/\"},\"sameAs\":[\"https:\\\/\\\/x.com\\\/PorexCorp\",\"https:\\\/\\\/www.linkedin.com\\\/company\\\/porex\\\/\",\"https:\\\/\\\/www.youtube.com\\\/user\\\/PorexCorporation\"],\"description\":\"Porous plastic materials manufacturer of custom components for medical devices, diagnostics, consumer and industrial products. Provides solutions for absorption, filtration, wicking, venting, diffusion and application.\",\"legalName\":\"Porex Corporation\",\"foundingDate\":\"1961-04-27\"}]}<\/script>\n<!-- \/ Yoast SEO Premium plugin. -->","yoast_head_json":{"title":"Flammensperre | Por\u00f6se Kunststoffentl\u00fcftungen | Automobil-Diffuser - Porex","description":"Porex liefert por\u00f6se Kunststoffkomponenten f\u00fcr die Automobilindustrie, die als kosteneffektiv bei anspruchsvollen Anwendungen bekannt sind.","robots":{"index":"index","follow":"follow","max-snippet":"max-snippet:-1","max-image-preview":"max-image-preview:large","max-video-preview":"max-video-preview:-1"},"canonical":"https:\/\/www.porex.com\/de\/markte\/automobil-luft-und-raumfahrtbranche\/","og_locale":"de_DE","og_type":"article","og_title":"Automobil- &amp; Luft- und Raumfahrtbranche","og_description":"Die Automobilindustrie entwickelt sich st\u00e4ndig weiter. Angesichts der stetig wachsenden Zahl von elektronischen Inhalten vertrauen Hersteller auf der","og_url":"https:\/\/www.porex.com\/de\/markte\/automobil-luft-und-raumfahrtbranche\/","og_site_name":"Porex","article_modified_time":"2020-06-04T08:43:35+00:00","og_image":[{"url":"https:\/\/www.porex.com\/wp-content\/uploads\/2019\/08\/AutomotiveLight_425x425_2.jpg","type":"","width":"","height":""}],"twitter_card":"summary_large_image","twitter_site":"@PorexCorp","twitter_misc":{"Gesch\u00e4tzte Lesezeit":"2 Minuten"},"schema":{"@context":"https:\/\/schema.org","@graph":[{"@type":"WebPage","@id":"https:\/\/www.porex.com\/de\/markte\/automobil-luft-und-raumfahrtbranche\/","url":"https:\/\/www.porex.com\/de\/markte\/automobil-luft-und-raumfahrtbranche\/","name":"Flammensperre | Por\u00f6se Kunststoffentl\u00fcftungen | Automobil-Diffuser - Porex","isPartOf":{"@id":"https:\/\/www.porex.com\/de\/#website"},"primaryImageOfPage":{"@id":"https:\/\/www.porex.com\/de\/markte\/automobil-luft-und-raumfahrtbranche\/#primaryimage"},"image":{"@id":"https:\/\/www.porex.com\/de\/markte\/automobil-luft-und-raumfahrtbranche\/#primaryimage"},"thumbnailUrl":"https:\/\/www.porex.com\/wp-content\/uploads\/2019\/08\/AutomotiveLight_425x425_2.jpg","datePublished":"2020-01-30T20:04:45+00:00","dateModified":"2020-06-04T08:43:35+00:00","description":"Porex liefert por\u00f6se Kunststoffkomponenten f\u00fcr die Automobilindustrie, die als kosteneffektiv bei anspruchsvollen Anwendungen bekannt sind.","breadcrumb":{"@id":"https:\/\/www.porex.com\/de\/markte\/automobil-luft-und-raumfahrtbranche\/#breadcrumb"},"inLanguage":"de-DE","potentialAction":[{"@type":"ReadAction","target":["https:\/\/www.porex.com\/de\/markte\/automobil-luft-und-raumfahrtbranche\/"]}]},{"@type":"ImageObject","inLanguage":"de-DE","@id":"https:\/\/www.porex.com\/de\/markte\/automobil-luft-und-raumfahrtbranche\/#primaryimage","url":"https:\/\/www.porex.com\/wp-content\/uploads\/2019\/08\/AutomotiveLight_425x425_2.jpg","contentUrl":"https:\/\/www.porex.com\/wp-content\/uploads\/2019\/08\/AutomotiveLight_425x425_2.jpg"},{"@type":"BreadcrumbList","@id":"https:\/\/www.porex.com\/de\/markte\/automobil-luft-und-raumfahrtbranche\/#breadcrumb","itemListElement":[{"@type":"ListItem","position":1,"name":"home","item":"https:\/\/www.porex.com\/de\/"},{"@type":"ListItem","position":2,"name":"M\u00e4rkte","item":"https:\/\/www.porex.com\/de\/markte\/"},{"@type":"ListItem","position":3,"name":"Automobil- &amp; Luft- und Raumfahrtbranche"}]},{"@type":"WebSite","@id":"https:\/\/www.porex.com\/de\/#website","url":"https:\/\/www.porex.com\/de\/","name":"Porex","description":"Your Partner In Innovation","publisher":{"@id":"https:\/\/www.porex.com\/de\/#organization"},"potentialAction":[{"@type":"SearchAction","target":{"@type":"EntryPoint","urlTemplate":"https:\/\/www.porex.com\/de\/?s={search_term_string}"},"query-input":{"@type":"PropertyValueSpecification","valueRequired":true,"valueName":"search_term_string"}}],"inLanguage":"de-DE"},{"@type":"Organization","@id":"https:\/\/www.porex.com\/de\/#organization","name":"Porex Corporation","url":"https:\/\/www.porex.com\/de\/","logo":{"@type":"ImageObject","inLanguage":"de-DE","@id":"https:\/\/www.porex.com\/de\/#\/schema\/logo\/image\/","url":"https:\/\/www.porex.com\/wp-content\/uploads\/2019\/05\/fgc-logo.png","contentUrl":"https:\/\/www.porex.com\/wp-content\/uploads\/2019\/05\/fgc-logo.png","width":480,"height":126,"caption":"Porex Corporation"},"image":{"@id":"https:\/\/www.porex.com\/de\/#\/schema\/logo\/image\/"},"sameAs":["https:\/\/x.com\/PorexCorp","https:\/\/www.linkedin.com\/company\/porex\/","https:\/\/www.youtube.com\/user\/PorexCorporation"],"description":"Porous plastic materials manufacturer of custom components for medical devices, diagnostics, consumer and industrial products. Provides solutions for absorption, filtration, wicking, venting, diffusion and application.","legalName":"Porex Corporation","foundingDate":"1961-04-27"}]}},"_links":{"self":[{"href":"https:\/\/www.porex.com\/de\/wp-json\/wp\/v2\/pages\/3467","targetHints":{"allow":["GET"]}}],"collection":[{"href":"https:\/\/www.porex.com\/de\/wp-json\/wp\/v2\/pages"}],"about":[{"href":"https:\/\/www.porex.com\/de\/wp-json\/wp\/v2\/types\/page"}],"author":[{"embeddable":true,"href":"https:\/\/www.porex.com\/de\/wp-json\/wp\/v2\/users\/5"}],"replies":[{"embeddable":true,"href":"https:\/\/www.porex.com\/de\/wp-json\/wp\/v2\/comments?post=3467"}],"version-history":[{"count":0,"href":"https:\/\/www.porex.com\/de\/wp-json\/wp\/v2\/pages\/3467\/revisions"}],"up":[{"embeddable":true,"href":"https:\/\/www.porex.com\/de\/wp-json\/wp\/v2\/pages\/3446"}],"wp:attachment":[{"href":"https:\/\/www.porex.com\/de\/wp-json\/wp\/v2\/media?parent=3467"}],"curies":[{"name":"wp","href":"https:\/\/api.w.org\/{rel}","templated":true}]}}