{"id":3471,"date":"2020-01-30T15:04:46","date_gmt":"2020-01-30T20:04:46","guid":{"rendered":"https:\/\/www.porex.com\/uber-porex\/zertifizierungen-konformitaten\/"},"modified":"2026-04-22T15:22:20","modified_gmt":"2026-04-22T19:22:20","slug":"zertifizierungen-konformitaten","status":"publish","type":"page","link":"https:\/\/www.porex.com\/de\/about\/zertifizierungen-konformitaten\/","title":{"rendered":"Zertifizierungen &amp; Konformit\u00e4ten"},"content":{"rendered":"<div><ss3-force-full-width data-overflow-x=\"body\" data-horizontal-selector=\"body\"><div class=\"n2-section-smartslider fitvidsignore \" data-ssid=\"212\" tabindex=\"0\" role=\"region\" aria-label=\"Slider\"><div id=\"n2-ss-212-align\" class=\"n2-ss-align\"><div class=\"n2-padding\"><div id=\"n2-ss-212\" data-creator=\"Smart Slider 3\" data-responsive=\"fullwidth\" class=\"n2-ss-slider n2-ow n2-has-hover n2notransition  \"><div class=\"n2-ss-slider-wrapper-outside\" style=\"grid-template-rows:1fr auto\">\n        <div class=\"n2-ss-slider-1 n2_ss__touch_element n2-ow\">\n            <div class=\"n2-ss-slider-2 n2-ow\">\n                                                <div class=\"n2-ss-slider-3 n2-ow\">\n\n                    <div class=\"n2-ss-slide-backgrounds n2-ow-all\"><div class=\"n2-ss-slide-background\" data-public-id=\"1\" data-mode=\"fill\"><div class=\"n2-ss-slide-background-image\" data-blur=\"0\" data-opacity=\"100\" data-x=\"50\" data-y=\"50\" data-alt=\"Certification &amp; Compliance\" data-title=\"\"><picture class=\"skip-lazy\" data-skip-lazy=\"1\"><img decoding=\"async\" src=\"\/\/www.porex.com\/wp-content\/uploads\/2019\/09\/QualityCheck2000x500_0.jpg\" alt=\"Certification &amp; Compliance\" title=\"\" loading=\"lazy\" class=\"skip-lazy\" data-skip-lazy=\"1\"><\/picture><\/div><div data-gradient=\"vertical\" data-color-start=\"RGBA(0,0,0,0.5)\" data-color-end=\"RGBA(0,0,0,0.5)\" style=\"background:linear-gradient(to bottom, RGBA(0,0,0,0.5) 0%,RGBA(0,0,0,0.5) 100%);\" class=\"n2-ss-slide-background-color\" data-overlay=\"1\"><\/div><\/div><\/div>                    <div class=\"n2-ss-slider-4 n2-ow\">\n                        <svg xmlns=\"http:\/\/www.w3.org\/2000\/svg\" viewBox=\"0 0 1200 400\" data-related-device=\"desktopPortrait\" class=\"n2-ow n2-ss-preserve-size n2-ss-preserve-size--slider n2-ss-slide-limiter\"><\/svg><div data-first=\"1\" data-slide-duration=\"0\" data-id=\"449\" data-slide-public-id=\"1\" data-title=\"DE-Certification and Compliance\" class=\"n2-ss-slide n2-ow  n2-ss-slide-449\"><div role=\"note\" class=\"n2-ss-slide--focus\" tabindex=\"-1\">DE-Certification and Compliance<\/div><div class=\"n2-ss-layers-container n2-ss-slide-limiter n2-ow\"><div class=\"n2-ss-layer n2-ow n-uc-rs0rY3BUva4b\" data-sstype=\"slide\" data-pm=\"default\"><div class=\"n2-ss-layer n2-ow n-uc-xRFOWGGvYcXv\" data-pm=\"default\" data-sstype=\"content\" data-hasbackground=\"0\"><div class=\"n2-ss-section-main-content n2-ss-layer-with-background n2-ss-layer-content n2-ow n-uc-xRFOWGGvYcXv-inner\"><div class=\"n2-ss-layer n2-ow n-uc-O3LMJecX7gl4\" data-pm=\"normal\" data-sstype=\"layer\"><h1 id=\"n2-ss-212item1\" class=\"n2-font-6b58c3a16f7e3c912465286171cea591-hover n2-style-a4a526dc80d57646887ccad1f10d967a-heading   n2-ss-item-content n2-ss-text n2-ow\" style=\"display:block;\">Zertifizierungen &amp; Konformit\u00e4ten<\/h1><\/div><div class=\"n2-ss-layer n2-ow n-uc-mgfKE1rHgPXn n2-ss-layer--auto\" data-pm=\"normal\" data-sstype=\"layer\"><div id=\"n2-ss-212item2\" class=\"n2-font-bea2a58672c09c3e2ac38a19618c9edd-hover   n2-ss-item-content n2-ss-text n2-ow\" style=\"display:inline-block;\">_______<\/div><\/div><div class=\"n2-ss-layer n2-ow n-uc-FJjyuweMxh5N\" data-pm=\"normal\" data-sstype=\"layer\"><div class=\"n2-ss-item-content n2-ss-text n2-ow-all\"><div class=\"\"><p class=\"n2-font-89e944f5eae92a38e06b36c30712d758-paragraph   \">Produkte, denen Sie vertrauen k\u00f6nnen<\/p>\n<\/div><\/div><\/div><\/div><\/div><\/div><\/div><\/div>                    <\/div>\n\n                                    <\/div>\n            <\/div>\n        <\/div>\n        <\/div><\/div><ss3-loader><\/ss3-loader><\/div><\/div><div class=\"n2_clear\"><\/div><\/div><\/ss3-force-full-width><\/div>\n\n\n<div style=\"height:20px\" aria-hidden=\"true\" class=\"wp-block-spacer\"><\/div>\n\n\n\n<h2 class=\"wp-block-heading\" id=\"h-sie-konnen-sicher-sein-dass-ihr-milliardstes-teil-genauso-ist-wie-das-erste\">Sie k\u00f6nnen sicher sein, dass Ihr milliardstes Teil genauso ist, wie das Erste.<\/h2>\n\n\n\n<p>Porex  ist stolz, Innovationen im Bereich Maschinenbau und Konstruktion zu bieten, durch die sich Produktideen der Kunden verwirklichen lassen. Um sicherzustellen, dass seine Kunden die besten L\u00f6sungen f\u00fcr all ihre Designherausforderungen weltweit erhalten, hat Porex ein Qualit\u00e4tsmanagementsystem eingerichtet, um Design, Entwicklung, Herstellung, Vertrieb und Verkauf von gesinterten, por\u00f6sen Kunststoffen, Faserprodukten und Spezialsch\u00e4umen zu testen. &nbsp;Als Ergebnis dieser weltweit standardisierten Prozesse wurden alle Porex-Einrichtungen nach  ISO-Standards (International Standards Organization) zertifiziert. Diese  Zertifizierungen und Konformit\u00e4tsstandards werden durch eine Vielzahl von akkreditierten Agenturen f\u00fcr Porex-Einrichtungen auf der ganzen Welt angewendet und registriert.&nbsp;<\/p>\n\n\n\n<p><strong>Alle Zertifizierungen sind unten nach Region und Einrichtung aufgelistet sowie auf unserer Seite unter den weltweiten Standorten:<\/strong><\/p>\n\n\n\n<div style=\"height:20px\" aria-hidden=\"true\" class=\"wp-block-spacer\"><\/div>\n\n\n\n<div class=\"wp-block-columns has-3-columns is-layout-flex wp-container-core-columns-is-layout-9d6595d7 wp-block-columns-is-layout-flex\">\n<div class=\"wp-block-column is-layout-flow wp-block-column-is-layout-flow\">\n<h2 class=\"wp-block-heading\" id=\"h-nord-und-sudamerika\">Nord- und S\u00fcdamerika<\/h2>\n\n\n\n<h4 class=\"wp-block-heading\" id=\"h-atlanta-georgia-usa\">Atlanta, Georgia &#8211; USA<\/h4>\n\n\n\n<p><strong><a href=\"https:\/\/www.porex.com\/wp-content\/uploads\/2021\/10\/ISO-9001-Fairburn-GA-US.pdf\">Zertifizierung nach ISO 9001:<\/a><\/strong>&nbsp;<br> Porex Corporation<\/p>\n\n\n\n<hr class=\"wp-block-separator has-css-opacity is-style-wide\" \/>\n\n\n\n<h4 class=\"wp-block-heading\" id=\"h-richmond-virgina-usa\">Richmond, Virgina &#8211; USA<\/h4>\n\n\n\n<p><a href=\"https:\/\/www.porex.com\/wp-content\/uploads\/2021\/06\/ISO-9001-Richmond-VA.pdf\"><strong>Zertifizierung nach ISO 9001:<\/strong><\/a>&nbsp;<br>Porex Filtration Group<br><\/p>\n\n\n\n<hr class=\"wp-block-separator has-css-opacity is-style-wide\" \/>\n\n\n\n<h4 class=\"wp-block-heading\" id=\"h-st-charles-michigan-usa\">St. Charles, Michigan &#8211; USA<\/h4>\n\n\n\n<p id=\"h-st-charles-michigan-usa-zertifizierung-nach-iso-13485-porex-technologies-corporation\"><a href=\"https:\/\/www.porex.com\/wp-content\/uploads\/2020\/03\/ISO13485-StCharles-en.pdf\"><strong>Zertifizierung nach ISO 13485:<\/strong><\/a>&nbsp;<br>Porex Technologies Corporation<br><\/p>\n<\/div>\n\n\n\n<div class=\"wp-block-column is-layout-flow wp-block-column-is-layout-flow\">\n<h2 class=\"wp-block-heading\" id=\"h-europa\">Europa <\/h2>\n\n\n\n<h4 class=\"wp-block-heading\" id=\"h-alness-schottland-gb\">Alness, Schottland &#8211; GB<\/h4>\n\n\n\n<p><a href=\"https:\/\/www.porex.com\/wp-content\/uploads\/2021\/07\/ISO-9001-Alness-UK.pdf\"><strong>Zertifizierung nach ISO 9001:<\/strong><\/a><br> Porex Technologies, Ltd.<br><a href=\"https:\/\/www.porex.com\/wp-content\/uploads\/2021\/04\/ISO-45001-Alness-UK.pdf\"><strong>Zertifizierung nach<\/strong> <strong>ISO 45001:<\/strong><\/a><br> Porex Technologies, Ltd. <\/p>\n\n\n\n<hr class=\"wp-block-separator has-css-opacity is-style-wide\" \/>\n\n\n\n<h4 class=\"wp-block-heading\" id=\"h-bautzen-deutschland\">Bautzen &#8211; Deutschland<\/h4>\n\n\n\n<p><a href=\"https:\/\/www.porex.com\/wp-content\/uploads\/2025\/12\/5670ms_en.pdf\"><strong>Zertifizierung nach ISO 9001<\/strong> &#8211; English,<\/a> Porex Technologies GmbH:<\/p>\n\n\n\n<p><a href=\"https:\/\/www.porex.com\/wp-content\/uploads\/2021\/10\/ISO9001-Bautzen_de.pdf\"><strong>Zertifizierung nach ISO 9001<\/strong> &#8211; German,<\/a> Porex Technologies GmbH:<br><\/p>\n\n\n\n<p><a href=\"https:\/\/www.porex.com\/wp-content\/uploads\/2025\/10\/5670ms50001_en.pdf\"><strong>Zertifizierung nach ISO 50001<\/strong> &#8211; English<\/a>, Porex Technologies GmbH:<\/p>\n\n\n\n<p><a href=\"https:\/\/www.porex.com\/wp-content\/uploads\/2025\/10\/5670ms50001_de-1.pdf\"><strong>Zertifizierung nach ISO 50001<\/strong> &#8211; German<\/a>, Porex Technologies GmbH:<\/p>\n\n\n\n<div style=\"height:3px\" aria-hidden=\"true\" class=\"wp-block-spacer\"><\/div>\n\n\n\n<h4 class=\"wp-block-heading\" id=\"h-reinbek-deutschland\">Reinbek &#8211; Deutschland<\/h4>\n\n\n\n<p><a href=\"https:\/\/www.porex.com\/wp-content\/uploads\/2025\/03\/ISO-9001-TUV-Sud_en1.pdf\"><strong>Zertifizierung nach ISO 9001<\/strong> &#8211; English,<\/a> Porex Technologies Reinbek GmbH:<\/p>\n\n\n\n<p><a href=\"https:\/\/www.porex.com\/wp-content\/uploads\/2025\/03\/ISO-9001-TUV-Sud_de1.pdf\"><strong>Zertifizierung nach ISO 9001<\/strong> &#8211; German,<\/a> Porex Technologies Reinbek GmbH:<br><br><br><a href=\"https:\/\/www.porex.com\/wp-content\/uploads\/2020\/01\/ISO-14001-TUV-SUD_en_Dec-2028-1.pdf\"><strong>Zertifizierung nach ISO 14001<\/strong>-English,<\/a> Porex Technologies Reinbek GmbH:<\/p>\n\n\n\n<p><a href=\"https:\/\/www.porex.com\/wp-content\/uploads\/2025\/03\/ISO-14001-TUV-Sud_de1.pdf\"><strong>Zertifizierung nach ISO 9001<\/strong> &#8211; German<\/a><a href=\"https:\/\/www.porex.com\/wp-content\/uploads\/2025\/03\/ISO-9001-TUV-Sud_de1.pdf\">,<\/a> Porex Technologies Reinbek GmbH:<br><br><a href=\"https:\/\/www.porex.com\/wp-content\/uploads\/2020\/01\/ISO50001-Reinbek-en.pdf\"><strong>Zertifizierung nach ISO 50001<\/strong> &#8211; English<\/a>, Porex Technologies Reinbek GmbH:<\/p>\n\n\n\n<p><a href=\"https:\/\/www.porex.com\/wp-content\/uploads\/2020\/01\/ISO50001-Reinbek-de.pdf\"><strong>Zertifizierung nach ISO 50001<\/strong> &#8211; German<\/a>, Porex Technologies Reinbek GmbH:<br><br><br><\/p>\n<\/div>\n\n\n\n<div class=\"wp-block-column is-layout-flow wp-block-column-is-layout-flow\">\n<h2 class=\"wp-block-heading\" id=\"h-asien-pazifik\">Asien-Pazifik<\/h2>\n\n\n\n<h4 class=\"wp-block-heading\" id=\"h-shah-alam-selangor-malaysia\">Shah Alam, Selangor &#8211; Malaysia<\/h4>\n\n\n\n<p><a href=\"https:\/\/www.porex.com\/wp-content\/uploads\/2022\/01\/ISO-9001-Malaysia-ShahAlam.pdf\"><strong>Zertifizierung nach ISO 9001:<\/strong><\/a>&nbsp;<br> Porex Technologies Sdn Bhd<\/p>\n\n\n\n<hr class=\"wp-block-separator has-css-opacity is-style-wide\" \/>\n\n\n\n<h4 class=\"wp-block-heading\" id=\"h-ningbo-china\">Ningbo &#8211; China<\/h4>\n\n\n\n<p><a href=\"https:\/\/www.porex.com\/wp-content\/uploads\/2021\/07\/ISO-9001-Ningbo-China.pdf\"><strong>Zertifizierung nach ISO 9001:<\/strong><\/a>&nbsp;<br>Porex Technologies (Ningbo) Co., Ltd.<br><a href=\"https:\/\/www.porex.com\/wp-content\/uploads\/2021\/07\/ISO-14001-Ningbo-China.pdf\"><strong>Zertifizierung nach ISO 14001:<\/strong><\/a>&nbsp;<br>Porex Technologies (Ningbo) Co., Ltd.<br><\/p>\n<\/div>\n<\/div>\n","protected":false},"excerpt":{"rendered":"<p>Sie k\u00f6nnen sicher sein, dass Ihr milliardstes Teil genauso ist, wie das Erste. Porex ist stolz, Innovationen im Bereich Maschinenbau und Konstruktion zu bieten, durch die sich Produktideen der Kunden verwirklichen lassen. Um sicherzustellen, dass seine Kunden die besten L\u00f6sungen f\u00fcr all ihre Designherausforderungen weltweit erhalten, hat Porex ein Qualit\u00e4tsmanagementsystem eingerichtet, um Design, Entwicklung, Herstellung, [&hellip;]<\/p>\n","protected":false},"author":5,"featured_media":0,"parent":41821,"menu_order":4,"comment_status":"closed","ping_status":"closed","template":"","meta":{"_acf_changed":false,"footnotes":""},"class_list":["post-3471","page","type-page","status-publish","hentry"],"acf":[],"yoast_head":"<!-- This site is optimized with the Yoast SEO Premium plugin v27.3 (Yoast SEO v27.3) - https:\/\/yoast.com\/product\/yoast-seo-premium-wordpress\/ -->\n<title>Porex Zertifizierungen - Porex<\/title>\n<meta name=\"description\" content=\"Porex Corporation ist ISO-zertifiziert.\" \/>\n<meta name=\"robots\" content=\"index, follow, max-snippet:-1, max-image-preview:large, max-video-preview:-1\" \/>\n<link rel=\"canonical\" href=\"https:\/\/www.porex.com\/de\/about\/zertifizierungen-konformitaten\/\" \/>\n<meta property=\"og:locale\" content=\"de_DE\" \/>\n<meta property=\"og:type\" content=\"article\" \/>\n<meta property=\"og:title\" content=\"Zertifizierungen &amp; Konformit\u00e4ten\" \/>\n<meta property=\"og:description\" content=\"Sie k\u00f6nnen sicher sein, dass Ihr milliardstes Teil genauso ist, wie das Erste. Porex ist stolz, Innovationen im Bereich Maschinenbau und Konstruktion zu\" \/>\n<meta property=\"og:url\" content=\"https:\/\/www.porex.com\/de\/about\/zertifizierungen-konformitaten\/\" \/>\n<meta property=\"og:site_name\" content=\"Porex\" \/>\n<meta property=\"article:modified_time\" content=\"2026-04-22T19:22:20+00:00\" \/>\n<meta name=\"twitter:card\" content=\"summary_large_image\" \/>\n<meta name=\"twitter:site\" content=\"@PorexCorp\" \/>\n<meta name=\"twitter:label1\" content=\"Gesch\u00e4tzte Lesezeit\" \/>\n\t<meta name=\"twitter:data1\" content=\"2 Minuten\" \/>\n<script type=\"application\/ld+json\" class=\"yoast-schema-graph\">{\"@context\":\"https:\\\/\\\/schema.org\",\"@graph\":[{\"@type\":\"WebPage\",\"@id\":\"https:\\\/\\\/www.porex.com\\\/de\\\/about\\\/zertifizierungen-konformitaten\\\/\",\"url\":\"https:\\\/\\\/www.porex.com\\\/de\\\/about\\\/zertifizierungen-konformitaten\\\/\",\"name\":\"Porex Zertifizierungen - Porex\",\"isPartOf\":{\"@id\":\"https:\\\/\\\/www.porex.com\\\/de\\\/#website\"},\"datePublished\":\"2020-01-30T20:04:46+00:00\",\"dateModified\":\"2026-04-22T19:22:20+00:00\",\"description\":\"Porex Corporation ist ISO-zertifiziert.\",\"breadcrumb\":{\"@id\":\"https:\\\/\\\/www.porex.com\\\/de\\\/about\\\/zertifizierungen-konformitaten\\\/#breadcrumb\"},\"inLanguage\":\"de-DE\",\"potentialAction\":[{\"@type\":\"ReadAction\",\"target\":[\"https:\\\/\\\/www.porex.com\\\/de\\\/about\\\/zertifizierungen-konformitaten\\\/\"]}]},{\"@type\":\"BreadcrumbList\",\"@id\":\"https:\\\/\\\/www.porex.com\\\/de\\\/about\\\/zertifizierungen-konformitaten\\\/#breadcrumb\",\"itemListElement\":[{\"@type\":\"ListItem\",\"position\":1,\"name\":\"home\",\"item\":\"https:\\\/\\\/www.porex.com\\\/de\\\/\"},{\"@type\":\"ListItem\",\"position\":2,\"name\":\"Zertifizierungen &amp; Konformit\u00e4ten\"}]},{\"@type\":\"WebSite\",\"@id\":\"https:\\\/\\\/www.porex.com\\\/de\\\/#website\",\"url\":\"https:\\\/\\\/www.porex.com\\\/de\\\/\",\"name\":\"Porex\",\"description\":\"Your Partner In Innovation\",\"publisher\":{\"@id\":\"https:\\\/\\\/www.porex.com\\\/de\\\/#organization\"},\"potentialAction\":[{\"@type\":\"SearchAction\",\"target\":{\"@type\":\"EntryPoint\",\"urlTemplate\":\"https:\\\/\\\/www.porex.com\\\/de\\\/?s={search_term_string}\"},\"query-input\":{\"@type\":\"PropertyValueSpecification\",\"valueRequired\":true,\"valueName\":\"search_term_string\"}}],\"inLanguage\":\"de-DE\"},{\"@type\":\"Organization\",\"@id\":\"https:\\\/\\\/www.porex.com\\\/de\\\/#organization\",\"name\":\"Porex Corporation\",\"url\":\"https:\\\/\\\/www.porex.com\\\/de\\\/\",\"logo\":{\"@type\":\"ImageObject\",\"inLanguage\":\"de-DE\",\"@id\":\"https:\\\/\\\/www.porex.com\\\/de\\\/#\\\/schema\\\/logo\\\/image\\\/\",\"url\":\"https:\\\/\\\/www.porex.com\\\/wp-content\\\/uploads\\\/2019\\\/05\\\/fgc-logo.png\",\"contentUrl\":\"https:\\\/\\\/www.porex.com\\\/wp-content\\\/uploads\\\/2019\\\/05\\\/fgc-logo.png\",\"width\":480,\"height\":126,\"caption\":\"Porex Corporation\"},\"image\":{\"@id\":\"https:\\\/\\\/www.porex.com\\\/de\\\/#\\\/schema\\\/logo\\\/image\\\/\"},\"sameAs\":[\"https:\\\/\\\/x.com\\\/PorexCorp\",\"https:\\\/\\\/www.linkedin.com\\\/company\\\/porex\\\/\",\"https:\\\/\\\/www.youtube.com\\\/user\\\/PorexCorporation\"],\"description\":\"Porous plastic materials manufacturer of custom components for medical devices, diagnostics, consumer and industrial products. Provides solutions for absorption, filtration, wicking, venting, diffusion and application.\",\"legalName\":\"Porex Corporation\",\"foundingDate\":\"1961-04-27\"}]}<\/script>\n<!-- \/ Yoast SEO Premium plugin. -->","yoast_head_json":{"title":"Porex Zertifizierungen - Porex","description":"Porex Corporation ist ISO-zertifiziert.","robots":{"index":"index","follow":"follow","max-snippet":"max-snippet:-1","max-image-preview":"max-image-preview:large","max-video-preview":"max-video-preview:-1"},"canonical":"https:\/\/www.porex.com\/de\/about\/zertifizierungen-konformitaten\/","og_locale":"de_DE","og_type":"article","og_title":"Zertifizierungen &amp; Konformit\u00e4ten","og_description":"Sie k\u00f6nnen sicher sein, dass Ihr milliardstes Teil genauso ist, wie das Erste. Porex ist stolz, Innovationen im Bereich Maschinenbau und Konstruktion zu","og_url":"https:\/\/www.porex.com\/de\/about\/zertifizierungen-konformitaten\/","og_site_name":"Porex","article_modified_time":"2026-04-22T19:22:20+00:00","twitter_card":"summary_large_image","twitter_site":"@PorexCorp","twitter_misc":{"Gesch\u00e4tzte Lesezeit":"2 Minuten"},"schema":{"@context":"https:\/\/schema.org","@graph":[{"@type":"WebPage","@id":"https:\/\/www.porex.com\/de\/about\/zertifizierungen-konformitaten\/","url":"https:\/\/www.porex.com\/de\/about\/zertifizierungen-konformitaten\/","name":"Porex Zertifizierungen - Porex","isPartOf":{"@id":"https:\/\/www.porex.com\/de\/#website"},"datePublished":"2020-01-30T20:04:46+00:00","dateModified":"2026-04-22T19:22:20+00:00","description":"Porex Corporation ist ISO-zertifiziert.","breadcrumb":{"@id":"https:\/\/www.porex.com\/de\/about\/zertifizierungen-konformitaten\/#breadcrumb"},"inLanguage":"de-DE","potentialAction":[{"@type":"ReadAction","target":["https:\/\/www.porex.com\/de\/about\/zertifizierungen-konformitaten\/"]}]},{"@type":"BreadcrumbList","@id":"https:\/\/www.porex.com\/de\/about\/zertifizierungen-konformitaten\/#breadcrumb","itemListElement":[{"@type":"ListItem","position":1,"name":"home","item":"https:\/\/www.porex.com\/de\/"},{"@type":"ListItem","position":2,"name":"Zertifizierungen &amp; Konformit\u00e4ten"}]},{"@type":"WebSite","@id":"https:\/\/www.porex.com\/de\/#website","url":"https:\/\/www.porex.com\/de\/","name":"Porex","description":"Your Partner In Innovation","publisher":{"@id":"https:\/\/www.porex.com\/de\/#organization"},"potentialAction":[{"@type":"SearchAction","target":{"@type":"EntryPoint","urlTemplate":"https:\/\/www.porex.com\/de\/?s={search_term_string}"},"query-input":{"@type":"PropertyValueSpecification","valueRequired":true,"valueName":"search_term_string"}}],"inLanguage":"de-DE"},{"@type":"Organization","@id":"https:\/\/www.porex.com\/de\/#organization","name":"Porex Corporation","url":"https:\/\/www.porex.com\/de\/","logo":{"@type":"ImageObject","inLanguage":"de-DE","@id":"https:\/\/www.porex.com\/de\/#\/schema\/logo\/image\/","url":"https:\/\/www.porex.com\/wp-content\/uploads\/2019\/05\/fgc-logo.png","contentUrl":"https:\/\/www.porex.com\/wp-content\/uploads\/2019\/05\/fgc-logo.png","width":480,"height":126,"caption":"Porex Corporation"},"image":{"@id":"https:\/\/www.porex.com\/de\/#\/schema\/logo\/image\/"},"sameAs":["https:\/\/x.com\/PorexCorp","https:\/\/www.linkedin.com\/company\/porex\/","https:\/\/www.youtube.com\/user\/PorexCorporation"],"description":"Porous plastic materials manufacturer of custom components for medical devices, diagnostics, consumer and industrial products. Provides solutions for absorption, filtration, wicking, venting, diffusion and application.","legalName":"Porex Corporation","foundingDate":"1961-04-27"}]}},"_links":{"self":[{"href":"https:\/\/www.porex.com\/de\/wp-json\/wp\/v2\/pages\/3471","targetHints":{"allow":["GET"]}}],"collection":[{"href":"https:\/\/www.porex.com\/de\/wp-json\/wp\/v2\/pages"}],"about":[{"href":"https:\/\/www.porex.com\/de\/wp-json\/wp\/v2\/types\/page"}],"author":[{"embeddable":true,"href":"https:\/\/www.porex.com\/de\/wp-json\/wp\/v2\/users\/5"}],"replies":[{"embeddable":true,"href":"https:\/\/www.porex.com\/de\/wp-json\/wp\/v2\/comments?post=3471"}],"version-history":[{"count":2,"href":"https:\/\/www.porex.com\/de\/wp-json\/wp\/v2\/pages\/3471\/revisions"}],"predecessor-version":[{"id":41693,"href":"https:\/\/www.porex.com\/de\/wp-json\/wp\/v2\/pages\/3471\/revisions\/41693"}],"up":[{"embeddable":true,"href":"https:\/\/www.porex.com\/de\/wp-json\/wp\/v2\/pages\/41821"}],"wp:attachment":[{"href":"https:\/\/www.porex.com\/de\/wp-json\/wp\/v2\/media?parent=3471"}],"curies":[{"name":"wp","href":"https:\/\/api.w.org\/{rel}","templated":true}]}}