{"id":3545,"date":"2020-01-30T15:05:04","date_gmt":"2020-01-30T20:05:04","guid":{"rendered":"https:\/\/www.porex.com\/in-vitro-diagnostik\/probentransport\/"},"modified":"2023-09-19T15:59:02","modified_gmt":"2023-09-19T19:59:02","slug":"probentransport","status":"publish","type":"page","link":"https:\/\/www.porex.com\/de\/markte\/in-vitro-diagnostik\/probentransport\/","title":{"rendered":"Probentransport"},"content":{"rendered":"<div><ss3-force-full-width data-overflow-x=\"body\" data-horizontal-selector=\"body\"><div class=\"n2-section-smartslider fitvidsignore \" data-ssid=\"262\" tabindex=\"0\" role=\"region\" aria-label=\"Slider\"><div id=\"n2-ss-262-align\" class=\"n2-ss-align\"><div class=\"n2-padding\"><div id=\"n2-ss-262\" data-creator=\"Smart Slider 3\" data-responsive=\"fullwidth\" class=\"n2-ss-slider n2-ow n2-has-hover n2notransition  \"><div class=\"n2-ss-slider-wrapper-outside\" style=\"grid-template-rows:1fr auto\">\n        <div class=\"n2-ss-slider-1 n2_ss__touch_element n2-ow\">\n            <div class=\"n2-ss-slider-2 n2-ow\">\n                                                <div class=\"n2-ss-slider-3 n2-ow\">\n\n                    <div class=\"n2-ss-slide-backgrounds n2-ow-all\"><div class=\"n2-ss-slide-background\" data-public-id=\"1\" data-mode=\"fill\"><div class=\"n2-ss-slide-background-image\" data-blur=\"0\" data-opacity=\"100\" data-x=\"50\" data-y=\"50\" data-alt=\"Sample Transport\" data-title=\"Sample Transport\"><picture class=\"skip-lazy\" data-skip-lazy=\"1\"><img decoding=\"async\" src=\"\/\/www.porex.com\/wp-content\/uploads\/2019\/10\/SampleTransport1_2500x400.jpg\" alt=\"Sample Transport\" title=\"Sample Transport\" loading=\"lazy\" class=\"skip-lazy\" data-skip-lazy=\"1\"><\/picture><\/div><div data-gradient=\"vertical\" data-color-start=\"RGBA(0,0,0,0.5)\" data-color-end=\"RGBA(0,0,0,0.5)\" style=\"background:linear-gradient(to bottom, RGBA(0,0,0,0.5) 0%,RGBA(0,0,0,0.5) 100%);\" class=\"n2-ss-slide-background-color\" data-overlay=\"1\"><\/div><\/div><\/div>                    <div class=\"n2-ss-slider-4 n2-ow\">\n                        <svg xmlns=\"http:\/\/www.w3.org\/2000\/svg\" viewBox=\"0 0 1200 400\" data-related-device=\"desktopPortrait\" class=\"n2-ow n2-ss-preserve-size n2-ss-preserve-size--slider n2-ss-slide-limiter\"><\/svg><div data-first=\"1\" data-slide-duration=\"0\" data-id=\"538\" data-slide-public-id=\"1\" data-title=\"Sample Transport\" class=\"n2-ss-slide n2-ow  n2-ss-slide-538\"><div role=\"note\" class=\"n2-ss-slide--focus\" tabindex=\"-1\">Sample Transport<\/div><div class=\"n2-ss-layers-container n2-ss-slide-limiter n2-ow\"><div class=\"n2-ss-layer n2-ow n-uc-5vZdBd8Td1te\" data-sstype=\"slide\" data-pm=\"default\"><div class=\"n2-ss-layer n2-ow n-uc-IidogIxdrAUR\" data-pm=\"default\" data-sstype=\"content\" data-hasbackground=\"0\"><div class=\"n2-ss-section-main-content n2-ss-layer-with-background n2-ss-layer-content n2-ow n-uc-IidogIxdrAUR-inner\"><div class=\"n2-ss-layer n2-ow n-uc-jo5scW28gAFc\" data-pm=\"normal\" data-sstype=\"layer\"><h1 id=\"n2-ss-262item1\" class=\"n2-font-6b58c3a16f7e3c912465286171cea591-hover n2-style-a4a526dc80d57646887ccad1f10d967a-heading   n2-ss-item-content n2-ss-text n2-ow\" style=\"display:block;\">Probentransport<\/h1><\/div><div class=\"n2-ss-layer n2-ow n-uc-qMu6Wd7dWqOV n2-ss-layer--auto\" data-pm=\"normal\" data-sstype=\"layer\"><div id=\"n2-ss-262item2\" class=\"n2-font-bea2a58672c09c3e2ac38a19618c9edd-hover   n2-ss-item-content n2-ss-text n2-ow\" style=\"display:inline-block;\">_______<\/div><\/div><div class=\"n2-ss-layer n2-ow n-uc-eAMn1UMdTetp\" data-pm=\"normal\" data-sstype=\"layer\"><div class=\"n2-ss-item-content n2-ss-text n2-ow-all\"><div class=\"\"><p class=\"n2-font-89e944f5eae92a38e06b36c30712d758-paragraph   \">Eine einzigartige Technologie erm\u00f6glicht eine einfache Probenentnahme, Transport, Lagerung und Freigabe<\/p>\n<\/div><\/div><\/div><\/div><\/div><\/div><\/div><\/div>                    <\/div>\n\n                                    <\/div>\n            <\/div>\n        <\/div>\n        <\/div><\/div><ss3-loader><\/ss3-loader><\/div><\/div><div class=\"n2_clear\"><\/div><\/div><\/ss3-force-full-width><\/div>\n\n\n<h2 class=\"wp-block-heading\">Verbesserung der Probenintegrit\u00e4t, durch Reduzierung der Fehler bei der Probenhandhabung   <\/h2>\n\n\n\n<p>Beim sicheren Transport einer Probe spielen mehrere Faktoren eine Rolle. Unsere einzigartige Technologie erm\u00f6glicht die einfache Entnahme, den Transport, die Lagerung und die Freigabe von Proben &#8211; alles in einer einzigen Komponente. Das Erm\u00f6glichen einer pr\u00e4zisen Probenentnahme und eines pr\u00e4zisen Probentransports:<\/p>\n\n\n\n<ul class=\"wp-block-list\">\n<li><strong>Steigert die Effizienz im Labor<\/strong> durch die Bereitstellung mehrerer Schritte im Probentransportprozess in einem umfassenden System.<\/li>\n\n\n\n<li><strong>Reduziert Kosten<\/strong>, die beim Entnehmen, Transportieren und Lagern von Proben entstehen k\u00f6nnen.<\/li>\n\n\n\n<li><strong>Sch\u00fctzt die Probenintegrit\u00e4t<\/strong> mit seiner einzigartigen Struktur.<\/li>\n<\/ul>\n\n\n\n<div class=\"wp-block-columns has-5-columns anm-columns is-layout-flex wp-container-core-columns-is-layout-9d6595d7 wp-block-columns-is-layout-flex\">\n<div class=\"wp-block-column empty-column is-layout-flow wp-block-column-is-layout-flow\">\n<p><\/p>\n<\/div>\n\n\n\n<div class=\"wp-block-column empty-column is-layout-flow wp-block-column-is-layout-flow\">\n<p><\/p>\n<\/div>\n\n\n\n<div class=\"wp-block-column is-layout-flow wp-block-column-is-layout-flow\">\n<figure class=\"wp-block-image\"><img loading=\"lazy\" decoding=\"async\" width=\"749\" height=\"749\" src=\"https:\/\/www.porex.com\/wp-content\/uploads\/2019\/08\/Matrix-Sample-Picture_0_2.jpg\" alt=\"Probentransport\" class=\"wp-image-433\" srcset=\"https:\/\/www.porex.com\/wp-content\/uploads\/2019\/08\/Matrix-Sample-Picture_0_2.jpg 749w, https:\/\/www.porex.com\/wp-content\/uploads\/2019\/08\/Matrix-Sample-Picture_0_2-150x150.jpg 150w, https:\/\/www.porex.com\/wp-content\/uploads\/2019\/08\/Matrix-Sample-Picture_0_2-300x300.jpg 300w\" sizes=\"auto, (max-width: 749px) 100vw, 749px\" \/><\/figure>\n\n\n\n<p class=\"has-text-align-center\"><strong>Matrixprobenahme-Technologie<\/strong><br><br> Reduzierung von Zeit und Kosten mit einem umfassenden Probenahme-, -transport- und -lagersystem <\/p>\n\n\n\n<div class=\"wp-block-button aligncenter\"><a class=\"wp-block-button__link has-white-color has-green-background-color has-text-color has-background wp-element-button\" href=\"\/de\/markte\/in-vitro-diagnostik\/probentransport\/#MatrixSamplingTechnology\">Mehr erfahren<\/a><\/div>\n<\/div>\n\n\n\n<div class=\"wp-block-column empty-column is-layout-flow wp-block-column-is-layout-flow\">\n<p><\/p>\n<\/div>\n\n\n\n<div class=\"wp-block-column empty-column is-layout-flow wp-block-column-is-layout-flow\">\n<p><\/p>\n<\/div>\n<\/div>\n\n\n\n<div class=\"wp-block-media-text alignwide is-stacked-on-mobile\" style=\"grid-template-columns:45% auto\"><figure class=\"wp-block-media-text__media\"><img loading=\"lazy\" decoding=\"async\" width=\"749\" height=\"749\" src=\"https:\/\/www.porex.com\/wp-content\/uploads\/2019\/08\/Matrix-Sample-Picture_0_2.jpg\" alt=\"Probentransport\" class=\"wp-image-433 size-full\" srcset=\"https:\/\/www.porex.com\/wp-content\/uploads\/2019\/08\/Matrix-Sample-Picture_0_2.jpg 749w, https:\/\/www.porex.com\/wp-content\/uploads\/2019\/08\/Matrix-Sample-Picture_0_2-150x150.jpg 150w, https:\/\/www.porex.com\/wp-content\/uploads\/2019\/08\/Matrix-Sample-Picture_0_2-300x300.jpg 300w\" sizes=\"auto, (max-width: 749px) 100vw, 749px\" \/><\/figure><div class=\"wp-block-media-text__content\">\n<h2 class=\"wp-block-heading\" id=\"MatrixSamplingTechnology\">Matrixprobenahme-Technologie <\/h2>\n\n\n\n<p><strong>Reduzierung von Zeit und Kosten mit einem umfassenden Probenahme-, -transport- und -lagersystem<\/strong><\/p>\n\n\n\n<p>Unsere einzigartige patentierte Trockenmatrixtechnologie erm\u00f6glicht es der por\u00f6sen Matrix, eine Probe nach Bedarf  zu entnehmen, zu transportieren, zu lagern und freizugeben &#8211; alles in  einem System.<\/p>\n\n\n\n<p>Unsere Technologie kann von einem niedrigen bis hin zu einem hohem Durchsatz angepasst werden und bietet dadurch die folgenden Vorteile:<\/p>\n\n\n\n<ul class=\"wp-block-list\">\n<li><strong>Reduzierung m\u00f6glicher Kosten<\/strong> \u2013 Kann die mit dem Versand und Transport von biologischen Gefahrenstoffen verbundenen Kosten senken und gleichzeitig die Effizienz im Labor aufrechterhalten.<\/li>\n\n\n\n<li><strong>Schutz der Probenintegrit\u00e4t<\/strong> \u2013 Bewahrt, stabilisiert und h\u00e4lt die Probe mit einer patentierten Porex-Technologie aufrecht.<\/li>\n\n\n\n<li><strong>Reduzierung der Arbeitsablaufzeit<\/strong> \u2013 Verk\u00fcrzt die Analysezeit, da keine zus\u00e4tzlichen Kit-Komponenten erforderlich sind.<\/li>\n<\/ul>\n\n\n\n<p><strong>Verwandte Ressourcen:<\/strong><\/p>\n\n\n\n<p><img loading=\"lazy\" decoding=\"async\" width=\"20\" height=\"25\" class=\"wp-image-3027\" style=\"width: 20px\" src=\"https:\/\/www.porex.com\/wp-content\/uploads\/2019\/09\/pdf-icon_20x25.gif\" alt=\"pdf Icon\">&nbsp;<strong>Brochure:<\/strong>  <a href=\"\/wp-content\/uploads\/2020\/01\/Porex-Datasheet-Technical-Performance-Diagnostic-Media-Certification-Program.pdf\">Technical Performance and Diagnostic Media Certification Program<\/a> <\/p>\n\n\n\n<p><img loading=\"lazy\" decoding=\"async\" width=\"20\" height=\"25\" class=\"wp-image-3027\" style=\"width: 20px\" src=\"https:\/\/www.porex.com\/wp-content\/uploads\/2019\/09\/pdf-icon_20x25.gif\" alt=\"pdf Icon\">&nbsp;<strong>Datasheet:<\/strong>  <a href=\"\/wp-content\/uploads\/2020\/01\/Porex-Brochure-Diagnostics-Collection-Detection-Solutions.pdf\">Porex Diagnostics Collection-to-Detection Solutions<\/a> <\/p>\n\n\n\n<div class=\"wp-block-button btn-half-width\"><a class=\"wp-block-button__link has-white-color has-green-background-color has-text-color has-background wp-element-button\" href=\"\/de\/uber-porex\/kontaktieren-sie-uns\/muster-anfordern\/\">Muster anfordern<\/a><\/div>\n\n\n\n<div class=\"wp-block-button btn-half-width\"><a class=\"wp-block-button__link has-blue-background-color has-background wp-element-button\" href=\"\/de\/einen-techniker-fragen\/\">Einen Techniker fragen<\/a><\/div>\n<\/div><\/div>\n","protected":false},"excerpt":{"rendered":"<p>Verbesserung der Probenintegrit\u00e4t, durch Reduzierung der Fehler bei der Probenhandhabung Beim sicheren Transport einer Probe spielen mehrere Faktoren eine Rolle. Unsere einzigartige Technologie erm\u00f6glicht die einfache Entnahme, den Transport, die Lagerung und die Freigabe von Proben &#8211; alles in einer einzigen Komponente. Das Erm\u00f6glichen einer pr\u00e4zisen Probenentnahme und eines pr\u00e4zisen Probentransports: Matrixprobenahme-Technologie Reduzierung von Zeit [&hellip;]<\/p>\n","protected":false},"author":5,"featured_media":0,"parent":3412,"menu_order":100,"comment_status":"closed","ping_status":"closed","template":"","meta":{"_acf_changed":false,"footnotes":""},"class_list":["post-3545","page","type-page","status-publish","hentry"],"acf":[],"yoast_head":"<!-- This site is optimized with the Yoast SEO Premium plugin v27.3 (Yoast SEO v27.3) - https:\/\/yoast.com\/product\/yoast-seo-premium-wordpress\/ -->\n<title>Probentransport | Trockenmatrix-Technologie | Probenlagerung | Porex<\/title>\n<meta name=\"description\" content=\"Die Probentransporttechnologie von Porex nutzt eine einzigartige patentierte Technologie, um mit einem umfassenden Probentransport- und Lagersystem Zeit und Kosten zu reduzieren\" \/>\n<meta name=\"robots\" content=\"index, follow, max-snippet:-1, max-image-preview:large, max-video-preview:-1\" \/>\n<link rel=\"canonical\" href=\"https:\/\/www.porex.com\/de\/markte\/in-vitro-diagnostik\/probentransport\/\" \/>\n<meta property=\"og:locale\" content=\"de_DE\" \/>\n<meta property=\"og:type\" content=\"article\" \/>\n<meta property=\"og:title\" content=\"Probentransport\" \/>\n<meta property=\"og:description\" content=\"Verbesserung der Probenintegrit\u00e4t, durch Reduzierung der Fehler bei der Probenhandhabung Beim sicheren Transport einer Probe spielen mehrere Faktoren eine\" \/>\n<meta property=\"og:url\" content=\"https:\/\/www.porex.com\/de\/markte\/in-vitro-diagnostik\/probentransport\/\" \/>\n<meta property=\"og:site_name\" content=\"Porex\" \/>\n<meta property=\"article:modified_time\" content=\"2023-09-19T19:59:02+00:00\" \/>\n<meta property=\"og:image\" content=\"https:\/\/www.porex.com\/wp-content\/uploads\/2019\/08\/Matrix-Sample-Picture_0_2.jpg\" \/>\n<meta name=\"twitter:card\" content=\"summary_large_image\" \/>\n<meta name=\"twitter:site\" content=\"@PorexCorp\" \/>\n<meta name=\"twitter:label1\" content=\"Gesch\u00e4tzte Lesezeit\" \/>\n\t<meta name=\"twitter:data1\" content=\"1 Minute\" \/>\n<script type=\"application\/ld+json\" class=\"yoast-schema-graph\">{\"@context\":\"https:\\\/\\\/schema.org\",\"@graph\":[{\"@type\":\"WebPage\",\"@id\":\"https:\\\/\\\/www.porex.com\\\/de\\\/markte\\\/in-vitro-diagnostik\\\/probentransport\\\/\",\"url\":\"https:\\\/\\\/www.porex.com\\\/de\\\/markte\\\/in-vitro-diagnostik\\\/probentransport\\\/\",\"name\":\"Probentransport | Trockenmatrix-Technologie | Probenlagerung | Porex\",\"isPartOf\":{\"@id\":\"https:\\\/\\\/www.porex.com\\\/de\\\/#website\"},\"primaryImageOfPage\":{\"@id\":\"https:\\\/\\\/www.porex.com\\\/de\\\/markte\\\/in-vitro-diagnostik\\\/probentransport\\\/#primaryimage\"},\"image\":{\"@id\":\"https:\\\/\\\/www.porex.com\\\/de\\\/markte\\\/in-vitro-diagnostik\\\/probentransport\\\/#primaryimage\"},\"thumbnailUrl\":\"https:\\\/\\\/www.porex.com\\\/wp-content\\\/uploads\\\/2019\\\/08\\\/Matrix-Sample-Picture_0_2.jpg\",\"datePublished\":\"2020-01-30T20:05:04+00:00\",\"dateModified\":\"2023-09-19T19:59:02+00:00\",\"description\":\"Die Probentransporttechnologie von Porex nutzt eine einzigartige patentierte Technologie, um mit einem umfassenden Probentransport- und Lagersystem Zeit und Kosten zu reduzieren\",\"breadcrumb\":{\"@id\":\"https:\\\/\\\/www.porex.com\\\/de\\\/markte\\\/in-vitro-diagnostik\\\/probentransport\\\/#breadcrumb\"},\"inLanguage\":\"de-DE\",\"potentialAction\":[{\"@type\":\"ReadAction\",\"target\":[\"https:\\\/\\\/www.porex.com\\\/de\\\/markte\\\/in-vitro-diagnostik\\\/probentransport\\\/\"]}]},{\"@type\":\"ImageObject\",\"inLanguage\":\"de-DE\",\"@id\":\"https:\\\/\\\/www.porex.com\\\/de\\\/markte\\\/in-vitro-diagnostik\\\/probentransport\\\/#primaryimage\",\"url\":\"https:\\\/\\\/www.porex.com\\\/wp-content\\\/uploads\\\/2019\\\/08\\\/Matrix-Sample-Picture_0_2.jpg\",\"contentUrl\":\"https:\\\/\\\/www.porex.com\\\/wp-content\\\/uploads\\\/2019\\\/08\\\/Matrix-Sample-Picture_0_2.jpg\"},{\"@type\":\"BreadcrumbList\",\"@id\":\"https:\\\/\\\/www.porex.com\\\/de\\\/markte\\\/in-vitro-diagnostik\\\/probentransport\\\/#breadcrumb\",\"itemListElement\":[{\"@type\":\"ListItem\",\"position\":1,\"name\":\"home\",\"item\":\"https:\\\/\\\/www.porex.com\\\/de\\\/\"},{\"@type\":\"ListItem\",\"position\":2,\"name\":\"M\u00e4rkte\",\"item\":\"https:\\\/\\\/www.porex.com\\\/de\\\/markte\\\/\"},{\"@type\":\"ListItem\",\"position\":3,\"name\":\"In-vitro Diagnostik\",\"item\":\"https:\\\/\\\/www.porex.com\\\/de\\\/markte\\\/in-vitro-diagnostik\\\/\"},{\"@type\":\"ListItem\",\"position\":4,\"name\":\"Probentransport\"}]},{\"@type\":\"WebSite\",\"@id\":\"https:\\\/\\\/www.porex.com\\\/de\\\/#website\",\"url\":\"https:\\\/\\\/www.porex.com\\\/de\\\/\",\"name\":\"Porex\",\"description\":\"Your Partner In Innovation\",\"publisher\":{\"@id\":\"https:\\\/\\\/www.porex.com\\\/de\\\/#organization\"},\"potentialAction\":[{\"@type\":\"SearchAction\",\"target\":{\"@type\":\"EntryPoint\",\"urlTemplate\":\"https:\\\/\\\/www.porex.com\\\/de\\\/?s={search_term_string}\"},\"query-input\":{\"@type\":\"PropertyValueSpecification\",\"valueRequired\":true,\"valueName\":\"search_term_string\"}}],\"inLanguage\":\"de-DE\"},{\"@type\":\"Organization\",\"@id\":\"https:\\\/\\\/www.porex.com\\\/de\\\/#organization\",\"name\":\"Porex Corporation\",\"url\":\"https:\\\/\\\/www.porex.com\\\/de\\\/\",\"logo\":{\"@type\":\"ImageObject\",\"inLanguage\":\"de-DE\",\"@id\":\"https:\\\/\\\/www.porex.com\\\/de\\\/#\\\/schema\\\/logo\\\/image\\\/\",\"url\":\"https:\\\/\\\/www.porex.com\\\/wp-content\\\/uploads\\\/2019\\\/05\\\/fgc-logo.png\",\"contentUrl\":\"https:\\\/\\\/www.porex.com\\\/wp-content\\\/uploads\\\/2019\\\/05\\\/fgc-logo.png\",\"width\":480,\"height\":126,\"caption\":\"Porex Corporation\"},\"image\":{\"@id\":\"https:\\\/\\\/www.porex.com\\\/de\\\/#\\\/schema\\\/logo\\\/image\\\/\"},\"sameAs\":[\"https:\\\/\\\/x.com\\\/PorexCorp\",\"https:\\\/\\\/www.linkedin.com\\\/company\\\/porex\\\/\",\"https:\\\/\\\/www.youtube.com\\\/user\\\/PorexCorporation\"],\"description\":\"Porous plastic materials manufacturer of custom components for medical devices, diagnostics, consumer and industrial products. Provides solutions for absorption, filtration, wicking, venting, diffusion and application.\",\"legalName\":\"Porex Corporation\",\"foundingDate\":\"1961-04-27\"}]}<\/script>\n<!-- \/ Yoast SEO Premium plugin. -->","yoast_head_json":{"title":"Probentransport | Trockenmatrix-Technologie | Probenlagerung | Porex","description":"Die Probentransporttechnologie von Porex nutzt eine einzigartige patentierte Technologie, um mit einem umfassenden Probentransport- und Lagersystem Zeit und Kosten zu reduzieren","robots":{"index":"index","follow":"follow","max-snippet":"max-snippet:-1","max-image-preview":"max-image-preview:large","max-video-preview":"max-video-preview:-1"},"canonical":"https:\/\/www.porex.com\/de\/markte\/in-vitro-diagnostik\/probentransport\/","og_locale":"de_DE","og_type":"article","og_title":"Probentransport","og_description":"Verbesserung der Probenintegrit\u00e4t, durch Reduzierung der Fehler bei der Probenhandhabung Beim sicheren Transport einer Probe spielen mehrere Faktoren eine","og_url":"https:\/\/www.porex.com\/de\/markte\/in-vitro-diagnostik\/probentransport\/","og_site_name":"Porex","article_modified_time":"2023-09-19T19:59:02+00:00","og_image":[{"url":"https:\/\/www.porex.com\/wp-content\/uploads\/2019\/08\/Matrix-Sample-Picture_0_2.jpg","type":"","width":"","height":""}],"twitter_card":"summary_large_image","twitter_site":"@PorexCorp","twitter_misc":{"Gesch\u00e4tzte Lesezeit":"1 Minute"},"schema":{"@context":"https:\/\/schema.org","@graph":[{"@type":"WebPage","@id":"https:\/\/www.porex.com\/de\/markte\/in-vitro-diagnostik\/probentransport\/","url":"https:\/\/www.porex.com\/de\/markte\/in-vitro-diagnostik\/probentransport\/","name":"Probentransport | Trockenmatrix-Technologie | Probenlagerung | Porex","isPartOf":{"@id":"https:\/\/www.porex.com\/de\/#website"},"primaryImageOfPage":{"@id":"https:\/\/www.porex.com\/de\/markte\/in-vitro-diagnostik\/probentransport\/#primaryimage"},"image":{"@id":"https:\/\/www.porex.com\/de\/markte\/in-vitro-diagnostik\/probentransport\/#primaryimage"},"thumbnailUrl":"https:\/\/www.porex.com\/wp-content\/uploads\/2019\/08\/Matrix-Sample-Picture_0_2.jpg","datePublished":"2020-01-30T20:05:04+00:00","dateModified":"2023-09-19T19:59:02+00:00","description":"Die Probentransporttechnologie von Porex nutzt eine einzigartige patentierte Technologie, um mit einem umfassenden Probentransport- und Lagersystem Zeit und Kosten zu reduzieren","breadcrumb":{"@id":"https:\/\/www.porex.com\/de\/markte\/in-vitro-diagnostik\/probentransport\/#breadcrumb"},"inLanguage":"de-DE","potentialAction":[{"@type":"ReadAction","target":["https:\/\/www.porex.com\/de\/markte\/in-vitro-diagnostik\/probentransport\/"]}]},{"@type":"ImageObject","inLanguage":"de-DE","@id":"https:\/\/www.porex.com\/de\/markte\/in-vitro-diagnostik\/probentransport\/#primaryimage","url":"https:\/\/www.porex.com\/wp-content\/uploads\/2019\/08\/Matrix-Sample-Picture_0_2.jpg","contentUrl":"https:\/\/www.porex.com\/wp-content\/uploads\/2019\/08\/Matrix-Sample-Picture_0_2.jpg"},{"@type":"BreadcrumbList","@id":"https:\/\/www.porex.com\/de\/markte\/in-vitro-diagnostik\/probentransport\/#breadcrumb","itemListElement":[{"@type":"ListItem","position":1,"name":"home","item":"https:\/\/www.porex.com\/de\/"},{"@type":"ListItem","position":2,"name":"M\u00e4rkte","item":"https:\/\/www.porex.com\/de\/markte\/"},{"@type":"ListItem","position":3,"name":"In-vitro Diagnostik","item":"https:\/\/www.porex.com\/de\/markte\/in-vitro-diagnostik\/"},{"@type":"ListItem","position":4,"name":"Probentransport"}]},{"@type":"WebSite","@id":"https:\/\/www.porex.com\/de\/#website","url":"https:\/\/www.porex.com\/de\/","name":"Porex","description":"Your Partner In Innovation","publisher":{"@id":"https:\/\/www.porex.com\/de\/#organization"},"potentialAction":[{"@type":"SearchAction","target":{"@type":"EntryPoint","urlTemplate":"https:\/\/www.porex.com\/de\/?s={search_term_string}"},"query-input":{"@type":"PropertyValueSpecification","valueRequired":true,"valueName":"search_term_string"}}],"inLanguage":"de-DE"},{"@type":"Organization","@id":"https:\/\/www.porex.com\/de\/#organization","name":"Porex Corporation","url":"https:\/\/www.porex.com\/de\/","logo":{"@type":"ImageObject","inLanguage":"de-DE","@id":"https:\/\/www.porex.com\/de\/#\/schema\/logo\/image\/","url":"https:\/\/www.porex.com\/wp-content\/uploads\/2019\/05\/fgc-logo.png","contentUrl":"https:\/\/www.porex.com\/wp-content\/uploads\/2019\/05\/fgc-logo.png","width":480,"height":126,"caption":"Porex Corporation"},"image":{"@id":"https:\/\/www.porex.com\/de\/#\/schema\/logo\/image\/"},"sameAs":["https:\/\/x.com\/PorexCorp","https:\/\/www.linkedin.com\/company\/porex\/","https:\/\/www.youtube.com\/user\/PorexCorporation"],"description":"Porous plastic materials manufacturer of custom components for medical devices, diagnostics, consumer and industrial products. Provides solutions for absorption, filtration, wicking, venting, diffusion and application.","legalName":"Porex Corporation","foundingDate":"1961-04-27"}]}},"_links":{"self":[{"href":"https:\/\/www.porex.com\/de\/wp-json\/wp\/v2\/pages\/3545","targetHints":{"allow":["GET"]}}],"collection":[{"href":"https:\/\/www.porex.com\/de\/wp-json\/wp\/v2\/pages"}],"about":[{"href":"https:\/\/www.porex.com\/de\/wp-json\/wp\/v2\/types\/page"}],"author":[{"embeddable":true,"href":"https:\/\/www.porex.com\/de\/wp-json\/wp\/v2\/users\/5"}],"replies":[{"embeddable":true,"href":"https:\/\/www.porex.com\/de\/wp-json\/wp\/v2\/comments?post=3545"}],"version-history":[{"count":0,"href":"https:\/\/www.porex.com\/de\/wp-json\/wp\/v2\/pages\/3545\/revisions"}],"up":[{"embeddable":true,"href":"https:\/\/www.porex.com\/de\/wp-json\/wp\/v2\/pages\/3412"}],"wp:attachment":[{"href":"https:\/\/www.porex.com\/de\/wp-json\/wp\/v2\/media?parent=3545"}],"curies":[{"name":"wp","href":"https:\/\/api.w.org\/{rel}","templated":true}]}}