{"id":36143,"date":"2024-08-26T08:26:22","date_gmt":"2024-08-26T12:26:22","guid":{"rendered":"https:\/\/www.porex.com\/?page_id=36143"},"modified":"2025-10-15T06:24:43","modified_gmt":"2025-10-15T10:24:43","slug":"einrichter-fuer-maschinen-anlagen-in-der-produktion-m-w-d-in-vollzeit","status":"publish","type":"page","link":"https:\/\/www.porex.com\/de\/about\/stellenangebote\/einrichter-fuer-maschinen-anlagen-in-der-produktion-m-w-d-in-vollzeit\/","title":{"rendered":"Einrichter f\u00fcr Maschinen \/ Anlagen in der Produktion (m\/w\/d) in Vollzeit"},"content":{"rendered":"\n<div class=\"wp-block-cover alignfull is-light\" style=\"min-height:350px;aspect-ratio:unset;\"><img decoding=\"async\" class=\"wp-block-cover__image-background wp-image-29412\" alt=\"HR-Career\" src=\"https:\/\/porexdev.wpengine.com\/wp-content\/uploads\/2023\/05\/HR-Careers.jpg\" data-object-fit=\"cover\" \/><span aria-hidden=\"true\" class=\"wp-block-cover__background has-background-dim\"><\/span><div class=\"wp-block-cover__inner-container is-layout-flow wp-block-cover-is-layout-flow\">\n<h1 class=\"wp-block-heading has-text-align-center has-light-gray-color has-text-color has-link-color wp-elements-95dac15b6cbf0850274c4766fc920609\" id=\"h-einrichter-fur-maschinen-anlagen-in-der-produktion-m-w-d-in-vollzeit\" style=\"font-size:45px\">Einrichter f\u00fcr Maschinen \/ Anlagen in der Produktion (m\/w\/d) in Vollzeit<\/h1>\n\n\n\n<div style=\"height:20px\" aria-hidden=\"true\" class=\"wp-block-spacer\"><\/div>\n<\/div><\/div>\n\n\n\n<p>Als deutsche Tochtergesellschaft der amerikanischen Unternehmensgruppe Filtration Group\u00ae<br>besch\u00e4ftigen wir am Standort Reinbek bei Hamburg aktuell ca. 100 Mitarbeiter\/innen. Unser Unternehmen ist Marktf\u00fchrer in derH erstellung von Faserspeichern f\u00fcr Lufterfrischer, Schreibger\u00e4te sowie Spezialfaserprodukten f\u00fcr die Bereiche Medizin, Diagnostik und Kosmetik. Langj\u00e4hrige Erfahrung, hohe Qualit\u00e4tsstandards sowie engagierte Mitarbeiterinnen und Mitarbeiter sichern unseren weltweiten Erfolg. Weitere Porex- Produktionsstandorte in Deutschland, USA, China und Malaysia bieten den gro\u00dfen Vorteil der<br>l\u00fcckenlosen Unterst\u00fctzung in Design, Entwicklung und Fertigung.<br><br><strong>Making the world safer, healthier &amp; more productive<\/strong> \u2013 das ist unsere Mission in der Filtration<br>Group\u00ae.<br><br>Freue dich auf ein motivierendes, offenes Betriebsklima, eine respektvolle und wertsch\u00e4tzende<br>Unternehmenskultur und die M\u00f6glichkeit eigene Ideen zu verwirklichen. Die individuelle Entwicklung<br>unserer Mitarbeiter\/innen steht bei uns im Fokus. Werde jetzt Teil unseres Reinbek-Teams:<\/p>\n\n\n\n<p><strong>Wir suchen zum n\u00e4chstm\u00f6glichen Termin:<\/strong><\/p>\n\n\n\n<h2 class=\"wp-block-heading\" id=\"h-einrichter-fur-maschinen-anlagen-in-der-produktion-m-w-d-in-vollzeit-0\" style=\"font-size:27px\"><strong><br><\/strong>Einrichter f\u00fcr Maschinen \/ Anlagen in der Produktion (m\/w\/d) in Vollzeit<br><\/h2>\n\n\n\n<h4 class=\"wp-block-heading\" id=\"h-deine-zukunftigen-aufgaben\">Deine zuk\u00fcnftigen Aufgaben:<\/h4>\n\n\n\n<ul class=\"wp-block-list\">\n<li>Einrichten, Umr\u00fcsten, Ein-\/Anfahren, Warten, Reinhalten von Maschinen \/ Anlagen<\/li>\n\n\n\n<li>Mitwirkung und Unterst\u00fctzung bei der Produktion von Musterprodukten<\/li>\n\n\n\n<li>Zeitweise das Bedienen von Maschinen \/ Anlagen \u00fcbernehmen<\/li>\n\n\n\n<li>Kleinreparaturen und Einstellarbeiten an den Produktionsmaschinen<\/li>\n\n\n\n<li>\u00dcberpr\u00fcfung und ggf. Korrektur der eingesetzten Rohstoffe vor und w\u00e4hrend der<br>Produktion<\/li>\n\n\n\n<li>\u00dcberwachung des technischen Zustandes der Maschinen \/ Anlagen in Zusammenarbeit mit dem<br>Abteilungsleiter und\/oder dem Vorarbeiter<\/li>\n<\/ul>\n\n\n\n<h4 class=\"wp-block-heading\" id=\"h-was-du-mitbringst\">Was du mitbringst<\/h4>\n\n\n\n<ul class=\"wp-block-list\">\n<li>Gewerbliche\/technische Berufsausbildung und\/oder Berufserfahrung als Einrichter innerhalb eines<br>Produktionsunternehmens<\/li>\n\n\n\n<li>Handwerkliches Geschick<\/li>\n\n\n\n<li>K\u00f6rperliche Belastbarkeit<\/li>\n\n\n\n<li>EDV-Anwenderkenntnisse<\/li>\n\n\n\n<li>Gutes Zahlenverst\u00e4ndnis<\/li>\n\n\n\n<li>Gute Deutschkenntnisse in Wort und Schrift<\/li>\n\n\n\n<li>Bereitschaft zur Schichtarbeit<\/li>\n\n\n\n<li>Teamf\u00e4higkeit<\/li>\n\n\n\n<li>Flexibilit\u00e4t<\/li>\n<\/ul>\n\n\n\n<h4 class=\"wp-block-heading\" id=\"h-unsere-mitarbeitenden-schatzen-an-uns-besonders\">Unsere Mitarbeitenden sch\u00e4tzen an uns besonders:<\/h4>\n\n\n\n<ul class=\"wp-block-list\">\n<li>Ein erfolgreiches Unternehmen mit zukunftssicheren Arbeitspl\u00e4tzen<\/li>\n\n\n\n<li>Die Chance sich individuell weiterzuentwickeln und den eigenen Karriereweg zu gestalten<\/li>\n\n\n\n<li>Flache Hierarchien, eine offene Unternehmenskultur und echte Gestaltungsspielr\u00e4ume<\/li>\n\n\n\n<li>Ein attraktives Verg\u00fctungspaket, ein monatlicher Sportzuschuss und eine gute Arbeitsatmosph\u00e4re<\/li>\n\n\n\n<li>Interessante und abwechslungsreiche Aufgaben in einem internationalen Umfeld<\/li>\n\n\n\n<li>Regelm\u00e4\u00dfige Firmenevents (wie z. B. Sommerfest, Weihnachtsfeier, Safety Week)<\/li>\n<\/ul>\n\n\n\n<p>F\u00fchlst du dich angesprochen?<br>Dann sende deine aussagef\u00e4higen Bewerbungsunterlagen inkl. deiner Gehaltsvorstellungen und den fr\u00fchestm\u00f6glichen Eintrittstermin per E-Mail an <a href=\"mailto:bewerbung-reinbek@filtrationgroup.com\">bewerbung-reinbek@filtrationgroup.com<\/a><\/p>\n","protected":false},"excerpt":{"rendered":"<p>Als deutsche Tochtergesellschaft der amerikanischen Unternehmensgruppe Filtration Group\u00aebesch\u00e4ftigen wir am Standort Reinbek bei Hamburg aktuell ca. 100 Mitarbeiter\/innen. Unser Unternehmen ist Marktf\u00fchrer in derH erstellung von Faserspeichern f\u00fcr Lufterfrischer, Schreibger\u00e4te sowie Spezialfaserprodukten f\u00fcr die Bereiche Medizin, Diagnostik und Kosmetik. Langj\u00e4hrige Erfahrung, hohe Qualit\u00e4tsstandards sowie engagierte Mitarbeiterinnen und Mitarbeiter sichern unseren weltweiten Erfolg. Weitere Porex- Produktionsstandorte [&hellip;]<\/p>\n","protected":false},"author":22,"featured_media":0,"parent":3387,"menu_order":2,"comment_status":"closed","ping_status":"closed","template":"","meta":{"_acf_changed":false,"footnotes":""},"class_list":["post-36143","page","type-page","status-publish","hentry"],"acf":[],"yoast_head":"<!-- This site is optimized with the Yoast SEO Premium plugin v27.3 (Yoast SEO v27.3) - https:\/\/yoast.com\/product\/yoast-seo-premium-wordpress\/ -->\n<title>Porex - Porex<\/title>\n<meta name=\"description\" content=\"Porex Technologies GmbH, als Teil der Filtration Group\u00ae, ist ein international f\u00fchrendes Unternehmen auf Herstellung por\u00f6ser Kunststoffe und Fasermaterialien.\" \/>\n<meta name=\"robots\" content=\"index, follow, max-snippet:-1, max-image-preview:large, max-video-preview:-1\" \/>\n<link rel=\"canonical\" href=\"https:\/\/www.porex.com\/de\/about\/stellenangebote\/einrichter-fuer-maschinen-anlagen-in-der-produktion-m-w-d-in-vollzeit\/\" \/>\n<meta property=\"og:locale\" content=\"de_DE\" \/>\n<meta property=\"og:type\" content=\"article\" \/>\n<meta property=\"og:title\" content=\"Einrichter f\u00fcr Maschinen \/ Anlagen in der Produktion (m\/w\/d) in Vollzeit\" \/>\n<meta property=\"og:description\" content=\"Einrichter f\u00fcr Maschinen \/ Anlagen in der Produktion (m\/w\/d) in Vollzeit Als deutsche Tochtergesellschaft der amerikanischen Unternehmensgruppe Filtration\" \/>\n<meta property=\"og:url\" content=\"https:\/\/www.porex.com\/de\/about\/stellenangebote\/einrichter-fuer-maschinen-anlagen-in-der-produktion-m-w-d-in-vollzeit\/\" \/>\n<meta property=\"og:site_name\" content=\"Porex\" \/>\n<meta property=\"article:modified_time\" content=\"2025-10-15T10:24:43+00:00\" \/>\n<meta property=\"og:image\" content=\"https:\/\/www.porex.com\/wp-content\/uploads\/2023\/06\/PMV20-6726-scaled.jpeg\" \/>\n\t<meta property=\"og:image:width\" content=\"2560\" \/>\n\t<meta property=\"og:image:height\" content=\"1707\" \/>\n\t<meta property=\"og:image:type\" content=\"image\/jpeg\" \/>\n<meta name=\"twitter:card\" content=\"summary_large_image\" \/>\n<meta name=\"twitter:site\" content=\"@PorexCorp\" \/>\n<meta name=\"twitter:label1\" content=\"Gesch\u00e4tzte Lesezeit\" \/>\n\t<meta name=\"twitter:data1\" content=\"2 Minuten\" \/>\n<script type=\"application\/ld+json\" class=\"yoast-schema-graph\">{\"@context\":\"https:\\\/\\\/schema.org\",\"@graph\":[{\"@type\":\"WebPage\",\"@id\":\"https:\\\/\\\/www.porex.com\\\/de\\\/about\\\/stellenangebote\\\/einrichter-fuer-maschinen-anlagen-in-der-produktion-m-w-d-in-vollzeit\\\/\",\"url\":\"https:\\\/\\\/www.porex.com\\\/de\\\/about\\\/stellenangebote\\\/einrichter-fuer-maschinen-anlagen-in-der-produktion-m-w-d-in-vollzeit\\\/\",\"name\":\"Porex - Porex\",\"isPartOf\":{\"@id\":\"https:\\\/\\\/www.porex.com\\\/de\\\/#website\"},\"primaryImageOfPage\":{\"@id\":\"https:\\\/\\\/www.porex.com\\\/de\\\/about\\\/stellenangebote\\\/einrichter-fuer-maschinen-anlagen-in-der-produktion-m-w-d-in-vollzeit\\\/#primaryimage\"},\"image\":{\"@id\":\"https:\\\/\\\/www.porex.com\\\/de\\\/about\\\/stellenangebote\\\/einrichter-fuer-maschinen-anlagen-in-der-produktion-m-w-d-in-vollzeit\\\/#primaryimage\"},\"thumbnailUrl\":\"https:\\\/\\\/porexdev.wpengine.com\\\/wp-content\\\/uploads\\\/2023\\\/05\\\/HR-Careers.jpg\",\"datePublished\":\"2024-08-26T12:26:22+00:00\",\"dateModified\":\"2025-10-15T10:24:43+00:00\",\"description\":\"Porex Technologies GmbH, als Teil der Filtration Group\u00ae, ist ein international f\u00fchrendes Unternehmen auf Herstellung por\u00f6ser Kunststoffe und Fasermaterialien.\",\"breadcrumb\":{\"@id\":\"https:\\\/\\\/www.porex.com\\\/de\\\/about\\\/stellenangebote\\\/einrichter-fuer-maschinen-anlagen-in-der-produktion-m-w-d-in-vollzeit\\\/#breadcrumb\"},\"inLanguage\":\"de-DE\",\"potentialAction\":[{\"@type\":\"ReadAction\",\"target\":[\"https:\\\/\\\/www.porex.com\\\/de\\\/about\\\/stellenangebote\\\/einrichter-fuer-maschinen-anlagen-in-der-produktion-m-w-d-in-vollzeit\\\/\"]}]},{\"@type\":\"ImageObject\",\"inLanguage\":\"de-DE\",\"@id\":\"https:\\\/\\\/www.porex.com\\\/de\\\/about\\\/stellenangebote\\\/einrichter-fuer-maschinen-anlagen-in-der-produktion-m-w-d-in-vollzeit\\\/#primaryimage\",\"url\":\"https:\\\/\\\/porexdev.wpengine.com\\\/wp-content\\\/uploads\\\/2023\\\/05\\\/HR-Careers.jpg\",\"contentUrl\":\"https:\\\/\\\/porexdev.wpengine.com\\\/wp-content\\\/uploads\\\/2023\\\/05\\\/HR-Careers.jpg\"},{\"@type\":\"BreadcrumbList\",\"@id\":\"https:\\\/\\\/www.porex.com\\\/de\\\/about\\\/stellenangebote\\\/einrichter-fuer-maschinen-anlagen-in-der-produktion-m-w-d-in-vollzeit\\\/#breadcrumb\",\"itemListElement\":[{\"@type\":\"ListItem\",\"position\":1,\"name\":\"home\",\"item\":\"https:\\\/\\\/www.porex.com\\\/de\\\/\"},{\"@type\":\"ListItem\",\"position\":2,\"name\":\"About\",\"item\":\"https:\\\/\\\/www.porex.com\\\/de\\\/about\\\/\"},{\"@type\":\"ListItem\",\"position\":3,\"name\":\"Stellenangebote\",\"item\":\"https:\\\/\\\/www.porex.com\\\/de\\\/about\\\/stellenangebote\\\/\"},{\"@type\":\"ListItem\",\"position\":4,\"name\":\"Einrichter f\u00fcr Maschinen \\\/ Anlagen in der Produktion (m\\\/w\\\/d) in Vollzeit\"}]},{\"@type\":\"WebSite\",\"@id\":\"https:\\\/\\\/www.porex.com\\\/de\\\/#website\",\"url\":\"https:\\\/\\\/www.porex.com\\\/de\\\/\",\"name\":\"Porex\",\"description\":\"Your Partner In Innovation\",\"publisher\":{\"@id\":\"https:\\\/\\\/www.porex.com\\\/de\\\/#organization\"},\"potentialAction\":[{\"@type\":\"SearchAction\",\"target\":{\"@type\":\"EntryPoint\",\"urlTemplate\":\"https:\\\/\\\/www.porex.com\\\/de\\\/?s={search_term_string}\"},\"query-input\":{\"@type\":\"PropertyValueSpecification\",\"valueRequired\":true,\"valueName\":\"search_term_string\"}}],\"inLanguage\":\"de-DE\"},{\"@type\":\"Organization\",\"@id\":\"https:\\\/\\\/www.porex.com\\\/de\\\/#organization\",\"name\":\"Porex Corporation\",\"url\":\"https:\\\/\\\/www.porex.com\\\/de\\\/\",\"logo\":{\"@type\":\"ImageObject\",\"inLanguage\":\"de-DE\",\"@id\":\"https:\\\/\\\/www.porex.com\\\/de\\\/#\\\/schema\\\/logo\\\/image\\\/\",\"url\":\"https:\\\/\\\/www.porex.com\\\/wp-content\\\/uploads\\\/2019\\\/05\\\/fgc-logo.png\",\"contentUrl\":\"https:\\\/\\\/www.porex.com\\\/wp-content\\\/uploads\\\/2019\\\/05\\\/fgc-logo.png\",\"width\":480,\"height\":126,\"caption\":\"Porex Corporation\"},\"image\":{\"@id\":\"https:\\\/\\\/www.porex.com\\\/de\\\/#\\\/schema\\\/logo\\\/image\\\/\"},\"sameAs\":[\"https:\\\/\\\/x.com\\\/PorexCorp\",\"https:\\\/\\\/www.linkedin.com\\\/company\\\/porex\\\/\",\"https:\\\/\\\/www.youtube.com\\\/user\\\/PorexCorporation\"],\"description\":\"Porous plastic materials manufacturer of custom components for medical devices, diagnostics, consumer and industrial products. Provides solutions for absorption, filtration, wicking, venting, diffusion and application.\",\"legalName\":\"Porex Corporation\",\"foundingDate\":\"1961-04-27\"}]}<\/script>\n<!-- \/ Yoast SEO Premium plugin. -->","yoast_head_json":{"title":"Porex - Porex","description":"Porex Technologies GmbH, als Teil der Filtration Group\u00ae, ist ein international f\u00fchrendes Unternehmen auf Herstellung por\u00f6ser Kunststoffe und Fasermaterialien.","robots":{"index":"index","follow":"follow","max-snippet":"max-snippet:-1","max-image-preview":"max-image-preview:large","max-video-preview":"max-video-preview:-1"},"canonical":"https:\/\/www.porex.com\/de\/about\/stellenangebote\/einrichter-fuer-maschinen-anlagen-in-der-produktion-m-w-d-in-vollzeit\/","og_locale":"de_DE","og_type":"article","og_title":"Einrichter f\u00fcr Maschinen \/ Anlagen in der Produktion (m\/w\/d) in Vollzeit","og_description":"Einrichter f\u00fcr Maschinen \/ Anlagen in der Produktion (m\/w\/d) in Vollzeit Als deutsche Tochtergesellschaft der amerikanischen Unternehmensgruppe Filtration","og_url":"https:\/\/www.porex.com\/de\/about\/stellenangebote\/einrichter-fuer-maschinen-anlagen-in-der-produktion-m-w-d-in-vollzeit\/","og_site_name":"Porex","article_modified_time":"2025-10-15T10:24:43+00:00","og_image":[{"width":2560,"height":1707,"url":"https:\/\/www.porex.com\/wp-content\/uploads\/2023\/06\/PMV20-6726-scaled.jpeg","type":"image\/jpeg"}],"twitter_card":"summary_large_image","twitter_site":"@PorexCorp","twitter_misc":{"Gesch\u00e4tzte Lesezeit":"2 Minuten"},"schema":{"@context":"https:\/\/schema.org","@graph":[{"@type":"WebPage","@id":"https:\/\/www.porex.com\/de\/about\/stellenangebote\/einrichter-fuer-maschinen-anlagen-in-der-produktion-m-w-d-in-vollzeit\/","url":"https:\/\/www.porex.com\/de\/about\/stellenangebote\/einrichter-fuer-maschinen-anlagen-in-der-produktion-m-w-d-in-vollzeit\/","name":"Porex - Porex","isPartOf":{"@id":"https:\/\/www.porex.com\/de\/#website"},"primaryImageOfPage":{"@id":"https:\/\/www.porex.com\/de\/about\/stellenangebote\/einrichter-fuer-maschinen-anlagen-in-der-produktion-m-w-d-in-vollzeit\/#primaryimage"},"image":{"@id":"https:\/\/www.porex.com\/de\/about\/stellenangebote\/einrichter-fuer-maschinen-anlagen-in-der-produktion-m-w-d-in-vollzeit\/#primaryimage"},"thumbnailUrl":"https:\/\/porexdev.wpengine.com\/wp-content\/uploads\/2023\/05\/HR-Careers.jpg","datePublished":"2024-08-26T12:26:22+00:00","dateModified":"2025-10-15T10:24:43+00:00","description":"Porex Technologies GmbH, als Teil der Filtration Group\u00ae, ist ein international f\u00fchrendes Unternehmen auf Herstellung por\u00f6ser Kunststoffe und Fasermaterialien.","breadcrumb":{"@id":"https:\/\/www.porex.com\/de\/about\/stellenangebote\/einrichter-fuer-maschinen-anlagen-in-der-produktion-m-w-d-in-vollzeit\/#breadcrumb"},"inLanguage":"de-DE","potentialAction":[{"@type":"ReadAction","target":["https:\/\/www.porex.com\/de\/about\/stellenangebote\/einrichter-fuer-maschinen-anlagen-in-der-produktion-m-w-d-in-vollzeit\/"]}]},{"@type":"ImageObject","inLanguage":"de-DE","@id":"https:\/\/www.porex.com\/de\/about\/stellenangebote\/einrichter-fuer-maschinen-anlagen-in-der-produktion-m-w-d-in-vollzeit\/#primaryimage","url":"https:\/\/porexdev.wpengine.com\/wp-content\/uploads\/2023\/05\/HR-Careers.jpg","contentUrl":"https:\/\/porexdev.wpengine.com\/wp-content\/uploads\/2023\/05\/HR-Careers.jpg"},{"@type":"BreadcrumbList","@id":"https:\/\/www.porex.com\/de\/about\/stellenangebote\/einrichter-fuer-maschinen-anlagen-in-der-produktion-m-w-d-in-vollzeit\/#breadcrumb","itemListElement":[{"@type":"ListItem","position":1,"name":"home","item":"https:\/\/www.porex.com\/de\/"},{"@type":"ListItem","position":2,"name":"About","item":"https:\/\/www.porex.com\/de\/about\/"},{"@type":"ListItem","position":3,"name":"Stellenangebote","item":"https:\/\/www.porex.com\/de\/about\/stellenangebote\/"},{"@type":"ListItem","position":4,"name":"Einrichter f\u00fcr Maschinen \/ Anlagen in der Produktion (m\/w\/d) in Vollzeit"}]},{"@type":"WebSite","@id":"https:\/\/www.porex.com\/de\/#website","url":"https:\/\/www.porex.com\/de\/","name":"Porex","description":"Your Partner In Innovation","publisher":{"@id":"https:\/\/www.porex.com\/de\/#organization"},"potentialAction":[{"@type":"SearchAction","target":{"@type":"EntryPoint","urlTemplate":"https:\/\/www.porex.com\/de\/?s={search_term_string}"},"query-input":{"@type":"PropertyValueSpecification","valueRequired":true,"valueName":"search_term_string"}}],"inLanguage":"de-DE"},{"@type":"Organization","@id":"https:\/\/www.porex.com\/de\/#organization","name":"Porex Corporation","url":"https:\/\/www.porex.com\/de\/","logo":{"@type":"ImageObject","inLanguage":"de-DE","@id":"https:\/\/www.porex.com\/de\/#\/schema\/logo\/image\/","url":"https:\/\/www.porex.com\/wp-content\/uploads\/2019\/05\/fgc-logo.png","contentUrl":"https:\/\/www.porex.com\/wp-content\/uploads\/2019\/05\/fgc-logo.png","width":480,"height":126,"caption":"Porex Corporation"},"image":{"@id":"https:\/\/www.porex.com\/de\/#\/schema\/logo\/image\/"},"sameAs":["https:\/\/x.com\/PorexCorp","https:\/\/www.linkedin.com\/company\/porex\/","https:\/\/www.youtube.com\/user\/PorexCorporation"],"description":"Porous plastic materials manufacturer of custom components for medical devices, diagnostics, consumer and industrial products. Provides solutions for absorption, filtration, wicking, venting, diffusion and application.","legalName":"Porex Corporation","foundingDate":"1961-04-27"}]}},"_links":{"self":[{"href":"https:\/\/www.porex.com\/de\/wp-json\/wp\/v2\/pages\/36143","targetHints":{"allow":["GET"]}}],"collection":[{"href":"https:\/\/www.porex.com\/de\/wp-json\/wp\/v2\/pages"}],"about":[{"href":"https:\/\/www.porex.com\/de\/wp-json\/wp\/v2\/types\/page"}],"author":[{"embeddable":true,"href":"https:\/\/www.porex.com\/de\/wp-json\/wp\/v2\/users\/22"}],"replies":[{"embeddable":true,"href":"https:\/\/www.porex.com\/de\/wp-json\/wp\/v2\/comments?post=36143"}],"version-history":[{"count":0,"href":"https:\/\/www.porex.com\/de\/wp-json\/wp\/v2\/pages\/36143\/revisions"}],"up":[{"embeddable":true,"href":"https:\/\/www.porex.com\/de\/wp-json\/wp\/v2\/pages\/3387"}],"wp:attachment":[{"href":"https:\/\/www.porex.com\/de\/wp-json\/wp\/v2\/media?parent=36143"}],"curies":[{"name":"wp","href":"https:\/\/api.w.org\/{rel}","templated":true}]}}