{"id":37038,"date":"2025-04-03T08:19:44","date_gmt":"2025-04-03T12:19:44","guid":{"rendered":"https:\/\/www.porex.com\/?page_id=37038"},"modified":"2026-03-05T00:09:51","modified_gmt":"2026-03-05T05:09:51","slug":"ferienarbeiter-aushilfen-m-w-d","status":"publish","type":"page","link":"https:\/\/www.porex.com\/de\/uber-porex\/stellenangebote\/ferienarbeiter-aushilfen-m-w-d\/","title":{"rendered":"Aushilfe (m\/w\/d) auf Minijob-Basis"},"content":{"rendered":"\n<div class=\"wp-block-cover alignfull is-light\" style=\"min-height:350px;aspect-ratio:unset;\"><img decoding=\"async\" class=\"wp-block-cover__image-background wp-image-29412\" alt=\"HR-Career\" src=\"https:\/\/porexdev.wpengine.com\/wp-content\/uploads\/2023\/05\/HR-Careers.jpg\" data-object-fit=\"cover\" \/><span aria-hidden=\"true\" class=\"wp-block-cover__background has-background-dim\"><\/span><div class=\"wp-block-cover__inner-container is-layout-flow wp-block-cover-is-layout-flow\">\n<p><\/p>\n\n\n\n<h1 class=\"wp-block-heading has-text-align-center has-white-color has-text-color has-link-color has-huge-font-size wp-elements-c0083b6d01e23c7818ecfd93ce86c371\" id=\"h-aushilfe-m-w-d-auf-minijob-basis\">Aushilfe (m\/w\/d) <strong>auf Minijob-Basis <\/strong><br><\/h1>\n\n\n\n<div style=\"height:20px\" aria-hidden=\"true\" class=\"wp-block-spacer\"><\/div>\n<\/div><\/div>\n\n\n\n<p><strong>Porex Technologies GmbH,<\/strong> als Teil der Filtration Group\u00ae, ist ein international f\u00fchrendes Unternehmen auf dem Gebiet der Entwicklung und Herstellung por\u00f6ser Kunststoffe und Fasermaterialien. Unser Werk in Singwitz bei Bautzen verf\u00fcgt \u00fcber 30 Jahre Erfahrung in der Entwicklung, Produktion und dem Vertrieb por\u00f6ser<br>Kunststoffkomponenten. Mehr als 200 Mitarbeiter fertigen hier hochwertige Produkte und kundenspezifische<br>L\u00f6sungen, die weltweit an 1.500 Kunden in 65 L\u00e4ndern vertrieben werden. Weitere Produktionsstandorte in den USA, Schottland und Malaysia bieten den gro\u00dfen Vorteil der l\u00fcckenlosen Unterst\u00fctzung in Design, Entwicklung und Fertigung. <strong>Making the world safer, healthier &amp; more productive ist unsere Mission<\/strong><\/p>\n\n\n\n<div style=\"height:18px\" aria-hidden=\"true\" class=\"wp-block-spacer\"><\/div>\n\n\n\n<h2 class=\"wp-block-heading\" id=\"h-aushilfe-m-w-d-auf-minijob-basis\" style=\"font-size:27px\"><strong><br><\/strong>Aushilfe (m\/w\/d) auf Minijob-Basis <\/h2>\n\n\n\n<p class=\"has-normal-font-size\">Sie sind mindestens 18 Jahre und suchen eine abwechslungsreiche Aushilfs- oder Nebent\u00e4tigkeit, bei der Sie je nach Kenntnissen und F\u00e4higkeiten in verschiedenen Bereichen eingesetzt werden? Dann sind Sie bei uns genau richtig!<\/p>\n\n\n\n<div style=\"height:20px\" aria-hidden=\"true\" class=\"wp-block-spacer\"><\/div>\n\n\n\n<p><strong>Einsatzm\u00f6glichkeiten:<\/strong><\/p>\n\n\n\n<p>Je nach Interesse und Qualifikation:<\/p>\n\n\n\n<ul class=\"wp-block-list\">\n<li>Produktion: Bedienung und \u00dcberwachung von Maschinen, Unterst\u00fctzung bei einfachen<br>Produktionst\u00e4tigkeiten<\/li>\n\n\n\n<li>Qualit\u00e4tssicherung: Durchf\u00fchrung von Sichtkontrollen, Pr\u00fcfungen und Dokumentationen<\/li>\n\n\n\n<li>Verpackung: Vorbereitung von Produkten f\u00fcr den Versand, Einhaltung der Verpackungsvorschriften<\/li>\n\n\n\n<li>Reinigung &amp; Sicherheit: Umsetzung von Hygienestandards, Unterst\u00fctzung bei Ordnung und<br>Sauberkeit am Arbeitsplatz<\/li>\n\n\n\n<li>Instandhaltung: Reparatur von Firmeneigentum und Pflege des Gel\u00e4ndes<\/li>\n<\/ul>\n\n\n\n<div style=\"height:21px\" aria-hidden=\"true\" class=\"wp-block-spacer\"><\/div>\n\n\n\n<p><strong>Was wir bieten:<\/strong><\/p>\n\n\n\n<ul class=\"wp-block-list\">\n<li>Faire Verg\u00fctung und flexible Einsatzm\u00f6glichkeiten<\/li>\n\n\n\n<li>Spannende Einblicke in ein international t\u00e4tiges Unternehmen<\/li>\n\n\n\n<li>Ein gro\u00dfartiges Team und eine angenehme Arbeitsatmosph\u00e4re<\/li>\n\n\n\n<li>M\u00f6glichkeit, wertvolle und breit gestreute Berufserfahrung zu sammeln<\/li>\n\n\n\n<li>Pers\u00f6nliche Schutzausr\u00fcstung wird gestellt \u2013 Sicherheit hat oberste Priorit\u00e4t f\u00fcr uns<\/li>\n<\/ul>\n\n\n\n<div style=\"height:16px\" aria-hidden=\"true\" class=\"wp-block-spacer\"><\/div>\n\n\n\n<p><strong>Was Sie mitbringen sollten:<\/strong><\/p>\n\n\n\n<ul class=\"wp-block-list\">\n<li>Motivation und Zuverl\u00e4ssigkeit<\/li>\n\n\n\n<li>Sorgf\u00e4ltige und selbstst\u00e4ndige Arbeitsweise<\/li>\n\n\n\n<li>Teamgeist und eine positive Einstellung<\/li>\n\n\n\n<li>Gute Deutschkenntnisse zur Verst\u00e4ndigung und Umsetzung von Arbeitsanweisungen<\/li>\n\n\n\n<li>Bereitschaft, in einem lebhaften Umfeld zu arbeiten<\/li>\n<\/ul>\n\n\n\n<div style=\"height:19px\" aria-hidden=\"true\" class=\"wp-block-spacer\"><\/div>\n\n\n\n<h4 class=\"wp-block-heading\" id=\"h-sie-haben-interesse\">Sie haben Interesse?<\/h4>\n\n\n\n<p>Dann senden Sie Ihren Lebenslauf, ein m\u00f6gliches Startdatum und ggf. Hinweise zur Verf\u00fcgbarkeit per E-Mail an: <a href=\"mailto:jobs@porex.com\">jobs@porex.com<\/a>. Wir freuen uns darauf, Sie kennenzulernen!<\/p>\n\n\n\n<h4 class=\"wp-block-heading\" id=\"h-\"><\/h4>\n\n\n\n<div class=\"wp-block-columns is-layout-flex wp-container-core-columns-is-layout-9d6595d7 wp-block-columns-is-layout-flex\">\n<div class=\"wp-block-column is-layout-flow wp-block-column-is-layout-flow\"><\/div>\n\n\n\n<div class=\"wp-block-column is-layout-flow wp-block-column-is-layout-flow\">\n<div class=\"wp-block-buttons is-layout-flex wp-block-buttons-is-layout-flex\">\n<div class=\"wp-block-button\"><a class=\"wp-block-button__link has-green-background-color has-background wp-element-button\" href=\"mailto:jobs@porex.com\" target=\"_blank\" rel=\"noreferrer noopener\">Jetzt bewerben<\/a><\/div>\n<\/div>\n<\/div>\n\n\n\n<div class=\"wp-block-column is-layout-flow wp-block-column-is-layout-flow\"><\/div>\n<\/div>\n\n\n\n<p><\/p>\n","protected":false},"excerpt":{"rendered":"<p>Porex Technologies GmbH, als Teil der Filtration Group\u00ae, ist ein international f\u00fchrendes Unternehmen auf dem Gebiet der Entwicklung und Herstellung por\u00f6ser Kunststoffe und Fasermaterialien. Unser Werk in Singwitz bei Bautzen verf\u00fcgt \u00fcber 30 Jahre Erfahrung in der Entwicklung, Produktion und dem Vertrieb por\u00f6serKunststoffkomponenten. Mehr als 200 Mitarbeiter fertigen hier hochwertige Produkte und kundenspezifischeL\u00f6sungen, die weltweit [&hellip;]<\/p>\n","protected":false},"author":27,"featured_media":0,"parent":3387,"menu_order":2,"comment_status":"closed","ping_status":"closed","template":"","meta":{"_acf_changed":false,"footnotes":""},"class_list":["post-37038","page","type-page","status-publish","hentry"],"acf":[],"yoast_head":"<!-- This site is optimized with the Yoast SEO Premium plugin v27.1 (Yoast SEO v27.1.1) - https:\/\/yoast.com\/product\/yoast-seo-premium-wordpress\/ -->\n<title>Porex Sales Manager EMEA (m\/w\/d) in Vollzeit - Porex<\/title>\n<meta name=\"description\" content=\"Porex Technologies GmbH, als Teil der Filtration Group\u00ae, ist ein international f\u00fchrendes Unternehmen auf Herstellung por\u00f6ser Kunststoffe und Fasermaterialien.\" \/>\n<meta name=\"robots\" content=\"index, follow, max-snippet:-1, max-image-preview:large, max-video-preview:-1\" \/>\n<link rel=\"canonical\" href=\"https:\/\/www.porex.com\/de\/uber-porex\/stellenangebote\/ferienarbeiter-aushilfen-m-w-d\/\" \/>\n<meta property=\"og:locale\" content=\"de_DE\" \/>\n<meta property=\"og:type\" content=\"article\" \/>\n<meta property=\"og:title\" content=\"Aushilfe (m\/w\/d) auf Minijob-Basis\" \/>\n<meta property=\"og:description\" content=\"Aushilfe (m\/w\/d) auf Minijob-Basis Porex Technologies GmbH, als Teil der Filtration Group\u00ae, ist ein international f\u00fchrendes Unternehmen auf dem Gebiet der\" \/>\n<meta property=\"og:url\" content=\"https:\/\/www.porex.com\/de\/uber-porex\/stellenangebote\/ferienarbeiter-aushilfen-m-w-d\/\" \/>\n<meta property=\"og:site_name\" content=\"Porex\" \/>\n<meta property=\"article:modified_time\" content=\"2026-03-05T05:09:51+00:00\" \/>\n<meta property=\"og:image\" content=\"https:\/\/www.porex.com\/wp-content\/uploads\/2023\/06\/PMV20-6726-scaled.jpeg\" \/>\n\t<meta property=\"og:image:width\" content=\"2560\" \/>\n\t<meta property=\"og:image:height\" content=\"1707\" \/>\n\t<meta property=\"og:image:type\" content=\"image\/jpeg\" \/>\n<meta name=\"twitter:card\" content=\"summary_large_image\" \/>\n<meta name=\"twitter:site\" content=\"@PorexCorp\" \/>\n<meta name=\"twitter:label1\" content=\"Gesch\u00e4tzte Lesezeit\" \/>\n\t<meta name=\"twitter:data1\" content=\"2 Minuten\" \/>\n<script type=\"application\/ld+json\" class=\"yoast-schema-graph\">{\"@context\":\"https:\/\/schema.org\",\"@graph\":[{\"@type\":\"WebPage\",\"@id\":\"https:\/\/www.porex.com\/de\/uber-porex\/stellenangebote\/ferienarbeiter-aushilfen-m-w-d\/\",\"url\":\"https:\/\/www.porex.com\/de\/uber-porex\/stellenangebote\/ferienarbeiter-aushilfen-m-w-d\/\",\"name\":\"Porex Sales Manager EMEA (m\/w\/d) in Vollzeit - Porex\",\"isPartOf\":{\"@id\":\"https:\/\/www.porex.com\/de\/#website\"},\"primaryImageOfPage\":{\"@id\":\"https:\/\/www.porex.com\/de\/uber-porex\/stellenangebote\/ferienarbeiter-aushilfen-m-w-d\/#primaryimage\"},\"image\":{\"@id\":\"https:\/\/www.porex.com\/de\/uber-porex\/stellenangebote\/ferienarbeiter-aushilfen-m-w-d\/#primaryimage\"},\"thumbnailUrl\":\"https:\/\/porexdev.wpengine.com\/wp-content\/uploads\/2023\/05\/HR-Careers.jpg\",\"datePublished\":\"2025-04-03T12:19:44+00:00\",\"dateModified\":\"2026-03-05T05:09:51+00:00\",\"description\":\"Porex Technologies GmbH, als Teil der Filtration Group\u00ae, ist ein international f\u00fchrendes Unternehmen auf Herstellung por\u00f6ser Kunststoffe und Fasermaterialien.\",\"breadcrumb\":{\"@id\":\"https:\/\/www.porex.com\/de\/uber-porex\/stellenangebote\/ferienarbeiter-aushilfen-m-w-d\/#breadcrumb\"},\"inLanguage\":\"de-DE\",\"potentialAction\":[{\"@type\":\"ReadAction\",\"target\":[\"https:\/\/www.porex.com\/de\/uber-porex\/stellenangebote\/ferienarbeiter-aushilfen-m-w-d\/\"]}]},{\"@type\":\"ImageObject\",\"inLanguage\":\"de-DE\",\"@id\":\"https:\/\/www.porex.com\/de\/uber-porex\/stellenangebote\/ferienarbeiter-aushilfen-m-w-d\/#primaryimage\",\"url\":\"https:\/\/porexdev.wpengine.com\/wp-content\/uploads\/2023\/05\/HR-Careers.jpg\",\"contentUrl\":\"https:\/\/porexdev.wpengine.com\/wp-content\/uploads\/2023\/05\/HR-Careers.jpg\"},{\"@type\":\"BreadcrumbList\",\"@id\":\"https:\/\/www.porex.com\/de\/uber-porex\/stellenangebote\/ferienarbeiter-aushilfen-m-w-d\/#breadcrumb\",\"itemListElement\":[{\"@type\":\"ListItem\",\"position\":1,\"name\":\"home\",\"item\":\"https:\/\/www.porex.com\/de\/\"},{\"@type\":\"ListItem\",\"position\":2,\"name\":\"\u00dcber Porex\",\"item\":\"https:\/\/www.porex.com\/de\/uber-porex\/\"},{\"@type\":\"ListItem\",\"position\":3,\"name\":\"Stellenangebote\",\"item\":\"https:\/\/www.porex.com\/de\/uber-porex\/stellenangebote\/\"},{\"@type\":\"ListItem\",\"position\":4,\"name\":\"Aushilfe (m\/w\/d) auf Minijob-Basis\"}]},{\"@type\":\"WebSite\",\"@id\":\"https:\/\/www.porex.com\/de\/#website\",\"url\":\"https:\/\/www.porex.com\/de\/\",\"name\":\"Porex\",\"description\":\"Your Partner In Innovation\",\"publisher\":{\"@id\":\"https:\/\/www.porex.com\/de\/#organization\"},\"potentialAction\":[{\"@type\":\"SearchAction\",\"target\":{\"@type\":\"EntryPoint\",\"urlTemplate\":\"https:\/\/www.porex.com\/de\/?s={search_term_string}\"},\"query-input\":{\"@type\":\"PropertyValueSpecification\",\"valueRequired\":true,\"valueName\":\"search_term_string\"}}],\"inLanguage\":\"de-DE\"},{\"@type\":\"Organization\",\"@id\":\"https:\/\/www.porex.com\/de\/#organization\",\"name\":\"Porex Corporation\",\"url\":\"https:\/\/www.porex.com\/de\/\",\"logo\":{\"@type\":\"ImageObject\",\"inLanguage\":\"de-DE\",\"@id\":\"https:\/\/www.porex.com\/de\/#\/schema\/logo\/image\/\",\"url\":\"https:\/\/www.porex.com\/wp-content\/uploads\/2019\/05\/fgc-logo.png\",\"contentUrl\":\"https:\/\/www.porex.com\/wp-content\/uploads\/2019\/05\/fgc-logo.png\",\"width\":480,\"height\":126,\"caption\":\"Porex Corporation\"},\"image\":{\"@id\":\"https:\/\/www.porex.com\/de\/#\/schema\/logo\/image\/\"},\"sameAs\":[\"https:\/\/x.com\/PorexCorp\",\"https:\/\/www.linkedin.com\/company\/porex\/\",\"https:\/\/www.youtube.com\/user\/PorexCorporation\"],\"description\":\"Porous plastic materials manufacturer of custom components for medical devices, diagnostics, consumer and industrial products. Provides solutions for absorption, filtration, wicking, venting, diffusion and application.\",\"legalName\":\"Porex Corporation\",\"foundingDate\":\"1961-04-27\"}]}<\/script>\n<!-- \/ Yoast SEO Premium plugin. -->","yoast_head_json":{"title":"Porex Sales Manager EMEA (m\/w\/d) in Vollzeit - Porex","description":"Porex Technologies GmbH, als Teil der Filtration Group\u00ae, ist ein international f\u00fchrendes Unternehmen auf Herstellung por\u00f6ser Kunststoffe und Fasermaterialien.","robots":{"index":"index","follow":"follow","max-snippet":"max-snippet:-1","max-image-preview":"max-image-preview:large","max-video-preview":"max-video-preview:-1"},"canonical":"https:\/\/www.porex.com\/de\/uber-porex\/stellenangebote\/ferienarbeiter-aushilfen-m-w-d\/","og_locale":"de_DE","og_type":"article","og_title":"Aushilfe (m\/w\/d) auf Minijob-Basis","og_description":"Aushilfe (m\/w\/d) auf Minijob-Basis Porex Technologies GmbH, als Teil der Filtration Group\u00ae, ist ein international f\u00fchrendes Unternehmen auf dem Gebiet der","og_url":"https:\/\/www.porex.com\/de\/uber-porex\/stellenangebote\/ferienarbeiter-aushilfen-m-w-d\/","og_site_name":"Porex","article_modified_time":"2026-03-05T05:09:51+00:00","og_image":[{"width":2560,"height":1707,"url":"https:\/\/www.porex.com\/wp-content\/uploads\/2023\/06\/PMV20-6726-scaled.jpeg","type":"image\/jpeg"}],"twitter_card":"summary_large_image","twitter_site":"@PorexCorp","twitter_misc":{"Gesch\u00e4tzte Lesezeit":"2 Minuten"},"schema":{"@context":"https:\/\/schema.org","@graph":[{"@type":"WebPage","@id":"https:\/\/www.porex.com\/de\/uber-porex\/stellenangebote\/ferienarbeiter-aushilfen-m-w-d\/","url":"https:\/\/www.porex.com\/de\/uber-porex\/stellenangebote\/ferienarbeiter-aushilfen-m-w-d\/","name":"Porex Sales Manager EMEA (m\/w\/d) in Vollzeit - Porex","isPartOf":{"@id":"https:\/\/www.porex.com\/de\/#website"},"primaryImageOfPage":{"@id":"https:\/\/www.porex.com\/de\/uber-porex\/stellenangebote\/ferienarbeiter-aushilfen-m-w-d\/#primaryimage"},"image":{"@id":"https:\/\/www.porex.com\/de\/uber-porex\/stellenangebote\/ferienarbeiter-aushilfen-m-w-d\/#primaryimage"},"thumbnailUrl":"https:\/\/porexdev.wpengine.com\/wp-content\/uploads\/2023\/05\/HR-Careers.jpg","datePublished":"2025-04-03T12:19:44+00:00","dateModified":"2026-03-05T05:09:51+00:00","description":"Porex Technologies GmbH, als Teil der Filtration Group\u00ae, ist ein international f\u00fchrendes Unternehmen auf Herstellung por\u00f6ser Kunststoffe und Fasermaterialien.","breadcrumb":{"@id":"https:\/\/www.porex.com\/de\/uber-porex\/stellenangebote\/ferienarbeiter-aushilfen-m-w-d\/#breadcrumb"},"inLanguage":"de-DE","potentialAction":[{"@type":"ReadAction","target":["https:\/\/www.porex.com\/de\/uber-porex\/stellenangebote\/ferienarbeiter-aushilfen-m-w-d\/"]}]},{"@type":"ImageObject","inLanguage":"de-DE","@id":"https:\/\/www.porex.com\/de\/uber-porex\/stellenangebote\/ferienarbeiter-aushilfen-m-w-d\/#primaryimage","url":"https:\/\/porexdev.wpengine.com\/wp-content\/uploads\/2023\/05\/HR-Careers.jpg","contentUrl":"https:\/\/porexdev.wpengine.com\/wp-content\/uploads\/2023\/05\/HR-Careers.jpg"},{"@type":"BreadcrumbList","@id":"https:\/\/www.porex.com\/de\/uber-porex\/stellenangebote\/ferienarbeiter-aushilfen-m-w-d\/#breadcrumb","itemListElement":[{"@type":"ListItem","position":1,"name":"home","item":"https:\/\/www.porex.com\/de\/"},{"@type":"ListItem","position":2,"name":"\u00dcber Porex","item":"https:\/\/www.porex.com\/de\/uber-porex\/"},{"@type":"ListItem","position":3,"name":"Stellenangebote","item":"https:\/\/www.porex.com\/de\/uber-porex\/stellenangebote\/"},{"@type":"ListItem","position":4,"name":"Aushilfe (m\/w\/d) auf Minijob-Basis"}]},{"@type":"WebSite","@id":"https:\/\/www.porex.com\/de\/#website","url":"https:\/\/www.porex.com\/de\/","name":"Porex","description":"Your Partner In Innovation","publisher":{"@id":"https:\/\/www.porex.com\/de\/#organization"},"potentialAction":[{"@type":"SearchAction","target":{"@type":"EntryPoint","urlTemplate":"https:\/\/www.porex.com\/de\/?s={search_term_string}"},"query-input":{"@type":"PropertyValueSpecification","valueRequired":true,"valueName":"search_term_string"}}],"inLanguage":"de-DE"},{"@type":"Organization","@id":"https:\/\/www.porex.com\/de\/#organization","name":"Porex Corporation","url":"https:\/\/www.porex.com\/de\/","logo":{"@type":"ImageObject","inLanguage":"de-DE","@id":"https:\/\/www.porex.com\/de\/#\/schema\/logo\/image\/","url":"https:\/\/www.porex.com\/wp-content\/uploads\/2019\/05\/fgc-logo.png","contentUrl":"https:\/\/www.porex.com\/wp-content\/uploads\/2019\/05\/fgc-logo.png","width":480,"height":126,"caption":"Porex Corporation"},"image":{"@id":"https:\/\/www.porex.com\/de\/#\/schema\/logo\/image\/"},"sameAs":["https:\/\/x.com\/PorexCorp","https:\/\/www.linkedin.com\/company\/porex\/","https:\/\/www.youtube.com\/user\/PorexCorporation"],"description":"Porous plastic materials manufacturer of custom components for medical devices, diagnostics, consumer and industrial products. Provides solutions for absorption, filtration, wicking, venting, diffusion and application.","legalName":"Porex Corporation","foundingDate":"1961-04-27"}]}},"_links":{"self":[{"href":"https:\/\/www.porex.com\/de\/wp-json\/wp\/v2\/pages\/37038","targetHints":{"allow":["GET"]}}],"collection":[{"href":"https:\/\/www.porex.com\/de\/wp-json\/wp\/v2\/pages"}],"about":[{"href":"https:\/\/www.porex.com\/de\/wp-json\/wp\/v2\/types\/page"}],"author":[{"embeddable":true,"href":"https:\/\/www.porex.com\/de\/wp-json\/wp\/v2\/users\/27"}],"replies":[{"embeddable":true,"href":"https:\/\/www.porex.com\/de\/wp-json\/wp\/v2\/comments?post=37038"}],"version-history":[{"count":2,"href":"https:\/\/www.porex.com\/de\/wp-json\/wp\/v2\/pages\/37038\/revisions"}],"predecessor-version":[{"id":40399,"href":"https:\/\/www.porex.com\/de\/wp-json\/wp\/v2\/pages\/37038\/revisions\/40399"}],"up":[{"embeddable":true,"href":"https:\/\/www.porex.com\/de\/wp-json\/wp\/v2\/pages\/3387"}],"wp:attachment":[{"href":"https:\/\/www.porex.com\/de\/wp-json\/wp\/v2\/media?parent=37038"}],"curies":[{"name":"wp","href":"https:\/\/api.w.org\/{rel}","templated":true}]}}