{"id":37047,"date":"2025-04-03T10:22:04","date_gmt":"2025-04-03T14:22:04","guid":{"rendered":"https:\/\/www.porex.com\/?page_id=37047"},"modified":"2025-06-06T04:41:46","modified_gmt":"2025-06-06T08:41:46","slug":"bilanzbuchhalter-m-w-d-in-vollzeit","status":"publish","type":"page","link":"https:\/\/www.porex.com\/de\/uber-porex\/stellenangebote\/bilanzbuchhalter-m-w-d-in-vollzeit\/","title":{"rendered":"Bilanzbuchhalter (m\/w\/d) in Voll- &amp; Teilzeit"},"content":{"rendered":"\n<div class=\"wp-block-cover alignfull is-light\" style=\"min-height:350px;aspect-ratio:unset;\"><img decoding=\"async\" class=\"wp-block-cover__image-background wp-image-29412\" alt=\"HR-Career\" src=\"https:\/\/porexdev.wpengine.com\/wp-content\/uploads\/2023\/05\/HR-Careers.jpg\" data-object-fit=\"cover\" \/><span aria-hidden=\"true\" class=\"wp-block-cover__background has-background-dim\"><\/span><div class=\"wp-block-cover__inner-container is-layout-flow wp-block-cover-is-layout-flow\">\n<p class=\"has-text-align-center has-white-color has-text-color has-huge-font-size\"><strong>Bilanzbuchhalter (m\/w\/d) in Voll- &amp; Teilzeit <\/strong><\/p>\n\n\n\n<p class=\"has-text-align-center has-white-color has-text-color has-huge-font-size\">______<\/p>\n\n\n\n<div style=\"height:20px\" aria-hidden=\"true\" class=\"wp-block-spacer\"><\/div>\n<\/div><\/div>\n\n\n\n<p class=\"has-text-align-left\"><strong>Porex Technologies GmbH<\/strong>, als Teil der Filtration Group\u00ae, ist ein international f\u00fchrendes Unternehmen auf dem Gebiet der Entwicklung und Herstellung por\u00f6ser Kunststoffe und Fasermaterialien. Unser Werk in Singwitz bei Bautzen verf\u00fcgt \u00fcber 30 Jahre Erfahrung in der Entwicklung, Produktion und dem Vertrieb por\u00f6ser Kunststoffkomponenten. Mehr als 200 Mitarbeiter fertigen hier hochwertige Produkte und kundenspezifische L\u00f6sungen, die weltweit an 1.500 Kunden in 65 L\u00e4ndern vertrieben werden. Weitere Produktionsstandorte in den USA, Schottland und Malaysia bieten den gro\u00dfen Vorteil der l\u00fcckenlosen Unterst\u00fctzung in Design, Entwicklung und Fertigung. <strong>Making the world safer, healthier &amp; more productive<\/strong>&nbsp;ist unsere Mission.<\/p>\n\n\n\n<p><\/p>\n\n\n\n<p class=\"has-text-color has-link-color wp-elements-979f260bc8640f7651b386ad7ae4b98b\" style=\"color:#444444;font-size:27px\"><strong><strong>Bilanzbuchhalter (m\/w\/d) in Voll- &amp; Teilzeit <\/strong><\/strong><\/p>\n\n\n\n<div style=\"height:24px\" aria-hidden=\"true\" class=\"wp-block-spacer\"><\/div>\n\n\n\n<p><strong>Warum Sie bei uns richtig sind:<\/strong><\/p>\n\n\n\n<ul class=\"wp-block-list\">\n<li>Sicherer Arbeitsplatz mit Zukunft in einem Unternehmen, das Wachstum und Innovation lebt<\/li>\n\n\n\n<li>Ihre Leistung wird hier honoriert \u2013 neben einer wettbewerbsf\u00e4higen Verg\u00fctung bieten wir zus\u00e4tzliche leistungsabh\u00e4ngige Zahlungen<\/li>\n\n\n\n<li>Vielf\u00e4ltige Chancen f\u00fcr Ihre pers\u00f6nliche und berufliche Weiterentwicklung<\/li>\n\n\n\n<li>Umfassende betriebliche Vorsorgeleistungen<\/li>\n\n\n\n<li>Moderne Fitness- und Gesundheitsprogramme, die Ihre Work-Life-Balance st\u00e4rken<\/li>\n\n\n\n<li>Teamspirit zum Erleben: von familienfreundlichen Events bis zu inspirierenden Firmenveranstaltungen<\/li>\n\n\n\n<li>Interessante und abwechslungsreiche Aufgaben in einem internationalen Umfeld<\/li>\n<\/ul>\n\n\n\n<div style=\"height:20px\" aria-hidden=\"true\" class=\"wp-block-spacer\"><\/div>\n\n\n\n<p><strong>Das zeichnet Sie aus:<\/strong><\/p>\n\n\n\n<ul class=\"wp-block-list\">\n<li>Sie haben mindestens 3-5 Jahre praktische Erfahrung als Bilanzbuchhalter, ein Abschluss \/ Zertifikat als Bilanzbuchhalter muss nicht vorhanden sein<\/li>\n\n\n\n<li>Sie sind motiviert, mit hoher Eigeninitiative und dem Anspruch, stets das Bestm\u00f6gliche zu erreichen<\/li>\n\n\n\n<li>Sie bringen eine sorgf\u00e4ltige, zuverl\u00e4ssige und l\u00f6sungsorientierte Arbeitsweise mit<\/li>\n\n\n\n<li>Sie erkennen Fehler fr\u00fchzeitig, sprechen Probleme aktiv an und arbeiten an Verbesserungen mit<\/li>\n\n\n\n<li>Sie sind teamf\u00e4hig, kommunikationsstark und bringen eine positive Einstellung zur Arbeit mit<\/li>\n\n\n\n<li>Sehr gute Deutsch- und Grundkenntnisse Englisch sind erforderlich, um Arbeitsanweisungen zu verstehen<\/li>\n<\/ul>\n\n\n\n<div style=\"height:18px\" aria-hidden=\"true\" class=\"wp-block-spacer\"><\/div>\n\n\n\n<p><strong>Ihre Themenschwerpunkte:<\/strong><\/p>\n\n\n\n<ul class=\"wp-block-list\">\n<li>Bilanzierung, Bewertung und Verbuchung von Gesch\u00e4ftsvorf\u00e4llen<\/li>\n\n\n\n<li>Selbstst\u00e4ndige Bildung von R\u00fcckstellungen und Rechnungsabgrenzungen<\/li>\n\n\n\n<li>F\u00fchren der Anlagenbuchhaltung<\/li>\n\n\n\n<li>Ordnungsgem\u00e4\u00dfe Bearbeitung der Haupt- und Nebenb\u00fccher, sowie Kontenabstimmung<\/li>\n\n\n\n<li>Ermittlung, Bewertung, Abstimmung und Buchen der Lagerbest\u00e4nde<\/li>\n\n\n\n<li>Vorbereitung und Durchf\u00fchrung des Zahlungsverkehrs, sowie Stammdatenverwaltung<\/li>\n\n\n\n<li>Erstellung von Monats-, Quartals- und Jahresabschl\u00fcssen (nach HGB sowie IAS\/IFRS)<\/li>\n\n\n\n<li>Kl\u00e4rung von bilanziellen Sachverhalten (nach HGB sowie IAS\/IFRS)<\/li>\n\n\n\n<li>Intercompany Abstimmungen<\/li>\n\n\n\n<li>Erstellung der Umsatzsteuervoranmeldungen, Statistiken und Auswertungen<\/li>\n\n\n\n<li>Vorbereitung der betrieblichen Jahressteuererkl\u00e4rungen &amp; Zuarbeit f\u00fcr die Wirtschaftspr\u00fcfer<\/li>\n\n\n\n<li>Unterst\u00fctzung der Mitarbeiter bei kaufm\u00e4nnischen Aufgabenstellungen und Bewertungssachverhalten<\/li>\n<\/ul>\n\n\n\n<div style=\"height:17px\" aria-hidden=\"true\" class=\"wp-block-spacer\"><\/div>\n\n\n\n<p><strong>F\u00fchlen Sie sich angesprochen?<\/strong><\/p>\n\n\n\n<p>Dann senden Sie bitte Ihre aussagef\u00e4higen Bewerbungsunterlagen mit m\u00f6glichem Eintrittsdatum und Ihren Gehaltsvorstellungen per E-Mail an: <a href=\"mailto:jobs@porex.com\">jobs@porex.com<\/a><\/p>\n\n\n\n<p><\/p>\n\n\n\n<div class=\"wp-block-columns is-layout-flex wp-container-core-columns-is-layout-9d6595d7 wp-block-columns-is-layout-flex\">\n<div class=\"wp-block-column is-layout-flow wp-block-column-is-layout-flow\"><\/div>\n\n\n\n<div class=\"wp-block-column is-layout-flow wp-block-column-is-layout-flow\">\n<div class=\"wp-block-buttons is-layout-flex wp-block-buttons-is-layout-flex\">\n<div class=\"wp-block-button\"><a class=\"wp-block-button__link has-green-background-color has-background wp-element-button\" href=\"mailto:jobs@porex.com\" target=\"_blank\" rel=\"noreferrer noopener\">Jetzt bewerben<\/a><\/div>\n<\/div>\n<\/div>\n\n\n\n<div class=\"wp-block-column is-layout-flow wp-block-column-is-layout-flow\"><\/div>\n<\/div>\n","protected":false},"excerpt":{"rendered":"<p>Porex Technologies GmbH, als Teil der Filtration Group\u00ae, ist ein international f\u00fchrendes Unternehmen auf dem Gebiet der Entwicklung und Herstellung por\u00f6ser Kunststoffe und Fasermaterialien. Unser Werk in Singwitz bei Bautzen verf\u00fcgt \u00fcber 30 Jahre Erfahrung in der Entwicklung, Produktion und dem Vertrieb por\u00f6ser Kunststoffkomponenten. Mehr als 200 Mitarbeiter fertigen hier hochwertige Produkte und kundenspezifische L\u00f6sungen, [&hellip;]<\/p>\n","protected":false},"author":27,"featured_media":0,"parent":3387,"menu_order":2,"comment_status":"closed","ping_status":"closed","template":"","meta":{"_acf_changed":false,"footnotes":""},"class_list":["post-37047","page","type-page","status-publish","hentry"],"acf":[],"yoast_head":"<!-- This site is optimized with the Yoast SEO Premium plugin v27.1 (Yoast SEO v27.1.1) - https:\/\/yoast.com\/product\/yoast-seo-premium-wordpress\/ -->\n<title>Bilanzbuchhalter (m\/w\/d) in Vollzeit in<\/title>\n<meta name=\"description\" content=\"Porex Biodesign glass fiber designed to deliver precision, accuracy, and reliability when used in the most challenging filtration, separation, extraction, and purification procedures.\" \/>\n<meta name=\"robots\" content=\"index, follow, max-snippet:-1, max-image-preview:large, max-video-preview:-1\" \/>\n<link rel=\"canonical\" href=\"https:\/\/www.porex.com\/de\/uber-porex\/stellenangebote\/bilanzbuchhalter-m-w-d-in-vollzeit\/\" \/>\n<meta property=\"og:locale\" content=\"de_DE\" \/>\n<meta property=\"og:type\" content=\"article\" \/>\n<meta property=\"og:title\" content=\"Bilanzbuchhalter (m\/w\/d) in Voll- &amp; Teilzeit\" \/>\n<meta property=\"og:description\" content=\"Bilanzbuchhalter (m\/w\/d) in Voll- &amp; Teilzeit ______ Porex Technologies GmbH, als Teil der Filtration Group\u00ae, ist ein international f\u00fchrendes\" \/>\n<meta property=\"og:url\" content=\"https:\/\/www.porex.com\/de\/uber-porex\/stellenangebote\/bilanzbuchhalter-m-w-d-in-vollzeit\/\" \/>\n<meta property=\"og:site_name\" content=\"Porex\" \/>\n<meta property=\"article:modified_time\" content=\"2025-06-06T08:41:46+00:00\" \/>\n<meta property=\"og:image\" content=\"https:\/\/www.porex.com\/wp-content\/uploads\/2023\/06\/PMV20-6726-scaled.jpeg\" \/>\n\t<meta property=\"og:image:width\" content=\"2560\" \/>\n\t<meta property=\"og:image:height\" content=\"1707\" \/>\n\t<meta property=\"og:image:type\" content=\"image\/jpeg\" \/>\n<meta name=\"twitter:card\" content=\"summary_large_image\" \/>\n<meta name=\"twitter:site\" content=\"@PorexCorp\" \/>\n<meta name=\"twitter:label1\" content=\"Gesch\u00e4tzte Lesezeit\" \/>\n\t<meta name=\"twitter:data1\" content=\"2 Minuten\" \/>\n<script type=\"application\/ld+json\" class=\"yoast-schema-graph\">{\"@context\":\"https:\/\/schema.org\",\"@graph\":[{\"@type\":\"WebPage\",\"@id\":\"https:\/\/www.porex.com\/de\/uber-porex\/stellenangebote\/bilanzbuchhalter-m-w-d-in-vollzeit\/\",\"url\":\"https:\/\/www.porex.com\/de\/uber-porex\/stellenangebote\/bilanzbuchhalter-m-w-d-in-vollzeit\/\",\"name\":\"Bilanzbuchhalter (m\/w\/d) in Vollzeit in\",\"isPartOf\":{\"@id\":\"https:\/\/www.porex.com\/de\/#website\"},\"primaryImageOfPage\":{\"@id\":\"https:\/\/www.porex.com\/de\/uber-porex\/stellenangebote\/bilanzbuchhalter-m-w-d-in-vollzeit\/#primaryimage\"},\"image\":{\"@id\":\"https:\/\/www.porex.com\/de\/uber-porex\/stellenangebote\/bilanzbuchhalter-m-w-d-in-vollzeit\/#primaryimage\"},\"thumbnailUrl\":\"https:\/\/porexdev.wpengine.com\/wp-content\/uploads\/2023\/05\/HR-Careers.jpg\",\"datePublished\":\"2025-04-03T14:22:04+00:00\",\"dateModified\":\"2025-06-06T08:41:46+00:00\",\"description\":\"Porex Biodesign glass fiber designed to deliver precision, accuracy, and reliability when used in the most challenging filtration, separation, extraction, and purification procedures.\",\"breadcrumb\":{\"@id\":\"https:\/\/www.porex.com\/de\/uber-porex\/stellenangebote\/bilanzbuchhalter-m-w-d-in-vollzeit\/#breadcrumb\"},\"inLanguage\":\"de-DE\",\"potentialAction\":[{\"@type\":\"ReadAction\",\"target\":[\"https:\/\/www.porex.com\/de\/uber-porex\/stellenangebote\/bilanzbuchhalter-m-w-d-in-vollzeit\/\"]}]},{\"@type\":\"ImageObject\",\"inLanguage\":\"de-DE\",\"@id\":\"https:\/\/www.porex.com\/de\/uber-porex\/stellenangebote\/bilanzbuchhalter-m-w-d-in-vollzeit\/#primaryimage\",\"url\":\"https:\/\/porexdev.wpengine.com\/wp-content\/uploads\/2023\/05\/HR-Careers.jpg\",\"contentUrl\":\"https:\/\/porexdev.wpengine.com\/wp-content\/uploads\/2023\/05\/HR-Careers.jpg\"},{\"@type\":\"BreadcrumbList\",\"@id\":\"https:\/\/www.porex.com\/de\/uber-porex\/stellenangebote\/bilanzbuchhalter-m-w-d-in-vollzeit\/#breadcrumb\",\"itemListElement\":[{\"@type\":\"ListItem\",\"position\":1,\"name\":\"home\",\"item\":\"https:\/\/www.porex.com\/de\/\"},{\"@type\":\"ListItem\",\"position\":2,\"name\":\"\u00dcber Porex\",\"item\":\"https:\/\/www.porex.com\/de\/uber-porex\/\"},{\"@type\":\"ListItem\",\"position\":3,\"name\":\"Stellenangebote\",\"item\":\"https:\/\/www.porex.com\/de\/uber-porex\/stellenangebote\/\"},{\"@type\":\"ListItem\",\"position\":4,\"name\":\"Bilanzbuchhalter (m\/w\/d) in Voll- &amp; Teilzeit\"}]},{\"@type\":\"WebSite\",\"@id\":\"https:\/\/www.porex.com\/de\/#website\",\"url\":\"https:\/\/www.porex.com\/de\/\",\"name\":\"Porex\",\"description\":\"Your Partner In Innovation\",\"publisher\":{\"@id\":\"https:\/\/www.porex.com\/de\/#organization\"},\"potentialAction\":[{\"@type\":\"SearchAction\",\"target\":{\"@type\":\"EntryPoint\",\"urlTemplate\":\"https:\/\/www.porex.com\/de\/?s={search_term_string}\"},\"query-input\":{\"@type\":\"PropertyValueSpecification\",\"valueRequired\":true,\"valueName\":\"search_term_string\"}}],\"inLanguage\":\"de-DE\"},{\"@type\":\"Organization\",\"@id\":\"https:\/\/www.porex.com\/de\/#organization\",\"name\":\"Porex Corporation\",\"url\":\"https:\/\/www.porex.com\/de\/\",\"logo\":{\"@type\":\"ImageObject\",\"inLanguage\":\"de-DE\",\"@id\":\"https:\/\/www.porex.com\/de\/#\/schema\/logo\/image\/\",\"url\":\"https:\/\/www.porex.com\/wp-content\/uploads\/2019\/05\/fgc-logo.png\",\"contentUrl\":\"https:\/\/www.porex.com\/wp-content\/uploads\/2019\/05\/fgc-logo.png\",\"width\":480,\"height\":126,\"caption\":\"Porex Corporation\"},\"image\":{\"@id\":\"https:\/\/www.porex.com\/de\/#\/schema\/logo\/image\/\"},\"sameAs\":[\"https:\/\/x.com\/PorexCorp\",\"https:\/\/www.linkedin.com\/company\/porex\/\",\"https:\/\/www.youtube.com\/user\/PorexCorporation\"],\"description\":\"Porous plastic materials manufacturer of custom components for medical devices, diagnostics, consumer and industrial products. Provides solutions for absorption, filtration, wicking, venting, diffusion and application.\",\"legalName\":\"Porex Corporation\",\"foundingDate\":\"1961-04-27\"}]}<\/script>\n<!-- \/ Yoast SEO Premium plugin. -->","yoast_head_json":{"title":"Bilanzbuchhalter (m\/w\/d) in Vollzeit in","description":"Porex Biodesign glass fiber designed to deliver precision, accuracy, and reliability when used in the most challenging filtration, separation, extraction, and purification procedures.","robots":{"index":"index","follow":"follow","max-snippet":"max-snippet:-1","max-image-preview":"max-image-preview:large","max-video-preview":"max-video-preview:-1"},"canonical":"https:\/\/www.porex.com\/de\/uber-porex\/stellenangebote\/bilanzbuchhalter-m-w-d-in-vollzeit\/","og_locale":"de_DE","og_type":"article","og_title":"Bilanzbuchhalter (m\/w\/d) in Voll- &amp; Teilzeit","og_description":"Bilanzbuchhalter (m\/w\/d) in Voll- &amp; Teilzeit ______ Porex Technologies GmbH, als Teil der Filtration Group\u00ae, ist ein international f\u00fchrendes","og_url":"https:\/\/www.porex.com\/de\/uber-porex\/stellenangebote\/bilanzbuchhalter-m-w-d-in-vollzeit\/","og_site_name":"Porex","article_modified_time":"2025-06-06T08:41:46+00:00","og_image":[{"width":2560,"height":1707,"url":"https:\/\/www.porex.com\/wp-content\/uploads\/2023\/06\/PMV20-6726-scaled.jpeg","type":"image\/jpeg"}],"twitter_card":"summary_large_image","twitter_site":"@PorexCorp","twitter_misc":{"Gesch\u00e4tzte Lesezeit":"2 Minuten"},"schema":{"@context":"https:\/\/schema.org","@graph":[{"@type":"WebPage","@id":"https:\/\/www.porex.com\/de\/uber-porex\/stellenangebote\/bilanzbuchhalter-m-w-d-in-vollzeit\/","url":"https:\/\/www.porex.com\/de\/uber-porex\/stellenangebote\/bilanzbuchhalter-m-w-d-in-vollzeit\/","name":"Bilanzbuchhalter (m\/w\/d) in Vollzeit in","isPartOf":{"@id":"https:\/\/www.porex.com\/de\/#website"},"primaryImageOfPage":{"@id":"https:\/\/www.porex.com\/de\/uber-porex\/stellenangebote\/bilanzbuchhalter-m-w-d-in-vollzeit\/#primaryimage"},"image":{"@id":"https:\/\/www.porex.com\/de\/uber-porex\/stellenangebote\/bilanzbuchhalter-m-w-d-in-vollzeit\/#primaryimage"},"thumbnailUrl":"https:\/\/porexdev.wpengine.com\/wp-content\/uploads\/2023\/05\/HR-Careers.jpg","datePublished":"2025-04-03T14:22:04+00:00","dateModified":"2025-06-06T08:41:46+00:00","description":"Porex Biodesign glass fiber designed to deliver precision, accuracy, and reliability when used in the most challenging filtration, separation, extraction, and purification procedures.","breadcrumb":{"@id":"https:\/\/www.porex.com\/de\/uber-porex\/stellenangebote\/bilanzbuchhalter-m-w-d-in-vollzeit\/#breadcrumb"},"inLanguage":"de-DE","potentialAction":[{"@type":"ReadAction","target":["https:\/\/www.porex.com\/de\/uber-porex\/stellenangebote\/bilanzbuchhalter-m-w-d-in-vollzeit\/"]}]},{"@type":"ImageObject","inLanguage":"de-DE","@id":"https:\/\/www.porex.com\/de\/uber-porex\/stellenangebote\/bilanzbuchhalter-m-w-d-in-vollzeit\/#primaryimage","url":"https:\/\/porexdev.wpengine.com\/wp-content\/uploads\/2023\/05\/HR-Careers.jpg","contentUrl":"https:\/\/porexdev.wpengine.com\/wp-content\/uploads\/2023\/05\/HR-Careers.jpg"},{"@type":"BreadcrumbList","@id":"https:\/\/www.porex.com\/de\/uber-porex\/stellenangebote\/bilanzbuchhalter-m-w-d-in-vollzeit\/#breadcrumb","itemListElement":[{"@type":"ListItem","position":1,"name":"home","item":"https:\/\/www.porex.com\/de\/"},{"@type":"ListItem","position":2,"name":"\u00dcber Porex","item":"https:\/\/www.porex.com\/de\/uber-porex\/"},{"@type":"ListItem","position":3,"name":"Stellenangebote","item":"https:\/\/www.porex.com\/de\/uber-porex\/stellenangebote\/"},{"@type":"ListItem","position":4,"name":"Bilanzbuchhalter (m\/w\/d) in Voll- &amp; Teilzeit"}]},{"@type":"WebSite","@id":"https:\/\/www.porex.com\/de\/#website","url":"https:\/\/www.porex.com\/de\/","name":"Porex","description":"Your Partner In Innovation","publisher":{"@id":"https:\/\/www.porex.com\/de\/#organization"},"potentialAction":[{"@type":"SearchAction","target":{"@type":"EntryPoint","urlTemplate":"https:\/\/www.porex.com\/de\/?s={search_term_string}"},"query-input":{"@type":"PropertyValueSpecification","valueRequired":true,"valueName":"search_term_string"}}],"inLanguage":"de-DE"},{"@type":"Organization","@id":"https:\/\/www.porex.com\/de\/#organization","name":"Porex Corporation","url":"https:\/\/www.porex.com\/de\/","logo":{"@type":"ImageObject","inLanguage":"de-DE","@id":"https:\/\/www.porex.com\/de\/#\/schema\/logo\/image\/","url":"https:\/\/www.porex.com\/wp-content\/uploads\/2019\/05\/fgc-logo.png","contentUrl":"https:\/\/www.porex.com\/wp-content\/uploads\/2019\/05\/fgc-logo.png","width":480,"height":126,"caption":"Porex Corporation"},"image":{"@id":"https:\/\/www.porex.com\/de\/#\/schema\/logo\/image\/"},"sameAs":["https:\/\/x.com\/PorexCorp","https:\/\/www.linkedin.com\/company\/porex\/","https:\/\/www.youtube.com\/user\/PorexCorporation"],"description":"Porous plastic materials manufacturer of custom components for medical devices, diagnostics, consumer and industrial products. Provides solutions for absorption, filtration, wicking, venting, diffusion and application.","legalName":"Porex Corporation","foundingDate":"1961-04-27"}]}},"_links":{"self":[{"href":"https:\/\/www.porex.com\/de\/wp-json\/wp\/v2\/pages\/37047","targetHints":{"allow":["GET"]}}],"collection":[{"href":"https:\/\/www.porex.com\/de\/wp-json\/wp\/v2\/pages"}],"about":[{"href":"https:\/\/www.porex.com\/de\/wp-json\/wp\/v2\/types\/page"}],"author":[{"embeddable":true,"href":"https:\/\/www.porex.com\/de\/wp-json\/wp\/v2\/users\/27"}],"replies":[{"embeddable":true,"href":"https:\/\/www.porex.com\/de\/wp-json\/wp\/v2\/comments?post=37047"}],"version-history":[{"count":0,"href":"https:\/\/www.porex.com\/de\/wp-json\/wp\/v2\/pages\/37047\/revisions"}],"up":[{"embeddable":true,"href":"https:\/\/www.porex.com\/de\/wp-json\/wp\/v2\/pages\/3387"}],"wp:attachment":[{"href":"https:\/\/www.porex.com\/de\/wp-json\/wp\/v2\/media?parent=37047"}],"curies":[{"name":"wp","href":"https:\/\/api.w.org\/{rel}","templated":true}]}}