{"id":39879,"date":"2025-12-21T16:37:08","date_gmt":"2025-12-21T21:37:08","guid":{"rendered":"https:\/\/www.porex.com\/?page_id=39879"},"modified":"2026-03-03T08:12:36","modified_gmt":"2026-03-03T13:12:36","slug":"ausbildung-zum-industriemechaniker-m-w-d-2","status":"publish","type":"page","link":"https:\/\/www.porex.com\/de\/uber-porex\/stellenangebote\/ausbildung-zum-industriemechaniker-m-w-d-2\/","title":{"rendered":"Apprenticeship as an industrial mechanic (m\/f\/d)"},"content":{"rendered":"\n<div class=\"wp-block-cover alignfull is-light\" style=\"min-height:350px;aspect-ratio:unset;\"><img decoding=\"async\" class=\"wp-block-cover__image-background wp-image-29412\" alt=\"HR-Career\" src=\"https:\/\/porexdev.wpengine.com\/wp-content\/uploads\/2023\/05\/HR-Careers.jpg\" data-object-fit=\"cover\" \/><span aria-hidden=\"true\" class=\"wp-block-cover__background has-background-dim\"><\/span><div class=\"wp-block-cover__inner-container is-layout-flow wp-block-cover-is-layout-flow\">\n<p class=\"has-text-align-center has-white-color has-text-color has-huge-font-size\"><strong><font dir=\"auto\" style=\"vertical-align: inherit\"><font dir=\"auto\" style=\"vertical-align: inherit\">Apprenticeship as an industrial mechanic (m\/f\/d)<\/font><\/font><\/strong><\/p>\n\n\n\n<div style=\"height:20px\" aria-hidden=\"true\" class=\"wp-block-spacer\"><\/div>\n<\/div><\/div>\n\n\n\n<p class=\"has-text-align-left\"><\/p>\n\n\n\n<h2 class=\"wp-block-heading\" id=\"h-starte-deine-karriere-bei-uns-deine-ausbildung-zum-industriemechaniker-m-w-d\">Starte deine Karriere bei uns &#8211; Deine Ausbildung zum Industriemechaniker (m\/w\/d)<\/h2>\n\n\n\n<div style=\"height:42px\" aria-hidden=\"true\" class=\"wp-block-spacer\"><\/div>\n\n\n\n<p><strong>Du willst nicht nur zusehen, sondern ab Tag 1 selbst anpacken?<\/strong> Bei uns erlebst du moderne Technik hautnah, lernst, wie Maschinen und Systeme wirklich funktionieren, und setzt dein Wissen direkt in die Praxis um. Du montierst, pr\u00fcfst, reparierst und siehst t\u00e4glich, wie deine Arbeit direkt Wirkung zeigt. <\/p>\n\n\n\n<p><strong>Dann suchen wir genau dich!<\/strong> <strong>Ab dem<\/strong> <strong>01.08.2026<\/strong> startest du deine Ausbildung zum Industriemechaniker (m\/w\/d) \u2013 werde Teil unseres Teams, lerne von Profis, entwickle deine F\u00e4higkeiten jeden Tag weiter und gestalte deine Zukunft aktiv mit.<\/p>\n\n\n\n<div style=\"height:50px\" aria-hidden=\"true\" class=\"wp-block-spacer\"><\/div>\n\n\n\n<p><strong>Darum Porex Technologies<\/strong>:<\/p>\n\n\n\n<ul class=\"wp-block-list\">\n<li>International f\u00fchrendes Unternehmen f\u00fcr por\u00f6se Kunststoffe und Fasermaterialien<\/li>\n\n\n\n<li>\u00dcber 30 Jahre Erfahrung in Singwitz bei Bautzen mit modernster Technik<\/li>\n\n\n\n<li>Mehr als 200 Kolleginnen und Kollegen fertigen individuelle Produkte f\u00fcr \u00fcber 65 L\u00e4nder weltweit<\/li>\n\n\n\n<li>Global vernetzt: Standorte in USA, Schottland, China und Malaysia \u2013 vom Design \u00fcber Entwicklung bis Fertigung<\/li>\n<\/ul>\n\n\n\n<div style=\"height:7px\" aria-hidden=\"true\" class=\"wp-block-spacer\"><\/div>\n\n\n\n<p><strong>Das lernst du bei uns<\/strong>:<\/p>\n\n\n\n<p>Du wirst zum Profi, der Maschinen versteht, baut und am Laufen h\u00e4lt. Unter anderem lernst du:<\/p>\n\n\n\n<ol class=\"wp-block-list\">\n<li>Bauteile herstellen und pr\u00e4zise bearbeiten<\/li>\n\n\n\n<li>Metall drehen, fr\u00e4sen, bohren und schleifen<\/li>\n\n\n\n<li>Einzelteile passgenau fertigen \u2013 bis auf den Zehntelmillimeter<\/li>\n\n\n\n<li>Technische Zeichnungen lesen und umsetzen<\/li>\n\n\n\n<li>Baugruppen montieren und komplette Maschinenmodule aufbauen<\/li>\n\n\n\n<li>Schraub-, Steck- und F\u00fcgeverbindungen herstellen und Bauteile genau einstellen<\/li>\n\n\n\n<li>Systeme \u00fcberpr\u00fcfen, Funktionspr\u00fcfungen durchf\u00fchren und Fehler analysieren<\/li>\n\n\n\n<li>Maschinen startklar machen und Anlagen instand halten<\/li>\n\n\n\n<li>Wartungspl\u00e4ne abarbeiten und Verschlei\u00dfteile tauschen<\/li>\n\n\n\n<li>Probleme erkennen, bevor sie entstehen<\/li>\n<\/ol>\n\n\n\n<div style=\"height:7px\" aria-hidden=\"true\" class=\"wp-block-spacer\"><\/div>\n\n\n\n<p><strong>Das bieten wir dir<\/strong>:<\/p>\n\n\n\n<ul class=\"wp-block-list\">\n<li>Sicherer Start in deine Zukunft: 3,5 Jahre in einem wachsenden Unternehmen mit Zukunftsperspektive<\/li>\n\n\n\n<li>Deine Leistung z\u00e4hlt: 750 \u20ac Verg\u00fctung im ersten Lehrjahr und motivierender Bonus f\u00fcr Erfolge<\/li>\n\n\n\n<li>Lernen &amp; wachsen: Praxis vom ersten Tag an und viele M\u00f6glichkeiten zur Weiterentwicklung<\/li>\n\n\n\n<li>Gesund &amp; fit: 28 Tage Urlaub pro Jahr zur Erholung und moderne Fitness- und Gesundheitsangebote<\/li>\n\n\n\n<li>Teamspirit erleben: Coole Events, Firmenfeiern und ein tolles Miteinander<\/li>\n\n\n\n<li>Abwechslung garantiert: Spannende Aufgaben in einem internationalen Umfeld <\/li>\n<\/ul>\n\n\n\n<div style=\"height:8px\" aria-hidden=\"true\" class=\"wp-block-spacer\"><\/div>\n\n\n\n<p><strong>Das zeichnet dich aus<\/strong>:<\/p>\n\n\n\n<ul class=\"wp-block-list\">\n<li>Neugierig &amp; praxisnah: Du willst verstehen, wie Werkzeuge und Maschinen funktionieren<\/li>\n\n\n\n<li>Engagiert &amp; flei\u00dfig: Du packst gern selbst an und \u00fcbernimmst Verantwortung<\/li>\n\n\n\n<li>T\u00fcftlergeist: Du probierst aus, l\u00f6st Probleme selbstst\u00e4ndig und lernst t\u00e4glich dazu<\/li>\n\n\n\n<li>Motiviert zur Weiterentwicklung: Du willst jeden Tag ein St\u00fcck besser werden<\/li>\n\n\n\n<li>Papiere in der Tasche: Du hast zum Ausbildungsstart einen Realschulabschluss <\/li>\n<\/ul>\n\n\n\n<div style=\"height:49px\" aria-hidden=\"true\" class=\"wp-block-spacer\"><\/div>\n\n\n\n<p><strong>It\u00b4s a match?<\/strong><\/p>\n\n\n\n<p>Dann sende uns deine Bewerbung (kurzes Motivationsschreiben, Lebenslauf und letztes Schulzeugnis) per E-Mail an: <a href=\"mailto:jobs@porex.com\">jobs@porex.com<\/a>. Wir freuen uns auf dich!<\/p>\n\n\n\n<div class=\"wp-block-columns is-layout-flex wp-container-core-columns-is-layout-9d6595d7 wp-block-columns-is-layout-flex\">\n<div class=\"wp-block-column is-layout-flow wp-block-column-is-layout-flow\"><\/div>\n\n\n\n<div class=\"wp-block-column is-layout-flow wp-block-column-is-layout-flow\">\n<div class=\"wp-block-buttons is-layout-flex wp-block-buttons-is-layout-flex\">\n<div class=\"wp-block-button\"><a class=\"wp-block-button__link has-green-background-color has-background wp-element-button\" href=\"mailto:jobs@porex.com\" target=\"_blank\" rel=\"noreferrer noopener\">Jetzt bewerben<\/a><\/div>\n<\/div>\n<\/div>\n\n\n\n<div class=\"wp-block-column is-layout-flow wp-block-column-is-layout-flow\"><\/div>\n<\/div>\n","protected":false},"excerpt":{"rendered":"<p>Starte deine Karriere bei uns &#8211; Deine Ausbildung zum Industriemechaniker (m\/w\/d) Du willst nicht nur zusehen, sondern ab Tag 1 selbst anpacken? Bei uns erlebst du moderne Technik hautnah, lernst, wie Maschinen und Systeme wirklich funktionieren, und setzt dein Wissen direkt in die Praxis um. Du montierst, pr\u00fcfst, reparierst und siehst t\u00e4glich, wie deine Arbeit [&hellip;]<\/p>\n","protected":false},"author":29,"featured_media":0,"parent":3387,"menu_order":2,"comment_status":"closed","ping_status":"closed","template":"","meta":{"_acf_changed":false,"footnotes":""},"class_list":["post-39879","page","type-page","status-publish","hentry"],"acf":[],"yoast_head":"<!-- This site is optimized with the Yoast SEO Premium plugin v27.1 (Yoast SEO v27.1.1) - https:\/\/yoast.com\/product\/yoast-seo-premium-wordpress\/ -->\n<title>Ausbildung zum Industriemechaniker (m\/w\/d)<\/title>\n<meta name=\"description\" content=\"Porex Biodesign glass fiber designed to deliver precision, accuracy, and reliability when used in the most challenging filtration, separation, extraction, and purification procedures.\" \/>\n<meta name=\"robots\" content=\"index, follow, max-snippet:-1, max-image-preview:large, max-video-preview:-1\" \/>\n<link rel=\"canonical\" href=\"https:\/\/www.porex.com\/de\/uber-porex\/stellenangebote\/ausbildung-zum-industriemechaniker-m-w-d-2\/\" \/>\n<meta property=\"og:locale\" content=\"de_DE\" \/>\n<meta property=\"og:type\" content=\"article\" \/>\n<meta property=\"og:title\" content=\"Apprenticeship as an industrial mechanic (m\/f\/d)\" \/>\n<meta property=\"og:description\" content=\"Apprenticeship as an industrial mechanic (m\/f\/d) Starte deine Karriere bei uns - Deine Ausbildung zum Industriemechaniker (m\/w\/d) Du willst nicht nur\" \/>\n<meta property=\"og:url\" content=\"https:\/\/www.porex.com\/de\/uber-porex\/stellenangebote\/ausbildung-zum-industriemechaniker-m-w-d-2\/\" \/>\n<meta property=\"og:site_name\" content=\"Porex\" \/>\n<meta property=\"article:modified_time\" content=\"2026-03-03T13:12:36+00:00\" \/>\n<meta property=\"og:image\" content=\"https:\/\/www.porex.com\/wp-content\/uploads\/2023\/06\/PMV20-6726-scaled.jpeg\" \/>\n\t<meta property=\"og:image:width\" content=\"2560\" \/>\n\t<meta property=\"og:image:height\" content=\"1707\" \/>\n\t<meta property=\"og:image:type\" content=\"image\/jpeg\" \/>\n<meta name=\"twitter:card\" content=\"summary_large_image\" \/>\n<meta name=\"twitter:site\" content=\"@PorexCorp\" \/>\n<meta name=\"twitter:label1\" content=\"Gesch\u00e4tzte Lesezeit\" \/>\n\t<meta name=\"twitter:data1\" content=\"2 Minuten\" \/>\n<script type=\"application\/ld+json\" class=\"yoast-schema-graph\">{\"@context\":\"https:\/\/schema.org\",\"@graph\":[{\"@type\":\"WebPage\",\"@id\":\"https:\/\/www.porex.com\/de\/uber-porex\/stellenangebote\/ausbildung-zum-industriemechaniker-m-w-d-2\/\",\"url\":\"https:\/\/www.porex.com\/de\/uber-porex\/stellenangebote\/ausbildung-zum-industriemechaniker-m-w-d-2\/\",\"name\":\"Ausbildung zum Industriemechaniker (m\/w\/d)\",\"isPartOf\":{\"@id\":\"https:\/\/www.porex.com\/de\/#website\"},\"primaryImageOfPage\":{\"@id\":\"https:\/\/www.porex.com\/de\/uber-porex\/stellenangebote\/ausbildung-zum-industriemechaniker-m-w-d-2\/#primaryimage\"},\"image\":{\"@id\":\"https:\/\/www.porex.com\/de\/uber-porex\/stellenangebote\/ausbildung-zum-industriemechaniker-m-w-d-2\/#primaryimage\"},\"thumbnailUrl\":\"https:\/\/porexdev.wpengine.com\/wp-content\/uploads\/2023\/05\/HR-Careers.jpg\",\"datePublished\":\"2025-12-21T21:37:08+00:00\",\"dateModified\":\"2026-03-03T13:12:36+00:00\",\"description\":\"Porex Biodesign glass fiber designed to deliver precision, accuracy, and reliability when used in the most challenging filtration, separation, extraction, and purification procedures.\",\"breadcrumb\":{\"@id\":\"https:\/\/www.porex.com\/de\/uber-porex\/stellenangebote\/ausbildung-zum-industriemechaniker-m-w-d-2\/#breadcrumb\"},\"inLanguage\":\"de-DE\",\"potentialAction\":[{\"@type\":\"ReadAction\",\"target\":[\"https:\/\/www.porex.com\/de\/uber-porex\/stellenangebote\/ausbildung-zum-industriemechaniker-m-w-d-2\/\"]}]},{\"@type\":\"ImageObject\",\"inLanguage\":\"de-DE\",\"@id\":\"https:\/\/www.porex.com\/de\/uber-porex\/stellenangebote\/ausbildung-zum-industriemechaniker-m-w-d-2\/#primaryimage\",\"url\":\"https:\/\/porexdev.wpengine.com\/wp-content\/uploads\/2023\/05\/HR-Careers.jpg\",\"contentUrl\":\"https:\/\/porexdev.wpengine.com\/wp-content\/uploads\/2023\/05\/HR-Careers.jpg\"},{\"@type\":\"BreadcrumbList\",\"@id\":\"https:\/\/www.porex.com\/de\/uber-porex\/stellenangebote\/ausbildung-zum-industriemechaniker-m-w-d-2\/#breadcrumb\",\"itemListElement\":[{\"@type\":\"ListItem\",\"position\":1,\"name\":\"home\",\"item\":\"https:\/\/www.porex.com\/de\/\"},{\"@type\":\"ListItem\",\"position\":2,\"name\":\"\u00dcber Porex\",\"item\":\"https:\/\/www.porex.com\/de\/uber-porex\/\"},{\"@type\":\"ListItem\",\"position\":3,\"name\":\"Stellenangebote\",\"item\":\"https:\/\/www.porex.com\/de\/uber-porex\/stellenangebote\/\"},{\"@type\":\"ListItem\",\"position\":4,\"name\":\"Apprenticeship as an industrial mechanic (m\/f\/d)\"}]},{\"@type\":\"WebSite\",\"@id\":\"https:\/\/www.porex.com\/de\/#website\",\"url\":\"https:\/\/www.porex.com\/de\/\",\"name\":\"Porex\",\"description\":\"Your Partner In Innovation\",\"publisher\":{\"@id\":\"https:\/\/www.porex.com\/de\/#organization\"},\"potentialAction\":[{\"@type\":\"SearchAction\",\"target\":{\"@type\":\"EntryPoint\",\"urlTemplate\":\"https:\/\/www.porex.com\/de\/?s={search_term_string}\"},\"query-input\":{\"@type\":\"PropertyValueSpecification\",\"valueRequired\":true,\"valueName\":\"search_term_string\"}}],\"inLanguage\":\"de-DE\"},{\"@type\":\"Organization\",\"@id\":\"https:\/\/www.porex.com\/de\/#organization\",\"name\":\"Porex Corporation\",\"url\":\"https:\/\/www.porex.com\/de\/\",\"logo\":{\"@type\":\"ImageObject\",\"inLanguage\":\"de-DE\",\"@id\":\"https:\/\/www.porex.com\/de\/#\/schema\/logo\/image\/\",\"url\":\"https:\/\/www.porex.com\/wp-content\/uploads\/2019\/05\/fgc-logo.png\",\"contentUrl\":\"https:\/\/www.porex.com\/wp-content\/uploads\/2019\/05\/fgc-logo.png\",\"width\":480,\"height\":126,\"caption\":\"Porex Corporation\"},\"image\":{\"@id\":\"https:\/\/www.porex.com\/de\/#\/schema\/logo\/image\/\"},\"sameAs\":[\"https:\/\/x.com\/PorexCorp\",\"https:\/\/www.linkedin.com\/company\/porex\/\",\"https:\/\/www.youtube.com\/user\/PorexCorporation\"],\"description\":\"Porous plastic materials manufacturer of custom components for medical devices, diagnostics, consumer and industrial products. Provides solutions for absorption, filtration, wicking, venting, diffusion and application.\",\"legalName\":\"Porex Corporation\",\"foundingDate\":\"1961-04-27\"}]}<\/script>\n<!-- \/ Yoast SEO Premium plugin. -->","yoast_head_json":{"title":"Ausbildung zum Industriemechaniker (m\/w\/d)","description":"Porex Biodesign glass fiber designed to deliver precision, accuracy, and reliability when used in the most challenging filtration, separation, extraction, and purification procedures.","robots":{"index":"index","follow":"follow","max-snippet":"max-snippet:-1","max-image-preview":"max-image-preview:large","max-video-preview":"max-video-preview:-1"},"canonical":"https:\/\/www.porex.com\/de\/uber-porex\/stellenangebote\/ausbildung-zum-industriemechaniker-m-w-d-2\/","og_locale":"de_DE","og_type":"article","og_title":"Apprenticeship as an industrial mechanic (m\/f\/d)","og_description":"Apprenticeship as an industrial mechanic (m\/f\/d) Starte deine Karriere bei uns - Deine Ausbildung zum Industriemechaniker (m\/w\/d) Du willst nicht nur","og_url":"https:\/\/www.porex.com\/de\/uber-porex\/stellenangebote\/ausbildung-zum-industriemechaniker-m-w-d-2\/","og_site_name":"Porex","article_modified_time":"2026-03-03T13:12:36+00:00","og_image":[{"width":2560,"height":1707,"url":"https:\/\/www.porex.com\/wp-content\/uploads\/2023\/06\/PMV20-6726-scaled.jpeg","type":"image\/jpeg"}],"twitter_card":"summary_large_image","twitter_site":"@PorexCorp","twitter_misc":{"Gesch\u00e4tzte Lesezeit":"2 Minuten"},"schema":{"@context":"https:\/\/schema.org","@graph":[{"@type":"WebPage","@id":"https:\/\/www.porex.com\/de\/uber-porex\/stellenangebote\/ausbildung-zum-industriemechaniker-m-w-d-2\/","url":"https:\/\/www.porex.com\/de\/uber-porex\/stellenangebote\/ausbildung-zum-industriemechaniker-m-w-d-2\/","name":"Ausbildung zum Industriemechaniker (m\/w\/d)","isPartOf":{"@id":"https:\/\/www.porex.com\/de\/#website"},"primaryImageOfPage":{"@id":"https:\/\/www.porex.com\/de\/uber-porex\/stellenangebote\/ausbildung-zum-industriemechaniker-m-w-d-2\/#primaryimage"},"image":{"@id":"https:\/\/www.porex.com\/de\/uber-porex\/stellenangebote\/ausbildung-zum-industriemechaniker-m-w-d-2\/#primaryimage"},"thumbnailUrl":"https:\/\/porexdev.wpengine.com\/wp-content\/uploads\/2023\/05\/HR-Careers.jpg","datePublished":"2025-12-21T21:37:08+00:00","dateModified":"2026-03-03T13:12:36+00:00","description":"Porex Biodesign glass fiber designed to deliver precision, accuracy, and reliability when used in the most challenging filtration, separation, extraction, and purification procedures.","breadcrumb":{"@id":"https:\/\/www.porex.com\/de\/uber-porex\/stellenangebote\/ausbildung-zum-industriemechaniker-m-w-d-2\/#breadcrumb"},"inLanguage":"de-DE","potentialAction":[{"@type":"ReadAction","target":["https:\/\/www.porex.com\/de\/uber-porex\/stellenangebote\/ausbildung-zum-industriemechaniker-m-w-d-2\/"]}]},{"@type":"ImageObject","inLanguage":"de-DE","@id":"https:\/\/www.porex.com\/de\/uber-porex\/stellenangebote\/ausbildung-zum-industriemechaniker-m-w-d-2\/#primaryimage","url":"https:\/\/porexdev.wpengine.com\/wp-content\/uploads\/2023\/05\/HR-Careers.jpg","contentUrl":"https:\/\/porexdev.wpengine.com\/wp-content\/uploads\/2023\/05\/HR-Careers.jpg"},{"@type":"BreadcrumbList","@id":"https:\/\/www.porex.com\/de\/uber-porex\/stellenangebote\/ausbildung-zum-industriemechaniker-m-w-d-2\/#breadcrumb","itemListElement":[{"@type":"ListItem","position":1,"name":"home","item":"https:\/\/www.porex.com\/de\/"},{"@type":"ListItem","position":2,"name":"\u00dcber Porex","item":"https:\/\/www.porex.com\/de\/uber-porex\/"},{"@type":"ListItem","position":3,"name":"Stellenangebote","item":"https:\/\/www.porex.com\/de\/uber-porex\/stellenangebote\/"},{"@type":"ListItem","position":4,"name":"Apprenticeship as an industrial mechanic (m\/f\/d)"}]},{"@type":"WebSite","@id":"https:\/\/www.porex.com\/de\/#website","url":"https:\/\/www.porex.com\/de\/","name":"Porex","description":"Your Partner In Innovation","publisher":{"@id":"https:\/\/www.porex.com\/de\/#organization"},"potentialAction":[{"@type":"SearchAction","target":{"@type":"EntryPoint","urlTemplate":"https:\/\/www.porex.com\/de\/?s={search_term_string}"},"query-input":{"@type":"PropertyValueSpecification","valueRequired":true,"valueName":"search_term_string"}}],"inLanguage":"de-DE"},{"@type":"Organization","@id":"https:\/\/www.porex.com\/de\/#organization","name":"Porex Corporation","url":"https:\/\/www.porex.com\/de\/","logo":{"@type":"ImageObject","inLanguage":"de-DE","@id":"https:\/\/www.porex.com\/de\/#\/schema\/logo\/image\/","url":"https:\/\/www.porex.com\/wp-content\/uploads\/2019\/05\/fgc-logo.png","contentUrl":"https:\/\/www.porex.com\/wp-content\/uploads\/2019\/05\/fgc-logo.png","width":480,"height":126,"caption":"Porex Corporation"},"image":{"@id":"https:\/\/www.porex.com\/de\/#\/schema\/logo\/image\/"},"sameAs":["https:\/\/x.com\/PorexCorp","https:\/\/www.linkedin.com\/company\/porex\/","https:\/\/www.youtube.com\/user\/PorexCorporation"],"description":"Porous plastic materials manufacturer of custom components for medical devices, diagnostics, consumer and industrial products. Provides solutions for absorption, filtration, wicking, venting, diffusion and application.","legalName":"Porex Corporation","foundingDate":"1961-04-27"}]}},"_links":{"self":[{"href":"https:\/\/www.porex.com\/de\/wp-json\/wp\/v2\/pages\/39879","targetHints":{"allow":["GET"]}}],"collection":[{"href":"https:\/\/www.porex.com\/de\/wp-json\/wp\/v2\/pages"}],"about":[{"href":"https:\/\/www.porex.com\/de\/wp-json\/wp\/v2\/types\/page"}],"author":[{"embeddable":true,"href":"https:\/\/www.porex.com\/de\/wp-json\/wp\/v2\/users\/29"}],"replies":[{"embeddable":true,"href":"https:\/\/www.porex.com\/de\/wp-json\/wp\/v2\/comments?post=39879"}],"version-history":[{"count":1,"href":"https:\/\/www.porex.com\/de\/wp-json\/wp\/v2\/pages\/39879\/revisions"}],"predecessor-version":[{"id":40385,"href":"https:\/\/www.porex.com\/de\/wp-json\/wp\/v2\/pages\/39879\/revisions\/40385"}],"up":[{"embeddable":true,"href":"https:\/\/www.porex.com\/de\/wp-json\/wp\/v2\/pages\/3387"}],"wp:attachment":[{"href":"https:\/\/www.porex.com\/de\/wp-json\/wp\/v2\/media?parent=39879"}],"curies":[{"name":"wp","href":"https:\/\/api.w.org\/{rel}","templated":true}]}}