{"id":40355,"date":"2026-02-27T12:15:00","date_gmt":"2026-02-27T17:15:00","guid":{"rendered":"https:\/\/www.porex.com\/?page_id=40355"},"modified":"2026-03-04T08:25:48","modified_gmt":"2026-03-04T13:25:48","slug":"qualitaetsingenieur-m-w-d-in-vollzeit","status":"publish","type":"page","link":"https:\/\/www.porex.com\/de\/uber-porex\/stellenangebote\/qualitaetsingenieur-m-w-d-in-vollzeit\/","title":{"rendered":"Qualit\u00e4tsingenieur (m\/w\/d) in Vollzeit"},"content":{"rendered":"\n<div class=\"wp-block-cover alignfull is-light\" style=\"min-height:350px;aspect-ratio:unset;\"><img decoding=\"async\" class=\"wp-block-cover__image-background wp-image-29412\" alt=\"HR-Career\" src=\"https:\/\/porexdev.wpengine.com\/wp-content\/uploads\/2023\/05\/HR-Careers.jpg\" data-object-fit=\"cover\" \/><span aria-hidden=\"true\" class=\"wp-block-cover__background has-background-dim\"><\/span><div class=\"wp-block-cover__inner-container is-layout-flow wp-block-cover-is-layout-flow\">\n<h1 class=\"wp-block-heading has-text-align-center has-white-color has-text-color has-link-color wp-elements-ceab1e889e42fbca5af85eef97f8c19f\" id=\"h-qualitatsingenieur-m-w-d-in-vollzeit\" style=\"font-size:46px\">Qualit\u00e4tsingenieur (m\/w\/d) in Vollzeit<\/h1>\n\n\n\n<div style=\"height:20px\" aria-hidden=\"true\" class=\"wp-block-spacer\"><\/div>\n<\/div><\/div>\n\n\n\n<p><strong>Porex Technologies GmbH,<\/strong>&nbsp;als Teil der Filtration Group\u00ae, ist ein international f\u00fchrendes Unternehmen auf dem Gebiet der Entwicklung und Herstellung por\u00f6ser Kunststoffe und Fasermaterialien. Unser Werk in Singwitz bei Bautzen verf\u00fcgt \u00fcber 30 Jahre Erfahrung in der Entwicklung, Produktion und dem Vertrieb por\u00f6ser Kunststoffkomponenten. Mehr als 200 Mitarbeiter fertigen hier hochwertige Produkte und kundenspezifische<br>L\u00f6sungen, die weltweit an 1.500 Kunden in 65 L\u00e4ndern vertrieben werden. Weitere Produktionsstandorte in den USA, Schottland und Malaysia bieten den gro\u00dfen Vorteil der l\u00fcckenlosen Unterst\u00fctzung in Design, Entwicklung und Fertigung.&nbsp;<strong>Making the world safer, healthier &amp; more productive ist unsere Mission<\/strong>.<br><br><\/p>\n\n\n\n<p><strong>Zur Verst\u00e4rkung unseres Teams suchen wir zum 01.06.2026:<\/strong><\/p>\n\n\n\n<h2 class=\"wp-block-heading\" id=\"h-qualitatsingenieur-m-w-d-in-vollzeit-in-singwitz-bei-bautzen-dresden\" style=\"font-size:33px\"><strong><br>Qualit\u00e4tsingenieur (m\/w\/d) in Vollzeit in Singwitz bei Bautzen\/Dresden<\/strong><\/h2>\n\n\n\n<div style=\"height:78px\" aria-hidden=\"true\" class=\"wp-block-spacer\"><\/div>\n\n\n\n<h4 class=\"wp-block-heading\" id=\"h-warum-sie-bei-uns-richtig-sind\"><strong>Warum Sie bei uns richtig sind:<\/strong><\/h4>\n\n\n\n<ul class=\"wp-block-list\">\n<li>Sicherer Arbeitsplatz mit Zukunft in einem Unternehmen, das Wachstum und Innovation lebt<\/li>\n\n\n\n<li>Ihre Leistung wird hier honoriert &#8211; neben einer wettbewerbsf\u00e4higen Verg\u00fctung bieten wir zus\u00e4tzliche leistungsabh\u00e4ngige Zahlungen<\/li>\n\n\n\n<li>Vielf\u00e4ltige Chancen f\u00fcr Ihre pers\u00f6nliche und berufliche Weiterentwicklung<\/li>\n\n\n\n<li>Umfassende betriebliche Vorsorgeleistungen &#8211; zwei Altersvorsorgen und Unfallversicherung &#8211; auch privat<\/li>\n\n\n\n<li>Moderne Fitness- und Gesundheitsprogramme, die Ihre Work-Life-Balance st\u00e4rken<\/li>\n\n\n\n<li>Teamspirit zum Erleben: von familienfreundlichen Events bis zu inspirierenden Firmenveranstaltungen<\/li>\n\n\n\n<li>Interessante und abwechslungsreiche Aufgaben in einem internationalen Umfeld<\/li>\n<\/ul>\n\n\n\n<div style=\"height:30px\" aria-hidden=\"true\" class=\"wp-block-spacer\"><\/div>\n\n\n\n<h4 class=\"wp-block-heading\" id=\"h-das-zeichnet-sie-aus\"><strong>Das zeichnet Sie aus:<\/strong><\/h4>\n\n\n\n<ul class=\"wp-block-list\">\n<li>Sie k\u00f6nnen ein abgeschlossenes Studium im technischen Bereich und mindestens 3-j\u00e4hrige Berufserfahrung im Qualit\u00e4tsbereich nachweisen<\/li>\n\n\n\n<li>Sie haben idealerweise Erfahrungen in der Medizintechnik<\/li>\n\n\n\n<li>Sie verf\u00fcgen \u00fcber fundierte, nachweisbare Kenntnisse von Qualit\u00e4tsnormen und deren Anwendung in der Praxis<\/li>\n\n\n\n<li>Sie besitzen eine ausgepr\u00e4gte Dienstleistungsorientierung, Durchsetzungsf\u00e4higkeit und eine selbst\u00e4ndige, zielorientierte, sorgf\u00e4ltige und strukturierte Arbeitsweise<\/li>\n\n\n\n<li>Sie haben mehrj\u00e4hrige Erfahrung im Anwenden von Qualit\u00e4tswerkzeugen und \u2013Methoden (z.B. FMEA, PPAP, SPC, 8D etc.)<\/li>\n\n\n\n<li>Sie beherrschen Englisch in Wort und Schrift verhandlungssicher<\/li>\n<\/ul>\n\n\n\n<div style=\"height:26px\" aria-hidden=\"true\" class=\"wp-block-spacer\"><\/div>\n\n\n\n<h4 class=\"wp-block-heading\" id=\"h-ihre-themenschwerpunkte\"><strong><strong>Ihre Themenschwerpunkte:<\/strong><\/strong><\/h4>\n\n\n\n<ul class=\"wp-block-list\">\n<li>Unterst\u00fctzung des Qualit\u00e4ts-Managers in allen qualit\u00e4tsrelevanten Themen, wie zum Beispiel der QA-Dokumentation, der Werkzeugfreigaben, Erstmusterpr\u00fcfungen und der Optimierung qualit\u00e4tsinterner Prozesse<\/li>\n\n\n\n<li>Selbstst\u00e4ndige Bearbeitung von Reklamationen<\/li>\n\n\n\n<li>Selbstst\u00e4ndige Begleitung und Bearbeitung von Produktvalidierungen nach Kundenwunsch, speziell im medizinischen Bereich<\/li>\n\n\n\n<li>Unterst\u00fctzung bei Einf\u00fchrung neuer QA-Software<\/li>\n<\/ul>\n\n\n\n<div style=\"height:31px\" aria-hidden=\"true\" class=\"wp-block-spacer\"><\/div>\n\n\n\n<p><strong><strong><strong><strong>F\u00fchlen Sie sich angesprochen?<\/strong><\/strong><\/strong><\/strong><\/p>\n\n\n\n<p>Dann senden Sie bitte Ihren CV mit m\u00f6glichem Eintrittsdatum und Ihren Gehaltsvorstellungen per E-Mail an: <a href=\"mailto:jobs@porex.com\">jobs@porex.com<\/a><\/p>\n\n\n\n<div style=\"height:42px\" aria-hidden=\"true\" class=\"wp-block-spacer\"><\/div>\n\n\n\n<p><\/p>\n","protected":false},"excerpt":{"rendered":"<p>Porex Technologies GmbH,&nbsp;als Teil der Filtration Group\u00ae, ist ein international f\u00fchrendes Unternehmen auf dem Gebiet der Entwicklung und Herstellung por\u00f6ser Kunststoffe und Fasermaterialien. Unser Werk in Singwitz bei Bautzen verf\u00fcgt \u00fcber 30 Jahre Erfahrung in der Entwicklung, Produktion und dem Vertrieb por\u00f6ser Kunststoffkomponenten. Mehr als 200 Mitarbeiter fertigen hier hochwertige Produkte und kundenspezifischeL\u00f6sungen, die weltweit [&hellip;]<\/p>\n","protected":false},"author":29,"featured_media":0,"parent":3387,"menu_order":2,"comment_status":"closed","ping_status":"closed","template":"","meta":{"_acf_changed":false,"footnotes":""},"class_list":["post-40355","page","type-page","status-publish","hentry"],"acf":[],"yoast_head":"<!-- This site is optimized with the Yoast SEO Premium plugin v27.3 (Yoast SEO v27.3) - https:\/\/yoast.com\/product\/yoast-seo-premium-wordpress\/ -->\n<title>Porex - Porex - Qualit\u00e4tsingenieur (m\/w\/d) in Vollzeit<\/title>\n<meta name=\"description\" content=\"Porex Technologies GmbH, als Teil der Filtration Group\u00ae, ist ein international f\u00fchrendes Unternehmen auf Herstellung por\u00f6ser Kunststoffe und Fasermaterialien.\" \/>\n<meta name=\"robots\" content=\"index, follow, max-snippet:-1, max-image-preview:large, max-video-preview:-1\" \/>\n<link rel=\"canonical\" href=\"https:\/\/www.porex.com\/de\/uber-porex\/stellenangebote\/qualitaetsingenieur-m-w-d-in-vollzeit\/\" \/>\n<meta property=\"og:locale\" content=\"de_DE\" \/>\n<meta property=\"og:type\" content=\"article\" \/>\n<meta property=\"og:title\" content=\"Qualit\u00e4tsingenieur (m\/w\/d) in Vollzeit\" \/>\n<meta property=\"og:description\" content=\"Qualit\u00e4tsingenieur (m\/w\/d) in Vollzeit Porex Technologies GmbH,&nbsp;als Teil der Filtration Group\u00ae, ist ein international f\u00fchrendes Unternehmen auf dem\" \/>\n<meta property=\"og:url\" content=\"https:\/\/www.porex.com\/de\/uber-porex\/stellenangebote\/qualitaetsingenieur-m-w-d-in-vollzeit\/\" \/>\n<meta property=\"og:site_name\" content=\"Porex\" \/>\n<meta property=\"article:modified_time\" content=\"2026-03-04T13:25:48+00:00\" \/>\n<meta property=\"og:image\" content=\"https:\/\/www.porex.com\/wp-content\/uploads\/2023\/06\/PMV20-6726-scaled.jpeg\" \/>\n\t<meta property=\"og:image:width\" content=\"2560\" \/>\n\t<meta property=\"og:image:height\" content=\"1707\" \/>\n\t<meta property=\"og:image:type\" content=\"image\/jpeg\" \/>\n<meta name=\"twitter:card\" content=\"summary_large_image\" \/>\n<meta name=\"twitter:site\" content=\"@PorexCorp\" \/>\n<meta name=\"twitter:label1\" content=\"Gesch\u00e4tzte Lesezeit\" \/>\n\t<meta name=\"twitter:data1\" content=\"2 Minuten\" \/>\n<script type=\"application\/ld+json\" class=\"yoast-schema-graph\">{\"@context\":\"https:\\\/\\\/schema.org\",\"@graph\":[{\"@type\":\"WebPage\",\"@id\":\"https:\\\/\\\/www.porex.com\\\/de\\\/uber-porex\\\/stellenangebote\\\/qualitaetsingenieur-m-w-d-in-vollzeit\\\/\",\"url\":\"https:\\\/\\\/www.porex.com\\\/de\\\/uber-porex\\\/stellenangebote\\\/qualitaetsingenieur-m-w-d-in-vollzeit\\\/\",\"name\":\"Porex - Porex - Qualit\u00e4tsingenieur (m\\\/w\\\/d) in Vollzeit\",\"isPartOf\":{\"@id\":\"https:\\\/\\\/www.porex.com\\\/de\\\/#website\"},\"primaryImageOfPage\":{\"@id\":\"https:\\\/\\\/www.porex.com\\\/de\\\/uber-porex\\\/stellenangebote\\\/qualitaetsingenieur-m-w-d-in-vollzeit\\\/#primaryimage\"},\"image\":{\"@id\":\"https:\\\/\\\/www.porex.com\\\/de\\\/uber-porex\\\/stellenangebote\\\/qualitaetsingenieur-m-w-d-in-vollzeit\\\/#primaryimage\"},\"thumbnailUrl\":\"https:\\\/\\\/porexdev.wpengine.com\\\/wp-content\\\/uploads\\\/2023\\\/05\\\/HR-Careers.jpg\",\"datePublished\":\"2026-02-27T17:15:00+00:00\",\"dateModified\":\"2026-03-04T13:25:48+00:00\",\"description\":\"Porex Technologies GmbH, als Teil der Filtration Group\u00ae, ist ein international f\u00fchrendes Unternehmen auf Herstellung por\u00f6ser Kunststoffe und Fasermaterialien.\",\"breadcrumb\":{\"@id\":\"https:\\\/\\\/www.porex.com\\\/de\\\/uber-porex\\\/stellenangebote\\\/qualitaetsingenieur-m-w-d-in-vollzeit\\\/#breadcrumb\"},\"inLanguage\":\"de-DE\",\"potentialAction\":[{\"@type\":\"ReadAction\",\"target\":[\"https:\\\/\\\/www.porex.com\\\/de\\\/uber-porex\\\/stellenangebote\\\/qualitaetsingenieur-m-w-d-in-vollzeit\\\/\"]}]},{\"@type\":\"ImageObject\",\"inLanguage\":\"de-DE\",\"@id\":\"https:\\\/\\\/www.porex.com\\\/de\\\/uber-porex\\\/stellenangebote\\\/qualitaetsingenieur-m-w-d-in-vollzeit\\\/#primaryimage\",\"url\":\"https:\\\/\\\/porexdev.wpengine.com\\\/wp-content\\\/uploads\\\/2023\\\/05\\\/HR-Careers.jpg\",\"contentUrl\":\"https:\\\/\\\/porexdev.wpengine.com\\\/wp-content\\\/uploads\\\/2023\\\/05\\\/HR-Careers.jpg\"},{\"@type\":\"BreadcrumbList\",\"@id\":\"https:\\\/\\\/www.porex.com\\\/de\\\/uber-porex\\\/stellenangebote\\\/qualitaetsingenieur-m-w-d-in-vollzeit\\\/#breadcrumb\",\"itemListElement\":[{\"@type\":\"ListItem\",\"position\":1,\"name\":\"home\",\"item\":\"https:\\\/\\\/www.porex.com\\\/de\\\/\"},{\"@type\":\"ListItem\",\"position\":2,\"name\":\"\u00dcber Porex\",\"item\":\"https:\\\/\\\/www.porex.com\\\/de\\\/uber-porex\\\/\"},{\"@type\":\"ListItem\",\"position\":3,\"name\":\"Stellenangebote\",\"item\":\"https:\\\/\\\/www.porex.com\\\/de\\\/uber-porex\\\/stellenangebote\\\/\"},{\"@type\":\"ListItem\",\"position\":4,\"name\":\"Qualit\u00e4tsingenieur (m\\\/w\\\/d) in Vollzeit\"}]},{\"@type\":\"WebSite\",\"@id\":\"https:\\\/\\\/www.porex.com\\\/de\\\/#website\",\"url\":\"https:\\\/\\\/www.porex.com\\\/de\\\/\",\"name\":\"Porex\",\"description\":\"Your Partner In Innovation\",\"publisher\":{\"@id\":\"https:\\\/\\\/www.porex.com\\\/de\\\/#organization\"},\"potentialAction\":[{\"@type\":\"SearchAction\",\"target\":{\"@type\":\"EntryPoint\",\"urlTemplate\":\"https:\\\/\\\/www.porex.com\\\/de\\\/?s={search_term_string}\"},\"query-input\":{\"@type\":\"PropertyValueSpecification\",\"valueRequired\":true,\"valueName\":\"search_term_string\"}}],\"inLanguage\":\"de-DE\"},{\"@type\":\"Organization\",\"@id\":\"https:\\\/\\\/www.porex.com\\\/de\\\/#organization\",\"name\":\"Porex Corporation\",\"url\":\"https:\\\/\\\/www.porex.com\\\/de\\\/\",\"logo\":{\"@type\":\"ImageObject\",\"inLanguage\":\"de-DE\",\"@id\":\"https:\\\/\\\/www.porex.com\\\/de\\\/#\\\/schema\\\/logo\\\/image\\\/\",\"url\":\"https:\\\/\\\/www.porex.com\\\/wp-content\\\/uploads\\\/2019\\\/05\\\/fgc-logo.png\",\"contentUrl\":\"https:\\\/\\\/www.porex.com\\\/wp-content\\\/uploads\\\/2019\\\/05\\\/fgc-logo.png\",\"width\":480,\"height\":126,\"caption\":\"Porex Corporation\"},\"image\":{\"@id\":\"https:\\\/\\\/www.porex.com\\\/de\\\/#\\\/schema\\\/logo\\\/image\\\/\"},\"sameAs\":[\"https:\\\/\\\/x.com\\\/PorexCorp\",\"https:\\\/\\\/www.linkedin.com\\\/company\\\/porex\\\/\",\"https:\\\/\\\/www.youtube.com\\\/user\\\/PorexCorporation\"],\"description\":\"Porous plastic materials manufacturer of custom components for medical devices, diagnostics, consumer and industrial products. Provides solutions for absorption, filtration, wicking, venting, diffusion and application.\",\"legalName\":\"Porex Corporation\",\"foundingDate\":\"1961-04-27\"}]}<\/script>\n<!-- \/ Yoast SEO Premium plugin. -->","yoast_head_json":{"title":"Porex - Porex - Qualit\u00e4tsingenieur (m\/w\/d) in Vollzeit","description":"Porex Technologies GmbH, als Teil der Filtration Group\u00ae, ist ein international f\u00fchrendes Unternehmen auf Herstellung por\u00f6ser Kunststoffe und Fasermaterialien.","robots":{"index":"index","follow":"follow","max-snippet":"max-snippet:-1","max-image-preview":"max-image-preview:large","max-video-preview":"max-video-preview:-1"},"canonical":"https:\/\/www.porex.com\/de\/uber-porex\/stellenangebote\/qualitaetsingenieur-m-w-d-in-vollzeit\/","og_locale":"de_DE","og_type":"article","og_title":"Qualit\u00e4tsingenieur (m\/w\/d) in Vollzeit","og_description":"Qualit\u00e4tsingenieur (m\/w\/d) in Vollzeit Porex Technologies GmbH,&nbsp;als Teil der Filtration Group\u00ae, ist ein international f\u00fchrendes Unternehmen auf dem","og_url":"https:\/\/www.porex.com\/de\/uber-porex\/stellenangebote\/qualitaetsingenieur-m-w-d-in-vollzeit\/","og_site_name":"Porex","article_modified_time":"2026-03-04T13:25:48+00:00","og_image":[{"width":2560,"height":1707,"url":"https:\/\/www.porex.com\/wp-content\/uploads\/2023\/06\/PMV20-6726-scaled.jpeg","type":"image\/jpeg"}],"twitter_card":"summary_large_image","twitter_site":"@PorexCorp","twitter_misc":{"Gesch\u00e4tzte Lesezeit":"2 Minuten"},"schema":{"@context":"https:\/\/schema.org","@graph":[{"@type":"WebPage","@id":"https:\/\/www.porex.com\/de\/uber-porex\/stellenangebote\/qualitaetsingenieur-m-w-d-in-vollzeit\/","url":"https:\/\/www.porex.com\/de\/uber-porex\/stellenangebote\/qualitaetsingenieur-m-w-d-in-vollzeit\/","name":"Porex - Porex - Qualit\u00e4tsingenieur (m\/w\/d) in Vollzeit","isPartOf":{"@id":"https:\/\/www.porex.com\/de\/#website"},"primaryImageOfPage":{"@id":"https:\/\/www.porex.com\/de\/uber-porex\/stellenangebote\/qualitaetsingenieur-m-w-d-in-vollzeit\/#primaryimage"},"image":{"@id":"https:\/\/www.porex.com\/de\/uber-porex\/stellenangebote\/qualitaetsingenieur-m-w-d-in-vollzeit\/#primaryimage"},"thumbnailUrl":"https:\/\/porexdev.wpengine.com\/wp-content\/uploads\/2023\/05\/HR-Careers.jpg","datePublished":"2026-02-27T17:15:00+00:00","dateModified":"2026-03-04T13:25:48+00:00","description":"Porex Technologies GmbH, als Teil der Filtration Group\u00ae, ist ein international f\u00fchrendes Unternehmen auf Herstellung por\u00f6ser Kunststoffe und Fasermaterialien.","breadcrumb":{"@id":"https:\/\/www.porex.com\/de\/uber-porex\/stellenangebote\/qualitaetsingenieur-m-w-d-in-vollzeit\/#breadcrumb"},"inLanguage":"de-DE","potentialAction":[{"@type":"ReadAction","target":["https:\/\/www.porex.com\/de\/uber-porex\/stellenangebote\/qualitaetsingenieur-m-w-d-in-vollzeit\/"]}]},{"@type":"ImageObject","inLanguage":"de-DE","@id":"https:\/\/www.porex.com\/de\/uber-porex\/stellenangebote\/qualitaetsingenieur-m-w-d-in-vollzeit\/#primaryimage","url":"https:\/\/porexdev.wpengine.com\/wp-content\/uploads\/2023\/05\/HR-Careers.jpg","contentUrl":"https:\/\/porexdev.wpengine.com\/wp-content\/uploads\/2023\/05\/HR-Careers.jpg"},{"@type":"BreadcrumbList","@id":"https:\/\/www.porex.com\/de\/uber-porex\/stellenangebote\/qualitaetsingenieur-m-w-d-in-vollzeit\/#breadcrumb","itemListElement":[{"@type":"ListItem","position":1,"name":"home","item":"https:\/\/www.porex.com\/de\/"},{"@type":"ListItem","position":2,"name":"\u00dcber Porex","item":"https:\/\/www.porex.com\/de\/uber-porex\/"},{"@type":"ListItem","position":3,"name":"Stellenangebote","item":"https:\/\/www.porex.com\/de\/uber-porex\/stellenangebote\/"},{"@type":"ListItem","position":4,"name":"Qualit\u00e4tsingenieur (m\/w\/d) in Vollzeit"}]},{"@type":"WebSite","@id":"https:\/\/www.porex.com\/de\/#website","url":"https:\/\/www.porex.com\/de\/","name":"Porex","description":"Your Partner In Innovation","publisher":{"@id":"https:\/\/www.porex.com\/de\/#organization"},"potentialAction":[{"@type":"SearchAction","target":{"@type":"EntryPoint","urlTemplate":"https:\/\/www.porex.com\/de\/?s={search_term_string}"},"query-input":{"@type":"PropertyValueSpecification","valueRequired":true,"valueName":"search_term_string"}}],"inLanguage":"de-DE"},{"@type":"Organization","@id":"https:\/\/www.porex.com\/de\/#organization","name":"Porex Corporation","url":"https:\/\/www.porex.com\/de\/","logo":{"@type":"ImageObject","inLanguage":"de-DE","@id":"https:\/\/www.porex.com\/de\/#\/schema\/logo\/image\/","url":"https:\/\/www.porex.com\/wp-content\/uploads\/2019\/05\/fgc-logo.png","contentUrl":"https:\/\/www.porex.com\/wp-content\/uploads\/2019\/05\/fgc-logo.png","width":480,"height":126,"caption":"Porex Corporation"},"image":{"@id":"https:\/\/www.porex.com\/de\/#\/schema\/logo\/image\/"},"sameAs":["https:\/\/x.com\/PorexCorp","https:\/\/www.linkedin.com\/company\/porex\/","https:\/\/www.youtube.com\/user\/PorexCorporation"],"description":"Porous plastic materials manufacturer of custom components for medical devices, diagnostics, consumer and industrial products. Provides solutions for absorption, filtration, wicking, venting, diffusion and application.","legalName":"Porex Corporation","foundingDate":"1961-04-27"}]}},"_links":{"self":[{"href":"https:\/\/www.porex.com\/de\/wp-json\/wp\/v2\/pages\/40355","targetHints":{"allow":["GET"]}}],"collection":[{"href":"https:\/\/www.porex.com\/de\/wp-json\/wp\/v2\/pages"}],"about":[{"href":"https:\/\/www.porex.com\/de\/wp-json\/wp\/v2\/types\/page"}],"author":[{"embeddable":true,"href":"https:\/\/www.porex.com\/de\/wp-json\/wp\/v2\/users\/29"}],"replies":[{"embeddable":true,"href":"https:\/\/www.porex.com\/de\/wp-json\/wp\/v2\/comments?post=40355"}],"version-history":[{"count":3,"href":"https:\/\/www.porex.com\/de\/wp-json\/wp\/v2\/pages\/40355\/revisions"}],"predecessor-version":[{"id":40387,"href":"https:\/\/www.porex.com\/de\/wp-json\/wp\/v2\/pages\/40355\/revisions\/40387"}],"up":[{"embeddable":true,"href":"https:\/\/www.porex.com\/de\/wp-json\/wp\/v2\/pages\/3387"}],"wp:attachment":[{"href":"https:\/\/www.porex.com\/de\/wp-json\/wp\/v2\/media?parent=40355"}],"curies":[{"name":"wp","href":"https:\/\/api.w.org\/{rel}","templated":true}]}}