{"id":40610,"date":"2026-03-27T03:59:59","date_gmt":"2026-03-27T07:59:59","guid":{"rendered":"https:\/\/www.porex.com\/?page_id=40610"},"modified":"2026-03-27T04:00:01","modified_gmt":"2026-03-27T08:00:01","slug":"werkzeugkonstrukteur-m-w-d-in-teil-vollzeit","status":"publish","type":"page","link":"https:\/\/www.porex.com\/de\/uber-porex\/stellenangebote\/werkzeugkonstrukteur-m-w-d-in-teil-vollzeit\/","title":{"rendered":"Werkzeugkonstrukteur (m\/w\/d) in Teil-\/ Vollzeit"},"content":{"rendered":"\n<div class=\"wp-block-cover alignfull is-light\" style=\"min-height:350px;aspect-ratio:unset;\"><img decoding=\"async\" class=\"wp-block-cover__image-background wp-image-29412\" alt=\"HR-Career\" src=\"https:\/\/porexdev.wpengine.com\/wp-content\/uploads\/2023\/05\/HR-Careers.jpg\" data-object-fit=\"cover\" \/><span aria-hidden=\"true\" class=\"wp-block-cover__background has-background-dim\"><\/span><div class=\"wp-block-cover__inner-container is-layout-flow wp-block-cover-is-layout-flow\">\n<h1 class=\"wp-block-heading has-text-align-center has-white-color has-text-color has-link-color wp-elements-77190714aa6429fa184be119d1fa19b4\" id=\"h-werkzeugkonstrukteur-m-w-d-in-teil-vollzeit\" style=\"font-size:46px\">Werkzeugkonstrukteur (m\/w\/d) in Teil-\/ Vollzeit<\/h1>\n\n\n\n<div style=\"height:20px\" aria-hidden=\"true\" class=\"wp-block-spacer\"><\/div>\n<\/div><\/div>\n\n\n\n<p><strong>Porex Technologies GmbH,<\/strong>\u00a0als Teil der Filtration Group\u00ae, ist ein international f\u00fchrendes Unternehmen auf dem Gebiet der Entwicklung und Herstellung por\u00f6ser Kunststoffe und Fasermaterialien. Unser Werk in Singwitz bei Bautzen verf\u00fcgt \u00fcber 30 Jahre Erfahrung in der Entwicklung, Produktion und dem Vertrieb por\u00f6ser Kunststoffkomponenten. Mehr als 200 Mitarbeiter fertigen hier hochwertige Produkte und kundenspezifische<br>L\u00f6sungen, die weltweit an 1.500 Kunden in 65 L\u00e4ndern vertrieben werden. Weitere Produktionsstandorte in den USA, Schottland und Malaysia bieten den gro\u00dfen Vorteil der l\u00fcckenlosen Unterst\u00fctzung in Design, Entwicklung und Fertigung.\u00a0<strong>Making the world safer, healthier &amp; more productive <\/strong>ist unsere Mission.<br><br><\/p>\n\n\n\n<p>Zur Verst\u00e4rkung unseres Teams suchen wir zum n\u00e4chstm\u00f6glichen Zeitpunkt:<\/p>\n\n\n\n<h2 class=\"wp-block-heading\" id=\"h-werkzeugkonstrukteur-m-w-d-in-teil-vollzeit-in-singwitz-bei-bautzen\" style=\"font-size:33px\"><strong><br>Werkzeugkonstrukteur (m\/w\/d) in Teil-\/ Vollzeit in Singwitz bei Bautzen<\/strong><\/h2>\n\n\n\n<div style=\"height:78px\" aria-hidden=\"true\" class=\"wp-block-spacer\"><\/div>\n\n\n\n<h4 class=\"wp-block-heading\" id=\"h-warum-sie-bei-uns-richtig-sind\"><strong>Warum Sie bei uns richtig sind:<\/strong><\/h4>\n\n\n\n<ul class=\"wp-block-list\">\n<li>Sicherer Arbeitsplatz mit Zukunft in einem Unternehmen, das Wachstum und Innovation lebt<\/li>\n\n\n\n<li>Ihre Leistung wird hier honoriert &#8211; neben einer wettbewerbsf\u00e4higen Verg\u00fctung bieten wir zus\u00e4tzliche (leistungsabh\u00e4ngige) Zahlungen<\/li>\n\n\n\n<li>Vielf\u00e4ltige Chancen f\u00fcr Ihre pers\u00f6nliche und berufliche Weiterentwicklung<\/li>\n\n\n\n<li>Umfassende betriebliche Vorsorgeleistungen &#8211; zwei Altersvorsorgen und Unfallversicherung &#8211; auch privat<\/li>\n\n\n\n<li>Moderne Fitness- und Gesundheitsprogramme, die Ihre Work-Life-Balance st\u00e4rken<\/li>\n\n\n\n<li>Teamspirit zum Erleben: von familienfreundlichen Events bis zu inspirierenden Firmenveranstaltungen<\/li>\n\n\n\n<li>Interessante und abwechslungsreiche Aufgaben in einem internationalen Umfeld<\/li>\n<\/ul>\n\n\n\n<div style=\"height:30px\" aria-hidden=\"true\" class=\"wp-block-spacer\"><\/div>\n\n\n\n<h4 class=\"wp-block-heading\" id=\"h-das-zeichnet-sie-aus\"><strong>Das zeichnet Sie aus:<\/strong><\/h4>\n\n\n\n<ul class=\"wp-block-list\">\n<li>Sie haben mindestens 3-5 Jahre praktische Erfahrung als Konstrukteur in einem maschinenbaulichen Umfeld<\/li>\n\n\n\n<li>Sie arbeiten mit SolidWorks, kennen die M\u00f6glichkeiten dieses Tools und nutzen sie aktiv<\/li>\n\n\n\n<li>Sie arbeiten strukturiert und bringen eine sorgf\u00e4ltige, zuverl\u00e4ssige und l\u00f6sungsorientierte Arbeitsweise mit<\/li>\n\n\n\n<li>Sie sind motiviert, mit hoher Eigeninitiative und dem Anspruch, stets das Bestm\u00f6gliche zu erreichen<\/li>\n\n\n\n<li>Sie erkennen Fehler, sprechen Probleme aktiv an und arbeiten an Verbesserungen mit<\/li>\n\n\n\n<li>Sie sind teamf\u00e4hig, kommunikationsstark und bringen eine positive Einstellung zur Arbeit mit<\/li>\n\n\n\n<li>Sehr gute Deutsch- und Grundkenntnisse Englisch sind erforderlich<\/li>\n<\/ul>\n\n\n\n<div style=\"height:26px\" aria-hidden=\"true\" class=\"wp-block-spacer\"><\/div>\n\n\n\n<h4 class=\"wp-block-heading\" id=\"h-ihre-themenschwerpunkte\"><strong><strong>Ihre Themenschwerpunkte:<\/strong><\/strong><\/h4>\n\n\n\n<ul class=\"wp-block-list\">\n<li>Konstruktion von Werkzeugen und anderen Fertigungsmitteln mit\/in SolidWorks<\/li>\n\n\n\n<li>Sicherstellung der Aktualit\u00e4t und Verf\u00fcgbarkeit der entsprechenden Konstruktionsdaten<\/li>\n\n\n\n<li>Sicherstellung einer geeigneten Datenstruktur sowie deren sinnvolle Weiterentwicklung<\/li>\n\n\n\n<li>Schnittstelle im Prozess der Werkzeugerstellung zwischen Produktentwicklung und Werkzeugbau (intern\/ extern)<\/li>\n\n\n\n<li>Mitarbeit am Werkzeugdesign und dessen kontinuierlicher Verbesserung bez\u00fcglich Performance, Qualit\u00e4t und Herstellkosten<\/li>\n\n\n\n<li>Weiterentwicklung des bestehenden Prozesses der Werkzeugerstellung durch konsequente Anwendung von CAD\/CAM &#8211; und sonstigen M\u00f6glichkeiten zur Automatisierung<\/li>\n<\/ul>\n\n\n\n<div style=\"height:31px\" aria-hidden=\"true\" class=\"wp-block-spacer\"><\/div>\n\n\n\n<p><strong><strong><strong><strong>F\u00fchlen Sie sich angesprochen?<\/strong><\/strong><\/strong><\/strong><\/p>\n\n\n\n<p>Dann senden Sie bitte Ihren CV mit m\u00f6glichem Eintrittsdatum und Ihren Gehaltsvorstellungen per E-Mail an: <a href=\"mailto:jobs@porex.com\">jobs@porex.com<\/a><\/p>\n\n\n\n<div style=\"height:42px\" aria-hidden=\"true\" class=\"wp-block-spacer\"><\/div>\n\n\n\n<p><\/p>\n","protected":false},"excerpt":{"rendered":"<p>Porex Technologies GmbH,\u00a0als Teil der Filtration Group\u00ae, ist ein international f\u00fchrendes Unternehmen auf dem Gebiet der Entwicklung und Herstellung por\u00f6ser Kunststoffe und Fasermaterialien. Unser Werk in Singwitz bei Bautzen verf\u00fcgt \u00fcber 30 Jahre Erfahrung in der Entwicklung, Produktion und dem Vertrieb por\u00f6ser Kunststoffkomponenten. Mehr als 200 Mitarbeiter fertigen hier hochwertige Produkte und kundenspezifischeL\u00f6sungen, die weltweit [&hellip;]<\/p>\n","protected":false},"author":29,"featured_media":0,"parent":3387,"menu_order":2,"comment_status":"closed","ping_status":"closed","template":"","meta":{"_acf_changed":false,"footnotes":""},"class_list":["post-40610","page","type-page","status-publish","hentry"],"acf":[],"yoast_head":"<!-- This site is optimized with the Yoast SEO Premium plugin v27.3 (Yoast SEO v27.3) - https:\/\/yoast.com\/product\/yoast-seo-premium-wordpress\/ -->\n<title>Porex - Porex - Werkzeugkonstrukteur (m\/w\/d) in Teil-\/ Vollzeit<\/title>\n<meta name=\"description\" content=\"Porex Technologies GmbH, als Teil der Filtration Group\u00ae, ist ein international f\u00fchrendes Unternehmen auf Herstellung por\u00f6ser Kunststoffe und Fasermaterialien.\" \/>\n<meta name=\"robots\" content=\"index, follow, max-snippet:-1, max-image-preview:large, max-video-preview:-1\" \/>\n<link rel=\"canonical\" href=\"https:\/\/www.porex.com\/de\/uber-porex\/stellenangebote\/werkzeugkonstrukteur-m-w-d-in-teil-vollzeit\/\" \/>\n<meta property=\"og:locale\" content=\"de_DE\" \/>\n<meta property=\"og:type\" content=\"article\" \/>\n<meta property=\"og:title\" content=\"Werkzeugkonstrukteur (m\/w\/d) in Teil-\/ Vollzeit\" \/>\n<meta property=\"og:description\" content=\"Werkzeugkonstrukteur (m\/w\/d) in Teil-\/ Vollzeit Porex Technologies GmbH,\u00a0als Teil der Filtration Group\u00ae, ist ein international f\u00fchrendes Unternehmen auf\" \/>\n<meta property=\"og:url\" content=\"https:\/\/www.porex.com\/de\/uber-porex\/stellenangebote\/werkzeugkonstrukteur-m-w-d-in-teil-vollzeit\/\" \/>\n<meta property=\"og:site_name\" content=\"Porex\" \/>\n<meta property=\"article:modified_time\" content=\"2026-03-27T08:00:01+00:00\" \/>\n<meta property=\"og:image\" content=\"https:\/\/www.porex.com\/wp-content\/uploads\/2023\/06\/PMV20-6726-scaled.jpeg\" \/>\n\t<meta property=\"og:image:width\" content=\"2560\" \/>\n\t<meta property=\"og:image:height\" content=\"1707\" \/>\n\t<meta property=\"og:image:type\" content=\"image\/jpeg\" \/>\n<meta name=\"twitter:card\" content=\"summary_large_image\" \/>\n<meta name=\"twitter:site\" content=\"@PorexCorp\" \/>\n<meta name=\"twitter:label1\" content=\"Gesch\u00e4tzte Lesezeit\" \/>\n\t<meta name=\"twitter:data1\" content=\"2 Minuten\" \/>\n<script type=\"application\/ld+json\" class=\"yoast-schema-graph\">{\"@context\":\"https:\\\/\\\/schema.org\",\"@graph\":[{\"@type\":\"WebPage\",\"@id\":\"https:\\\/\\\/www.porex.com\\\/de\\\/uber-porex\\\/stellenangebote\\\/werkzeugkonstrukteur-m-w-d-in-teil-vollzeit\\\/\",\"url\":\"https:\\\/\\\/www.porex.com\\\/de\\\/uber-porex\\\/stellenangebote\\\/werkzeugkonstrukteur-m-w-d-in-teil-vollzeit\\\/\",\"name\":\"Porex - Porex - Werkzeugkonstrukteur (m\\\/w\\\/d) in Teil-\\\/ Vollzeit\",\"isPartOf\":{\"@id\":\"https:\\\/\\\/www.porex.com\\\/de\\\/#website\"},\"primaryImageOfPage\":{\"@id\":\"https:\\\/\\\/www.porex.com\\\/de\\\/uber-porex\\\/stellenangebote\\\/werkzeugkonstrukteur-m-w-d-in-teil-vollzeit\\\/#primaryimage\"},\"image\":{\"@id\":\"https:\\\/\\\/www.porex.com\\\/de\\\/uber-porex\\\/stellenangebote\\\/werkzeugkonstrukteur-m-w-d-in-teil-vollzeit\\\/#primaryimage\"},\"thumbnailUrl\":\"https:\\\/\\\/porexdev.wpengine.com\\\/wp-content\\\/uploads\\\/2023\\\/05\\\/HR-Careers.jpg\",\"datePublished\":\"2026-03-27T07:59:59+00:00\",\"dateModified\":\"2026-03-27T08:00:01+00:00\",\"description\":\"Porex Technologies GmbH, als Teil der Filtration Group\u00ae, ist ein international f\u00fchrendes Unternehmen auf Herstellung por\u00f6ser Kunststoffe und Fasermaterialien.\",\"breadcrumb\":{\"@id\":\"https:\\\/\\\/www.porex.com\\\/de\\\/uber-porex\\\/stellenangebote\\\/werkzeugkonstrukteur-m-w-d-in-teil-vollzeit\\\/#breadcrumb\"},\"inLanguage\":\"de-DE\",\"potentialAction\":[{\"@type\":\"ReadAction\",\"target\":[\"https:\\\/\\\/www.porex.com\\\/de\\\/uber-porex\\\/stellenangebote\\\/werkzeugkonstrukteur-m-w-d-in-teil-vollzeit\\\/\"]}]},{\"@type\":\"ImageObject\",\"inLanguage\":\"de-DE\",\"@id\":\"https:\\\/\\\/www.porex.com\\\/de\\\/uber-porex\\\/stellenangebote\\\/werkzeugkonstrukteur-m-w-d-in-teil-vollzeit\\\/#primaryimage\",\"url\":\"https:\\\/\\\/porexdev.wpengine.com\\\/wp-content\\\/uploads\\\/2023\\\/05\\\/HR-Careers.jpg\",\"contentUrl\":\"https:\\\/\\\/porexdev.wpengine.com\\\/wp-content\\\/uploads\\\/2023\\\/05\\\/HR-Careers.jpg\"},{\"@type\":\"BreadcrumbList\",\"@id\":\"https:\\\/\\\/www.porex.com\\\/de\\\/uber-porex\\\/stellenangebote\\\/werkzeugkonstrukteur-m-w-d-in-teil-vollzeit\\\/#breadcrumb\",\"itemListElement\":[{\"@type\":\"ListItem\",\"position\":1,\"name\":\"home\",\"item\":\"https:\\\/\\\/www.porex.com\\\/de\\\/\"},{\"@type\":\"ListItem\",\"position\":2,\"name\":\"\u00dcber Porex\",\"item\":\"https:\\\/\\\/www.porex.com\\\/de\\\/uber-porex\\\/\"},{\"@type\":\"ListItem\",\"position\":3,\"name\":\"Stellenangebote\",\"item\":\"https:\\\/\\\/www.porex.com\\\/de\\\/uber-porex\\\/stellenangebote\\\/\"},{\"@type\":\"ListItem\",\"position\":4,\"name\":\"Werkzeugkonstrukteur (m\\\/w\\\/d) in Teil-\\\/ Vollzeit\"}]},{\"@type\":\"WebSite\",\"@id\":\"https:\\\/\\\/www.porex.com\\\/de\\\/#website\",\"url\":\"https:\\\/\\\/www.porex.com\\\/de\\\/\",\"name\":\"Porex\",\"description\":\"Your Partner In Innovation\",\"publisher\":{\"@id\":\"https:\\\/\\\/www.porex.com\\\/de\\\/#organization\"},\"potentialAction\":[{\"@type\":\"SearchAction\",\"target\":{\"@type\":\"EntryPoint\",\"urlTemplate\":\"https:\\\/\\\/www.porex.com\\\/de\\\/?s={search_term_string}\"},\"query-input\":{\"@type\":\"PropertyValueSpecification\",\"valueRequired\":true,\"valueName\":\"search_term_string\"}}],\"inLanguage\":\"de-DE\"},{\"@type\":\"Organization\",\"@id\":\"https:\\\/\\\/www.porex.com\\\/de\\\/#organization\",\"name\":\"Porex Corporation\",\"url\":\"https:\\\/\\\/www.porex.com\\\/de\\\/\",\"logo\":{\"@type\":\"ImageObject\",\"inLanguage\":\"de-DE\",\"@id\":\"https:\\\/\\\/www.porex.com\\\/de\\\/#\\\/schema\\\/logo\\\/image\\\/\",\"url\":\"https:\\\/\\\/www.porex.com\\\/wp-content\\\/uploads\\\/2019\\\/05\\\/fgc-logo.png\",\"contentUrl\":\"https:\\\/\\\/www.porex.com\\\/wp-content\\\/uploads\\\/2019\\\/05\\\/fgc-logo.png\",\"width\":480,\"height\":126,\"caption\":\"Porex Corporation\"},\"image\":{\"@id\":\"https:\\\/\\\/www.porex.com\\\/de\\\/#\\\/schema\\\/logo\\\/image\\\/\"},\"sameAs\":[\"https:\\\/\\\/x.com\\\/PorexCorp\",\"https:\\\/\\\/www.linkedin.com\\\/company\\\/porex\\\/\",\"https:\\\/\\\/www.youtube.com\\\/user\\\/PorexCorporation\"],\"description\":\"Porous plastic materials manufacturer of custom components for medical devices, diagnostics, consumer and industrial products. Provides solutions for absorption, filtration, wicking, venting, diffusion and application.\",\"legalName\":\"Porex Corporation\",\"foundingDate\":\"1961-04-27\"}]}<\/script>\n<!-- \/ Yoast SEO Premium plugin. -->","yoast_head_json":{"title":"Porex - Porex - Werkzeugkonstrukteur (m\/w\/d) in Teil-\/ Vollzeit","description":"Porex Technologies GmbH, als Teil der Filtration Group\u00ae, ist ein international f\u00fchrendes Unternehmen auf Herstellung por\u00f6ser Kunststoffe und Fasermaterialien.","robots":{"index":"index","follow":"follow","max-snippet":"max-snippet:-1","max-image-preview":"max-image-preview:large","max-video-preview":"max-video-preview:-1"},"canonical":"https:\/\/www.porex.com\/de\/uber-porex\/stellenangebote\/werkzeugkonstrukteur-m-w-d-in-teil-vollzeit\/","og_locale":"de_DE","og_type":"article","og_title":"Werkzeugkonstrukteur (m\/w\/d) in Teil-\/ Vollzeit","og_description":"Werkzeugkonstrukteur (m\/w\/d) in Teil-\/ Vollzeit Porex Technologies GmbH,\u00a0als Teil der Filtration Group\u00ae, ist ein international f\u00fchrendes Unternehmen auf","og_url":"https:\/\/www.porex.com\/de\/uber-porex\/stellenangebote\/werkzeugkonstrukteur-m-w-d-in-teil-vollzeit\/","og_site_name":"Porex","article_modified_time":"2026-03-27T08:00:01+00:00","og_image":[{"width":2560,"height":1707,"url":"https:\/\/www.porex.com\/wp-content\/uploads\/2023\/06\/PMV20-6726-scaled.jpeg","type":"image\/jpeg"}],"twitter_card":"summary_large_image","twitter_site":"@PorexCorp","twitter_misc":{"Gesch\u00e4tzte Lesezeit":"2 Minuten"},"schema":{"@context":"https:\/\/schema.org","@graph":[{"@type":"WebPage","@id":"https:\/\/www.porex.com\/de\/uber-porex\/stellenangebote\/werkzeugkonstrukteur-m-w-d-in-teil-vollzeit\/","url":"https:\/\/www.porex.com\/de\/uber-porex\/stellenangebote\/werkzeugkonstrukteur-m-w-d-in-teil-vollzeit\/","name":"Porex - Porex - Werkzeugkonstrukteur (m\/w\/d) in Teil-\/ Vollzeit","isPartOf":{"@id":"https:\/\/www.porex.com\/de\/#website"},"primaryImageOfPage":{"@id":"https:\/\/www.porex.com\/de\/uber-porex\/stellenangebote\/werkzeugkonstrukteur-m-w-d-in-teil-vollzeit\/#primaryimage"},"image":{"@id":"https:\/\/www.porex.com\/de\/uber-porex\/stellenangebote\/werkzeugkonstrukteur-m-w-d-in-teil-vollzeit\/#primaryimage"},"thumbnailUrl":"https:\/\/porexdev.wpengine.com\/wp-content\/uploads\/2023\/05\/HR-Careers.jpg","datePublished":"2026-03-27T07:59:59+00:00","dateModified":"2026-03-27T08:00:01+00:00","description":"Porex Technologies GmbH, als Teil der Filtration Group\u00ae, ist ein international f\u00fchrendes Unternehmen auf Herstellung por\u00f6ser Kunststoffe und Fasermaterialien.","breadcrumb":{"@id":"https:\/\/www.porex.com\/de\/uber-porex\/stellenangebote\/werkzeugkonstrukteur-m-w-d-in-teil-vollzeit\/#breadcrumb"},"inLanguage":"de-DE","potentialAction":[{"@type":"ReadAction","target":["https:\/\/www.porex.com\/de\/uber-porex\/stellenangebote\/werkzeugkonstrukteur-m-w-d-in-teil-vollzeit\/"]}]},{"@type":"ImageObject","inLanguage":"de-DE","@id":"https:\/\/www.porex.com\/de\/uber-porex\/stellenangebote\/werkzeugkonstrukteur-m-w-d-in-teil-vollzeit\/#primaryimage","url":"https:\/\/porexdev.wpengine.com\/wp-content\/uploads\/2023\/05\/HR-Careers.jpg","contentUrl":"https:\/\/porexdev.wpengine.com\/wp-content\/uploads\/2023\/05\/HR-Careers.jpg"},{"@type":"BreadcrumbList","@id":"https:\/\/www.porex.com\/de\/uber-porex\/stellenangebote\/werkzeugkonstrukteur-m-w-d-in-teil-vollzeit\/#breadcrumb","itemListElement":[{"@type":"ListItem","position":1,"name":"home","item":"https:\/\/www.porex.com\/de\/"},{"@type":"ListItem","position":2,"name":"\u00dcber Porex","item":"https:\/\/www.porex.com\/de\/uber-porex\/"},{"@type":"ListItem","position":3,"name":"Stellenangebote","item":"https:\/\/www.porex.com\/de\/uber-porex\/stellenangebote\/"},{"@type":"ListItem","position":4,"name":"Werkzeugkonstrukteur (m\/w\/d) in Teil-\/ Vollzeit"}]},{"@type":"WebSite","@id":"https:\/\/www.porex.com\/de\/#website","url":"https:\/\/www.porex.com\/de\/","name":"Porex","description":"Your Partner In Innovation","publisher":{"@id":"https:\/\/www.porex.com\/de\/#organization"},"potentialAction":[{"@type":"SearchAction","target":{"@type":"EntryPoint","urlTemplate":"https:\/\/www.porex.com\/de\/?s={search_term_string}"},"query-input":{"@type":"PropertyValueSpecification","valueRequired":true,"valueName":"search_term_string"}}],"inLanguage":"de-DE"},{"@type":"Organization","@id":"https:\/\/www.porex.com\/de\/#organization","name":"Porex Corporation","url":"https:\/\/www.porex.com\/de\/","logo":{"@type":"ImageObject","inLanguage":"de-DE","@id":"https:\/\/www.porex.com\/de\/#\/schema\/logo\/image\/","url":"https:\/\/www.porex.com\/wp-content\/uploads\/2019\/05\/fgc-logo.png","contentUrl":"https:\/\/www.porex.com\/wp-content\/uploads\/2019\/05\/fgc-logo.png","width":480,"height":126,"caption":"Porex Corporation"},"image":{"@id":"https:\/\/www.porex.com\/de\/#\/schema\/logo\/image\/"},"sameAs":["https:\/\/x.com\/PorexCorp","https:\/\/www.linkedin.com\/company\/porex\/","https:\/\/www.youtube.com\/user\/PorexCorporation"],"description":"Porous plastic materials manufacturer of custom components for medical devices, diagnostics, consumer and industrial products. Provides solutions for absorption, filtration, wicking, venting, diffusion and application.","legalName":"Porex Corporation","foundingDate":"1961-04-27"}]}},"_links":{"self":[{"href":"https:\/\/www.porex.com\/de\/wp-json\/wp\/v2\/pages\/40610","targetHints":{"allow":["GET"]}}],"collection":[{"href":"https:\/\/www.porex.com\/de\/wp-json\/wp\/v2\/pages"}],"about":[{"href":"https:\/\/www.porex.com\/de\/wp-json\/wp\/v2\/types\/page"}],"author":[{"embeddable":true,"href":"https:\/\/www.porex.com\/de\/wp-json\/wp\/v2\/users\/29"}],"replies":[{"embeddable":true,"href":"https:\/\/www.porex.com\/de\/wp-json\/wp\/v2\/comments?post=40610"}],"version-history":[{"count":1,"href":"https:\/\/www.porex.com\/de\/wp-json\/wp\/v2\/pages\/40610\/revisions"}],"predecessor-version":[{"id":40611,"href":"https:\/\/www.porex.com\/de\/wp-json\/wp\/v2\/pages\/40610\/revisions\/40611"}],"up":[{"embeddable":true,"href":"https:\/\/www.porex.com\/de\/wp-json\/wp\/v2\/pages\/3387"}],"wp:attachment":[{"href":"https:\/\/www.porex.com\/de\/wp-json\/wp\/v2\/media?parent=40610"}],"curies":[{"name":"wp","href":"https:\/\/api.w.org\/{rel}","templated":true}]}}