{"id":4669,"date":"2020-03-10T09:11:53","date_gmt":"2020-03-10T13:11:53","guid":{"rendered":"https:\/\/www.porex.com\/?page_id=4669"},"modified":"2020-05-26T06:18:22","modified_gmt":"2020-05-26T10:18:22","slug":"technische-kurzdarstellung-keramik-dochte","status":"publish","type":"page","link":"https:\/\/www.porex.com\/de\/technische-kurzdarstellungen\/technische-kurzdarstellung-keramik-dochte\/","title":{"rendered":"Technische Kurzanleitung \u2013 Keramik-Dochte"},"content":{"rendered":"<div><ss3-force-full-width data-overflow-x=\"body\" data-horizontal-selector=\"body\"><div class=\"n2-section-smartslider fitvidsignore \" data-ssid=\"288\" tabindex=\"0\" role=\"region\" aria-label=\"Slider\"><div id=\"n2-ss-288-align\" class=\"n2-ss-align\"><div class=\"n2-padding\"><div id=\"n2-ss-288\" data-creator=\"Smart Slider 3\" data-responsive=\"fullwidth\" class=\"n2-ss-slider n2-ow n2-has-hover n2notransition  \"><div class=\"n2-ss-slider-wrapper-outside\" style=\"grid-template-rows:1fr auto\">\n        <div class=\"n2-ss-slider-1 n2_ss__touch_element n2-ow\">\n            <div class=\"n2-ss-slider-2 n2-ow\">\n                                                <div class=\"n2-ss-slider-3 n2-ow\">\n\n                    <div class=\"n2-ss-slide-backgrounds n2-ow-all\"><div class=\"n2-ss-slide-background\" data-public-id=\"1\" data-mode=\"fill\"><div class=\"n2-ss-slide-background-image\" data-blur=\"0\" data-opacity=\"100\" data-x=\"50\" data-y=\"50\" data-alt=\"Glass Wool\" data-title=\"Glass Wool\"><picture class=\"skip-lazy\" data-skip-lazy=\"1\"><img decoding=\"async\" src=\"\/\/www.porex.com\/wp-content\/uploads\/2020\/03\/TechBrief-CeramicWicks-Slider.jpg\" alt=\"Glass Wool\" title=\"Glass Wool\" loading=\"lazy\" class=\"skip-lazy\" data-skip-lazy=\"1\"><\/picture><\/div><div data-gradient=\"vertical\" data-color-start=\"RGBA(0,0,0,0.5)\" data-color-end=\"RGBA(0,0,0,0.5)\" style=\"background:linear-gradient(to bottom, RGBA(0,0,0,0.5) 0%,RGBA(0,0,0,0.5) 100%);\" class=\"n2-ss-slide-background-color\" data-overlay=\"1\"><\/div><\/div><\/div>                    <div class=\"n2-ss-slider-4 n2-ow\">\n                        <svg xmlns=\"http:\/\/www.w3.org\/2000\/svg\" viewBox=\"0 0 1200 400\" data-related-device=\"desktopPortrait\" class=\"n2-ow n2-ss-preserve-size n2-ss-preserve-size--slider n2-ss-slide-limiter\"><\/svg><div data-first=\"1\" data-slide-duration=\"0\" data-id=\"579\" data-slide-public-id=\"1\" data-title=\"DE-Tech Brief-Ceramic Wicks\" class=\"n2-ss-slide n2-ow  n2-ss-slide-579\"><div role=\"note\" class=\"n2-ss-slide--focus\" tabindex=\"-1\">DE-Tech Brief-Ceramic Wicks<\/div><div class=\"n2-ss-layers-container n2-ss-slide-limiter n2-ow\"><div class=\"n2-ss-layer n2-ow n-uc-TZ0vkIBifGCd\" data-sstype=\"slide\" data-pm=\"default\"><div class=\"n2-ss-layer n2-ow n-uc-10cb80698ec06\" data-pm=\"default\" data-sstype=\"content\" data-hasbackground=\"0\"><div class=\"n2-ss-section-main-content n2-ss-layer-with-background n2-ss-layer-content n2-ow n-uc-10cb80698ec06-inner\"><div class=\"n2-ss-layer n2-ow n-uc-0krUqRnsLWa0\" data-pm=\"normal\" data-sstype=\"layer\"><div id=\"n2-ss-288item1\" class=\"n2-font-6b58c3a16f7e3c912465286171cea591-hover n2-style-a4a526dc80d57646887ccad1f10d967a-heading   n2-ss-item-content n2-ss-text n2-ow\" style=\"display:block;\">Download technische Kurzanleitung<\/div><\/div><\/div><\/div><\/div><\/div><\/div>                    <\/div>\n\n                                    <\/div>\n            <\/div>\n        <\/div>\n        <\/div><\/div><ss3-loader><\/ss3-loader><\/div><\/div><div class=\"n2_clear\"><\/div><\/div><\/ss3-force-full-width><\/div>\n\n\n<div style=\"height:20px\" aria-hidden=\"true\" class=\"wp-block-spacer\"><\/div>\n\n\n\n<div class=\"wp-block-media-text alignwide has-media-on-the-right\" style=\"grid-template-columns:auto 31%\"><figure class=\"wp-block-media-text__media\"><img loading=\"lazy\" decoding=\"async\" width=\"484\" height=\"668\" src=\"https:\/\/www.porex.com\/wp-content\/uploads\/2020\/03\/Tech-Brief-CeramicWicks-Tablet.jpg\" alt=\"Ceramic Wicks\" class=\"wp-image-4681\" srcset=\"https:\/\/www.porex.com\/wp-content\/uploads\/2020\/03\/Tech-Brief-CeramicWicks-Tablet.jpg 484w, https:\/\/www.porex.com\/wp-content\/uploads\/2020\/03\/Tech-Brief-CeramicWicks-Tablet-217x300.jpg 217w\" sizes=\"auto, (max-width: 484px) 100vw, 484px\" \/><\/figure><div class=\"wp-block-media-text__content\">\n<h3 class=\"wp-block-heading\">Ist Ihre Dochtwirkungstechnologie sch\u00e4digend oder n\u00fctzlich f\u00fcr Ihr Lufterfrischer-Produktdesign? <\/h3>\n\n\n\n<p>Die Duftstoffabgabe eines Luftpflegeger\u00e4ts wie z.B. eines Geruchseliminierers oder Lufterfrischers kann durch das Material des Dochtes beeinflusst werden, der dazu bestimmt ist, Fl\u00fcssigkeit in der Luft zu verteilen. Schlechtes Design und schlechte Materialwahl k\u00f6nnen zu Produktfehlfunktionen f\u00fchren, die zu zus\u00e4tzlicher Ressourcenverschwendung und zus\u00e4tzlichen Neuanschaffungskosten beitragen. Bei keramischen Dochten riskieren Hersteller nicht nur eine Verringerung der Produktivit\u00e4t in einer Produktionsumgebung, sondern auch die Herstellung eines schlecht funktionierenden Luftpflegeger\u00e4ts, das sich vorzeitig verstopft oder vorzeitig abbaut. Zudem ist es so zerbrechlich und fragilent, das es bei falscher Anwendung eine Gefahr f\u00fcr Kinder darstellt.<\/p>\n\n\n\n<p>Entdecken Sie in dieser technischen Kurzdarstellung, wie Luftpflegeprodukte, die Dochte aus por\u00f6sen Polymeren verwenden, eine gr\u00f6\u00dfere Funktionalit\u00e4t bieten, die bessere Emanationsraten f\u00fcr eine kontrollierte und gleichm\u00e4\u00dfige Abgabe erm\u00f6glichen und eine sicherere, nachhaltigere und kosteng\u00fcnstigere L\u00f6sung bieten. <\/p>\n\n\n\n<p><strong>Was Sie in diesem Tech-Brief lernen werden:<\/strong><\/p>\n\n\n\n<ul class=\"wp-block-list\"><li>Verstehen Sie, wie Dochte funktionieren und welche Rolle sie in der Gesamtleistung eines Luftpflegeger\u00e4tes spielen<\/li><li>Untersuchen Sie, wie die Verwendung von Keramikdochten zu vorzeitigen Fehlfunktionen von Luftpflegeger\u00e4ten f\u00fchren kann, die Produktivit\u00e4t in einer Produktionsumgebung verringert und die M\u00f6glichkeit von Rechtsstreitigkeiten und zus\u00e4tzlichen Kosten erh\u00f6ht.<\/li><li>Entdecken Sie die St\u00e4rke hinter gesinterten Partikeln und Verbundfasern, zwei Formen por\u00f6ser Polymere, die die Herausforderungen im Zusammenhang mit keramischen Dochten mildern und gleichzeitig die Leistung verbessern und das Risiko reduzieren.<\/li><\/ul>\n\n\n\n<p><strong>Bitte beachten Sie, dass die technische Kurzanleitung in englischer Sprache geschrieben ist.<\/strong><\/p>\n\n\n\n<p><strong>Um diese technische Kurzanleitung herunterzuladen, f\u00fcllen Sie bitte dieses Kurzformular aus:<\/strong><\/p>\n<\/div><\/div>\n\n\n\n<div class=\"wp-block-columns has-2-columns is-layout-flex wp-container-core-columns-is-layout-9d6595d7 wp-block-columns-is-layout-flex\">\n<div class=\"wp-block-column is-layout-flow wp-block-column-is-layout-flow\"><p>[marketo-form formid=&#8220;2662&#8243;]<\/p>\n<\/div>\n\n\n\n<div class=\"wp-block-column is-layout-flow wp-block-column-is-layout-flow\"><\/div>\n<\/div>\n","protected":false},"excerpt":{"rendered":"<p>Ist Ihre Dochtwirkungstechnologie sch\u00e4digend oder n\u00fctzlich f\u00fcr Ihr Lufterfrischer-Produktdesign? Die Duftstoffabgabe eines Luftpflegeger\u00e4ts wie z.B. eines Geruchseliminierers oder Lufterfrischers kann durch das Material des Dochtes beeinflusst werden, der dazu bestimmt ist, Fl\u00fcssigkeit in der Luft zu verteilen. Schlechtes Design und schlechte Materialwahl k\u00f6nnen zu Produktfehlfunktionen f\u00fchren, die zu zus\u00e4tzlicher Ressourcenverschwendung und zus\u00e4tzlichen Neuanschaffungskosten beitragen. Bei [&hellip;]<\/p>\n","protected":false},"author":5,"featured_media":0,"parent":3084,"menu_order":4,"comment_status":"closed","ping_status":"closed","template":"","meta":{"_acf_changed":false,"footnotes":""},"class_list":["post-4669","page","type-page","status-publish","hentry"],"acf":[],"yoast_head":"<!-- This site is optimized with the Yoast SEO Premium plugin v27.3 (Yoast SEO v27.3) - https:\/\/yoast.com\/product\/yoast-seo-premium-wordpress\/ -->\n<title>Technische Kurzanleitung - Keramik-Dochte<\/title>\n<meta name=\"description\" content=\"Verstehen Sie, wie Dochte funktionieren und welche Rolle sie in der Gesamtleistung eines Luftpflegeger\u00e4tes spielen\" \/>\n<meta name=\"robots\" content=\"index, follow, max-snippet:-1, max-image-preview:large, max-video-preview:-1\" \/>\n<link rel=\"canonical\" href=\"https:\/\/www.porex.com\/de\/technische-kurzdarstellungen\/technische-kurzdarstellung-keramik-dochte\/\" \/>\n<meta property=\"og:locale\" content=\"de_DE\" \/>\n<meta property=\"og:type\" content=\"article\" \/>\n<meta property=\"og:title\" content=\"Technische Kurzanleitung \u2013 Keramik-Dochte\" \/>\n<meta property=\"og:description\" content=\"Ist Ihre Dochtwirkungstechnologie sch\u00e4digend oder n\u00fctzlich f\u00fcr Ihr Lufterfrischer-Produktdesign? Die Duftstoffabgabe eines Luftpflegeger\u00e4ts wie z.B. eines\" \/>\n<meta property=\"og:url\" content=\"https:\/\/www.porex.com\/de\/technische-kurzdarstellungen\/technische-kurzdarstellung-keramik-dochte\/\" \/>\n<meta property=\"og:site_name\" content=\"Porex\" \/>\n<meta property=\"article:modified_time\" content=\"2020-05-26T10:18:22+00:00\" \/>\n<meta property=\"og:image\" content=\"https:\/\/www.porex.com\/wp-content\/uploads\/2020\/03\/Tech-Brief-CeramicWicks-Tablet.jpg\" \/>\n<meta name=\"twitter:card\" content=\"summary_large_image\" \/>\n<meta name=\"twitter:site\" content=\"@PorexCorp\" \/>\n<meta name=\"twitter:label1\" content=\"Gesch\u00e4tzte Lesezeit\" \/>\n\t<meta name=\"twitter:data1\" content=\"1 Minute\" \/>\n<script type=\"application\/ld+json\" class=\"yoast-schema-graph\">{\"@context\":\"https:\\\/\\\/schema.org\",\"@graph\":[{\"@type\":\"WebPage\",\"@id\":\"https:\\\/\\\/www.porex.com\\\/de\\\/technische-kurzdarstellungen\\\/technische-kurzdarstellung-keramik-dochte\\\/\",\"url\":\"https:\\\/\\\/www.porex.com\\\/de\\\/technische-kurzdarstellungen\\\/technische-kurzdarstellung-keramik-dochte\\\/\",\"name\":\"Technische Kurzanleitung - Keramik-Dochte\",\"isPartOf\":{\"@id\":\"https:\\\/\\\/www.porex.com\\\/de\\\/#website\"},\"primaryImageOfPage\":{\"@id\":\"https:\\\/\\\/www.porex.com\\\/de\\\/technische-kurzdarstellungen\\\/technische-kurzdarstellung-keramik-dochte\\\/#primaryimage\"},\"image\":{\"@id\":\"https:\\\/\\\/www.porex.com\\\/de\\\/technische-kurzdarstellungen\\\/technische-kurzdarstellung-keramik-dochte\\\/#primaryimage\"},\"thumbnailUrl\":\"https:\\\/\\\/www.porex.com\\\/wp-content\\\/uploads\\\/2020\\\/03\\\/Tech-Brief-CeramicWicks-Tablet.jpg\",\"datePublished\":\"2020-03-10T13:11:53+00:00\",\"dateModified\":\"2020-05-26T10:18:22+00:00\",\"description\":\"Verstehen Sie, wie Dochte funktionieren und welche Rolle sie in der Gesamtleistung eines Luftpflegeger\u00e4tes spielen\",\"breadcrumb\":{\"@id\":\"https:\\\/\\\/www.porex.com\\\/de\\\/technische-kurzdarstellungen\\\/technische-kurzdarstellung-keramik-dochte\\\/#breadcrumb\"},\"inLanguage\":\"de-DE\",\"potentialAction\":[{\"@type\":\"ReadAction\",\"target\":[\"https:\\\/\\\/www.porex.com\\\/de\\\/technische-kurzdarstellungen\\\/technische-kurzdarstellung-keramik-dochte\\\/\"]}]},{\"@type\":\"ImageObject\",\"inLanguage\":\"de-DE\",\"@id\":\"https:\\\/\\\/www.porex.com\\\/de\\\/technische-kurzdarstellungen\\\/technische-kurzdarstellung-keramik-dochte\\\/#primaryimage\",\"url\":\"https:\\\/\\\/www.porex.com\\\/wp-content\\\/uploads\\\/2020\\\/03\\\/Tech-Brief-CeramicWicks-Tablet.jpg\",\"contentUrl\":\"https:\\\/\\\/www.porex.com\\\/wp-content\\\/uploads\\\/2020\\\/03\\\/Tech-Brief-CeramicWicks-Tablet.jpg\"},{\"@type\":\"BreadcrumbList\",\"@id\":\"https:\\\/\\\/www.porex.com\\\/de\\\/technische-kurzdarstellungen\\\/technische-kurzdarstellung-keramik-dochte\\\/#breadcrumb\",\"itemListElement\":[{\"@type\":\"ListItem\",\"position\":1,\"name\":\"home\",\"item\":\"https:\\\/\\\/www.porex.com\\\/de\\\/\"},{\"@type\":\"ListItem\",\"position\":2,\"name\":\"Technische Kurzdarstellungen\",\"item\":\"https:\\\/\\\/www.porex.com\\\/de\\\/technische-kurzdarstellungen\\\/\"},{\"@type\":\"ListItem\",\"position\":3,\"name\":\"Technische Kurzanleitung \u2013 Keramik-Dochte\"}]},{\"@type\":\"WebSite\",\"@id\":\"https:\\\/\\\/www.porex.com\\\/de\\\/#website\",\"url\":\"https:\\\/\\\/www.porex.com\\\/de\\\/\",\"name\":\"Porex\",\"description\":\"Your Partner In Innovation\",\"publisher\":{\"@id\":\"https:\\\/\\\/www.porex.com\\\/de\\\/#organization\"},\"potentialAction\":[{\"@type\":\"SearchAction\",\"target\":{\"@type\":\"EntryPoint\",\"urlTemplate\":\"https:\\\/\\\/www.porex.com\\\/de\\\/?s={search_term_string}\"},\"query-input\":{\"@type\":\"PropertyValueSpecification\",\"valueRequired\":true,\"valueName\":\"search_term_string\"}}],\"inLanguage\":\"de-DE\"},{\"@type\":\"Organization\",\"@id\":\"https:\\\/\\\/www.porex.com\\\/de\\\/#organization\",\"name\":\"Porex Corporation\",\"url\":\"https:\\\/\\\/www.porex.com\\\/de\\\/\",\"logo\":{\"@type\":\"ImageObject\",\"inLanguage\":\"de-DE\",\"@id\":\"https:\\\/\\\/www.porex.com\\\/de\\\/#\\\/schema\\\/logo\\\/image\\\/\",\"url\":\"https:\\\/\\\/www.porex.com\\\/wp-content\\\/uploads\\\/2019\\\/05\\\/fgc-logo.png\",\"contentUrl\":\"https:\\\/\\\/www.porex.com\\\/wp-content\\\/uploads\\\/2019\\\/05\\\/fgc-logo.png\",\"width\":480,\"height\":126,\"caption\":\"Porex Corporation\"},\"image\":{\"@id\":\"https:\\\/\\\/www.porex.com\\\/de\\\/#\\\/schema\\\/logo\\\/image\\\/\"},\"sameAs\":[\"https:\\\/\\\/x.com\\\/PorexCorp\",\"https:\\\/\\\/www.linkedin.com\\\/company\\\/porex\\\/\",\"https:\\\/\\\/www.youtube.com\\\/user\\\/PorexCorporation\"],\"description\":\"Porous plastic materials manufacturer of custom components for medical devices, diagnostics, consumer and industrial products. Provides solutions for absorption, filtration, wicking, venting, diffusion and application.\",\"legalName\":\"Porex Corporation\",\"foundingDate\":\"1961-04-27\"}]}<\/script>\n<!-- \/ Yoast SEO Premium plugin. -->","yoast_head_json":{"title":"Technische Kurzanleitung - Keramik-Dochte","description":"Verstehen Sie, wie Dochte funktionieren und welche Rolle sie in der Gesamtleistung eines Luftpflegeger\u00e4tes spielen","robots":{"index":"index","follow":"follow","max-snippet":"max-snippet:-1","max-image-preview":"max-image-preview:large","max-video-preview":"max-video-preview:-1"},"canonical":"https:\/\/www.porex.com\/de\/technische-kurzdarstellungen\/technische-kurzdarstellung-keramik-dochte\/","og_locale":"de_DE","og_type":"article","og_title":"Technische Kurzanleitung \u2013 Keramik-Dochte","og_description":"Ist Ihre Dochtwirkungstechnologie sch\u00e4digend oder n\u00fctzlich f\u00fcr Ihr Lufterfrischer-Produktdesign? Die Duftstoffabgabe eines Luftpflegeger\u00e4ts wie z.B. eines","og_url":"https:\/\/www.porex.com\/de\/technische-kurzdarstellungen\/technische-kurzdarstellung-keramik-dochte\/","og_site_name":"Porex","article_modified_time":"2020-05-26T10:18:22+00:00","og_image":[{"url":"https:\/\/www.porex.com\/wp-content\/uploads\/2020\/03\/Tech-Brief-CeramicWicks-Tablet.jpg","type":"","width":"","height":""}],"twitter_card":"summary_large_image","twitter_site":"@PorexCorp","twitter_misc":{"Gesch\u00e4tzte Lesezeit":"1 Minute"},"schema":{"@context":"https:\/\/schema.org","@graph":[{"@type":"WebPage","@id":"https:\/\/www.porex.com\/de\/technische-kurzdarstellungen\/technische-kurzdarstellung-keramik-dochte\/","url":"https:\/\/www.porex.com\/de\/technische-kurzdarstellungen\/technische-kurzdarstellung-keramik-dochte\/","name":"Technische Kurzanleitung - Keramik-Dochte","isPartOf":{"@id":"https:\/\/www.porex.com\/de\/#website"},"primaryImageOfPage":{"@id":"https:\/\/www.porex.com\/de\/technische-kurzdarstellungen\/technische-kurzdarstellung-keramik-dochte\/#primaryimage"},"image":{"@id":"https:\/\/www.porex.com\/de\/technische-kurzdarstellungen\/technische-kurzdarstellung-keramik-dochte\/#primaryimage"},"thumbnailUrl":"https:\/\/www.porex.com\/wp-content\/uploads\/2020\/03\/Tech-Brief-CeramicWicks-Tablet.jpg","datePublished":"2020-03-10T13:11:53+00:00","dateModified":"2020-05-26T10:18:22+00:00","description":"Verstehen Sie, wie Dochte funktionieren und welche Rolle sie in der Gesamtleistung eines Luftpflegeger\u00e4tes spielen","breadcrumb":{"@id":"https:\/\/www.porex.com\/de\/technische-kurzdarstellungen\/technische-kurzdarstellung-keramik-dochte\/#breadcrumb"},"inLanguage":"de-DE","potentialAction":[{"@type":"ReadAction","target":["https:\/\/www.porex.com\/de\/technische-kurzdarstellungen\/technische-kurzdarstellung-keramik-dochte\/"]}]},{"@type":"ImageObject","inLanguage":"de-DE","@id":"https:\/\/www.porex.com\/de\/technische-kurzdarstellungen\/technische-kurzdarstellung-keramik-dochte\/#primaryimage","url":"https:\/\/www.porex.com\/wp-content\/uploads\/2020\/03\/Tech-Brief-CeramicWicks-Tablet.jpg","contentUrl":"https:\/\/www.porex.com\/wp-content\/uploads\/2020\/03\/Tech-Brief-CeramicWicks-Tablet.jpg"},{"@type":"BreadcrumbList","@id":"https:\/\/www.porex.com\/de\/technische-kurzdarstellungen\/technische-kurzdarstellung-keramik-dochte\/#breadcrumb","itemListElement":[{"@type":"ListItem","position":1,"name":"home","item":"https:\/\/www.porex.com\/de\/"},{"@type":"ListItem","position":2,"name":"Technische Kurzdarstellungen","item":"https:\/\/www.porex.com\/de\/technische-kurzdarstellungen\/"},{"@type":"ListItem","position":3,"name":"Technische Kurzanleitung \u2013 Keramik-Dochte"}]},{"@type":"WebSite","@id":"https:\/\/www.porex.com\/de\/#website","url":"https:\/\/www.porex.com\/de\/","name":"Porex","description":"Your Partner In Innovation","publisher":{"@id":"https:\/\/www.porex.com\/de\/#organization"},"potentialAction":[{"@type":"SearchAction","target":{"@type":"EntryPoint","urlTemplate":"https:\/\/www.porex.com\/de\/?s={search_term_string}"},"query-input":{"@type":"PropertyValueSpecification","valueRequired":true,"valueName":"search_term_string"}}],"inLanguage":"de-DE"},{"@type":"Organization","@id":"https:\/\/www.porex.com\/de\/#organization","name":"Porex Corporation","url":"https:\/\/www.porex.com\/de\/","logo":{"@type":"ImageObject","inLanguage":"de-DE","@id":"https:\/\/www.porex.com\/de\/#\/schema\/logo\/image\/","url":"https:\/\/www.porex.com\/wp-content\/uploads\/2019\/05\/fgc-logo.png","contentUrl":"https:\/\/www.porex.com\/wp-content\/uploads\/2019\/05\/fgc-logo.png","width":480,"height":126,"caption":"Porex Corporation"},"image":{"@id":"https:\/\/www.porex.com\/de\/#\/schema\/logo\/image\/"},"sameAs":["https:\/\/x.com\/PorexCorp","https:\/\/www.linkedin.com\/company\/porex\/","https:\/\/www.youtube.com\/user\/PorexCorporation"],"description":"Porous plastic materials manufacturer of custom components for medical devices, diagnostics, consumer and industrial products. Provides solutions for absorption, filtration, wicking, venting, diffusion and application.","legalName":"Porex Corporation","foundingDate":"1961-04-27"}]}},"_links":{"self":[{"href":"https:\/\/www.porex.com\/de\/wp-json\/wp\/v2\/pages\/4669","targetHints":{"allow":["GET"]}}],"collection":[{"href":"https:\/\/www.porex.com\/de\/wp-json\/wp\/v2\/pages"}],"about":[{"href":"https:\/\/www.porex.com\/de\/wp-json\/wp\/v2\/types\/page"}],"author":[{"embeddable":true,"href":"https:\/\/www.porex.com\/de\/wp-json\/wp\/v2\/users\/5"}],"replies":[{"embeddable":true,"href":"https:\/\/www.porex.com\/de\/wp-json\/wp\/v2\/comments?post=4669"}],"version-history":[{"count":0,"href":"https:\/\/www.porex.com\/de\/wp-json\/wp\/v2\/pages\/4669\/revisions"}],"up":[{"embeddable":true,"href":"https:\/\/www.porex.com\/de\/wp-json\/wp\/v2\/pages\/3084"}],"wp:attachment":[{"href":"https:\/\/www.porex.com\/de\/wp-json\/wp\/v2\/media?parent=4669"}],"curies":[{"name":"wp","href":"https:\/\/api.w.org\/{rel}","templated":true}]}}